{"id":408,"date":"2019-11-06T11:02:35","date_gmt":"2019-11-06T10:02:35","guid":{"rendered":"https:\/\/blogsaverroes.juntadeandalucia.es\/orientacionpjm\/?page_id=408"},"modified":"2019-11-06T18:23:04","modified_gmt":"2019-11-06T17:23:04","slug":"acoso-escolar","status":"publish","type":"page","link":"https:\/\/blogsaverroes.juntadeandalucia.es\/orientacionpjm\/acoso-escolar\/","title":{"rendered":"ACOSO ESCOLAR"},"content":{"rendered":"<p style=\"text-align: center\"><a href=\"https:\/\/blogsaverroes.juntadeandalucia.es\/orientacionpjm\/acoso-escolar\/acoso-escolar-2\/\" rel=\"attachment wp-att-411\"><img loading=\"lazy\" decoding=\"async\" class=\"alignnone size-medium wp-image-411\" src=\"https:\/\/blogsaverroes.juntadeandalucia.es\/orientacionpjm\/files\/2019\/11\/ACOSO-ESCOLAR-300x138.jpg\" alt=\"\" width=\"300\" height=\"138\" srcset=\"https:\/\/blogsaverroes.juntadeandalucia.es\/orientacionpjm\/files\/2019\/11\/ACOSO-ESCOLAR-300x138.jpg 300w, https:\/\/blogsaverroes.juntadeandalucia.es\/orientacionpjm\/files\/2019\/11\/ACOSO-ESCOLAR-24x11.jpg 24w, https:\/\/blogsaverroes.juntadeandalucia.es\/orientacionpjm\/files\/2019\/11\/ACOSO-ESCOLAR-36x17.jpg 36w, https:\/\/blogsaverroes.juntadeandalucia.es\/orientacionpjm\/files\/2019\/11\/ACOSO-ESCOLAR-48x22.jpg 48w, https:\/\/blogsaverroes.juntadeandalucia.es\/orientacionpjm\/files\/2019\/11\/ACOSO-ESCOLAR.jpg 738w\" sizes=\"(max-width: 300px) 100vw, 300px\" \/><\/a><\/p>\n<p style=\"text-align: center\"><strong>CONTRA EL ACOSO ESCOLAR<\/strong><\/p>\n<p style=\"text-align: center\"><strong>PREVENCI\u00d3N, DETECCI\u00d3N E INTERVENCI\u00d3N<\/strong><\/p>\n<p style=\"text-align: justify\">El curso pasado tuvo lugar el comienzo de una formaci\u00f3n en cascada que pretend\u00eda dar respuesta a una de las&nbsp; la lineas prioritarias de intervenci\u00f3n en Granada.&nbsp;<\/p>\n<p style=\"text-align: justify\">\u201cRevisar, actualizar e incorporar en los planes de convivencia , las medidas y acciones espec\u00edficas para la prevenci\u00f3n e intervenci\u00f3n en relaci\u00f3n con situaciones de acoso y ciberacoso escolar.\u201d<\/p>\n<p style=\"text-align: justify\">El Gabinete de convivencia de Granada imparti\u00f3 una formaci\u00f3n a 33 personas de la provincia seleccionadas como responsables de acoso y ciberacoso. Cada una de estas personas, habr\u00eda de trasladar esta informaci\u00f3n y formaci\u00f3n a sus zonas.<\/p>\n<p style=\"text-align: justify\">Para ello, cada centro educativo seleccion\u00f3 a una persona de su claustro como responsable de acoso y ciberacoso, que tendr\u00eda como funci\u00f3n, trasladar esta informaci\u00f3n a su claustro.&nbsp;<\/p>\n<p style=\"text-align: justify\">En la formaci\u00f3n recibida, se trat\u00f3 de dar respuesta a la l\u00ednea antes expuesta. Para ello, se facilit\u00f3 tambi\u00e9n gran cantidad de material, para favorecer 3 aspectos b\u00e1sicos.&nbsp;<\/p>\n<ol style=\"text-align: justify\">\n<li style=\"list-style-type: none\">\n<ol>\n<li style=\"list-style-type: none\">\n<ol>\n<li>Prevenci\u00f3n<\/li>\n<li>Detecci\u00f3n<\/li>\n<li>Intervenci\u00f3n<\/li>\n<\/ol>\n<\/li>\n<\/ol>\n<\/li>\n<\/ol>\n<p style=\"text-align: justify\">Con ese objetivo, en el IES Pedro Jim\u00e9nez Montoya, se informa a todo el claustro de ello y se pone a su disposici\u00f3n todo el material trabajado para cada uno de los aspectos mencionados.&nbsp;<\/p>\n<p style=\"text-align: justify\">Ser\u00eda conveniente que todo el Claustro se formara en este aspecto, ya que se ha convertido en un problema social, que ocurre en todos los centros y que quiz\u00e1 no estamos detectando.&nbsp;<\/p>\n<p style=\"text-align: justify\">De cualquier modo, y como inicio e introducci\u00f3n a este tema, en la imagen final, pueden ver una presentaci\u00f3n en la que se expone todo esto de forma general y pueden acceder a recursos muy interesantes:<\/p>\n<ul>\n<li style=\"list-style-type: none\">\n<ul>\n<li style=\"list-style-type: none\">\n<ul>\n<li style=\"list-style-type: none\">\n<ul style=\"list-style-type: circle\">\n<li style=\"text-align: justify\">\u00bfQu\u00e9 es el acoso?<\/li>\n<li style=\"text-align: justify\">Caracter\u00edsticas&nbsp;<\/li>\n<li style=\"text-align: justify\">Tipos de acoso<\/li>\n<li style=\"text-align: justify\">\u00bfComo prevenirlo a nivel de centro y a nivel de aula?&nbsp;<\/li>\n<li style=\"text-align: justify\">\u00bfComo identificarlo \/detectarlo? Aspecto fundamental para todo el profesorado, que sabiendo qu\u00e9 observar y cu\u00e1les pueden ser los indicios de que se est\u00e1 produciendo,&nbsp; podr\u00edan detectarlo antes de que pueda convertirse en una situaci\u00f3n m\u00e1s grave e intervenir de inmediato.&nbsp;<\/li>\n<li style=\"text-align: justify\">\u00bfQu\u00e9 se hace cuando se detecta?&nbsp; &nbsp;Iniciar el protocolo de acoso escolar. Este viene descrito paso a paso desde su inicio, que es siempre en el mismo momento en que cualquier persona informa de una posible situaci\u00f3n de acoso.&nbsp;<\/li>\n<\/ul>\n<\/li>\n<\/ul>\n<\/li>\n<\/ul>\n<\/li>\n<\/ul>\n<p style=\"text-align: justify\">Conocer qu\u00e9 es y cu\u00e1les son los indicios del bullying, nos ayudar\u00e1 a prevenirlo y detectarlo.&nbsp;<\/p>\n<p style=\"text-align: justify\"><a href=\"https:\/\/blogsaverroes.juntadeandalucia.es\/orientacionpjm\/acoso-y-ciberacoso-2\/\" rel=\"attachment wp-att-418\"><img loading=\"lazy\" decoding=\"async\" class=\"aligncenter wp-image-418 size-medium\" src=\"https:\/\/blogsaverroes.juntadeandalucia.es\/orientacionpjm\/files\/2019\/11\/adult-1846428__340-300x200.jpg\" alt=\"\" width=\"300\" height=\"200\" srcset=\"https:\/\/blogsaverroes.juntadeandalucia.es\/orientacionpjm\/files\/2019\/11\/adult-1846428__340-300x200.jpg 300w, https:\/\/blogsaverroes.juntadeandalucia.es\/orientacionpjm\/files\/2019\/11\/adult-1846428__340-24x16.jpg 24w, https:\/\/blogsaverroes.juntadeandalucia.es\/orientacionpjm\/files\/2019\/11\/adult-1846428__340-36x24.jpg 36w, https:\/\/blogsaverroes.juntadeandalucia.es\/orientacionpjm\/files\/2019\/11\/adult-1846428__340-48x32.jpg 48w, https:\/\/blogsaverroes.juntadeandalucia.es\/orientacionpjm\/files\/2019\/11\/adult-1846428__340.jpg 510w\" sizes=\"(max-width: 300px) 100vw, 300px\" \/><\/a><\/p>\n","protected":false},"excerpt":{"rendered":"<p>CONTRA EL ACOSO ESCOLAR PREVENCI\u00d3N, DETECCI\u00d3N E INTERVENCI\u00d3N El curso pasado tuvo lugar el comienzo de una formaci\u00f3n en cascada que pretend\u00eda dar respuesta a&hellip;<\/p>\n","protected":false},"author":6069,"featured_media":0,"parent":0,"menu_order":0,"comment_status":"closed","ping_status":"closed","template":"","meta":{"ngg_post_thumbnail":0,"footnotes":""},"aioseo_notices":[],"_links":{"self":[{"href":"https:\/\/blogsaverroes.juntadeandalucia.es\/orientacionpjm\/wp-json\/wp\/v2\/pages\/408"}],"collection":[{"href":"https:\/\/blogsaverroes.juntadeandalucia.es\/orientacionpjm\/wp-json\/wp\/v2\/pages"}],"about":[{"href":"https:\/\/blogsaverroes.juntadeandalucia.es\/orientacionpjm\/wp-json\/wp\/v2\/types\/page"}],"author":[{"embeddable":true,"href":"https:\/\/blogsaverroes.juntadeandalucia.es\/orientacionpjm\/wp-json\/wp\/v2\/users\/6069"}],"replies":[{"embeddable":true,"href":"https:\/\/blogsaverroes.juntadeandalucia.es\/orientacionpjm\/wp-json\/wp\/v2\/comments?post=408"}],"version-history":[{"count":10,"href":"https:\/\/blogsaverroes.juntadeandalucia.es\/orientacionpjm\/wp-json\/wp\/v2\/pages\/408\/revisions"}],"predecessor-version":[{"id":435,"href":"https:\/\/blogsaverroes.juntadeandalucia.es\/orientacionpjm\/wp-json\/wp\/v2\/pages\/408\/revisions\/435"}],"wp:attachment":[{"href":"https:\/\/blogsaverroes.juntadeandalucia.es\/orientacionpjm\/wp-json\/wp\/v2\/media?parent=408"}],"curies":[{"name":"wp","href":"https:\/\/api.w.org\/{rel}","templated":true}]}}