{"id":90,"date":"2018-03-01T16:25:13","date_gmt":"2018-03-01T16:25:13","guid":{"rendered":"https:\/\/blogsaverroes.juntadeandalucia.es\/orientacionpjm\/?page_id=90"},"modified":"2018-03-01T16:25:13","modified_gmt":"2018-03-01T16:25:13","slug":"atencion-a-la-diversidad","status":"publish","type":"page","link":"https:\/\/blogsaverroes.juntadeandalucia.es\/orientacionpjm\/atencion-a-la-diversidad\/","title":{"rendered":"ATENCI\u00d3N A LA DIVERSIDAD"},"content":{"rendered":"<div class=\"tema-cab-content span8\">\n<h2 class=\"titulo\" style=\"text-align: center\">Atenci\u00f3n a la Diversidad<\/h2>\n<p><img loading=\"lazy\" decoding=\"async\" class=\"alignnone size-medium wp-image-91 aligncenter\" src=\"https:\/\/blogsaverroes.juntadeandalucia.es\/orientacionpjm\/files\/2018\/03\/th-300x178.jpeg\" alt=\"\" width=\"300\" height=\"178\" srcset=\"https:\/\/blogsaverroes.juntadeandalucia.es\/orientacionpjm\/files\/2018\/03\/th-300x178.jpeg 300w, https:\/\/blogsaverroes.juntadeandalucia.es\/orientacionpjm\/files\/2018\/03\/th-24x14.jpeg 24w, https:\/\/blogsaverroes.juntadeandalucia.es\/orientacionpjm\/files\/2018\/03\/th-36x21.jpeg 36w, https:\/\/blogsaverroes.juntadeandalucia.es\/orientacionpjm\/files\/2018\/03\/th-48x29.jpeg 48w, https:\/\/blogsaverroes.juntadeandalucia.es\/orientacionpjm\/files\/2018\/03\/th.jpeg 323w\" sizes=\"(max-width: 300px) 100vw, 300px\" \/><\/p>\n<p>Es un principio que debe regir toda la ense\u00f1anza b\u00e1sica para proporcionar a todo el alumnado una educaci\u00f3n adecuada a sus caracter\u00edsticas y necesidades. El sistema educativo debe procurar medidas flexibles que se adecuen a las diferencias individuales y ritmos de maduraci\u00f3n de cada uno de los alumnos.<\/p>\n<\/div>\n","protected":false},"excerpt":{"rendered":"<p>Atenci\u00f3n a la Diversidad Es un principio que debe regir toda la ense\u00f1anza b\u00e1sica para proporcionar a todo el alumnado una educaci\u00f3n adecuada a sus&hellip;<\/p>\n","protected":false},"author":6069,"featured_media":0,"parent":0,"menu_order":0,"comment_status":"closed","ping_status":"closed","template":"","meta":{"ngg_post_thumbnail":0,"footnotes":""},"aioseo_notices":[],"_links":{"self":[{"href":"https:\/\/blogsaverroes.juntadeandalucia.es\/orientacionpjm\/wp-json\/wp\/v2\/pages\/90"}],"collection":[{"href":"https:\/\/blogsaverroes.juntadeandalucia.es\/orientacionpjm\/wp-json\/wp\/v2\/pages"}],"about":[{"href":"https:\/\/blogsaverroes.juntadeandalucia.es\/orientacionpjm\/wp-json\/wp\/v2\/types\/page"}],"author":[{"embeddable":true,"href":"https:\/\/blogsaverroes.juntadeandalucia.es\/orientacionpjm\/wp-json\/wp\/v2\/users\/6069"}],"replies":[{"embeddable":true,"href":"https:\/\/blogsaverroes.juntadeandalucia.es\/orientacionpjm\/wp-json\/wp\/v2\/comments?post=90"}],"version-history":[{"count":1,"href":"https:\/\/blogsaverroes.juntadeandalucia.es\/orientacionpjm\/wp-json\/wp\/v2\/pages\/90\/revisions"}],"predecessor-version":[{"id":92,"href":"https:\/\/blogsaverroes.juntadeandalucia.es\/orientacionpjm\/wp-json\/wp\/v2\/pages\/90\/revisions\/92"}],"wp:attachment":[{"href":"https:\/\/blogsaverroes.juntadeandalucia.es\/orientacionpjm\/wp-json\/wp\/v2\/media?parent=90"}],"curies":[{"name":"wp","href":"https:\/\/api.w.org\/{rel}","templated":true}]}}