{"id":17,"date":"2020-11-23T13:05:16","date_gmt":"2020-11-23T13:05:16","guid":{"rendered":"https:\/\/blogsaverroes.juntadeandalucia.es\/orientacionvegademar\/?page_id=17"},"modified":"2021-11-12T13:06:23","modified_gmt":"2021-11-12T13:06:23","slug":"accion-tutorial","status":"publish","type":"page","link":"https:\/\/blogsaverroes.juntadeandalucia.es\/orientacionvegademar\/accion-tutorial\/","title":{"rendered":"Acci\u00f3n Tutorial"},"content":{"rendered":"<p>La acci\u00f3n tutorial permite que acompa\u00f1emos al alumnado en su proceso de desarrollo personal, acad\u00e9mico y profesional. Que los conozcamos y que contribuyamos a la adquisici\u00f3n de las competencias clave.&nbsp;Desde el Departamento de Orientaci\u00f3n asesoramos al conjunto de la comunidad educativa en la puesta en marcha del <strong>Plan de Orientaci\u00f3n y Acci\u00f3n Tutorial<\/strong>. Para ello elaboramos y recopilamos materiales que el profesorado puede utilizar en las sesiones de tutor\u00eda lectiva de la ESO, as\u00ed como de forma transversal en las asignaturas tanto de ESO, como de Bachillerato y CFGM.&nbsp;<\/p>\n<h1 style=\"text-align: center\">SELECCI\u00d3N DE MATERIALES TUTOR\u00cdA LECTIVA ESO<\/h1>\n<p style=\"text-align: center\"><span style=\"font-size: 8pt\">(Acceso clicando en fotograf\u00edas para tutores y tutoras de la ESO)<\/span><\/p>\n<table style=\"width: 100%;border-collapse: collapse;background-color: #f0f0f0\">\n<tbody>\n<tr>\n<td style=\"width: 25%;text-align: center\"><strong>CONCRECI\u00d3N 2021-2022<\/strong><\/p>\n<p><img loading=\"lazy\" decoding=\"async\" class=\"alignnone size-medium wp-image-525\" src=\"https:\/\/blogsaverroes.juntadeandalucia.es\/orientacionvegademar\/files\/2021\/09\/pexels-startup-stock-photos-212286-300x200.jpg\" alt=\"\" width=\"300\" height=\"200\" srcset=\"https:\/\/blogsaverroes.juntadeandalucia.es\/orientacionvegademar\/files\/2021\/09\/pexels-startup-stock-photos-212286-300x200.jpg 300w, https:\/\/blogsaverroes.juntadeandalucia.es\/orientacionvegademar\/files\/2021\/09\/pexels-startup-stock-photos-212286-1024x683.jpg 1024w, https:\/\/blogsaverroes.juntadeandalucia.es\/orientacionvegademar\/files\/2021\/09\/pexels-startup-stock-photos-212286-768x512.jpg 768w, https:\/\/blogsaverroes.juntadeandalucia.es\/orientacionvegademar\/files\/2021\/09\/pexels-startup-stock-photos-212286-1536x1024.jpg 1536w, https:\/\/blogsaverroes.juntadeandalucia.es\/orientacionvegademar\/files\/2021\/09\/pexels-startup-stock-photos-212286-2048x1365.jpg 2048w\" sizes=\"(max-width: 300px) 100vw, 300px\" \/><\/td>\n<td style=\"width: 25%;text-align: center\"><strong>SEPTIEMBRE<\/strong><\/p>\n<p><a href=\"https:\/\/drive.google.com\/drive\/folders\/1hsGnwSo5y94Hp02vU6bn0_QW4W0rfyZn?usp=sharing\"><img loading=\"lazy\" decoding=\"async\" class=\"alignnone size-medium wp-image-98\" src=\"https:\/\/blogsaverroes.juntadeandalucia.es\/orientacionvegademar\/files\/2020\/11\/septiembre3-300x200.jpeg\" alt=\"\" width=\"300\" height=\"200\" srcset=\"https:\/\/blogsaverroes.juntadeandalucia.es\/orientacionvegademar\/files\/2020\/11\/septiembre3-300x200.jpeg 300w, https:\/\/blogsaverroes.juntadeandalucia.es\/orientacionvegademar\/files\/2020\/11\/septiembre3-1024x682.jpeg 1024w, https:\/\/blogsaverroes.juntadeandalucia.es\/orientacionvegademar\/files\/2020\/11\/septiembre3-768x512.jpeg 768w, https:\/\/blogsaverroes.juntadeandalucia.es\/orientacionvegademar\/files\/2020\/11\/septiembre3-1536x1024.jpeg 1536w, https:\/\/blogsaverroes.juntadeandalucia.es\/orientacionvegademar\/files\/2020\/11\/septiembre3-24x16.jpeg 24w, https:\/\/blogsaverroes.juntadeandalucia.es\/orientacionvegademar\/files\/2020\/11\/septiembre3-36x24.jpeg 36w, https:\/\/blogsaverroes.juntadeandalucia.es\/orientacionvegademar\/files\/2020\/11\/septiembre3-48x32.jpeg 48w, https:\/\/blogsaverroes.juntadeandalucia.es\/orientacionvegademar\/files\/2020\/11\/septiembre3.jpeg 1880w\" sizes=\"(max-width: 300px) 100vw, 300px\" \/><\/a><\/td>\n<td style=\"width: 25%;text-align: center\"><strong>OCTUBRE<\/strong><\/p>\n<p><a href=\"https:\/\/drive.google.com\/drive\/folders\/1r9peY1ZlVD7hwxZ9dEZQEOYOIVJV__bT?usp=sharing\"><img loading=\"lazy\" decoding=\"async\" class=\"alignnone size-medium wp-image-106\" src=\"https:\/\/blogsaverroes.juntadeandalucia.es\/orientacionvegademar\/files\/2020\/11\/octubre2-300x200.jpeg\" alt=\"\" width=\"300\" height=\"200\" srcset=\"https:\/\/blogsaverroes.juntadeandalucia.es\/orientacionvegademar\/files\/2020\/11\/octubre2-300x200.jpeg 300w, https:\/\/blogsaverroes.juntadeandalucia.es\/orientacionvegademar\/files\/2020\/11\/octubre2-1024x682.jpeg 1024w, https:\/\/blogsaverroes.juntadeandalucia.es\/orientacionvegademar\/files\/2020\/11\/octubre2-768x512.jpeg 768w, https:\/\/blogsaverroes.juntadeandalucia.es\/orientacionvegademar\/files\/2020\/11\/octubre2-1536x1024.jpeg 1536w, https:\/\/blogsaverroes.juntadeandalucia.es\/orientacionvegademar\/files\/2020\/11\/octubre2-24x16.jpeg 24w, https:\/\/blogsaverroes.juntadeandalucia.es\/orientacionvegademar\/files\/2020\/11\/octubre2-36x24.jpeg 36w, https:\/\/blogsaverroes.juntadeandalucia.es\/orientacionvegademar\/files\/2020\/11\/octubre2-48x32.jpeg 48w, https:\/\/blogsaverroes.juntadeandalucia.es\/orientacionvegademar\/files\/2020\/11\/octubre2.jpeg 1880w\" sizes=\"(max-width: 300px) 100vw, 300px\" \/><\/a><\/td>\n<td style=\"width: 25%;text-align: center\"><strong>NOVIEMBRE<\/strong><\/p>\n<p><a href=\"https:\/\/drive.google.com\/drive\/folders\/1PmNU8lps_g9vtfXKNt4RC4FFv1V3mlI0?usp=sharing\"><img loading=\"lazy\" decoding=\"async\" class=\"alignnone size-medium wp-image-107\" src=\"https:\/\/blogsaverroes.juntadeandalucia.es\/orientacionvegademar\/files\/2020\/11\/noviembre-300x200.jpeg\" alt=\"\" width=\"300\" height=\"200\" srcset=\"https:\/\/blogsaverroes.juntadeandalucia.es\/orientacionvegademar\/files\/2020\/11\/noviembre-300x200.jpeg 300w, https:\/\/blogsaverroes.juntadeandalucia.es\/orientacionvegademar\/files\/2020\/11\/noviembre-1024x684.jpeg 1024w, https:\/\/blogsaverroes.juntadeandalucia.es\/orientacionvegademar\/files\/2020\/11\/noviembre-768x513.jpeg 768w, https:\/\/blogsaverroes.juntadeandalucia.es\/orientacionvegademar\/files\/2020\/11\/noviembre-1536x1025.jpeg 1536w, https:\/\/blogsaverroes.juntadeandalucia.es\/orientacionvegademar\/files\/2020\/11\/noviembre-24x16.jpeg 24w, https:\/\/blogsaverroes.juntadeandalucia.es\/orientacionvegademar\/files\/2020\/11\/noviembre-36x24.jpeg 36w, https:\/\/blogsaverroes.juntadeandalucia.es\/orientacionvegademar\/files\/2020\/11\/noviembre-48x32.jpeg 48w, https:\/\/blogsaverroes.juntadeandalucia.es\/orientacionvegademar\/files\/2020\/11\/noviembre.jpeg 1880w\" sizes=\"(max-width: 300px) 100vw, 300px\" \/><\/a><\/td>\n<\/tr>\n<tr>\n<td style=\"width: 25%;text-align: center\"><strong>DICIEMBRE<\/strong><\/p>\n<p><a href=\"https:\/\/drive.google.com\/drive\/folders\/1G8HZMTWRppjQpXDJBSS59HQUbFDUcFF_?usp=sharing\"><img loading=\"lazy\" decoding=\"async\" class=\"alignnone size-medium wp-image-100\" src=\"https:\/\/blogsaverroes.juntadeandalucia.es\/orientacionvegademar\/files\/2020\/11\/diciembre2-300x200.jpg\" alt=\"\" width=\"300\" height=\"200\" srcset=\"https:\/\/blogsaverroes.juntadeandalucia.es\/orientacionvegademar\/files\/2020\/11\/diciembre2-300x200.jpg 300w, https:\/\/blogsaverroes.juntadeandalucia.es\/orientacionvegademar\/files\/2020\/11\/diciembre2-1024x681.jpg 1024w, https:\/\/blogsaverroes.juntadeandalucia.es\/orientacionvegademar\/files\/2020\/11\/diciembre2-768x511.jpg 768w, https:\/\/blogsaverroes.juntadeandalucia.es\/orientacionvegademar\/files\/2020\/11\/diciembre2-1536x1022.jpg 1536w, https:\/\/blogsaverroes.juntadeandalucia.es\/orientacionvegademar\/files\/2020\/11\/diciembre2-2048x1363.jpg 2048w, https:\/\/blogsaverroes.juntadeandalucia.es\/orientacionvegademar\/files\/2020\/11\/diciembre2-24x16.jpg 24w, https:\/\/blogsaverroes.juntadeandalucia.es\/orientacionvegademar\/files\/2020\/11\/diciembre2-36x24.jpg 36w, https:\/\/blogsaverroes.juntadeandalucia.es\/orientacionvegademar\/files\/2020\/11\/diciembre2-48x32.jpg 48w\" sizes=\"(max-width: 300px) 100vw, 300px\" \/><\/a><\/td>\n<td style=\"width: 25%;text-align: center\"><strong>ENERO<\/strong><\/p>\n<p><a href=\"https:\/\/drive.google.com\/drive\/folders\/1Y_3xxKZGqYSfC_PagvlYbXgWu_mywM9J?usp=sharing\"><img loading=\"lazy\" decoding=\"async\" class=\"alignnone size-medium wp-image-101\" src=\"https:\/\/blogsaverroes.juntadeandalucia.es\/orientacionvegademar\/files\/2020\/11\/enero2-300x200.jpeg\" alt=\"\" width=\"300\" height=\"200\" srcset=\"https:\/\/blogsaverroes.juntadeandalucia.es\/orientacionvegademar\/files\/2020\/11\/enero2-300x200.jpeg 300w, https:\/\/blogsaverroes.juntadeandalucia.es\/orientacionvegademar\/files\/2020\/11\/enero2-1024x681.jpeg 1024w, https:\/\/blogsaverroes.juntadeandalucia.es\/orientacionvegademar\/files\/2020\/11\/enero2-768x511.jpeg 768w, https:\/\/blogsaverroes.juntadeandalucia.es\/orientacionvegademar\/files\/2020\/11\/enero2-1536x1022.jpeg 1536w, https:\/\/blogsaverroes.juntadeandalucia.es\/orientacionvegademar\/files\/2020\/11\/enero2-24x16.jpeg 24w, https:\/\/blogsaverroes.juntadeandalucia.es\/orientacionvegademar\/files\/2020\/11\/enero2-36x24.jpeg 36w, https:\/\/blogsaverroes.juntadeandalucia.es\/orientacionvegademar\/files\/2020\/11\/enero2-48x32.jpeg 48w, https:\/\/blogsaverroes.juntadeandalucia.es\/orientacionvegademar\/files\/2020\/11\/enero2.jpeg 1880w\" sizes=\"(max-width: 300px) 100vw, 300px\" \/><\/a><\/td>\n<td style=\"width: 25%;text-align: center\"><strong>FEBRERO<\/strong><\/p>\n<p><a href=\"https:\/\/drive.google.com\/drive\/folders\/13BBJfyUtz73fbtOqF4EpX8I_JXDslcmC?usp=sharing\"><img loading=\"lazy\" decoding=\"async\" class=\"alignnone size-medium wp-image-102\" src=\"https:\/\/blogsaverroes.juntadeandalucia.es\/orientacionvegademar\/files\/2020\/11\/febrero2-300x200.jpeg\" alt=\"\" width=\"300\" height=\"200\" srcset=\"https:\/\/blogsaverroes.juntadeandalucia.es\/orientacionvegademar\/files\/2020\/11\/febrero2-300x200.jpeg 300w, https:\/\/blogsaverroes.juntadeandalucia.es\/orientacionvegademar\/files\/2020\/11\/febrero2-1024x682.jpeg 1024w, https:\/\/blogsaverroes.juntadeandalucia.es\/orientacionvegademar\/files\/2020\/11\/febrero2-768x512.jpeg 768w, https:\/\/blogsaverroes.juntadeandalucia.es\/orientacionvegademar\/files\/2020\/11\/febrero2-1536x1024.jpeg 1536w, https:\/\/blogsaverroes.juntadeandalucia.es\/orientacionvegademar\/files\/2020\/11\/febrero2-24x16.jpeg 24w, https:\/\/blogsaverroes.juntadeandalucia.es\/orientacionvegademar\/files\/2020\/11\/febrero2-36x24.jpeg 36w, https:\/\/blogsaverroes.juntadeandalucia.es\/orientacionvegademar\/files\/2020\/11\/febrero2-48x32.jpeg 48w, https:\/\/blogsaverroes.juntadeandalucia.es\/orientacionvegademar\/files\/2020\/11\/febrero2.jpeg 1880w\" sizes=\"(max-width: 300px) 100vw, 300px\" \/><\/a><\/td>\n<td style=\"width: 25%;text-align: center\"><strong>MARZO<\/strong><\/p>\n<p><a href=\"https:\/\/drive.google.com\/drive\/folders\/1Z1x38UZjct4-h39P6g0UzNJ_RMAMKFmM?usp=sharing\"><img loading=\"lazy\" decoding=\"async\" class=\"alignnone size-medium wp-image-104\" src=\"https:\/\/blogsaverroes.juntadeandalucia.es\/orientacionvegademar\/files\/2020\/11\/marzo-300x200.jpeg\" alt=\"\" width=\"300\" height=\"200\" srcset=\"https:\/\/blogsaverroes.juntadeandalucia.es\/orientacionvegademar\/files\/2020\/11\/marzo-300x200.jpeg 300w, https:\/\/blogsaverroes.juntadeandalucia.es\/orientacionvegademar\/files\/2020\/11\/marzo-1024x681.jpeg 1024w, https:\/\/blogsaverroes.juntadeandalucia.es\/orientacionvegademar\/files\/2020\/11\/marzo-768x511.jpeg 768w, https:\/\/blogsaverroes.juntadeandalucia.es\/orientacionvegademar\/files\/2020\/11\/marzo-1536x1022.jpeg 1536w, https:\/\/blogsaverroes.juntadeandalucia.es\/orientacionvegademar\/files\/2020\/11\/marzo-24x16.jpeg 24w, https:\/\/blogsaverroes.juntadeandalucia.es\/orientacionvegademar\/files\/2020\/11\/marzo-36x24.jpeg 36w, https:\/\/blogsaverroes.juntadeandalucia.es\/orientacionvegademar\/files\/2020\/11\/marzo-48x32.jpeg 48w, https:\/\/blogsaverroes.juntadeandalucia.es\/orientacionvegademar\/files\/2020\/11\/marzo.jpeg 1880w\" sizes=\"(max-width: 300px) 100vw, 300px\" \/><\/a><\/td>\n<\/tr>\n<tr>\n<td style=\"width: 25%;text-align: center\"><strong>ABRIL<\/strong><\/p>\n<p><a href=\"https:\/\/drive.google.com\/drive\/folders\/1-N8115dwFEvcNs9pnomR_L9cGUAT4Qle?usp=sharing\"><img loading=\"lazy\" decoding=\"async\" class=\"alignnone size-medium wp-image-99\" src=\"https:\/\/blogsaverroes.juntadeandalucia.es\/orientacionvegademar\/files\/2020\/11\/abril-300x200.jpeg\" alt=\"\" width=\"300\" height=\"200\" srcset=\"https:\/\/blogsaverroes.juntadeandalucia.es\/orientacionvegademar\/files\/2020\/11\/abril-300x200.jpeg 300w, https:\/\/blogsaverroes.juntadeandalucia.es\/orientacionvegademar\/files\/2020\/11\/abril-1024x682.jpeg 1024w, https:\/\/blogsaverroes.juntadeandalucia.es\/orientacionvegademar\/files\/2020\/11\/abril-768x512.jpeg 768w, https:\/\/blogsaverroes.juntadeandalucia.es\/orientacionvegademar\/files\/2020\/11\/abril-1536x1024.jpeg 1536w, https:\/\/blogsaverroes.juntadeandalucia.es\/orientacionvegademar\/files\/2020\/11\/abril-24x16.jpeg 24w, https:\/\/blogsaverroes.juntadeandalucia.es\/orientacionvegademar\/files\/2020\/11\/abril-36x24.jpeg 36w, https:\/\/blogsaverroes.juntadeandalucia.es\/orientacionvegademar\/files\/2020\/11\/abril-48x32.jpeg 48w, https:\/\/blogsaverroes.juntadeandalucia.es\/orientacionvegademar\/files\/2020\/11\/abril.jpeg 1880w\" sizes=\"(max-width: 300px) 100vw, 300px\" \/><\/a><\/td>\n<td style=\"width: 25%;text-align: center\"><strong>MAYO<\/strong><\/p>\n<p><a href=\"https:\/\/drive.google.com\/drive\/folders\/1RDGLulile3lyXPk0WRe4TbV8Q1ckKnu7?usp=sharing\"><img loading=\"lazy\" decoding=\"async\" class=\"alignnone size-medium wp-image-105\" src=\"https:\/\/blogsaverroes.juntadeandalucia.es\/orientacionvegademar\/files\/2020\/11\/mayo-300x200.jpg\" alt=\"\" width=\"300\" height=\"200\" srcset=\"https:\/\/blogsaverroes.juntadeandalucia.es\/orientacionvegademar\/files\/2020\/11\/mayo-300x200.jpg 300w, https:\/\/blogsaverroes.juntadeandalucia.es\/orientacionvegademar\/files\/2020\/11\/mayo-1024x683.jpg 1024w, https:\/\/blogsaverroes.juntadeandalucia.es\/orientacionvegademar\/files\/2020\/11\/mayo-768x512.jpg 768w, https:\/\/blogsaverroes.juntadeandalucia.es\/orientacionvegademar\/files\/2020\/11\/mayo-1536x1024.jpg 1536w, https:\/\/blogsaverroes.juntadeandalucia.es\/orientacionvegademar\/files\/2020\/11\/mayo-2048x1365.jpg 2048w, https:\/\/blogsaverroes.juntadeandalucia.es\/orientacionvegademar\/files\/2020\/11\/mayo-24x16.jpg 24w, https:\/\/blogsaverroes.juntadeandalucia.es\/orientacionvegademar\/files\/2020\/11\/mayo-36x24.jpg 36w, https:\/\/blogsaverroes.juntadeandalucia.es\/orientacionvegademar\/files\/2020\/11\/mayo-48x32.jpg 48w\" sizes=\"(max-width: 300px) 100vw, 300px\" \/><\/a><\/td>\n<td style=\"width: 25%;text-align: center\"><strong>JUNIO<\/strong><\/p>\n<p><a href=\"https:\/\/drive.google.com\/drive\/folders\/1b4YUEgQ5XH3FG6yAJ2S0Sfrz6vrcwvIF?usp=sharing\"><img loading=\"lazy\" decoding=\"async\" class=\"alignnone size-medium wp-image-103\" style=\"font-family: inherit;font-size: inherit\" src=\"https:\/\/blogsaverroes.juntadeandalucia.es\/orientacionvegademar\/files\/2020\/11\/junio-300x200.jpg\" alt=\"\" width=\"300\" height=\"200\" srcset=\"https:\/\/blogsaverroes.juntadeandalucia.es\/orientacionvegademar\/files\/2020\/11\/junio-300x200.jpg 300w, https:\/\/blogsaverroes.juntadeandalucia.es\/orientacionvegademar\/files\/2020\/11\/junio-1024x683.jpg 1024w, https:\/\/blogsaverroes.juntadeandalucia.es\/orientacionvegademar\/files\/2020\/11\/junio-768x512.jpg 768w, https:\/\/blogsaverroes.juntadeandalucia.es\/orientacionvegademar\/files\/2020\/11\/junio-1536x1024.jpg 1536w, https:\/\/blogsaverroes.juntadeandalucia.es\/orientacionvegademar\/files\/2020\/11\/junio-2048x1365.jpg 2048w, https:\/\/blogsaverroes.juntadeandalucia.es\/orientacionvegademar\/files\/2020\/11\/junio-24x16.jpg 24w, https:\/\/blogsaverroes.juntadeandalucia.es\/orientacionvegademar\/files\/2020\/11\/junio-36x24.jpg 36w, https:\/\/blogsaverroes.juntadeandalucia.es\/orientacionvegademar\/files\/2020\/11\/junio-48x32.jpg 48w\" sizes=\"(max-width: 300px) 100vw, 300px\" \/><\/a><\/td>\n<td style=\"width: 25%;text-align: center\">&nbsp;<\/td>\n<\/tr>\n<\/tbody>\n<\/table>\n<p>&nbsp;<\/p>\n<h1 style=\"text-align: center\">OTROS RECURSOS Y MATERIALES<\/h1>\n<table style=\"width: 100%;border-collapse: collapse;background-color: #f0f0f0;height: 568px\">\n<tbody>\n<tr style=\"height: 285px\">\n<td style=\"width: 25%;text-align: center;height: 285px\"><strong>BIENVENIDA A TUTORES Y TUTORAS<\/strong><\/p>\n<p><a href=\"https:\/\/drive.google.com\/drive\/folders\/10O-wmCQfwHVUkyBUkIeLoGdZHUZiXjQr?usp=sharing\"><img loading=\"lazy\" decoding=\"async\" class=\"alignnone size-medium wp-image-522\" style=\"text-align: start;background-color: #fafafa\" src=\"https:\/\/blogsaverroes.juntadeandalucia.es\/orientacionvegademar\/files\/2021\/09\/pexels-leah-kelley-3935702-300x200.jpg\" alt=\"\" width=\"300\" height=\"200\" srcset=\"https:\/\/blogsaverroes.juntadeandalucia.es\/orientacionvegademar\/files\/2021\/09\/pexels-leah-kelley-3935702-300x200.jpg 300w, https:\/\/blogsaverroes.juntadeandalucia.es\/orientacionvegademar\/files\/2021\/09\/pexels-leah-kelley-3935702-1024x683.jpg 1024w, https:\/\/blogsaverroes.juntadeandalucia.es\/orientacionvegademar\/files\/2021\/09\/pexels-leah-kelley-3935702-768x512.jpg 768w, https:\/\/blogsaverroes.juntadeandalucia.es\/orientacionvegademar\/files\/2021\/09\/pexels-leah-kelley-3935702-1536x1024.jpg 1536w, https:\/\/blogsaverroes.juntadeandalucia.es\/orientacionvegademar\/files\/2021\/09\/pexels-leah-kelley-3935702-2048x1365.jpg 2048w\" sizes=\"(max-width: 300px) 100vw, 300px\" \/><\/a><\/td>\n<td style=\"width: 25%;text-align: center;height: 285px\"><strong>ACTAS COORDINACI\u00d3N TUTOR\u00cdA &#8211; DTO. ORIENTACI\u00d3N<\/strong><\/p>\n<p><a href=\"https:\/\/drive.google.com\/drive\/folders\/1aWCOchvEKexET8j46es5W8LJpcNtY8QI?usp=sharing\"><img loading=\"lazy\" decoding=\"async\" class=\"alignnone wp-image-520\" src=\"https:\/\/blogsaverroes.juntadeandalucia.es\/orientacionvegademar\/files\/2021\/09\/actas-300x200.jpeg\" alt=\"\" width=\"220\" height=\"146\" srcset=\"https:\/\/blogsaverroes.juntadeandalucia.es\/orientacionvegademar\/files\/2021\/09\/actas-300x200.jpeg 300w, https:\/\/blogsaverroes.juntadeandalucia.es\/orientacionvegademar\/files\/2021\/09\/actas-1024x682.jpeg 1024w, https:\/\/blogsaverroes.juntadeandalucia.es\/orientacionvegademar\/files\/2021\/09\/actas-768x512.jpeg 768w, https:\/\/blogsaverroes.juntadeandalucia.es\/orientacionvegademar\/files\/2021\/09\/actas-1536x1024.jpeg 1536w, https:\/\/blogsaverroes.juntadeandalucia.es\/orientacionvegademar\/files\/2021\/09\/actas.jpeg 1880w\" sizes=\"(max-width: 220px) 100vw, 220px\" \/><\/a><\/td>\n<td style=\"width: 25%;text-align: center;height: 285px\"><strong>CONTROL Y SEGUIMIENTO ABSENTISMO ESCOLAR<\/strong><\/p>\n<p><a href=\"https:\/\/blogsaverroes.juntadeandalucia.es\/orientadelegacionmalaga\/files\/2020\/01\/CRITERIOS-ACTUACION-CENTRO-ABSENTISMO.pdf\"><img loading=\"lazy\" decoding=\"async\" class=\"alignnone size-medium wp-image-118\" src=\"https:\/\/blogsaverroes.juntadeandalucia.es\/orientacionvegademar\/files\/2020\/11\/ABSENTISMO-300x200.jpeg\" alt=\"\" width=\"300\" height=\"200\" srcset=\"https:\/\/blogsaverroes.juntadeandalucia.es\/orientacionvegademar\/files\/2020\/11\/ABSENTISMO-300x200.jpeg 300w, https:\/\/blogsaverroes.juntadeandalucia.es\/orientacionvegademar\/files\/2020\/11\/ABSENTISMO-1024x682.jpeg 1024w, https:\/\/blogsaverroes.juntadeandalucia.es\/orientacionvegademar\/files\/2020\/11\/ABSENTISMO-768x512.jpeg 768w, https:\/\/blogsaverroes.juntadeandalucia.es\/orientacionvegademar\/files\/2020\/11\/ABSENTISMO-1536x1024.jpeg 1536w, https:\/\/blogsaverroes.juntadeandalucia.es\/orientacionvegademar\/files\/2020\/11\/ABSENTISMO-24x16.jpeg 24w, https:\/\/blogsaverroes.juntadeandalucia.es\/orientacionvegademar\/files\/2020\/11\/ABSENTISMO-36x24.jpeg 36w, https:\/\/blogsaverroes.juntadeandalucia.es\/orientacionvegademar\/files\/2020\/11\/ABSENTISMO-48x32.jpeg 48w, https:\/\/blogsaverroes.juntadeandalucia.es\/orientacionvegademar\/files\/2020\/11\/ABSENTISMO.jpeg 1880w\" sizes=\"(max-width: 300px) 100vw, 300px\" \/><\/a><\/td>\n<td style=\"width: 25%;text-align: center;height: 285px\"><strong>GUI\u00d3N 1\u00aa REUNI\u00d3N CON FAMILIAS<\/strong><\/p>\n<p><a href=\"https:\/\/drive.google.com\/file\/d\/1TM3Mo8zNPCHmh37ZVDTuSXd4dtmP_PUy\/view?usp=sharing\"><img loading=\"lazy\" decoding=\"async\" class=\"alignnone size-medium wp-image-117\" src=\"https:\/\/blogsaverroes.juntadeandalucia.es\/orientacionvegademar\/files\/2020\/11\/FAMILIA2-300x200.jpeg\" alt=\"\" width=\"300\" height=\"200\" srcset=\"https:\/\/blogsaverroes.juntadeandalucia.es\/orientacionvegademar\/files\/2020\/11\/FAMILIA2-300x200.jpeg 300w, https:\/\/blogsaverroes.juntadeandalucia.es\/orientacionvegademar\/files\/2020\/11\/FAMILIA2-1024x682.jpeg 1024w, https:\/\/blogsaverroes.juntadeandalucia.es\/orientacionvegademar\/files\/2020\/11\/FAMILIA2-768x512.jpeg 768w, https:\/\/blogsaverroes.juntadeandalucia.es\/orientacionvegademar\/files\/2020\/11\/FAMILIA2-1536x1024.jpeg 1536w, https:\/\/blogsaverroes.juntadeandalucia.es\/orientacionvegademar\/files\/2020\/11\/FAMILIA2-24x16.jpeg 24w, https:\/\/blogsaverroes.juntadeandalucia.es\/orientacionvegademar\/files\/2020\/11\/FAMILIA2-36x24.jpeg 36w, https:\/\/blogsaverroes.juntadeandalucia.es\/orientacionvegademar\/files\/2020\/11\/FAMILIA2-48x32.jpeg 48w, https:\/\/blogsaverroes.juntadeandalucia.es\/orientacionvegademar\/files\/2020\/11\/FAMILIA2.jpeg 1880w\" sizes=\"(max-width: 300px) 100vw, 300px\" \/><\/a><\/td>\n<\/tr>\n<tr style=\"height: 283px\">\n<td style=\"width: 25%;text-align: center;height: 283px\"><strong>CONSEJO ORIENTADOR<\/strong> (Gu\u00eda de elaboraci\u00f3n)<\/p>\n<p><a href=\"https:\/\/drive.google.com\/file\/d\/12a5rXxjxuH8UoJTXKLt_9iMcv8QAt6O5\/view?usp=sharing\"><img loading=\"lazy\" decoding=\"async\" class=\"alignnone wp-image-402\" src=\"https:\/\/blogsaverroes.juntadeandalucia.es\/orientacionvegademar\/files\/2021\/05\/pexels-jens-johnsson-66100-300x260.jpg\" alt=\"\" width=\"162\" height=\"141\" srcset=\"https:\/\/blogsaverroes.juntadeandalucia.es\/orientacionvegademar\/files\/2021\/05\/pexels-jens-johnsson-66100-300x260.jpg 300w, https:\/\/blogsaverroes.juntadeandalucia.es\/orientacionvegademar\/files\/2021\/05\/pexels-jens-johnsson-66100-1024x888.jpg 1024w, https:\/\/blogsaverroes.juntadeandalucia.es\/orientacionvegademar\/files\/2021\/05\/pexels-jens-johnsson-66100-768x666.jpg 768w, https:\/\/blogsaverroes.juntadeandalucia.es\/orientacionvegademar\/files\/2021\/05\/pexels-jens-johnsson-66100-1536x1332.jpg 1536w, https:\/\/blogsaverroes.juntadeandalucia.es\/orientacionvegademar\/files\/2021\/05\/pexels-jens-johnsson-66100-2048x1776.jpg 2048w\" sizes=\"(max-width: 162px) 100vw, 162px\" \/><\/a><\/td>\n<td style=\"width: 25%;text-align: center;height: 283px\"><strong>SESI\u00d3N DE EVALUACI\u00d3N INICIAL<\/strong><\/p>\n<p><a href=\"https:\/\/drive.google.com\/file\/d\/1vlZjUd3l5iNZlZBlCTKL0VQpNXQB1rVc\/view?usp=sharing\"><img loading=\"lazy\" decoding=\"async\" class=\"alignnone wp-image-548\" src=\"https:\/\/blogsaverroes.juntadeandalucia.es\/orientacionvegademar\/files\/2021\/10\/pexels-fauxels-3184431-200x300.jpg\" alt=\"\" width=\"113\" height=\"169\" srcset=\"https:\/\/blogsaverroes.juntadeandalucia.es\/orientacionvegademar\/files\/2021\/10\/pexels-fauxels-3184431-200x300.jpg 200w, https:\/\/blogsaverroes.juntadeandalucia.es\/orientacionvegademar\/files\/2021\/10\/pexels-fauxels-3184431-683x1024.jpg 683w, https:\/\/blogsaverroes.juntadeandalucia.es\/orientacionvegademar\/files\/2021\/10\/pexels-fauxels-3184431-768x1151.jpg 768w, https:\/\/blogsaverroes.juntadeandalucia.es\/orientacionvegademar\/files\/2021\/10\/pexels-fauxels-3184431-1025x1536.jpg 1025w, https:\/\/blogsaverroes.juntadeandalucia.es\/orientacionvegademar\/files\/2021\/10\/pexels-fauxels-3184431-1367x2048.jpg 1367w, https:\/\/blogsaverroes.juntadeandalucia.es\/orientacionvegademar\/files\/2021\/10\/pexels-fauxels-3184431-scaled.jpg 1708w\" sizes=\"(max-width: 113px) 100vw, 113px\" \/><\/a><\/td>\n<td style=\"width: 25%;text-align: center;height: 283px\">&nbsp;<\/td>\n<td style=\"width: 25%;text-align: center;height: 283px\">&nbsp;<\/td>\n<\/tr>\n<\/tbody>\n<\/table>\n<p>&nbsp;<\/p>\n<h1 style=\"text-align: center\">Plan de Orientaci\u00f3n y Acci\u00f3n Tutorial<\/h1>\n<p>El Plan de Orientaci\u00f3n y Acci\u00f3n Tutorial es el documento de car\u00e1cter plurianual que forma parte del proyecto educativo y que estructura la organizaci\u00f3n de estas funciones por parte del conjunto del profesorado.&nbsp; Este documento est\u00e1 disponible para el conjunto de la comunidad educativa y puede descargarse en la web del centro y contiene informaci\u00f3n sobre c\u00f3mo se organiza la tutor\u00eda, c\u00f3mo se contacta con el profesorado, las reuniones que se celebran, los contenidos de la sesiones de tutor\u00eda lectiva, entidades externas participantes, entre otros.<\/p>\n","protected":false},"excerpt":{"rendered":"<p>La acci\u00f3n tutorial permite que acompa\u00f1emos al alumnado en su proceso de desarrollo personal, acad\u00e9mico y profesional. Que los conozcamos y que contribuyamos a la adquisici\u00f3n de las competencias clave.&nbsp;Desde el Departamento de Orientaci\u00f3n&#46;&#46;&#46;<\/p>\n","protected":false},"author":11559,"featured_media":0,"parent":0,"menu_order":0,"comment_status":"closed","ping_status":"closed","template":"","meta":{"ngg_post_thumbnail":0,"footnotes":""},"aioseo_notices":[],"post_mailing_queue_ids":[],"_links":{"self":[{"href":"https:\/\/blogsaverroes.juntadeandalucia.es\/orientacionvegademar\/wp-json\/wp\/v2\/pages\/17"}],"collection":[{"href":"https:\/\/blogsaverroes.juntadeandalucia.es\/orientacionvegademar\/wp-json\/wp\/v2\/pages"}],"about":[{"href":"https:\/\/blogsaverroes.juntadeandalucia.es\/orientacionvegademar\/wp-json\/wp\/v2\/types\/page"}],"author":[{"embeddable":true,"href":"https:\/\/blogsaverroes.juntadeandalucia.es\/orientacionvegademar\/wp-json\/wp\/v2\/users\/11559"}],"replies":[{"embeddable":true,"href":"https:\/\/blogsaverroes.juntadeandalucia.es\/orientacionvegademar\/wp-json\/wp\/v2\/comments?post=17"}],"version-history":[{"count":23,"href":"https:\/\/blogsaverroes.juntadeandalucia.es\/orientacionvegademar\/wp-json\/wp\/v2\/pages\/17\/revisions"}],"predecessor-version":[{"id":635,"href":"https:\/\/blogsaverroes.juntadeandalucia.es\/orientacionvegademar\/wp-json\/wp\/v2\/pages\/17\/revisions\/635"}],"wp:attachment":[{"href":"https:\/\/blogsaverroes.juntadeandalucia.es\/orientacionvegademar\/wp-json\/wp\/v2\/media?parent=17"}],"curies":[{"name":"wp","href":"https:\/\/api.w.org\/{rel}","templated":true}]}}