{"id":18,"date":"2020-11-23T13:05:16","date_gmt":"2020-11-23T13:05:16","guid":{"rendered":"https:\/\/blogsaverroes.juntadeandalucia.es\/orientacionvegademar\/?page_id=18"},"modified":"2021-11-19T08:32:21","modified_gmt":"2021-11-19T08:32:21","slug":"convivencia","status":"publish","type":"page","link":"https:\/\/blogsaverroes.juntadeandalucia.es\/orientacionvegademar\/convivencia\/","title":{"rendered":"Convivencia"},"content":{"rendered":"<p>El Departamento de Orientaci\u00f3n asesora a la comunidad educativa en la promoci\u00f3n de la <strong>convivencia escolar, prevenci\u00f3n de la violencia, mediaci\u00f3n y resoluci\u00f3n pac\u00edfica de conflictos.<\/strong>&nbsp;<\/p>\n<p>El IES Vega de Mar cuenta con diferentes programas para la promoci\u00f3n de la convivencia, entre ellos, forma parte de la <a href=\"https:\/\/www.juntadeandalucia.es\/educacion\/portals\/web\/convivencia-escolar\/red-escuela-espacio-de-paz\">Red Escuelas Espacio de Paz<\/a>, y desarrolla diferentes actuaciones para mejorar las relaciones entre todos los miembros de la comunidad educativa y el respeto mutuo.<\/p>\n<p>Entre las medidas para la mejora de la convivencia debemos destacar la Comisi\u00f3n de Convivencia (en la que se adoptan medidas educativas para la mejora de \u00e9sta), el Aula de Convivencia (desde una perspectiva educativa y de adquisici\u00f3n de competencias clave) o la figura del profesorado co-tutor de convivencia.<\/p>\n<h1 style=\"text-align: center\">IDEAS Y RECURSOS PARA LA MEJORA DE LA CONVIVENCIA<\/h1>\n<p style=\"text-align: center\"><em>(Algunos documentos de acceso restringido a profesorado con guardia en aula de convivencia)<\/em><\/p>\n<table style=\"height: 23px;width: 100%;border-collapse: collapse;background-color: #f0f0f0\">\n<tbody>\n<tr>\n<td style=\"width: 25%;text-align: center\"><strong>PROGRAMA DE CO-TUTOR\u00cdA<\/strong><\/p>\n<p>Canaliza las candidaturas de alumnado a trav\u00e9s de las reuniones de coordinaci\u00f3n de Acci\u00f3n Tutorial y Departamento de Orientaci\u00f3n.<\/p>\n<p><a href=\"https:\/\/drive.google.com\/file\/d\/1Px-h0Dk8Qs5J5O3OqTlFB05DruL2nHjz\/view?usp=sharing\"><img loading=\"lazy\" decoding=\"async\" class=\"alignnone size-medium wp-image-181\" src=\"https:\/\/blogsaverroes.juntadeandalucia.es\/orientacionvegademar\/files\/2020\/12\/Co-tutor\u00edas-300x300.png\" alt=\"\" width=\"300\" height=\"300\" srcset=\"https:\/\/blogsaverroes.juntadeandalucia.es\/orientacionvegademar\/files\/2020\/12\/Co-tutor\u00edas-300x300.png 300w, https:\/\/blogsaverroes.juntadeandalucia.es\/orientacionvegademar\/files\/2020\/12\/Co-tutor\u00edas-1024x1024.png 1024w, https:\/\/blogsaverroes.juntadeandalucia.es\/orientacionvegademar\/files\/2020\/12\/Co-tutor\u00edas-150x150.png 150w, https:\/\/blogsaverroes.juntadeandalucia.es\/orientacionvegademar\/files\/2020\/12\/Co-tutor\u00edas-768x768.png 768w, https:\/\/blogsaverroes.juntadeandalucia.es\/orientacionvegademar\/files\/2020\/12\/Co-tutor\u00edas-100x100.png 100w, https:\/\/blogsaverroes.juntadeandalucia.es\/orientacionvegademar\/files\/2020\/12\/Co-tutor\u00edas-80x80.png 80w, https:\/\/blogsaverroes.juntadeandalucia.es\/orientacionvegademar\/files\/2020\/12\/Co-tutor\u00edas-320x320.png 320w, https:\/\/blogsaverroes.juntadeandalucia.es\/orientacionvegademar\/files\/2020\/12\/Co-tutor\u00edas-24x24.png 24w, https:\/\/blogsaverroes.juntadeandalucia.es\/orientacionvegademar\/files\/2020\/12\/Co-tutor\u00edas-36x36.png 36w, https:\/\/blogsaverroes.juntadeandalucia.es\/orientacionvegademar\/files\/2020\/12\/Co-tutor\u00edas-48x48.png 48w, https:\/\/blogsaverroes.juntadeandalucia.es\/orientacionvegademar\/files\/2020\/12\/Co-tutor\u00edas.png 1080w\" sizes=\"(max-width: 300px) 100vw, 300px\" \/><\/a><\/td>\n<td style=\"width: 25%;text-align: center\"><strong>APRENDIZAJE BASADO EN SERVICIOS<\/strong><\/p>\n<p>Como consecuencia reparadora ante conductas contrarias a las normas de convivencia.<\/p>\n<p><a href=\"https:\/\/drive.google.com\/file\/d\/1Vgyp9tUO_4zPkbqH7axlXC4vigHfsNv1\/view?usp=sharing\"><img loading=\"lazy\" decoding=\"async\" class=\"alignnone size-medium wp-image-182\" src=\"https:\/\/blogsaverroes.juntadeandalucia.es\/orientacionvegademar\/files\/2020\/12\/Co-tutor\u00edas-1-300x300.png\" alt=\"\" width=\"300\" height=\"300\" srcset=\"https:\/\/blogsaverroes.juntadeandalucia.es\/orientacionvegademar\/files\/2020\/12\/Co-tutor\u00edas-1-300x300.png 300w, https:\/\/blogsaverroes.juntadeandalucia.es\/orientacionvegademar\/files\/2020\/12\/Co-tutor\u00edas-1-1024x1024.png 1024w, https:\/\/blogsaverroes.juntadeandalucia.es\/orientacionvegademar\/files\/2020\/12\/Co-tutor\u00edas-1-150x150.png 150w, https:\/\/blogsaverroes.juntadeandalucia.es\/orientacionvegademar\/files\/2020\/12\/Co-tutor\u00edas-1-768x768.png 768w, https:\/\/blogsaverroes.juntadeandalucia.es\/orientacionvegademar\/files\/2020\/12\/Co-tutor\u00edas-1-100x100.png 100w, https:\/\/blogsaverroes.juntadeandalucia.es\/orientacionvegademar\/files\/2020\/12\/Co-tutor\u00edas-1-80x80.png 80w, https:\/\/blogsaverroes.juntadeandalucia.es\/orientacionvegademar\/files\/2020\/12\/Co-tutor\u00edas-1-320x320.png 320w, https:\/\/blogsaverroes.juntadeandalucia.es\/orientacionvegademar\/files\/2020\/12\/Co-tutor\u00edas-1-24x24.png 24w, https:\/\/blogsaverroes.juntadeandalucia.es\/orientacionvegademar\/files\/2020\/12\/Co-tutor\u00edas-1-36x36.png 36w, https:\/\/blogsaverroes.juntadeandalucia.es\/orientacionvegademar\/files\/2020\/12\/Co-tutor\u00edas-1-48x48.png 48w, https:\/\/blogsaverroes.juntadeandalucia.es\/orientacionvegademar\/files\/2020\/12\/Co-tutor\u00edas-1.png 1080w\" sizes=\"(max-width: 300px) 100vw, 300px\" \/><\/a><\/td>\n<td style=\"width: 25%;text-align: center\"><strong>COEDUCACI\u00d3N 2020\/2021<\/strong><\/p>\n<p>Resumen de experiencias de aprendizaje coeducativas en el IES (Elabora coordinadora Plan Igualdad).<\/p>\n<p>&nbsp;<\/p>\n<p>&nbsp;<\/p>\n<p><a href=\"https:\/\/blogsaverroes.juntadeandalucia.es\/orientacionvegademar\/2021\/06\/16\/actividades-de-igualdad-y-coeducacion-2021\/\"><img loading=\"lazy\" decoding=\"async\" class=\"alignnone wp-image-484\" src=\"https:\/\/blogsaverroes.juntadeandalucia.es\/orientacionvegademar\/files\/2021\/06\/igualdadycoeducaci\u00f3n21-1-300x167.jpg\" alt=\"\" width=\"217\" height=\"121\" srcset=\"https:\/\/blogsaverroes.juntadeandalucia.es\/orientacionvegademar\/files\/2021\/06\/igualdadycoeducaci\u00f3n21-1-300x167.jpg 300w, https:\/\/blogsaverroes.juntadeandalucia.es\/orientacionvegademar\/files\/2021\/06\/igualdadycoeducaci\u00f3n21-1-768x427.jpg 768w, https:\/\/blogsaverroes.juntadeandalucia.es\/orientacionvegademar\/files\/2021\/06\/igualdadycoeducaci\u00f3n21-1.jpg 997w\" sizes=\"(max-width: 217px) 100vw, 217px\" \/><\/a><\/td>\n<td style=\"width: 25%;text-align: center\"><strong>PROTOCOLO DE DETECCI\u00d3N DE POSIBLES SITUACIONES DE MALTRATO INFANTIL<\/strong><\/p>\n<p>Orden 20 de junio de 2011&nbsp;<\/p>\n<p><a href=\"https:\/\/drive.google.com\/file\/d\/1c6DAS7jU5S_glaRelFwJhNb2x5xiFNFD\/view?usp=sharing\"><img loading=\"lazy\" decoding=\"async\" class=\"alignnone size-medium wp-image-648\" src=\"https:\/\/blogsaverroes.juntadeandalucia.es\/orientacionvegademar\/files\/2021\/11\/pexels-pixabay-268941-300x225.jpg\" alt=\"\" width=\"300\" height=\"225\" srcset=\"https:\/\/blogsaverroes.juntadeandalucia.es\/orientacionvegademar\/files\/2021\/11\/pexels-pixabay-268941-300x225.jpg 300w, https:\/\/blogsaverroes.juntadeandalucia.es\/orientacionvegademar\/files\/2021\/11\/pexels-pixabay-268941-1024x768.jpg 1024w, https:\/\/blogsaverroes.juntadeandalucia.es\/orientacionvegademar\/files\/2021\/11\/pexels-pixabay-268941-768x576.jpg 768w, https:\/\/blogsaverroes.juntadeandalucia.es\/orientacionvegademar\/files\/2021\/11\/pexels-pixabay-268941-1536x1152.jpg 1536w, https:\/\/blogsaverroes.juntadeandalucia.es\/orientacionvegademar\/files\/2021\/11\/pexels-pixabay-268941-2048x1536.jpg 2048w\" sizes=\"(max-width: 300px) 100vw, 300px\" \/><\/a><\/td>\n<\/tr>\n<tr style=\"height: 23px\">\n<td style=\"width: 25%;height: 23px;text-align: center\"><strong>P\u00cdDELE PERAS AL OLMO<\/strong><\/p>\n<p>Recopilaci\u00f3n de recursos del ETPOEP de Granada para la mejora de la convivencia.<\/p>\n<p><a href=\"https:\/\/equipotecnicoorientaciongranada.files.wordpress.com\/2016\/11\/pc3addele-peras-al-olmo.pdf\"><img loading=\"lazy\" decoding=\"async\" class=\"alignnone size-medium wp-image-121\" src=\"https:\/\/blogsaverroes.juntadeandalucia.es\/orientacionvegademar\/files\/2020\/11\/pideleperasalolmo-213x300.jpg\" alt=\"\" width=\"213\" height=\"300\" srcset=\"https:\/\/blogsaverroes.juntadeandalucia.es\/orientacionvegademar\/files\/2020\/11\/pideleperasalolmo-213x300.jpg 213w, https:\/\/blogsaverroes.juntadeandalucia.es\/orientacionvegademar\/files\/2020\/11\/pideleperasalolmo-17x24.jpg 17w, https:\/\/blogsaverroes.juntadeandalucia.es\/orientacionvegademar\/files\/2020\/11\/pideleperasalolmo-26x36.jpg 26w, https:\/\/blogsaverroes.juntadeandalucia.es\/orientacionvegademar\/files\/2020\/11\/pideleperasalolmo-34x48.jpg 34w, https:\/\/blogsaverroes.juntadeandalucia.es\/orientacionvegademar\/files\/2020\/11\/pideleperasalolmo.jpg 421w\" sizes=\"(max-width: 213px) 100vw, 213px\" \/><\/a><\/td>\n<td style=\"width: 25%;height: 23px;text-align: center\"><strong>20 NOVIEMBRE 2020 #PONTETUFALDA<\/strong><\/p>\n<p>#Pontetufalda la ropa no tiene g\u00e9nero en el IES Vega de Mar.&nbsp;<\/p>\n<p><a href=\"https:\/\/blogsaverroes.juntadeandalucia.es\/orientacionvegademar\/2020\/11\/24\/20n-pontetufaltada-la-ropa-no-tiene-genero\/\"><img loading=\"lazy\" decoding=\"async\" class=\"alignnone size-medium wp-image-122\" src=\"https:\/\/blogsaverroes.juntadeandalucia.es\/orientacionvegademar\/files\/2020\/11\/WhatsApp-Image-2020-11-20-at-11.06.10-212x300.jpeg\" alt=\"\" width=\"212\" height=\"300\" srcset=\"https:\/\/blogsaverroes.juntadeandalucia.es\/orientacionvegademar\/files\/2020\/11\/WhatsApp-Image-2020-11-20-at-11.06.10-212x300.jpeg 212w, https:\/\/blogsaverroes.juntadeandalucia.es\/orientacionvegademar\/files\/2020\/11\/WhatsApp-Image-2020-11-20-at-11.06.10-723x1024.jpeg 723w, https:\/\/blogsaverroes.juntadeandalucia.es\/orientacionvegademar\/files\/2020\/11\/WhatsApp-Image-2020-11-20-at-11.06.10-768x1087.jpeg 768w, https:\/\/blogsaverroes.juntadeandalucia.es\/orientacionvegademar\/files\/2020\/11\/WhatsApp-Image-2020-11-20-at-11.06.10-1085x1536.jpeg 1085w, https:\/\/blogsaverroes.juntadeandalucia.es\/orientacionvegademar\/files\/2020\/11\/WhatsApp-Image-2020-11-20-at-11.06.10-17x24.jpeg 17w, https:\/\/blogsaverroes.juntadeandalucia.es\/orientacionvegademar\/files\/2020\/11\/WhatsApp-Image-2020-11-20-at-11.06.10-25x36.jpeg 25w, https:\/\/blogsaverroes.juntadeandalucia.es\/orientacionvegademar\/files\/2020\/11\/WhatsApp-Image-2020-11-20-at-11.06.10-34x48.jpeg 34w, https:\/\/blogsaverroes.juntadeandalucia.es\/orientacionvegademar\/files\/2020\/11\/WhatsApp-Image-2020-11-20-at-11.06.10.jpeg 1130w\" sizes=\"(max-width: 212px) 100vw, 212px\" \/><\/a><\/td>\n<td style=\"width: 25%;height: 23px;text-align: center\"><strong>25 DE NOVIEMBRE D\u00cdA INTERNACIONAL PARA LA ELIMINACI\u00d3N DE LA VIOLENCIA CONTRA LAS MUJERES<\/strong><\/p>\n<p>Actuaciones para conmemoraci\u00f3n del 25N en el IES Vega de Mar&nbsp;<\/p>\n<p>&nbsp;<\/p>\n<p><a href=\"https:\/\/blogsaverroes.juntadeandalucia.es\/orientacionvegademar\/2020\/11\/24\/25n-contra-la-violencia-hacia-las-mujeres\/\"><img loading=\"lazy\" decoding=\"async\" class=\"alignnone size-medium wp-image-124\" src=\"https:\/\/blogsaverroes.juntadeandalucia.es\/orientacionvegademar\/files\/2020\/11\/23zapatosrojos-300x200.jpg\" alt=\"\" width=\"300\" height=\"200\" srcset=\"https:\/\/blogsaverroes.juntadeandalucia.es\/orientacionvegademar\/files\/2020\/11\/23zapatosrojos-300x200.jpg 300w, https:\/\/blogsaverroes.juntadeandalucia.es\/orientacionvegademar\/files\/2020\/11\/23zapatosrojos-768x513.jpg 768w, https:\/\/blogsaverroes.juntadeandalucia.es\/orientacionvegademar\/files\/2020\/11\/23zapatosrojos-24x16.jpg 24w, https:\/\/blogsaverroes.juntadeandalucia.es\/orientacionvegademar\/files\/2020\/11\/23zapatosrojos-36x24.jpg 36w, https:\/\/blogsaverroes.juntadeandalucia.es\/orientacionvegademar\/files\/2020\/11\/23zapatosrojos-48x32.jpg 48w, https:\/\/blogsaverroes.juntadeandalucia.es\/orientacionvegademar\/files\/2020\/11\/23zapatosrojos.jpg 980w\" sizes=\"(max-width: 300px) 100vw, 300px\" \/><\/a><\/p>\n<p>&nbsp;<\/td>\n<td style=\"width: 25%;height: 23px;text-align: center\"><strong>3 DE DICIEMBRE D\u00cdA INTERNACIONAL DE LA DIVERSIDAD FUNCIONAL<\/strong><\/p>\n<p>Actuaciones para la conmemoraci\u00f3n del 3D en el IES Vega de Mar<\/p>\n<p>&nbsp;<\/p>\n<p><img loading=\"lazy\" decoding=\"async\" class=\"alignnone size-medium wp-image-126\" src=\"https:\/\/blogsaverroes.juntadeandalucia.es\/orientacionvegademar\/files\/2020\/11\/diversidadfuncional-300x276.jpg\" alt=\"\" width=\"300\" height=\"276\" srcset=\"https:\/\/blogsaverroes.juntadeandalucia.es\/orientacionvegademar\/files\/2020\/11\/diversidadfuncional-300x276.jpg 300w, https:\/\/blogsaverroes.juntadeandalucia.es\/orientacionvegademar\/files\/2020\/11\/diversidadfuncional-24x22.jpg 24w, https:\/\/blogsaverroes.juntadeandalucia.es\/orientacionvegademar\/files\/2020\/11\/diversidadfuncional-36x33.jpg 36w, https:\/\/blogsaverroes.juntadeandalucia.es\/orientacionvegademar\/files\/2020\/11\/diversidadfuncional-48x44.jpg 48w, https:\/\/blogsaverroes.juntadeandalucia.es\/orientacionvegademar\/files\/2020\/11\/diversidadfuncional.jpg 630w\" sizes=\"(max-width: 300px) 100vw, 300px\" \/><\/td>\n<\/tr>\n<\/tbody>\n<\/table>\n<p>&nbsp;<\/p>\n<h1 style=\"text-align: center\">Plan de Convivencia<\/h1>\n<p>El Plan de Convivencia es el documento de car\u00e1cter plurianual que forma parte del proyecto educativo y que estructura la forma en que el centro promueve la convivencia, la mediaci\u00f3n, resoluci\u00f3n pac\u00edfica de conflictos y previene la violencia. En el plan se recogen aspectos como el funcionamiento del aula de convivencia, las reuniones de la comisi\u00f3n de convivencia y otras estrategias para convertir nuestro centro en un lugar amable en el que crecer personal, acad\u00e9mica y profesionalmente.<\/p>\n","protected":false},"excerpt":{"rendered":"<p>El Departamento de Orientaci\u00f3n asesora a la comunidad educativa en la promoci\u00f3n de la convivencia escolar, prevenci\u00f3n de la violencia, mediaci\u00f3n y resoluci\u00f3n pac\u00edfica de conflictos.&nbsp; El IES Vega de Mar cuenta con diferentes&#46;&#46;&#46;<\/p>\n","protected":false},"author":11559,"featured_media":0,"parent":0,"menu_order":0,"comment_status":"closed","ping_status":"closed","template":"","meta":{"ngg_post_thumbnail":0,"footnotes":""},"aioseo_notices":[],"post_mailing_queue_ids":[],"_links":{"self":[{"href":"https:\/\/blogsaverroes.juntadeandalucia.es\/orientacionvegademar\/wp-json\/wp\/v2\/pages\/18"}],"collection":[{"href":"https:\/\/blogsaverroes.juntadeandalucia.es\/orientacionvegademar\/wp-json\/wp\/v2\/pages"}],"about":[{"href":"https:\/\/blogsaverroes.juntadeandalucia.es\/orientacionvegademar\/wp-json\/wp\/v2\/types\/page"}],"author":[{"embeddable":true,"href":"https:\/\/blogsaverroes.juntadeandalucia.es\/orientacionvegademar\/wp-json\/wp\/v2\/users\/11559"}],"replies":[{"embeddable":true,"href":"https:\/\/blogsaverroes.juntadeandalucia.es\/orientacionvegademar\/wp-json\/wp\/v2\/comments?post=18"}],"version-history":[{"count":11,"href":"https:\/\/blogsaverroes.juntadeandalucia.es\/orientacionvegademar\/wp-json\/wp\/v2\/pages\/18\/revisions"}],"predecessor-version":[{"id":649,"href":"https:\/\/blogsaverroes.juntadeandalucia.es\/orientacionvegademar\/wp-json\/wp\/v2\/pages\/18\/revisions\/649"}],"wp:attachment":[{"href":"https:\/\/blogsaverroes.juntadeandalucia.es\/orientacionvegademar\/wp-json\/wp\/v2\/media?parent=18"}],"curies":[{"name":"wp","href":"https:\/\/api.w.org\/{rel}","templated":true}]}}