{"id":10041,"date":"2021-04-19T13:08:53","date_gmt":"2021-04-19T11:08:53","guid":{"rendered":"https:\/\/blogsaverroes.juntadeandalucia.es\/orientadelegacionmalaga\/?page_id=10041"},"modified":"2021-11-11T17:03:30","modified_gmt":"2021-11-11T16:03:30","slug":"trast-condt-alimentaria","status":"publish","type":"page","link":"https:\/\/blogsaverroes.juntadeandalucia.es\/orientadelegacionmalaga\/trast-condt-alimentaria\/","title":{"rendered":"Trast.Condt.Alimentaria"},"content":{"rendered":"<p><strong>COORDINACI\u00d3N CON LA UNIDAD DE TRASTORNO DE LA CONDUCTA ALIMENTARIA (UTCA) HOSPITAL CIVIL DE M\u00c1LAGA<\/strong><\/p>\n<p><a href=\"https:\/\/blogsaverroes.juntadeandalucia.es\/orientadelegacionmalaga\/files\/2021\/11\/Presentaci\u00f3n-TCA-EOES.pdf\" target=\"_blank\" rel=\"noopener noreferrer\">Presentaci\u00f3n TCA EOES<\/a><\/p>\n<p><a href=\"https:\/\/blogsaverroes.juntadeandalucia.es\/orientadelegacionmalaga\/files\/2021\/11\/Inforgrafi\u0301a-TCA-Ma\u0301laga.pdf\" target=\"_blank\" rel=\"noopener noreferrer\">Inforgrafi\u0301a TCA Ma\u0301laga<\/a><\/p>\n<p><a href=\"https:\/\/blogsaverroes.juntadeandalucia.es\/orientadelegacionmalaga\/files\/2021\/05\/Infografi\u0301a-UTCA-educacio\u0301n-.pdf\" target=\"_blank\" rel=\"noopener noreferrer\">Infografi\u0301a UTCA educacio\u0301n2.<\/a><\/p>\n<p>&nbsp;<\/p>\n<p>1.<a href=\"https:\/\/blogsaverroes.juntadeandalucia.es\/orientadelegacionmalaga\/files\/2021\/11\/Solicitud-Colaboraci\u00f3n-TCA.pdf\" target=\"_blank\" rel=\"noopener noreferrer\">SOLICITUD DE COLABORACI\u00d3N EN CASOS DE TRASTORNO DE LA CONDUCTA ALIMENTARIA (TCA) ENTRE CENTROS EDUCATIVOS Y EL EQUIPO DE TCA<\/a><\/p>\n<p>&nbsp;<\/p>\n<p>2. <a href=\"https:\/\/blogsaverroes.juntadeandalucia.es\/orientadelegacionmalaga\/files\/2021\/11\/PROTOCOLO-TCA.docx\" target=\"_blank\" rel=\"noopener noreferrer\">PROTOCOLO ANTE POSIBLE TRASTORNO DE CONDUCTA ALIMENTARIA (TCA) EN EL ALUMNADO DEL CENTRO EDUCATIVO.<\/a><\/p>\n<p>&nbsp;<\/p>\n<p>3. .<a href=\"https:\/\/blogsaverroes.juntadeandalucia.es\/orientadelegacionmalaga\/files\/2021\/11\/SE\u00d1ALES-DE-ALERTA-ANTE-POSIBLE-TRASTORNO-DE-LA-CONDUCTA-ALIMENTARIA-EN-EL-ALUMNO.docx\" target=\"_blank\" rel=\"noopener noreferrer\">SE\u00d1ALES DE ALERTA ANTE POSIBLE TRASTORNO DE LA CONDUCTA ALIMENTARIA EN EL ALUMNO\/A<\/a><\/p>\n<p>&nbsp;<\/p>\n<p>4.&nbsp;<a href=\"https:\/\/blogsaverroes.juntadeandalucia.es\/orientadelegacionmalaga\/files\/2021\/11\/PAUTAS-TCA.docx\" target=\"_blank\" rel=\"noopener noreferrer\">PAUTAS ORIENTATIVAS ANTE POSIBLE TRASTORNO DE CONDUCTA ALIMENTARIA (TCA) EN EL ALUMNADO DEL CENTRO EDUCATIVO<\/a><\/p>\n<p>&nbsp;<\/p>\n<p>&nbsp;<\/p>\n<p><strong>GUIAS<\/strong><\/p>\n<p><a href=\"https:\/\/www.juntadeandalucia.es\/export\/drupaljda\/salud_5af95868ccc6e_09_problemas_ajustes.pdf\" target=\"_blank\" rel=\"noopener noreferrer\">Gu\u00eda Andaluc\u00eda. PROBLEMAS DE AJUSTE DURANTE LA&nbsp; ADOLESCENCIA<\/a><\/p>\n<p><a href=\"https:\/\/portal.guiasalud.es\/wp-content\/uploads\/2019\/06\/pa_7_pai-tconducta-alim.pdf\" target=\"_blank\" rel=\"noopener noreferrer\">Gu\u00eda Andaluc\u00eda Salud TCA<\/a><\/p>\n<p><a href=\"http:\/\/www.adanergranada.org\/documentos\/guia.pdf\" target=\"_blank\" rel=\"noopener noreferrer\">Gu\u00eda ADANER Granada<\/a><\/p>\n<p><a href=\"https:\/\/imagenysalud14.files.wordpress.com\/2014\/12\/andalucia-proceso-asistencial-trastornos-alimentarios.pdf\" target=\"_blank\" rel=\"noopener noreferrer\">Gu\u00eda Salud Andaluc\u00eda TCA, proceso asistencial<\/a><\/p>\n<p><a href=\"https:\/\/blogsaverroes.juntadeandalucia.es\/orientadelegacionmalaga\/files\/2021\/04\/GUIAANOREXIA.pdf\" target=\"_blank\" rel=\"noopener noreferrer\">GUIA ANOREXIA Arag\u00f3n<\/a><\/p>\n","protected":false},"excerpt":{"rendered":"<p>COORDINACI\u00d3N CON LA UNIDAD DE TRASTORNO DE LA CONDUCTA ALIMENTARIA (UTCA) HOSPITAL CIVIL DE M\u00c1LAGA Presentaci\u00f3n TCA EOES Inforgrafi\u0301a TCA Ma\u0301laga Infografi\u0301a UTCA educacio\u0301n2. &nbsp; 1.SOLICITUD DE COLABORACI\u00d3N EN CASOS DE TRASTORNO DE LA&#46;&#46;&#46;<\/p>\n","protected":false},"author":8106,"featured_media":0,"parent":0,"menu_order":0,"comment_status":"closed","ping_status":"closed","template":"","meta":{"ngg_post_thumbnail":0,"footnotes":""},"aioseo_notices":[],"_links":{"self":[{"href":"https:\/\/blogsaverroes.juntadeandalucia.es\/orientadelegacionmalaga\/wp-json\/wp\/v2\/pages\/10041"}],"collection":[{"href":"https:\/\/blogsaverroes.juntadeandalucia.es\/orientadelegacionmalaga\/wp-json\/wp\/v2\/pages"}],"about":[{"href":"https:\/\/blogsaverroes.juntadeandalucia.es\/orientadelegacionmalaga\/wp-json\/wp\/v2\/types\/page"}],"author":[{"embeddable":true,"href":"https:\/\/blogsaverroes.juntadeandalucia.es\/orientadelegacionmalaga\/wp-json\/wp\/v2\/users\/8106"}],"replies":[{"embeddable":true,"href":"https:\/\/blogsaverroes.juntadeandalucia.es\/orientadelegacionmalaga\/wp-json\/wp\/v2\/comments?post=10041"}],"version-history":[{"count":17,"href":"https:\/\/blogsaverroes.juntadeandalucia.es\/orientadelegacionmalaga\/wp-json\/wp\/v2\/pages\/10041\/revisions"}],"predecessor-version":[{"id":10493,"href":"https:\/\/blogsaverroes.juntadeandalucia.es\/orientadelegacionmalaga\/wp-json\/wp\/v2\/pages\/10041\/revisions\/10493"}],"wp:attachment":[{"href":"https:\/\/blogsaverroes.juntadeandalucia.es\/orientadelegacionmalaga\/wp-json\/wp\/v2\/media?parent=10041"}],"curies":[{"name":"wp","href":"https:\/\/api.w.org\/{rel}","templated":true}]}}