{"id":10113,"date":"2021-05-10T15:05:21","date_gmt":"2021-05-10T13:05:21","guid":{"rendered":"https:\/\/blogsaverroes.juntadeandalucia.es\/orientadelegacionmalaga\/?page_id=10113"},"modified":"2021-06-24T20:41:41","modified_gmt":"2021-06-24T18:41:41","slug":"comptnte-inclusion-educativa","status":"publish","type":"page","link":"https:\/\/blogsaverroes.juntadeandalucia.es\/orientadelegacionmalaga\/comptnte-inclusion-educativa\/","title":{"rendered":"JORNADA comPTnte"},"content":{"rendered":"<p><img loading=\"lazy\" decoding=\"async\" class=\"size-medium wp-image-10114 alignright\" src=\"https:\/\/blogsaverroes.juntadeandalucia.es\/orientadelegacionmalaga\/files\/2021\/05\/Cartel-con-QR-212x300.png\" alt=\"\" width=\"212\" height=\"300\" srcset=\"https:\/\/blogsaverroes.juntadeandalucia.es\/orientadelegacionmalaga\/files\/2021\/05\/Cartel-con-QR-212x300.png 212w, https:\/\/blogsaverroes.juntadeandalucia.es\/orientadelegacionmalaga\/files\/2021\/05\/Cartel-con-QR-724x1024.png 724w, https:\/\/blogsaverroes.juntadeandalucia.es\/orientadelegacionmalaga\/files\/2021\/05\/Cartel-con-QR-768x1086.png 768w, https:\/\/blogsaverroes.juntadeandalucia.es\/orientadelegacionmalaga\/files\/2021\/05\/Cartel-con-QR-1086x1536.png 1086w, https:\/\/blogsaverroes.juntadeandalucia.es\/orientadelegacionmalaga\/files\/2021\/05\/Cartel-con-QR-1448x2048.png 1448w, https:\/\/blogsaverroes.juntadeandalucia.es\/orientadelegacionmalaga\/files\/2021\/05\/Cartel-con-QR.png 1587w\" sizes=\"(max-width: 212px) 100vw, 212px\" \/>El pr\u00f3ximo 28 de mayo tendr\u00e1 lugar la Jornada de Inclusi\u00f3n educativa para maestros\/as especialistas en Pedagog\u00eda terap\u00e9utica de la provincia de M\u00e1laga.&nbsp;<\/p>\n<ul>\n<li><strong>Programa<\/strong>: <strong><span style=\"color: #993366\"><a style=\"color: #993366\" href=\"https:\/\/blogsaverroes.juntadeandalucia.es\/orientadelegacionmalaga\/files\/2021\/05\/ComPtNTES-Diptico-10.pdf\">ComPTntes: JORNADA DE INCLUSI\u00d3N EDUCATIVA<\/a><\/span><\/strong>\n<ul>\n<li>V\u00eddeo:&nbsp;<span style=\"color: #0000ff\"><a style=\"color: #0000ff\" href=\"https:\/\/youtu.be\/qcM9XE0ifSM\" target=\"_blank\" rel=\"noopener noreferrer\">JORNADAS COMPTNTE<\/a>: 28 MAYO 2021.<\/span><\/li>\n<li><span style=\"color: #0000ff\"><a style=\"color: #0000ff\" href=\"https:\/\/www.youtube.com\/watch?v=AX7CVrdxVd0\" target=\"_blank\" rel=\"noopener noreferrer\">V\u00eddeo tr\u00e1iler: COMPTNTE<\/a>&nbsp;<\/span><\/li>\n<\/ul>\n<\/li>\n<\/ul>\n<p>&nbsp;<\/p>\n<ul>\n<li><span style=\"color: #000080\"><strong>V\u00eddeo: <span style=\"color: #ff0000\"><a style=\"color: #ff0000\" href=\"https:\/\/www.youtube.com\/watch?v=DlnTibT13s0&amp;t=37s\" target=\"_blank\" rel=\"noopener noreferrer\">FUNCIONES Y ACTUACIONES DEL MAESTRO\/A PEDAGOG\u00cdA TERAP\u00c9UTICA PARA FAVORECER LA INCLUSI\u00d3N EDUCATIVA&nbsp;<\/a><\/span><\/strong><\/span><\/li>\n<\/ul>\n<p>&nbsp;<\/p>\n<ul>\n<li><strong><a href=\"https:\/\/docs.google.com\/forms\/d\/e\/1FAIpQLSd_FrjczGFdko0g9HHMkIC3AlmDqLK9ky9IQiCgq_Xej-mDpQ\/viewform\" target=\"_blank\" rel=\"noopener noreferrer\">Formulario de inscripci\u00f3n en base de datos del ETPOEP para PT y AL<\/a>:&nbsp;<\/strong>Si quieres recibir notificaciones del ETPOEP, as\u00ed como los recursos de la Jornada, puedes inscribirte (SOLO PARA PROFESIONALES DE M\u00c1LAGA).&nbsp;<\/li>\n<\/ul>\n<p>En la pesta\u00f1a ATENCI\u00d3N A LA DIVERSIDAD\/INCLUSI\u00d3N Y DUA: un espacio donde encontrar\u00e1s recursos y materiales para favorecer la inclusi\u00f3n educativa en el aula: <a href=\"https:\/\/blogsaverroes.juntadeandalucia.es\/orientadelegacionmalaga\/inclusion-dua\/\" target=\"_blank\" rel=\"noopener noreferrer\">INCLUSI\u00d3N Y DUA<\/a>.&nbsp;<\/p>\n<p>&nbsp;<\/p>\n","protected":false},"excerpt":{"rendered":"<p>El pr\u00f3ximo 28 de mayo tendr\u00e1 lugar la Jornada de Inclusi\u00f3n educativa para maestros\/as especialistas en Pedagog\u00eda terap\u00e9utica de la provincia de M\u00e1laga.&nbsp; Programa: ComPTntes: JORNADA DE INCLUSI\u00d3N EDUCATIVA V\u00eddeo:&nbsp;JORNADAS COMPTNTE: 28 MAYO 2021.&#46;&#46;&#46;<\/p>\n","protected":false},"author":8106,"featured_media":10114,"parent":0,"menu_order":0,"comment_status":"closed","ping_status":"closed","template":"","meta":{"ngg_post_thumbnail":0,"footnotes":""},"aioseo_notices":[],"_links":{"self":[{"href":"https:\/\/blogsaverroes.juntadeandalucia.es\/orientadelegacionmalaga\/wp-json\/wp\/v2\/pages\/10113"}],"collection":[{"href":"https:\/\/blogsaverroes.juntadeandalucia.es\/orientadelegacionmalaga\/wp-json\/wp\/v2\/pages"}],"about":[{"href":"https:\/\/blogsaverroes.juntadeandalucia.es\/orientadelegacionmalaga\/wp-json\/wp\/v2\/types\/page"}],"author":[{"embeddable":true,"href":"https:\/\/blogsaverroes.juntadeandalucia.es\/orientadelegacionmalaga\/wp-json\/wp\/v2\/users\/8106"}],"replies":[{"embeddable":true,"href":"https:\/\/blogsaverroes.juntadeandalucia.es\/orientadelegacionmalaga\/wp-json\/wp\/v2\/comments?post=10113"}],"version-history":[{"count":7,"href":"https:\/\/blogsaverroes.juntadeandalucia.es\/orientadelegacionmalaga\/wp-json\/wp\/v2\/pages\/10113\/revisions"}],"predecessor-version":[{"id":10263,"href":"https:\/\/blogsaverroes.juntadeandalucia.es\/orientadelegacionmalaga\/wp-json\/wp\/v2\/pages\/10113\/revisions\/10263"}],"wp:featuredmedia":[{"embeddable":true,"href":"https:\/\/blogsaverroes.juntadeandalucia.es\/orientadelegacionmalaga\/wp-json\/wp\/v2\/media\/10114"}],"wp:attachment":[{"href":"https:\/\/blogsaverroes.juntadeandalucia.es\/orientadelegacionmalaga\/wp-json\/wp\/v2\/media?parent=10113"}],"curies":[{"name":"wp","href":"https:\/\/api.w.org\/{rel}","templated":true}]}}