{"id":10267,"date":"2021-06-25T10:48:40","date_gmt":"2021-06-25T08:48:40","guid":{"rendered":"https:\/\/blogsaverroes.juntadeandalucia.es\/orientadelegacionmalaga\/?page_id=10267"},"modified":"2024-06-27T12:05:35","modified_gmt":"2024-06-27T10:05:35","slug":"programas-especificos-fpb","status":"publish","type":"page","link":"https:\/\/blogsaverroes.juntadeandalucia.es\/orientadelegacionmalaga\/programas-especificos-fpb\/","title":{"rendered":"CICLOS FORMATIVOS DE GRAFO B\u00c1SICO ESPEC\u00cdFICO DE NEE"},"content":{"rendered":"<p>CICLOS FORMATVOS DE GRADO B\u00c1SICO ESPEC\u00cdFICO NEE&nbsp;<\/p>\n<ul>\n<li style=\"list-style-type: none\">\n<ul>\n<li><a href=\"https:\/\/blogsaverroes.juntadeandalucia.es\/orientadelegacionmalaga\/files\/2024\/06\/CICLO-FORMATIVO-DE-GRADO-BASICO-ESPECIFICO-NEE-24-25.pdf\">CICLO FORMATIVO DE GRADO B\u00c1SICO ESPEC\u00cdFICO NEE 24-25<\/a><a href=\"https:\/\/blogsaverroes.juntadeandalucia.es\/orientadelegacionmalaga\/files\/2021\/06\/Oferta-PE-FPB-2021-22.pdf\" target=\"_blank\" rel=\"noopener noreferrer\"><br \/>\n<img loading=\"lazy\" decoding=\"async\" class=\" wp-image-10268 alignright\" src=\"https:\/\/blogsaverroes.juntadeandalucia.es\/orientadelegacionmalaga\/files\/2021\/06\/PE-FPB-300x171.png\" alt=\"\" width=\"260\" height=\"148\" srcset=\"https:\/\/blogsaverroes.juntadeandalucia.es\/orientadelegacionmalaga\/files\/2021\/06\/PE-FPB-300x171.png 300w, https:\/\/blogsaverroes.juntadeandalucia.es\/orientadelegacionmalaga\/files\/2021\/06\/PE-FPB.png 708w\" sizes=\"(max-width: 260px) 100vw, 260px\" \/><\/a><\/li>\n<li><a href=\"https:\/\/blogsaverroes.juntadeandalucia.es\/orientadelegacionmalaga\/files\/2024\/06\/RESOLUCION-CICLO-FORMATIVO-GRADO-BASICO-ESPECIFICO-NEE-24-25.pdf\">RESOLUCION CICLO FORMATIVO GRADO B\u00c1SICO ESPEC\u00cdFICO NEE 24 25<\/a>Solicitudes:15-30 junio.&nbsp;\n<ul>\n<li><a href=\"https:\/\/blogsaverroes.juntadeandalucia.es\/orientadelegacionmalaga\/files\/2024\/06\/SOLICITUD-TRANSPORTE-ESCOLAR-1.pdf\">SOLICITUD TRANSPORTE ESCOLAR<\/a><\/li>\n<\/ul>\n<\/li>\n<\/ul>\n<\/li>\n<\/ul>\n","protected":false},"excerpt":{"rendered":"<p>CICLOS FORMATVOS DE GRADO B\u00c1SICO ESPEC\u00cdFICO NEE&nbsp; CICLO FORMATIVO DE GRADO B\u00c1SICO ESPEC\u00cdFICO NEE 24-25 RESOLUCION CICLO FORMATIVO GRADO B\u00c1SICO ESPEC\u00cdFICO NEE 24 25Solicitudes:15-30 junio.&nbsp; SOLICITUD TRANSPORTE ESCOLAR<\/p>\n","protected":false},"author":8106,"featured_media":0,"parent":0,"menu_order":0,"comment_status":"closed","ping_status":"closed","template":"","meta":{"ngg_post_thumbnail":0,"footnotes":""},"aioseo_notices":[],"_links":{"self":[{"href":"https:\/\/blogsaverroes.juntadeandalucia.es\/orientadelegacionmalaga\/wp-json\/wp\/v2\/pages\/10267"}],"collection":[{"href":"https:\/\/blogsaverroes.juntadeandalucia.es\/orientadelegacionmalaga\/wp-json\/wp\/v2\/pages"}],"about":[{"href":"https:\/\/blogsaverroes.juntadeandalucia.es\/orientadelegacionmalaga\/wp-json\/wp\/v2\/types\/page"}],"author":[{"embeddable":true,"href":"https:\/\/blogsaverroes.juntadeandalucia.es\/orientadelegacionmalaga\/wp-json\/wp\/v2\/users\/8106"}],"replies":[{"embeddable":true,"href":"https:\/\/blogsaverroes.juntadeandalucia.es\/orientadelegacionmalaga\/wp-json\/wp\/v2\/comments?post=10267"}],"version-history":[{"count":3,"href":"https:\/\/blogsaverroes.juntadeandalucia.es\/orientadelegacionmalaga\/wp-json\/wp\/v2\/pages\/10267\/revisions"}],"predecessor-version":[{"id":11979,"href":"https:\/\/blogsaverroes.juntadeandalucia.es\/orientadelegacionmalaga\/wp-json\/wp\/v2\/pages\/10267\/revisions\/11979"}],"wp:attachment":[{"href":"https:\/\/blogsaverroes.juntadeandalucia.es\/orientadelegacionmalaga\/wp-json\/wp\/v2\/media?parent=10267"}],"curies":[{"name":"wp","href":"https:\/\/api.w.org\/{rel}","templated":true}]}}