{"id":11896,"date":"2024-06-19T11:32:05","date_gmt":"2024-06-19T09:32:05","guid":{"rendered":"https:\/\/blogsaverroes.juntadeandalucia.es\/orientadelegacionmalaga\/?page_id=11896"},"modified":"2024-06-19T11:32:05","modified_gmt":"2024-06-19T09:32:05","slug":"bachillerato-general","status":"publish","type":"page","link":"https:\/\/blogsaverroes.juntadeandalucia.es\/orientadelegacionmalaga\/bachillerato-general\/","title":{"rendered":"BACHILLERATO GENERAL"},"content":{"rendered":"<h2>CENTROS QUE HAN IMPARTIDO BACHILLERATO GENERAL CURSO 2023-2024 Y QUE EN PRINCIPIO VAN A IMPARTIRLO (pendiente del n\u00famero de matriculaciones ) DURANTE EL CURSO 2024-2025.<\/h2>\n<p style=\"padding-left: 120px\">Antequera 29010857 &#8211; I.E.S. Pintor Jos\u00e9 Mar\u00eda Fern\u00e1ndez<br \/>\nCampillos 29001868 &#8211; I.E.S. Camilo Jos\u00e9 Cela<br \/>\nEstepona 29002885 &#8211; I.E.S. Monterroso<br \/>\nEstepona 29009909 &#8211; I.E.S. Mar de Albor\u00e1n<br \/>\nFuengirola 29003041 &#8211; I.E.S. Fuengirola N\u00ba 1<br \/>\nM\u00e1laga 29005965 &#8211; I.E.S. Sierra Bermeja<br \/>\nM\u00e1laga 29005989 &#8211; I.E.S. Polit\u00e9cnico Jes\u00fas Mar\u00edn<br \/>\nM\u00e1laga 29009934 &#8211; I.E.S. Salvador Rueda<br \/>\nM\u00e1laga 29011539 &#8211; I.E.S. Huelin<br \/>\nM\u00e1laga 29700242 &#8211; I.E.S. N\u00fam. 1. Universidad Laboral<br \/>\nM\u00e1laga 29700795 &#8211; I.E.S. Ciudad Jard\u00edn<br \/>\nMarbella 29700758 &#8211; I.E.S. Victoria Kent<br \/>\nTorremolinos 29006568 &#8211; I.E.S. Los Manantiales<br \/>\nV\u00e9lez-M\u00e1laga 29008681 &#8211; I.E.S. Juan de la Cierva<br \/>\nV\u00e9lez-M\u00e1laga 29700345 &#8211; I.E.S. Miraya del Mar<\/p>\n<p>&nbsp;<\/p>\n<h2>DOCUMENTO ORIGINAL<\/h2>\n<p><a href=\"https:\/\/blogsaverroes.juntadeandalucia.es\/orientadelegacionmalaga\/files\/2024\/06\/BACHILLERATO-GENERAL-23-24-Y-24-25-1.pdf\">BACHILLERATO GENERAL 23-24 Y 24-25<\/a><\/p>\n","protected":false},"excerpt":{"rendered":"<p>CENTROS QUE HAN IMPARTIDO BACHILLERATO GENERAL CURSO 2023-2024 Y QUE EN PRINCIPIO VAN A IMPARTIRLO (pendiente del n\u00famero de matriculaciones ) DURANTE EL CURSO 2024-2025. Antequera 29010857 &#8211; I.E.S. Pintor Jos\u00e9 Mar\u00eda Fern\u00e1ndez Campillos&#46;&#46;&#46;<\/p>\n","protected":false},"author":8106,"featured_media":0,"parent":0,"menu_order":0,"comment_status":"closed","ping_status":"closed","template":"","meta":{"ngg_post_thumbnail":0,"footnotes":""},"aioseo_notices":[],"_links":{"self":[{"href":"https:\/\/blogsaverroes.juntadeandalucia.es\/orientadelegacionmalaga\/wp-json\/wp\/v2\/pages\/11896"}],"collection":[{"href":"https:\/\/blogsaverroes.juntadeandalucia.es\/orientadelegacionmalaga\/wp-json\/wp\/v2\/pages"}],"about":[{"href":"https:\/\/blogsaverroes.juntadeandalucia.es\/orientadelegacionmalaga\/wp-json\/wp\/v2\/types\/page"}],"author":[{"embeddable":true,"href":"https:\/\/blogsaverroes.juntadeandalucia.es\/orientadelegacionmalaga\/wp-json\/wp\/v2\/users\/8106"}],"replies":[{"embeddable":true,"href":"https:\/\/blogsaverroes.juntadeandalucia.es\/orientadelegacionmalaga\/wp-json\/wp\/v2\/comments?post=11896"}],"version-history":[{"count":1,"href":"https:\/\/blogsaverroes.juntadeandalucia.es\/orientadelegacionmalaga\/wp-json\/wp\/v2\/pages\/11896\/revisions"}],"predecessor-version":[{"id":11899,"href":"https:\/\/blogsaverroes.juntadeandalucia.es\/orientadelegacionmalaga\/wp-json\/wp\/v2\/pages\/11896\/revisions\/11899"}],"wp:attachment":[{"href":"https:\/\/blogsaverroes.juntadeandalucia.es\/orientadelegacionmalaga\/wp-json\/wp\/v2\/media?parent=11896"}],"curies":[{"name":"wp","href":"https:\/\/api.w.org\/{rel}","templated":true}]}}