{"id":11904,"date":"2024-06-19T11:38:58","date_gmt":"2024-06-19T09:38:58","guid":{"rendered":"https:\/\/blogsaverroes.juntadeandalucia.es\/orientadelegacionmalaga\/?page_id=11904"},"modified":"2024-06-19T11:38:58","modified_gmt":"2024-06-19T09:38:58","slug":"bachillerato-internacional","status":"publish","type":"page","link":"https:\/\/blogsaverroes.juntadeandalucia.es\/orientadelegacionmalaga\/bachillerato-internacional\/","title":{"rendered":"BACHILLERATO INTERNACIONAL"},"content":{"rendered":"<h2>BACHILLERATO INTERNACIONAL EN M\u00c1LAGA<\/h2>\n<h4 style=\"padding-left: 80px\">\n-IES Maria Zambrano 29011552 (V\u00e9lez-M\u00e1laga).<br \/>\n-IES Salvador Rueda 29009934 (M\u00e1laga).<\/h4>\n<p>&nbsp;<\/p>\n<h2>DOCUMENTO ORIGINAL:<\/h2>\n<p><a href=\"https:\/\/blogsaverroes.juntadeandalucia.es\/orientadelegacionmalaga\/files\/2024\/06\/BACHILLERTO-INTERNACIONAL-24-25.pdf\">BACHILLERTO INTERNACIONAL 24-25<\/a><\/p>\n<p>&nbsp;<\/p>\n","protected":false},"excerpt":{"rendered":"<p>BACHILLERATO INTERNACIONAL EN M\u00c1LAGA -IES Maria Zambrano 29011552 (V\u00e9lez-M\u00e1laga). -IES Salvador Rueda 29009934 (M\u00e1laga). &nbsp; DOCUMENTO ORIGINAL: BACHILLERTO INTERNACIONAL 24-25 &nbsp;<\/p>\n","protected":false},"author":8106,"featured_media":0,"parent":0,"menu_order":0,"comment_status":"closed","ping_status":"closed","template":"","meta":{"ngg_post_thumbnail":0,"footnotes":""},"aioseo_notices":[],"_links":{"self":[{"href":"https:\/\/blogsaverroes.juntadeandalucia.es\/orientadelegacionmalaga\/wp-json\/wp\/v2\/pages\/11904"}],"collection":[{"href":"https:\/\/blogsaverroes.juntadeandalucia.es\/orientadelegacionmalaga\/wp-json\/wp\/v2\/pages"}],"about":[{"href":"https:\/\/blogsaverroes.juntadeandalucia.es\/orientadelegacionmalaga\/wp-json\/wp\/v2\/types\/page"}],"author":[{"embeddable":true,"href":"https:\/\/blogsaverroes.juntadeandalucia.es\/orientadelegacionmalaga\/wp-json\/wp\/v2\/users\/8106"}],"replies":[{"embeddable":true,"href":"https:\/\/blogsaverroes.juntadeandalucia.es\/orientadelegacionmalaga\/wp-json\/wp\/v2\/comments?post=11904"}],"version-history":[{"count":1,"href":"https:\/\/blogsaverroes.juntadeandalucia.es\/orientadelegacionmalaga\/wp-json\/wp\/v2\/pages\/11904\/revisions"}],"predecessor-version":[{"id":11906,"href":"https:\/\/blogsaverroes.juntadeandalucia.es\/orientadelegacionmalaga\/wp-json\/wp\/v2\/pages\/11904\/revisions\/11906"}],"wp:attachment":[{"href":"https:\/\/blogsaverroes.juntadeandalucia.es\/orientadelegacionmalaga\/wp-json\/wp\/v2\/media?parent=11904"}],"curies":[{"name":"wp","href":"https:\/\/api.w.org\/{rel}","templated":true}]}}