{"id":1790,"date":"2013-05-29T09:53:45","date_gmt":"2013-05-29T09:53:45","guid":{"rendered":"http:\/\/www.educacionenmalaga.es\/orientamalaga\/?page_id=1790"},"modified":"2024-04-03T12:05:07","modified_gmt":"2024-04-03T10:05:07","slug":"documentos","status":"publish","type":"page","link":"https:\/\/blogsaverroes.juntadeandalucia.es\/orientadelegacionmalaga\/documentos\/","title":{"rendered":"M\u00e9dicos\/as"},"content":{"rendered":"<p>&nbsp;<\/p>\n<p style=\"padding-left: 30px\"><span style=\"color: #0000ff\"><strong>DOCUMENTOS GENERALES DE FUNCIONAMIENTO<\/strong><\/span><\/p>\n<p style=\"padding-left: 30px\">A) <a href=\"https:\/\/blogsaverroes.juntadeandalucia.es\/orientadelegacionmalaga\/files\/2018\/07\/a-protocolo-para-la-atencion-del-alumnado-afecto-enfermedad-cronica.pdf\" target=\"_blank\" rel=\"noopener noreferrer\">Protocolo para la atenci\u00f3n del alumnado afecto enfermedad cr\u00f3nica<\/a><\/p>\n<p style=\"padding-left: 30px\">B) <a href=\"https:\/\/blogsaverroes.juntadeandalucia.es\/orientadelegacionmalaga\/files\/2018\/07\/b-formulario-de-solicitud-de-asesoramiento-al-medico-escolar.pdf\" target=\"_blank\" rel=\"noopener noreferrer\">Formulario de solicitud de asesoramiento al medico escolar<\/a><\/p>\n<p style=\"padding-left: 30px\">C) <a href=\"https:\/\/blogsaverroes.juntadeandalucia.es\/orientadelegacionmalaga\/files\/2018\/07\/e-formulario-de-informacion-y-consentimiento.pdf\" target=\"_blank\" rel=\"noopener noreferrer\">Formulario de informaci\u00f3n y consentimiento<\/a><\/p>\n<p style=\"padding-left: 30px\">D)&nbsp;<a href=\"https:\/\/blogsaverroes.juntadeandalucia.es\/orientadelegacionmalaga\/files\/2018\/07\/d-documento-de-autorizacion-para-la-consulta-de-datos-personales-de-menores.pdf\" target=\"_blank\" rel=\"noopener noreferrer\">Documento de autorizaci\u00f3n para la consulta de datos personales de menores<\/a><\/p>\n<p style=\"padding-left: 30px\">E) <a href=\"https:\/\/blogsaverroes.juntadeandalucia.es\/orientadelegacionmalaga\/files\/2018\/07\/instrucciones-para-urgencias.pdf\" target=\"_blank\" rel=\"noopener noreferrer\">Medidas ante urgencias en el centro escolar.<\/a><\/p>\n<p>&nbsp;<\/p>\n<p style=\"padding-left: 30px\"><span style=\"color: #0000ff\"><strong>DIABETES<\/strong><\/span><\/p>\n<ul>\n<li><a href=\"https:\/\/blogsaverroes.juntadeandalucia.es\/orientadelegacionmalaga\/files\/2024\/04\/presentaci\u00f3n-diabetes-3.pdf\">Presentaci\u00f3n diabetes<\/a><\/li>\n<li><span style=\"color: #33cccc\"><a style=\"color: #33cccc\" href=\"https:\/\/blogsaverroes.juntadeandalucia.es\/orientadelegacionmalaga\/files\/2018\/07\/formulario-plan-de-atencion-e-intervencion-en-caso-de-diabetes.pdf\" target=\"_blank\" rel=\"noopener noreferrer\">Formulario plan de atencion e intervencion en caso de DIABETES<\/a><\/span><\/li>\n<li><span style=\"color: #33cccc\"><a style=\"color: #33cccc\" href=\"https:\/\/blogsaverroes.juntadeandalucia.es\/orientadelegacionmalaga\/files\/2018\/07\/ficha-alumando-con-diabetes.pdf\" target=\"_blank\" rel=\"noopener noreferrer\">Gu\u00eda &#8211; Ficha alumando con DIABETES<\/a><\/span><\/li>\n<\/ul>\n<p>&nbsp;<\/p>\n<p style=\"padding-left: 30px\"><span style=\"color: #0000ff\"><strong>ALERGIAS Y ASMA<\/strong><\/span><\/p>\n<ul>\n<li><a href=\"https:\/\/blogsaverroes.juntadeandalucia.es\/orientadelegacionmalaga\/files\/2018\/07\/instrucciones-asma.pdf\" target=\"_blank\" rel=\"noopener noreferrer\">Medidas ante alumnado con ASMA<\/a><\/li>\n<li><a href=\"https:\/\/blogsaverroes.juntadeandalucia.es\/orientadelegacionmalaga\/files\/2018\/07\/instrucciones-alergias.pdf\" target=\"_blank\" rel=\"noopener noreferrer\">Medidas ante alumnado con reacci\u00f3n al\u00e9rgica shock anafil\u00e1ctico ALERGIAS<\/a><\/li>\n<li><a href=\"https:\/\/blogsaverroes.juntadeandalucia.es\/orientadelegacionmalaga\/files\/2018\/07\/formulario-plan-de-atencion-e-intervencion-en-caso-de-alergias.pdf\" target=\"_blank\" rel=\"noopener noreferrer\">Formulario plan de atencion e intervencion en caso de ALERGIAS<\/a><\/li>\n<\/ul>\n<p>&nbsp;<\/p>\n<p style=\"padding-left: 30px\"><span style=\"color: #0000ff\"><strong>CONVULSIONES<\/strong><\/span><\/p>\n<ul>\n<li><a href=\"https:\/\/blogsaverroes.juntadeandalucia.es\/orientadelegacionmalaga\/files\/2018\/07\/instrucciones-convulsiones-y-stesolid-diazepam-rectal.pdf\" target=\"_blank\" rel=\"noopener noreferrer\">Medidas ante alumnado con CONVULSIONES y STESOLID (diazepam rectal)<\/a><\/li>\n<li><a href=\"https:\/\/blogsaverroes.juntadeandalucia.es\/orientadelegacionmalaga\/files\/2018\/07\/informacion-epilepsia-y-uso-buccolam-midazolam-oral.pdf\" target=\"_blank\" rel=\"noopener noreferrer\">Gu\u00eda informativa epilepsia y uso BUCCOLAM (midazolam oral)<\/a><\/li>\n<li><a href=\"https:\/\/blogsaverroes.juntadeandalucia.es\/orientadelegacionmalaga\/files\/2018\/07\/informacion-epilepsia-y-uso-stesolid-diazepam-rectal.pdf\" target=\"_blank\" rel=\"noopener noreferrer\">Gu\u00eda informativa epilepsia y uso STESOLID (diazepam rectal)<\/a><\/li>\n<li><a href=\"https:\/\/blogsaverroes.juntadeandalucia.es\/orientadelegacionmalaga\/files\/2018\/07\/triptico-convulsiones-febriles.pdf\" target=\"_blank\" rel=\"noopener noreferrer\">Triptico informativo CONVULSIONES FEBRILES<\/a><\/li>\n<li><a href=\"https:\/\/blogsaverroes.juntadeandalucia.es\/orientadelegacionmalaga\/files\/2018\/07\/instrucciones-uso-buccolam-midazolam-oral.pdf\" target=\"_blank\" rel=\"noopener noreferrer\">Instrucciones uso BUCCOLAM (midazolam oral)<\/a><\/li>\n<li><a href=\"https:\/\/blogsaverroes.juntadeandalucia.es\/orientadelegacionmalaga\/files\/2018\/07\/instrucciones-uso-stesolid-diazepam-rectal-1.pdf\" target=\"_blank\" rel=\"noopener noreferrer\">Instrucciones uso STESOLID (diazepam rectal)<\/a><\/li>\n<\/ul>\n<p>&nbsp;<\/p>\n<p style=\"padding-left: 30px\"><span style=\"color: #0000ff\"><strong>HEMOFILIA<\/strong><\/span><\/p>\n<ul>\n<li><a href=\"https:\/\/blogsaverroes.juntadeandalucia.es\/orientadelegacionmalaga\/files\/2018\/07\/instrucciones-hemofilia.pdf\" target=\"_blank\" rel=\"noopener noreferrer\">Medidas ante alumnado con HEMOFILIA<\/a><\/li>\n<li><a href=\"https:\/\/blogsaverroes.juntadeandalucia.es\/orientadelegacionmalaga\/files\/2018\/07\/ficha-alumnado-con-hemofilia-a.pdf\" target=\"_blank\" rel=\"noopener noreferrer\">Gu\u00eda &#8211; Ficha alumnado con HEMOFILIA A<\/a><\/li>\n<\/ul>\n<p>&nbsp;<\/p>\n<p style=\"padding-left: 30px\"><span style=\"color: #0000ff\"><strong>TAQUICARDIAS<\/strong><\/span><\/p>\n<ul>\n<li><a href=\"https:\/\/blogsaverroes.juntadeandalucia.es\/orientadelegacionmalaga\/files\/2018\/07\/formulario-plan-de-atencion-e-intervencion-en-caso-de-taquicardia-supraventricular.pdf\" target=\"_blank\" rel=\"noopener noreferrer\">Formulario plan de atencion e intervencion en caso de TAQUICARDIA SUPRAVENTRICULAR<\/a><\/li>\n<\/ul>\n<p>&nbsp;<\/p>\n<p style=\"padding-left: 30px\"><span style=\"color: #0000ff\"><strong>OTROS<\/strong><\/span><\/p>\n<ul>\n<li><a href=\"https:\/\/blogsaverroes.juntadeandalucia.es\/orientadelegacionmalaga\/files\/2018\/07\/informacion-pediculosis.pdf\" target=\"_blank\" rel=\"noopener noreferrer\">Medidas ante alumnado con PEDICULOSIS<\/a><\/li>\n<\/ul>\n<p>&nbsp;<\/p>\n<p style=\"padding-left: 30px\"><strong style=\"color: #0000ff;letter-spacing: 0.8px\">RECURSOS VIDEO<\/strong><\/p>\n<p style=\"padding-left: 30px\"><span style=\"color: #0000ff\"><strong><em>Epilepsia<\/em><\/strong><\/span><\/p>\n<p>&nbsp;<\/p>\n<ul>\n<li>C\u00f3mo actuar ante ataque epil\u00e9ptico:<\/li>\n<\/ul>\n<p style=\"padding-left: 60px\"><a href=\"https:\/\/www.youtube.com\/watch?v=ASFPa66yZ8s\" target=\"_blank\" rel=\"noopener noreferrer\">Video 1<\/a><\/p>\n<p style=\"padding-left: 60px\"><a href=\"https:\/\/www.youtube.com\/watch?v=qUkFJagKYw4\" target=\"_blank\" rel=\"noopener noreferrer\">Video 2<\/a><\/p>\n<ul>\n<li><a href=\"https:\/\/www.youtube.com\/watch?v=Pr4Kp5rw1Tw\" target=\"_blank\" rel=\"noopener noreferrer\">Administraci\u00f3n de Stesolid<\/a>:<\/li>\n<li><a href=\"https:\/\/www.youtube.com\/watch?v=uuexSQ_ZCIw\" target=\"_blank\" rel=\"noopener noreferrer\">Administraci\u00f3n del Buccolam 1.<\/a><\/li>\n<\/ul>\n<p>&nbsp;<\/p>\n<p style=\"padding-left: 30px\"><span style=\"color: #0000ff\"><em><strong>Alergia<\/strong> <\/em><\/span><\/p>\n<ul>\n<li><a href=\"https:\/\/www.youtube.com\/watch?v=_47_I5-xG_A\" target=\"_blank\" rel=\"noopener noreferrer\">C\u00f3mo actuar ante una reacci\u00f3n al\u00e9rgica severa o anafilaxia<\/a><\/li>\n<li><a href=\"https:\/\/www.youtube.com\/watch?v=m_NE9bM3Qmc\" target=\"_blank\" rel=\"noopener noreferrer\">Anfiaxia. Manejo del autoinyector<\/a><\/li>\n<li><a href=\"https:\/\/www.youtube.com\/watch?v=MhFnwz3PEHo\" target=\"_blank\" rel=\"noopener noreferrer\">Administraci\u00f3n personal del Jext de adrenalina<\/a><\/li>\n<li><a href=\"https:\/\/www.youtube.com\/watch?v=l8LKM6SK9o0\" target=\"_blank\" rel=\"noopener noreferrer\">Administraci\u00f3n personal del Altellus<\/a><\/li>\n<\/ul>\n<p>&nbsp;<\/p>\n<p>&nbsp;<a href=\"https:\/\/www.juntadeandalucia.es\/educacion\/portals\/web\/escolarizacion-segura\" target=\"_blank\" rel=\"noopener noreferrer\">Portal de Escolarizaci\u00f3n Segura del alumnado con Enfermedades Cr\u00f3nicas de la Consejer\u00eda de Educaci\u00f3n y Deporte.<\/a><\/p>\n<h2 class=\"entry-title\"><span style=\"font-size: 12pt\"><a href=\"https:\/\/blogsaverroes.juntadeandalucia.es\/orientadelegacionmalaga\/files\/2021\/02\/enfermedadesrarasescuelacreer.pdf\" target=\"_blank\" rel=\"noopener noreferrer\">GU\u00cdA. Enfermedades raras en la escuela.<\/a><\/span><\/h2>\n<p>&nbsp;<\/p>\n<p>&nbsp;<\/p>\n","protected":false},"excerpt":{"rendered":"<p>&nbsp; DOCUMENTOS GENERALES DE FUNCIONAMIENTO A) Protocolo para la atenci\u00f3n del alumnado afecto enfermedad cr\u00f3nica B) Formulario de solicitud de asesoramiento al medico escolar C) Formulario de informaci\u00f3n y consentimiento D)&nbsp;Documento de autorizaci\u00f3n para&#46;&#46;&#46;<\/p>\n","protected":false},"author":8106,"featured_media":0,"parent":0,"menu_order":0,"comment_status":"closed","ping_status":"closed","template":"","meta":{"ngg_post_thumbnail":0,"footnotes":""},"aioseo_notices":[],"_links":{"self":[{"href":"https:\/\/blogsaverroes.juntadeandalucia.es\/orientadelegacionmalaga\/wp-json\/wp\/v2\/pages\/1790"}],"collection":[{"href":"https:\/\/blogsaverroes.juntadeandalucia.es\/orientadelegacionmalaga\/wp-json\/wp\/v2\/pages"}],"about":[{"href":"https:\/\/blogsaverroes.juntadeandalucia.es\/orientadelegacionmalaga\/wp-json\/wp\/v2\/types\/page"}],"author":[{"embeddable":true,"href":"https:\/\/blogsaverroes.juntadeandalucia.es\/orientadelegacionmalaga\/wp-json\/wp\/v2\/users\/8106"}],"replies":[{"embeddable":true,"href":"https:\/\/blogsaverroes.juntadeandalucia.es\/orientadelegacionmalaga\/wp-json\/wp\/v2\/comments?post=1790"}],"version-history":[{"count":11,"href":"https:\/\/blogsaverroes.juntadeandalucia.es\/orientadelegacionmalaga\/wp-json\/wp\/v2\/pages\/1790\/revisions"}],"predecessor-version":[{"id":9810,"href":"https:\/\/blogsaverroes.juntadeandalucia.es\/orientadelegacionmalaga\/wp-json\/wp\/v2\/pages\/1790\/revisions\/9810"}],"wp:attachment":[{"href":"https:\/\/blogsaverroes.juntadeandalucia.es\/orientadelegacionmalaga\/wp-json\/wp\/v2\/media?parent=1790"}],"curies":[{"name":"wp","href":"https:\/\/api.w.org\/{rel}","templated":true}]}}