{"id":2210,"date":"2013-09-18T06:13:51","date_gmt":"2013-09-18T06:13:51","guid":{"rendered":"http:\/\/www.educacionenmalaga.es\/orientamalaga\/?page_id=2210"},"modified":"2020-04-02T16:28:27","modified_gmt":"2020-04-02T14:28:27","slug":"educacion-social-3","status":"publish","type":"page","link":"https:\/\/blogsaverroes.juntadeandalucia.es\/orientadelegacionmalaga\/educacion-social-3\/","title":{"rendered":"Educaci\u00f3n Social"},"content":{"rendered":"<p><a href=\"https:\/\/edusocialeseoedpmalaga.blogspot.com\/\" target=\"_blank\" rel=\"noopener noreferrer\">Blog de los\/as Educadores\/as Sociales EOE de la provincia<\/a><\/p>\n<p>&nbsp;<\/p>\n<p><strong>DOCUMENTOS DE INTER\u00c9S:<\/strong><\/p>\n<ul>\n<li><a href=\"https:\/\/blogsaverroes.juntadeandalucia.es\/orientadelegacionmalaga\/files\/2013\/09\/Educaci\u00f3n-Social.pdf\" target=\"_blank\" rel=\"noopener noreferrer\">Documentos para la orientaci\u00f3n educativa<\/a><\/li>\n<li><a href=\"https:\/\/blogsaverroes.juntadeandalucia.es\/orientadelegacionmalaga\/files\/2013\/09\/actuaciones-educadores-sociales.pdf\" target=\"_blank\" rel=\"noopener noreferrer\">Actuaciones educadores sociales<\/a><\/li>\n<li><a href=\"https:\/\/blogsaverroes.juntadeandalucia.es\/orientadelegacionmalaga\/files\/2013\/09\/ACOMPA\u00d1AMIENTO-RS.-1.pdf\" target=\"_blank\" rel=\"noopener noreferrer\">Acompa\u00f1amiento a alumnado en situaci\u00f3n de riesgo social<\/a><\/li>\n<\/ul>\n<p>&nbsp;<\/p>\n<p><strong>FORMULARIOS<\/strong>:<\/p>\n<ul>\n<li><a href=\"https:\/\/blogsaverroes.juntadeandalucia.es\/orientadelegacionmalaga\/files\/2019\/11\/modelo-solic-inte-programas-e-s-.doc\" target=\"_blank\" rel=\"noopener noreferrer\">Solicitud de informaci\u00f3n y\/o colaboraci\u00f3n en programas<\/a> (editable)<\/li>\n<li><a href=\"https:\/\/blogsaverroes.juntadeandalucia.es\/orientadelegacionmalaga\/files\/2019\/11\/modelo-solic-inte-programas-e-s-.pdf\" target=\"_blank\" rel=\"noopener noreferrer\">Solicitud de informaci\u00f3n y\/o colaboraci\u00f3n en programas<\/a>&nbsp;(pdf)<\/li>\n<li><a href=\"https:\/\/blogsaverroes.juntadeandalucia.es\/orientadelegacionmalaga\/files\/2019\/11\/modelo-solicitud.doc\" target=\"_blank\" rel=\"noopener noreferrer\">Solicitud gen\u00e9rica<\/a> (editable)<\/li>\n<li><a href=\"https:\/\/blogsaverroes.juntadeandalucia.es\/orientadelegacionmalaga\/files\/2019\/11\/modelo-solicitud-3.pdf\" target=\"_blank\" rel=\"noopener noreferrer\">Solicitud gen\u00e9rica<\/a>&nbsp;(pdf)<\/li>\n<li><a href=\"https:\/\/blogsaverroes.juntadeandalucia.es\/orientadelegacionmalaga\/files\/2019\/11\/email-educadores-sociales-por-e-o-e-.doc\" target=\"_blank\" rel=\"noopener noreferrer\">Contacto Educadores Sociales<\/a><\/li>\n<li><a href=\"https:\/\/blogsaverroes.juntadeandalucia.es\/orientadelegacionmalaga\/files\/2019\/11\/programa-marco-intervencion.pdf\" target=\"_blank\" rel=\"noopener noreferrer\">Programa Marco<\/a><\/li>\n<li><a href=\"https:\/\/blogsaverroes.juntadeandalucia.es\/orientadelegacionmalaga\/files\/2019\/12\/D\u00edptico-Educadores-sociales.pdf\" target=\"_blank\" rel=\"noopener noreferrer\">D\u00edptico Educadores sociales<\/a><\/li>\n<\/ul>\n<p>&nbsp;<\/p>\n","protected":false},"excerpt":{"rendered":"<p>Blog de los\/as Educadores\/as Sociales EOE de la provincia &nbsp; DOCUMENTOS DE INTER\u00c9S: Documentos para la orientaci\u00f3n educativa Actuaciones educadores sociales Acompa\u00f1amiento a alumnado en situaci\u00f3n de riesgo social &nbsp; FORMULARIOS: Solicitud de informaci\u00f3n&#46;&#46;&#46;<\/p>\n","protected":false},"author":8106,"featured_media":0,"parent":0,"menu_order":0,"comment_status":"closed","ping_status":"closed","template":"","meta":{"ngg_post_thumbnail":0,"footnotes":""},"aioseo_notices":[],"_links":{"self":[{"href":"https:\/\/blogsaverroes.juntadeandalucia.es\/orientadelegacionmalaga\/wp-json\/wp\/v2\/pages\/2210"}],"collection":[{"href":"https:\/\/blogsaverroes.juntadeandalucia.es\/orientadelegacionmalaga\/wp-json\/wp\/v2\/pages"}],"about":[{"href":"https:\/\/blogsaverroes.juntadeandalucia.es\/orientadelegacionmalaga\/wp-json\/wp\/v2\/types\/page"}],"author":[{"embeddable":true,"href":"https:\/\/blogsaverroes.juntadeandalucia.es\/orientadelegacionmalaga\/wp-json\/wp\/v2\/users\/8106"}],"replies":[{"embeddable":true,"href":"https:\/\/blogsaverroes.juntadeandalucia.es\/orientadelegacionmalaga\/wp-json\/wp\/v2\/comments?post=2210"}],"version-history":[{"count":4,"href":"https:\/\/blogsaverroes.juntadeandalucia.es\/orientadelegacionmalaga\/wp-json\/wp\/v2\/pages\/2210\/revisions"}],"predecessor-version":[{"id":8463,"href":"https:\/\/blogsaverroes.juntadeandalucia.es\/orientadelegacionmalaga\/wp-json\/wp\/v2\/pages\/2210\/revisions\/8463"}],"wp:attachment":[{"href":"https:\/\/blogsaverroes.juntadeandalucia.es\/orientadelegacionmalaga\/wp-json\/wp\/v2\/media?parent=2210"}],"curies":[{"name":"wp","href":"https:\/\/api.w.org\/{rel}","templated":true}]}}