{"id":2292,"date":"2013-09-23T12:00:18","date_gmt":"2013-09-23T12:00:18","guid":{"rendered":"http:\/\/www.educacionenmalaga.es\/orientamalaga\/?page_id=2292"},"modified":"2013-09-23T12:00:18","modified_gmt":"2013-09-23T12:00:18","slug":"at-domiciliaria-y-a-hospitalarias","status":"publish","type":"page","link":"https:\/\/blogsaverroes.juntadeandalucia.es\/orientadelegacionmalaga\/at-domiciliaria-y-a-hospitalarias\/","title":{"rendered":"Atenci\u00f3n Domiciliaria y Aulas Hospitalarias"},"content":{"rendered":"<p><strong>Tel\u00e9fonos para Atenci\u00f3n domiciliaria y aulas hospitalarias:<\/strong> 951038006 (corp. 938006)<\/p>\n<p><strong>Correo: <\/strong><\/p>\n<p>compensacioneducativa.dpma.ced@juntadeandalucia.es<\/p>\n<p>&nbsp;<\/p>\n<p><strong>Documentos<\/strong>:<\/p>\n<ul>\n<li><a href=\"https:\/\/blogsaverroes.juntadeandalucia.es\/orientadelegacionmalaga\/files\/2013\/09\/instrucciones_atencion_domiciliaria.pdf\" target=\"_blank\" rel=\"noopener noreferrer\">Instrucciones Atenci\u00f3n Domiciliaria<\/a><\/li>\n<\/ul>\n","protected":false},"excerpt":{"rendered":"<p>Tel\u00e9fonos para Atenci\u00f3n domiciliaria y aulas hospitalarias: 951038006 (corp. 938006) Correo: compensacioneducativa.dpma.ced@juntadeandalucia.es &nbsp; Documentos: Instrucciones Atenci\u00f3n Domiciliaria<\/p>\n","protected":false},"author":8106,"featured_media":0,"parent":0,"menu_order":0,"comment_status":"closed","ping_status":"closed","template":"","meta":{"ngg_post_thumbnail":0,"footnotes":""},"aioseo_notices":[],"_links":{"self":[{"href":"https:\/\/blogsaverroes.juntadeandalucia.es\/orientadelegacionmalaga\/wp-json\/wp\/v2\/pages\/2292"}],"collection":[{"href":"https:\/\/blogsaverroes.juntadeandalucia.es\/orientadelegacionmalaga\/wp-json\/wp\/v2\/pages"}],"about":[{"href":"https:\/\/blogsaverroes.juntadeandalucia.es\/orientadelegacionmalaga\/wp-json\/wp\/v2\/types\/page"}],"author":[{"embeddable":true,"href":"https:\/\/blogsaverroes.juntadeandalucia.es\/orientadelegacionmalaga\/wp-json\/wp\/v2\/users\/8106"}],"replies":[{"embeddable":true,"href":"https:\/\/blogsaverroes.juntadeandalucia.es\/orientadelegacionmalaga\/wp-json\/wp\/v2\/comments?post=2292"}],"version-history":[{"count":0,"href":"https:\/\/blogsaverroes.juntadeandalucia.es\/orientadelegacionmalaga\/wp-json\/wp\/v2\/pages\/2292\/revisions"}],"wp:attachment":[{"href":"https:\/\/blogsaverroes.juntadeandalucia.es\/orientadelegacionmalaga\/wp-json\/wp\/v2\/media?parent=2292"}],"curies":[{"name":"wp","href":"https:\/\/api.w.org\/{rel}","templated":true}]}}