{"id":3165,"date":"2013-12-03T12:53:49","date_gmt":"2013-12-03T12:53:49","guid":{"rendered":"http:\/\/www.educacionenmalaga.es\/orientamalaga\/?page_id=3165"},"modified":"2013-12-03T12:53:49","modified_gmt":"2013-12-03T12:53:49","slug":"experiencias-cultura-emprendedora","status":"publish","type":"page","link":"https:\/\/blogsaverroes.juntadeandalucia.es\/orientadelegacionmalaga\/experiencias-cultura-emprendedora\/","title":{"rendered":"Experiencias Cultura Emprendedora"},"content":{"rendered":"<ul>\n<li><a href=\"http:\/\/issuu.com\/framacare\/docs\/bolillos_lectores\">CEIP La Biznaga<\/a>, M\u00e1laga.<\/li>\n<li><a href=\"http:\/\/www.juntadeandalucia.es\/educacion\/webportal\/ishare-servlet\/content\/aa1ff6a1-ba98-4f22-bb34-f9a0259d78ec\">CEPER\u00a0 Ignacio de Toledo<\/a>, Antequera. <a href=\"http:\/\/www.imagenesdeandalucia.com\/\">Im\u00e1genes de Andaluc\u00eda<\/a>.<\/li>\n<li><a href=\"http:\/\/issuu.com\/framacare\/docs\/cooperativa_2\">IES P\u00e9rez de Guzm\u00e1n<\/a>, Ronda.<\/li>\n<li><a href=\"https:\/\/blogsaverroes.juntadeandalucia.es\/orientadelegacionmalaga\/files\/2013\/12\/Jornada-Emprendimiento.pdf\">SEP Ciudad Jard\u00edn<\/a>, M\u00e1laga.<\/li>\n<li><a href=\"http:\/\/issuu.com\/framacare\/docs\/jornada_de_emprendimiento_a7ffec8b732388\">IES Pablo Picasso<\/a>, M\u00e1laga.<\/li>\n<li><a href=\"http:\/\/miniempresamundocor.blogspot.com.es\/\">IES Pedro Espinosa<\/a>, Antequera.<\/li>\n<li><a href=\"http:\/\/www.youtube.com\/playlist?list=PLme16uZvdt7cqLlcTun_7YZnlcEZQfXoG\">C\u00e1psulas de Emprendimiento<\/a>\u00a0de AndaluciaEmprende.<\/li>\n<li><a href=\"http:\/\/youtu.be\/f5oBaQ5cJS8\">Inknowation<\/a> \u00bfEres Emprendedor? Atr\u00e9vete a so\u00f1ar.<\/li>\n<li><a href=\"http:\/\/issuu.com\/framacare\/docs\/jabones_checa\">CEIP Antonio Checa Mart\u00ednez<\/a><span style=\"text-decoration: underline\">,<\/span>\u00a0Torre del Mar.<\/li>\n<li><a href=\"https:\/\/blogsaverroes.juntadeandalucia.es\/orientadelegacionmalaga\/files\/2013\/12\/GibralgaliaSolidaria.pdf\">CEPER Valle del Guadalhorce,<\/a>\u00a0C\u00e1rtama.<\/li>\n<li><a href=\"http:\/\/prezi.com\/4eafzyy3mltk\/?utm_campaign=share&amp;utm_medium=copy&amp;rc=ex0share\">CDP Dulce Nombre Mar\u00eda<\/a>, M\u00e1laga.<\/li>\n<\/ul>\n<p>&nbsp;<\/p>\n<p>&nbsp;<\/p>\n","protected":false},"excerpt":{"rendered":"<p>CEIP La Biznaga, M\u00e1laga. CEPER\u00a0 Ignacio de Toledo, Antequera. Im\u00e1genes de Andaluc\u00eda. IES P\u00e9rez de Guzm\u00e1n, Ronda. SEP Ciudad Jard\u00edn, M\u00e1laga. IES Pablo Picasso, M\u00e1laga. IES Pedro Espinosa, Antequera. C\u00e1psulas de Emprendimiento\u00a0de AndaluciaEmprende. Inknowation&#46;&#46;&#46;<\/p>\n","protected":false},"author":8106,"featured_media":0,"parent":0,"menu_order":0,"comment_status":"closed","ping_status":"closed","template":"","meta":{"ngg_post_thumbnail":0,"footnotes":""},"aioseo_notices":[],"_links":{"self":[{"href":"https:\/\/blogsaverroes.juntadeandalucia.es\/orientadelegacionmalaga\/wp-json\/wp\/v2\/pages\/3165"}],"collection":[{"href":"https:\/\/blogsaverroes.juntadeandalucia.es\/orientadelegacionmalaga\/wp-json\/wp\/v2\/pages"}],"about":[{"href":"https:\/\/blogsaverroes.juntadeandalucia.es\/orientadelegacionmalaga\/wp-json\/wp\/v2\/types\/page"}],"author":[{"embeddable":true,"href":"https:\/\/blogsaverroes.juntadeandalucia.es\/orientadelegacionmalaga\/wp-json\/wp\/v2\/users\/8106"}],"replies":[{"embeddable":true,"href":"https:\/\/blogsaverroes.juntadeandalucia.es\/orientadelegacionmalaga\/wp-json\/wp\/v2\/comments?post=3165"}],"version-history":[{"count":0,"href":"https:\/\/blogsaverroes.juntadeandalucia.es\/orientadelegacionmalaga\/wp-json\/wp\/v2\/pages\/3165\/revisions"}],"wp:attachment":[{"href":"https:\/\/blogsaverroes.juntadeandalucia.es\/orientadelegacionmalaga\/wp-json\/wp\/v2\/media?parent=3165"}],"curies":[{"name":"wp","href":"https:\/\/api.w.org\/{rel}","templated":true}]}}