{"id":3172,"date":"2013-12-03T13:01:58","date_gmt":"2013-12-03T13:01:58","guid":{"rendered":"http:\/\/www.educacionenmalaga.es\/orientamalaga\/?page_id=3172"},"modified":"2013-12-03T13:01:58","modified_gmt":"2013-12-03T13:01:58","slug":"propuestas-didacticas","status":"publish","type":"page","link":"https:\/\/blogsaverroes.juntadeandalucia.es\/orientadelegacionmalaga\/propuestas-didacticas\/","title":{"rendered":"Propuestas Did\u00e1cticas (cultura emprendedora)"},"content":{"rendered":"<p><strong>Recursos did\u00e1cticos para el fomento de habilidades emprendedoras para alumnado con necesidades educativas especiales (NEE):<\/strong><\/p>\n<ul>\n<li><a href=\"https:\/\/blogsaverroes.juntadeandalucia.es\/orientadelegacionmalaga\/files\/2013\/12\/RECURSO-H\u00c1BIL1.pdf\">Educaci\u00f3n emprendedora para la diversidad: H\u00e1bil<\/a><\/li>\n<\/ul>\n<ul>\n<li><a href=\"https:\/\/blogsaverroes.juntadeandalucia.es\/orientadelegacionmalaga\/files\/2013\/12\/RECURSO-H\u00c1BIL-ANEXOS.pdf\">Anexos H\u00e1bil<\/a><\/li>\n<\/ul>\n<p><strong>Recursos did\u00e1cticos para el fomento de habilidades emprendedoras para FPB y 2\u00ba Ciclo de ESO:<\/strong><\/p>\n<p><a href=\"https:\/\/blogsaverroes.juntadeandalucia.es\/orientadelegacionmalaga\/files\/2013\/12\/CUADERNO-HABILIDADES-EMPRENDEDORAS.pdf\">Cuadernos Habilidades Emprendedoras<\/a>\u00a0(para FP B\u00e1sica y 2\u00ba Ciclo de ESO)<\/p>\n<p>&nbsp;<\/p>\n<p>&nbsp;<\/p>\n<p>&nbsp;<\/p>\n","protected":false},"excerpt":{"rendered":"<p>Recursos did\u00e1cticos para el fomento de habilidades emprendedoras para alumnado con necesidades educativas especiales (NEE): Educaci\u00f3n emprendedora para la diversidad: H\u00e1bil Anexos H\u00e1bil Recursos did\u00e1cticos para el fomento de habilidades emprendedoras para FPB y&#46;&#46;&#46;<\/p>\n","protected":false},"author":8106,"featured_media":0,"parent":0,"menu_order":0,"comment_status":"closed","ping_status":"closed","template":"","meta":{"ngg_post_thumbnail":0,"footnotes":""},"aioseo_notices":[],"_links":{"self":[{"href":"https:\/\/blogsaverroes.juntadeandalucia.es\/orientadelegacionmalaga\/wp-json\/wp\/v2\/pages\/3172"}],"collection":[{"href":"https:\/\/blogsaverroes.juntadeandalucia.es\/orientadelegacionmalaga\/wp-json\/wp\/v2\/pages"}],"about":[{"href":"https:\/\/blogsaverroes.juntadeandalucia.es\/orientadelegacionmalaga\/wp-json\/wp\/v2\/types\/page"}],"author":[{"embeddable":true,"href":"https:\/\/blogsaverroes.juntadeandalucia.es\/orientadelegacionmalaga\/wp-json\/wp\/v2\/users\/8106"}],"replies":[{"embeddable":true,"href":"https:\/\/blogsaverroes.juntadeandalucia.es\/orientadelegacionmalaga\/wp-json\/wp\/v2\/comments?post=3172"}],"version-history":[{"count":0,"href":"https:\/\/blogsaverroes.juntadeandalucia.es\/orientadelegacionmalaga\/wp-json\/wp\/v2\/pages\/3172\/revisions"}],"wp:attachment":[{"href":"https:\/\/blogsaverroes.juntadeandalucia.es\/orientadelegacionmalaga\/wp-json\/wp\/v2\/media?parent=3172"}],"curies":[{"name":"wp","href":"https:\/\/api.w.org\/{rel}","templated":true}]}}