{"id":4565,"date":"2014-10-16T21:10:39","date_gmt":"2014-10-16T21:10:39","guid":{"rendered":"http:\/\/www.educacionenmalaga.es\/orientamalaga\/?page_id=4565"},"modified":"2024-04-02T14:06:49","modified_gmt":"2024-04-02T12:06:49","slug":"recursos-tecnicos-3","status":"publish","type":"page","link":"https:\/\/blogsaverroes.juntadeandalucia.es\/orientadelegacionmalaga\/recursos-tecnicos-3\/","title":{"rendered":"\u00c1REA DE RECURSOS T\u00c9CNICOS"},"content":{"rendered":"<p><strong>CONTACTO<\/strong><\/p>\n<p style=\"text-align: justify\"><strong>Tel\u00e9fono<\/strong>:&nbsp;951299027 (corp.&nbsp;990027)<\/p>\n<p style=\"text-align: justify\"><strong>Correo<\/strong>: recursostecnicos.dpma.ced@juntadeandalucia.es<\/p>\n<p>&nbsp;<\/p>\n<p style=\"text-align: justify\"><strong>PROCEDIMIENTO PARA LA PETICI\u00d3N DE RECURSOS MATERIALES ESPEC\u00cdFICOS PARA ALUMNADO CON NEE<\/strong>:<\/p>\n<ul style=\"text-align: justify\">\n<li><a href=\"https:\/\/blogsaverroes.juntadeandalucia.es\/orientadelegacionmalaga\/files\/2019\/12\/NOTA-CUSTODIA-Rec.-Mat.-1.pdf\">NOTA INFORMATIVA CUSTODIA Y USO DE RME<\/a><\/li>\n<li><a href=\"https:\/\/blogsaverroes.juntadeandalucia.es\/orientadelegacionmalaga\/files\/2014\/10\/instrucciones_ayudas_tecnicas.pdf\">Instrucciones de 25 de enero de 2017<\/a><\/li>\n<li><a href=\"https:\/\/blogsaverroes.juntadeandalucia.es\/orientadelegacionmalaga\/files\/2014\/10\/anexo-i-recursos-materiales-especificos-pdf-def.pdf\">Anexo I<\/a>&nbsp;(<strong>solicitud<\/strong> de recursos materiales espec\u00edficos)<\/li>\n<li><a href=\"https:\/\/blogsaverroes.juntadeandalucia.es\/orientadelegacionmalaga\/files\/2014\/10\/anexoii-recepcion-material-def-pdf.pdf\">Anexo II<\/a>&nbsp;(<strong>recepci\u00f3n<\/strong> de recursos materiales espec\u00edficos)<\/li>\n<li><a href=\"https:\/\/blogsaverroes.juntadeandalucia.es\/orientadelegacionmalaga\/files\/2014\/10\/anexo-iii-prestamo-recurso-material-fuera-centro-pdf.pdf\">Anexo III<\/a>&nbsp;(<strong>pr\u00e9stamo<\/strong> de un recurso material espec\u00edfico <strong>fuera del centro<\/strong>)<\/li>\n<li><a href=\"https:\/\/blogsaverroes.juntadeandalucia.es\/orientadelegacionmalaga\/files\/2014\/10\/anexoiv-transferencia-traslado-pdf.pdf\">Anexo IV<\/a>&nbsp;(autorizaci\u00f3n para uso de recursos materiales espec\u00edficos)<\/li>\n<li><a href=\"https:\/\/blogsaverroes.juntadeandalucia.es\/orientadelegacionmalaga\/files\/2024\/01\/cat\u00e1logo-del-material-NEE.xls\">cat\u00e1logo del material NEE <\/a>Cat\u00e1logo de materiales espec\u00edficos, con sus c\u00f3digos actualizados.<\/li>\n<\/ul>\n<p>&nbsp;<\/p>\n<p style=\"text-align: justify\">Las posibles <strong>INCIDENCIAS<\/strong> (material da\u00f1ado, incompleto&#8230;) con un recurso material espec\u00edfico dotado recientemente desde la APAE (Agencia P\u00fablica Andaluza de Educaci\u00f3n), ser\u00e1n comunicadas al <a href=\"https:\/\/portals.ced.junta-andalucia.es\/educacion\/portals\/web\/ced\/atencion-ciudadania\/cauce\" target=\"_blank\" rel=\"noopener noreferrer\">CAUCE<\/a><\/p>\n<p style=\"text-align: justify\">Igualmente se comunicar\u00e1 la incidencia al EOE Especializado y al \u00e1rea de Recursos T\u00e9cnicos del ETPOEP.<\/p>\n<p>&nbsp;<\/p>\n<p>Para posibles <strong>RETRASOS&nbsp;en la dotaci\u00f3n de recursos materiales <\/strong>espec\u00edficos para alumnado con NEE, puede contactar con la <a href=\"https:\/\/www.agenciaandaluzaeducacion.es\/contactos\" target=\"_blank\" rel=\"noopener noreferrer\">APAE<\/a>.<\/p>\n<p>&nbsp;<\/p>\n<p>Para realizar <strong>TRASLADO de recursos materiales espec\u00edficos<\/strong>, es necesario enviar un correo a la direcci\u00f3n arriba indicada con los siguientes datos:<\/p>\n<ul style=\"text-align: justify\">\n<li><strong>C\u00f3digo y nombre<\/strong> del centro de origen y de destino.<\/li>\n<li><strong>Localidad&nbsp;<\/strong>de origen y de destino.<\/li>\n<li><strong>Art\u00edculos<\/strong> a trasladar, indicando el <strong>n\u00ba de unidades<\/strong>.<\/li>\n<li><strong>Iniciales y NIE<\/strong> <strong>del alumno destinatario<\/strong> del recurso material espec\u00edfico a trasladar.<\/li>\n<li><strong>Documento de baja de inventario en S\u00e9neca( se generar\u00e1 un Excel, que ser\u00e1 enviado adjunto a este correo). <\/strong>En caso de que dicho material no est\u00e9 inventariado, es necesario cargarlo previamente (<a href=\"https:\/\/blogsaverroes.juntadeandalucia.es\/orientadelegacionmalaga\/files\/2023\/09\/Manual_Inventario-ALTA.pdf\">Manual_Inventario ALTA<\/a>) para posteriormente proceder a darlo de baja.(<a href=\"https:\/\/blogsaverroes.juntadeandalucia.es\/orientadelegacionmalaga\/files\/2023\/09\/Inventario-ruta-BAJA-Seneca.pdf\">Inventario ruta BAJA Seneca).<\/a><\/li>\n<li>Posibilidad de <strong>AUTOTRASLADO,&nbsp;<\/strong>solicit\u00e1ndolo al coordinador\/a de RRTT, enviando relleno y firmado este documento al correo que aparece arriba:<\/li>\n<li><a href=\"https:\/\/blogsaverroes.juntadeandalucia.es\/orientadelegacionmalaga\/files\/2023\/10\/FICHA-TRASVASE-DE-MATERIAL.odt\">FICHA TRASVASE DE MATERIAL.<\/a><\/li>\n<\/ul>\n<p>&nbsp;<\/p>\n<p>Para realizar <strong>RETIRADA de recursos materiales espec\u00edficos<\/strong>, es necesario enviar un correo a la direcci\u00f3n arriba indicada con los siguientes datos:<\/p>\n<ul style=\"text-align: justify\">\n<li><strong>C\u00f3digo y nombre<\/strong> del centro de origen.<\/li>\n<li><strong>Localidad<\/strong>.<\/li>\n<li><strong>Art\u00edculos<\/strong> a retirar, indicando el <strong>n\u00ba de unidades<\/strong>.<\/li>\n<li><strong>Iniciales y NIE<\/strong> <strong>del alumno <\/strong>que ven\u00eda utilizando el recurso material espec\u00edfico a retirar.<\/li>\n<li><strong>Documento de baja de inventario en S\u00e9neca( se generar\u00e1 un Excel, que ser\u00e1 enviado adjunto a este correo).<\/strong>En caso de que dicho material no est\u00e9 inventariado, es necesario cargarlo previamente para posteriormente proceder a darlo de baja(igual que en<strong> TRASLADOS<\/strong>).<\/li>\n<\/ul>\n<p>&nbsp;<\/p>\n<p style=\"text-align: justify\">Comunicaci\u00f3n <strong>INCIDENCIAS <\/strong>en equipos inform\u00e1ticos de EOE:<\/p>\n<p><a href=\"https:\/\/blogsaverroes.juntadeandalucia.es\/orientadelegacionmalaga\/files\/2020\/04\/Incidencias-equipos-inform\u00e1ticos-EOE-1.pdf\" target=\"_blank\" rel=\"noopener noreferrer\">Incidencias<\/a><\/p>\n<p>&nbsp;<\/p>\n<p style=\"text-align: justify\"><strong>VENTANILLA ELECTR\u00d3NICA<\/strong><\/p>\n<p style=\"text-align: justify\">Ruta en S\u00e9neca:<\/p>\n<p style=\"text-align: justify\"><strong><em>Utilidades <\/em><\/strong><em>&gt;<\/em><strong><em> Registro y ventanilla electr\u00f3nica<\/em><\/strong><em> &gt;<\/em><strong><em> Ventanilla electr\u00f3nica <\/em><\/strong><em>&gt;<\/em><strong><em> Destinatario <\/em><\/strong><em>&gt; <\/em><strong><em>Servicio de Ordenaci\u00f3n Educativa<\/em><\/strong><\/p>\n<p>&nbsp;<\/p>\n","protected":false},"excerpt":{"rendered":"<p>CONTACTO Tel\u00e9fono:&nbsp;951299027 (corp.&nbsp;990027) Correo: recursostecnicos.dpma.ced@juntadeandalucia.es &nbsp; PROCEDIMIENTO PARA LA PETICI\u00d3N DE RECURSOS MATERIALES ESPEC\u00cdFICOS PARA ALUMNADO CON NEE: NOTA INFORMATIVA CUSTODIA Y USO DE RME Instrucciones de 25 de enero de 2017 Anexo I&nbsp;(solicitud&#46;&#46;&#46;<\/p>\n","protected":false},"author":8106,"featured_media":0,"parent":0,"menu_order":0,"comment_status":"closed","ping_status":"closed","template":"","meta":{"ngg_post_thumbnail":0,"footnotes":""},"aioseo_notices":[],"_links":{"self":[{"href":"https:\/\/blogsaverroes.juntadeandalucia.es\/orientadelegacionmalaga\/wp-json\/wp\/v2\/pages\/4565"}],"collection":[{"href":"https:\/\/blogsaverroes.juntadeandalucia.es\/orientadelegacionmalaga\/wp-json\/wp\/v2\/pages"}],"about":[{"href":"https:\/\/blogsaverroes.juntadeandalucia.es\/orientadelegacionmalaga\/wp-json\/wp\/v2\/types\/page"}],"author":[{"embeddable":true,"href":"https:\/\/blogsaverroes.juntadeandalucia.es\/orientadelegacionmalaga\/wp-json\/wp\/v2\/users\/8106"}],"replies":[{"embeddable":true,"href":"https:\/\/blogsaverroes.juntadeandalucia.es\/orientadelegacionmalaga\/wp-json\/wp\/v2\/comments?post=4565"}],"version-history":[{"count":29,"href":"https:\/\/blogsaverroes.juntadeandalucia.es\/orientadelegacionmalaga\/wp-json\/wp\/v2\/pages\/4565\/revisions"}],"predecessor-version":[{"id":11887,"href":"https:\/\/blogsaverroes.juntadeandalucia.es\/orientadelegacionmalaga\/wp-json\/wp\/v2\/pages\/4565\/revisions\/11887"}],"wp:attachment":[{"href":"https:\/\/blogsaverroes.juntadeandalucia.es\/orientadelegacionmalaga\/wp-json\/wp\/v2\/media?parent=4565"}],"curies":[{"name":"wp","href":"https:\/\/api.w.org\/{rel}","templated":true}]}}