{"id":598,"date":"2013-02-21T12:05:23","date_gmt":"2013-02-21T12:05:23","guid":{"rendered":"http:\/\/www.educacionenmalaga.es\/orientamalaga\/?page_id=598"},"modified":"2022-11-16T17:40:26","modified_gmt":"2022-11-16T16:40:26","slug":"e-o-e-e","status":"publish","type":"page","link":"https:\/\/blogsaverroes.juntadeandalucia.es\/orientadelegacionmalaga\/e-o-e-e\/","title":{"rendered":"EOE Especializado"},"content":{"rendered":"<p><strong><a href=\"https:\/\/blogsaverroes.juntadeandalucia.es\/orientadelegacionmalaga\/files\/2020\/12\/Directorio-EOEspecializado-2020-21.pdf\" target=\"_blank\" rel=\"noopener noreferrer\">Directorio EOE Especializado 2020-21<\/a><\/strong><\/p>\n<p><strong>Direcci\u00f3n:<\/strong>&nbsp;Miguel de Unamuno, 12. 29014-M\u00e1laga.<\/p>\n<p><strong>Tel\u00e9fono:<\/strong> 951293652 (Corp. 973652)<\/p>\n<p><strong>Las solicitudes se enviar\u00e1n al siguiente correo electr\u00f3nico:<\/strong> eoespecializado.dpma.ced@juntadeandalucia.es<\/p>\n<p>D\u00eda de atenci\u00f3n en sede: <strong>Mi\u00e9rcoles<\/strong>.<\/p>\n<p>D\u00eda de atenci\u00f3n del coordinador\/a en sede: <strong>Viernes<\/strong>.<\/p>\n<ul>\n<li><img loading=\"lazy\" decoding=\"async\" class=\" wp-image-9455 alignright\" src=\"https:\/\/blogsaverroes.juntadeandalucia.es\/orientadelegacionmalaga\/files\/2020\/12\/1_pdfsam_Presentaci\u00f3n-completa-EOEE-IES-10-11-12-2020_page-0001-300x169.jpg\" alt=\"\" width=\"403\" height=\"227\" srcset=\"https:\/\/blogsaverroes.juntadeandalucia.es\/orientadelegacionmalaga\/files\/2020\/12\/1_pdfsam_Presentaci\u00f3n-completa-EOEE-IES-10-11-12-2020_page-0001-300x169.jpg 300w, https:\/\/blogsaverroes.juntadeandalucia.es\/orientadelegacionmalaga\/files\/2020\/12\/1_pdfsam_Presentaci\u00f3n-completa-EOEE-IES-10-11-12-2020_page-0001-1024x576.jpg 1024w, https:\/\/blogsaverroes.juntadeandalucia.es\/orientadelegacionmalaga\/files\/2020\/12\/1_pdfsam_Presentaci\u00f3n-completa-EOEE-IES-10-11-12-2020_page-0001-768x432.jpg 768w, https:\/\/blogsaverroes.juntadeandalucia.es\/orientadelegacionmalaga\/files\/2020\/12\/1_pdfsam_Presentaci\u00f3n-completa-EOEE-IES-10-11-12-2020_page-0001-1536x864.jpg 1536w, https:\/\/blogsaverroes.juntadeandalucia.es\/orientadelegacionmalaga\/files\/2020\/12\/1_pdfsam_Presentaci\u00f3n-completa-EOEE-IES-10-11-12-2020_page-0001-24x14.jpg 24w, https:\/\/blogsaverroes.juntadeandalucia.es\/orientadelegacionmalaga\/files\/2020\/12\/1_pdfsam_Presentaci\u00f3n-completa-EOEE-IES-10-11-12-2020_page-0001-36x20.jpg 36w, https:\/\/blogsaverroes.juntadeandalucia.es\/orientadelegacionmalaga\/files\/2020\/12\/1_pdfsam_Presentaci\u00f3n-completa-EOEE-IES-10-11-12-2020_page-0001-48x27.jpg 48w, https:\/\/blogsaverroes.juntadeandalucia.es\/orientadelegacionmalaga\/files\/2020\/12\/1_pdfsam_Presentaci\u00f3n-completa-EOEE-IES-10-11-12-2020_page-0001.jpg 2000w\" sizes=\"(max-width: 403px) 100vw, 403px\" \/><a href=\"https:\/\/blogsaverroes.juntadeandalucia.es\/orientadelegacionmalaga\/files\/2020\/12\/Presentaci\u00f3n-completa-EOEE-IES-10-11-12-2020.pdf\" target=\"_blank\" rel=\"noopener noreferrer\">Presentaci\u00f3n EOE Especializado (diciembre 2020): Organizaci\u00f3n, funciones, y orientaciones generales para ANEAE asociadas a DIA, AACC, TGC, TEA<\/a><\/li>\n<\/ul>\n<ul>\n<li><a href=\"https:\/\/blogsaverroes.juntadeandalucia.es\/orientadelegacionmalaga\/files\/2020\/04\/PEV-CEP-Curso-Orientadores-No\u0301veles-reducido-1.pdf\" target=\"_blank\" rel=\"noopener noreferrer\">Presentaci\u00f3n del curso para orientadores\/as no\u0301veles en el CEP de M\u00e1laga.<\/a><\/li>\n<\/ul>\n<p>&nbsp;<\/p>\n<p><strong><span style=\"text-decoration: underline\">ESPECIALIDADES<\/span>:<\/strong><\/p>\n<p><strong><span style=\"text-decoration: underline\">Trastornos Graves de Conducta<\/span>. <\/strong>Tel\u00e9fonos 951293692\/951293693 (Corp. 973692\/973693)<\/p>\n<ul>\n<li><a href=\"https:\/\/blogsaverroes.juntadeandalucia.es\/orientadelegacionmalaga\/files\/2020\/02\/Protocolo-actuaci\u00f3n-alumnado-TGC.pdf\" target=\"_blank\" rel=\"noopener noreferrer\">Protocolo actuaci\u00f3n alumnado TGC (nuevo)<\/a><\/li>\n<\/ul>\n<ul>\n<li><a href=\"https:\/\/blogsaverroes.juntadeandalucia.es\/orientadelegacionmalaga\/files\/2020\/02\/ANEXO-XIII-EOEE-TGC-Solicitud-intervenci\u00f3n-EOEE-TGC.doc\" target=\"_blank\" rel=\"noopener noreferrer\">ANEXO XIII EOEE TGC Solicitud intervenci\u00f3n EOEE TGC<\/a><\/li>\n<\/ul>\n<p>Correos:<\/p>\n<p>tgc.dpma.ced@juntadeandalucia.es<\/p>\n<p>tgc2.dpma.ced@juntadeandalucia.es<\/p>\n<p>&nbsp;<\/p>\n<p><span style=\"text-decoration: underline\"><strong>Diversidad Funcional F\u00edsica<\/strong><\/span>. Tel\u00e9fono 951293652 (Corp. 973652)<\/p>\n<ul>\n<li><a href=\"https:\/\/blogsaverroes.juntadeandalucia.es\/orientadelegacionmalaga\/files\/2019\/06\/protocolo-demanda-motorico.pdf\" target=\"_blank\" rel=\"noopener noreferrer\">Solicitud de colaboraci\u00f3n&nbsp;(pdf)<\/a><\/li>\n<li><a href=\"https:\/\/blogsaverroes.juntadeandalucia.es\/orientadelegacionmalaga\/files\/2019\/06\/protocolo-demanda-motorico.docx\" target=\"_blank\" rel=\"noopener noreferrer\">Solicitud de colaboraci\u00f3n&nbsp;(editable)<\/a><\/li>\n<\/ul>\n<p>Correos:<\/p>\n<p>motoricos.dpma.ced@juntadeandalucia.es<\/p>\n<p>motoricos2.dpma.ced@juntadeandalucia.es<\/p>\n<p>&nbsp;<\/p>\n<p><span style=\"text-decoration: underline\"><strong>Diversidad Funcional Auditiva<\/strong><\/span>. Tel\u00e9fonos 951293692\/951293693 (Corp. 973692\/973693)<\/p>\n<ul>\n<li><a href=\"https:\/\/blogsaverroes.juntadeandalucia.es\/orientadelegacionmalaga\/files\/2018\/05\/protocolo-demanda-auditivos-ok1.pdf\" target=\"_blank\" rel=\"noopener noreferrer\">Solicitud de colaboraci\u00f3n<\/a>&nbsp;(pdf)<\/li>\n<li><a href=\"https:\/\/blogsaverroes.juntadeandalucia.es\/orientadelegacionmalaga\/files\/2018\/05\/protocolo-demanda-auditivos.docx\" target=\"_blank\" rel=\"noopener noreferrer\">Solicitud de colaboraci\u00f3n<\/a>&nbsp;(editable)<\/li>\n<\/ul>\n<p>Correo: auditivos.dpma.ced@juntadeandalucia.es<\/p>\n<p>&nbsp;<\/p>\n<p><span style=\"text-decoration: underline\"><strong>Trastornos del Espectro Autista<\/strong><\/span>. Tel\u00e9fonos 951293692\/951293693 (Corp. 973692\/973693)<\/p>\n<ul>\n<li><a href=\"https:\/\/blogsaverroes.juntadeandalucia.es\/orientadelegacionmalaga\/files\/2019\/11\/protocolo-demanda-tea.pdf\">Solicitud de colaboraci\u00f3n<\/a>&nbsp;(pdf)<\/li>\n<li><a href=\"https:\/\/blogsaverroes.juntadeandalucia.es\/orientadelegacionmalaga\/files\/2019\/11\/protocolo-demanda-tea.doc\">Solicitud de colaboraci\u00f3n<\/a>&nbsp;(editable)<\/li>\n<\/ul>\n<p><a href=\"https:\/\/blogsaverroes.juntadeandalucia.es\/orientadelegacionmalaga\/trastonos-del-espectro-del-autismo-tea\/\" target=\"_blank\" rel=\"noopener noreferrer\">&nbsp;Enlace a recursos<\/a><\/p>\n<p>Correos:<\/p>\n<p>tea.dpma.ced@juntadeandalucia.es<\/p>\n<p>tea2.dpma.ced@juntadeandalucia.es<\/p>\n<p>tea3.dpma.ced@juntadeandalucia.es<\/p>\n<p>&nbsp;<\/p>\n<p><span style=\"text-decoration: underline\"><strong>Atenci\u00f3n Temprana<\/strong><\/span>. Tel\u00e9fono 951293653 (Corp. 973653)<\/p>\n<p><a href=\"https:\/\/blogsaverroes.juntadeandalucia.es\/orientadelegacionmalaga\/files\/2013\/02\/REUNION-INFORMATIVA-DIRECTORES-PRIMER-CICLO_1.pdf\">Protocolo de Atenci\u00f3n Temprana<\/a><\/p>\n<ul>\n<li><a href=\"https:\/\/blogsaverroes.juntadeandalucia.es\/orientadelegacionmalaga\/files\/2018\/05\/solicitud-de-colaboracion.pdf\">Solicitud de colaboraci\u00f3n<\/a>&nbsp;(pdf)<\/li>\n<li><a href=\"https:\/\/blogsaverroes.juntadeandalucia.es\/orientadelegacionmalaga\/files\/2018\/05\/demanda-intervencion-atencion-temprana.doc\">Solicitud de colaboraci\u00f3n<\/a>&nbsp;(editable)<\/li>\n<li><a href=\"https:\/\/blogsaverroes.juntadeandalucia.es\/orientadelegacionmalaga\/files\/2013\/02\/Signos-de-alerta.pdf\" target=\"_blank\" rel=\"noopener noreferrer\">Detecci\u00f3n de signos de alerta<\/a><\/li>\n<li><a href=\"https:\/\/blogsaverroes.juntadeandalucia.es\/orientadelegacionmalaga\/files\/2013\/02\/Autorizacion-Familiar.pdf\">Autorizaci\u00f3n familiar<\/a><\/li>\n<\/ul>\n<p>Correo: atenciontemprana.dpma.ced@juntadeandalucia.es<\/p>\n<p>&nbsp;<\/p>\n<p><span style=\"text-decoration: underline\"><strong>Altas Capacidades Intelectuales<\/strong><\/span>. Tel\u00e9fono 951293653 (Corp. 973653)<\/p>\n<ul>\n<li><a href=\"https:\/\/blogsaverroes.juntadeandalucia.es\/orientadelegacionmalaga\/files\/2018\/05\/protocolo-demanda-aaccii.pdf\" target=\"_blank\" rel=\"noopener noreferrer\">Solicitud de colaboraci\u00f3n<\/a>&nbsp;(pdf)<\/li>\n<li><a href=\"https:\/\/blogsaverroes.juntadeandalucia.es\/orientadelegacionmalaga\/files\/2018\/05\/protocolo-demanda-aaccii.doc\" target=\"_blank\" rel=\"noopener noreferrer\">Solicitud de colaboraci\u00f3n<\/a>(editable)<\/li>\n<\/ul>\n<p><span style=\"color: #3366ff\"><a style=\"color: #3366ff\" href=\"https:\/\/blogsaverroes.juntadeandalucia.es\/orientadelegacionmalaga\/altas-capacidades-intelectuales\/\" target=\"_blank\" rel=\"noopener noreferrer\">Material sobre AACCII<\/a><\/span><\/p>\n<p>Correos:<\/p>\n<p>altascapacidades.dpma.ced@juntadeandalucia.es (<strong>orientadora<\/strong>)<\/p>\n<p>altascapacidades2.dpma.ced@juntadeandalucia.es (<strong>docente<\/strong>)<\/p>\n<p>&nbsp;<\/p>\n<p><strong>Dificultades Espec\u00edficas de Aprendizaje DEA<\/strong> Tel\u00e9fono 951293653 (Corp. 973653)<\/p>\n<ul>\n<li><a href=\"https:\/\/blogsaverroes.juntadeandalucia.es\/orientadelegacionmalaga\/files\/2019\/03\/solicitud-de-colaboracion-dea.doc\" target=\"_blank\" rel=\"noopener noreferrer\">Solicitud de colaboracio\u0301n DEA (editable)<\/a><\/li>\n<li><a href=\"https:\/\/blogsaverroes.juntadeandalucia.es\/orientadelegacionmalaga\/files\/2019\/03\/solicitud-de-colaboracion-dea.pdf\" target=\"_blank\" rel=\"noopener noreferrer\">Solicitud de colaboracio\u0301n DEA<\/a><\/li>\n<\/ul>\n<p style=\"text-align: left\"><a href=\"https:\/\/blogsaverroes.juntadeandalucia.es\/deamalaga\/\" target=\"_blank\" rel=\"noopener noreferrer\"><span style=\"color: #0000ff\">Web acceso a recursos y materiales EOEE DEA<\/span><\/a><\/p>\n<p>Correo: dea.dpma.ced@juntadeandalucia.es<\/p>\n<p>&nbsp;<\/p>\n<p><b><u>Trabajo Social<\/u><\/b>. Tel\u00e9fono 951293652 (Corp. 973652)<\/p>\n<p>Correo:&nbsp;trabajosocial.eoee.dpma.ced@juntadeandalucia.es<\/p>\n<p>&nbsp;<\/p>\n<p>&nbsp;<\/p>\n<p>&nbsp;<\/p>\n","protected":false},"excerpt":{"rendered":"<p>Directorio EOE Especializado 2020-21 Direcci\u00f3n:&nbsp;Miguel de Unamuno, 12. 29014-M\u00e1laga. Tel\u00e9fono: 951293652 (Corp. 973652) Las solicitudes se enviar\u00e1n al siguiente correo electr\u00f3nico: eoespecializado.dpma.ced@juntadeandalucia.es D\u00eda de atenci\u00f3n en sede: Mi\u00e9rcoles. D\u00eda de atenci\u00f3n del coordinador\/a en&#46;&#46;&#46;<\/p>\n","protected":false},"author":8106,"featured_media":0,"parent":0,"menu_order":0,"comment_status":"closed","ping_status":"closed","template":"","meta":{"ngg_post_thumbnail":0,"footnotes":""},"aioseo_notices":[],"_links":{"self":[{"href":"https:\/\/blogsaverroes.juntadeandalucia.es\/orientadelegacionmalaga\/wp-json\/wp\/v2\/pages\/598"}],"collection":[{"href":"https:\/\/blogsaverroes.juntadeandalucia.es\/orientadelegacionmalaga\/wp-json\/wp\/v2\/pages"}],"about":[{"href":"https:\/\/blogsaverroes.juntadeandalucia.es\/orientadelegacionmalaga\/wp-json\/wp\/v2\/types\/page"}],"author":[{"embeddable":true,"href":"https:\/\/blogsaverroes.juntadeandalucia.es\/orientadelegacionmalaga\/wp-json\/wp\/v2\/users\/8106"}],"replies":[{"embeddable":true,"href":"https:\/\/blogsaverroes.juntadeandalucia.es\/orientadelegacionmalaga\/wp-json\/wp\/v2\/comments?post=598"}],"version-history":[{"count":16,"href":"https:\/\/blogsaverroes.juntadeandalucia.es\/orientadelegacionmalaga\/wp-json\/wp\/v2\/pages\/598\/revisions"}],"predecessor-version":[{"id":11247,"href":"https:\/\/blogsaverroes.juntadeandalucia.es\/orientadelegacionmalaga\/wp-json\/wp\/v2\/pages\/598\/revisions\/11247"}],"wp:attachment":[{"href":"https:\/\/blogsaverroes.juntadeandalucia.es\/orientadelegacionmalaga\/wp-json\/wp\/v2\/media?parent=598"}],"curies":[{"name":"wp","href":"https:\/\/api.w.org\/{rel}","templated":true}]}}