{"id":6277,"date":"2017-09-06T10:55:39","date_gmt":"2017-09-06T10:55:39","guid":{"rendered":"https:\/\/www.educacionenmalaga.es\/orientamalaga\/?page_id=6277"},"modified":"2017-09-06T10:55:39","modified_gmt":"2017-09-06T10:55:39","slug":"guia-de-compensatoria","status":"publish","type":"page","link":"https:\/\/blogsaverroes.juntadeandalucia.es\/orientadelegacionmalaga\/guia-de-compensatoria\/","title":{"rendered":"Gu\u00eda Compensatoria"},"content":{"rendered":"<p>Presentamos a continuaci\u00f3n dos documentos cuyo prop\u00f3sito es facilitar la tarea de todos los profesionales que intervienen con el alumnado de compensatoria. Tanto la <strong>Gu\u00eda de Compensatoria<\/strong> como el <strong>Documento de apoyo<\/strong> para trabajar con el alumnado inmigrante, contienen <strong>anexos<\/strong> que pueden llevarse a la pr\u00e1ctica. Esperamos y deseamos que sean de utilidad.<\/p>\n<p><a href=\"https:\/\/blogsaverroes.juntadeandalucia.es\/orientadelegacionmalaga\/files\/2017\/09\/guia-final.pdf\">Gu\u00eda de Compensatoria<\/a><\/p>\n<p><a href=\"https:\/\/blogsaverroes.juntadeandalucia.es\/orientadelegacionmalaga\/files\/2017\/09\/doc-apoyo-al-inmig.pdf\">Documento de apoyo al alumnado inmigrante<\/a><\/p>\n","protected":false},"excerpt":{"rendered":"<p>Presentamos a continuaci\u00f3n dos documentos cuyo prop\u00f3sito es facilitar la tarea de todos los profesionales que intervienen con el alumnado de compensatoria. Tanto la Gu\u00eda de Compensatoria como el Documento de apoyo para trabajar&#46;&#46;&#46;<\/p>\n","protected":false},"author":8106,"featured_media":0,"parent":0,"menu_order":0,"comment_status":"closed","ping_status":"closed","template":"","meta":{"ngg_post_thumbnail":0,"footnotes":""},"aioseo_notices":[],"_links":{"self":[{"href":"https:\/\/blogsaverroes.juntadeandalucia.es\/orientadelegacionmalaga\/wp-json\/wp\/v2\/pages\/6277"}],"collection":[{"href":"https:\/\/blogsaverroes.juntadeandalucia.es\/orientadelegacionmalaga\/wp-json\/wp\/v2\/pages"}],"about":[{"href":"https:\/\/blogsaverroes.juntadeandalucia.es\/orientadelegacionmalaga\/wp-json\/wp\/v2\/types\/page"}],"author":[{"embeddable":true,"href":"https:\/\/blogsaverroes.juntadeandalucia.es\/orientadelegacionmalaga\/wp-json\/wp\/v2\/users\/8106"}],"replies":[{"embeddable":true,"href":"https:\/\/blogsaverroes.juntadeandalucia.es\/orientadelegacionmalaga\/wp-json\/wp\/v2\/comments?post=6277"}],"version-history":[{"count":0,"href":"https:\/\/blogsaverroes.juntadeandalucia.es\/orientadelegacionmalaga\/wp-json\/wp\/v2\/pages\/6277\/revisions"}],"wp:attachment":[{"href":"https:\/\/blogsaverroes.juntadeandalucia.es\/orientadelegacionmalaga\/wp-json\/wp\/v2\/media?parent=6277"}],"curies":[{"name":"wp","href":"https:\/\/api.w.org\/{rel}","templated":true}]}}