{"id":6803,"date":"2018-12-13T18:59:56","date_gmt":"2018-12-13T18:59:56","guid":{"rendered":"https:\/\/www.educacionenmalaga.es\/orientamalaga\/?page_id=6803"},"modified":"2021-03-10T21:35:23","modified_gmt":"2021-03-10T20:35:23","slug":"normativa","status":"publish","type":"page","link":"https:\/\/blogsaverroes.juntadeandalucia.es\/orientadelegacionmalaga\/normativa\/","title":{"rendered":"NORMATIVA"},"content":{"rendered":"<p><span style=\"font-family: arial, helvetica, sans-serif;font-size: 10pt\"><strong><img loading=\"lazy\" decoding=\"async\" class=\"wp-image-9007 alignright\" src=\"https:\/\/blogsaverroes.juntadeandalucia.es\/orientadelegacionmalaga\/files\/2020\/09\/FB_IMG_1598885561617-210x300.jpg\" alt=\"\" width=\"124\" height=\"176\" srcset=\"https:\/\/blogsaverroes.juntadeandalucia.es\/orientadelegacionmalaga\/files\/2020\/09\/FB_IMG_1598885561617-210x300.jpg 210w, https:\/\/blogsaverroes.juntadeandalucia.es\/orientadelegacionmalaga\/files\/2020\/09\/FB_IMG_1598885561617-17x24.jpg 17w, https:\/\/blogsaverroes.juntadeandalucia.es\/orientadelegacionmalaga\/files\/2020\/09\/FB_IMG_1598885561617-25x36.jpg 25w, https:\/\/blogsaverroes.juntadeandalucia.es\/orientadelegacionmalaga\/files\/2020\/09\/FB_IMG_1598885561617-34x48.jpg 34w, https:\/\/blogsaverroes.juntadeandalucia.es\/orientadelegacionmalaga\/files\/2020\/09\/FB_IMG_1598885561617.jpg 448w\" sizes=\"(max-width: 124px) 100vw, 124px\" \/>Recursos y normativa &#8211; 2020:&nbsp;<\/strong><\/span><\/p>\n<ul>\n<li><span style=\"font-family: arial, helvetica, sans-serif;font-size: 10pt\"><a href=\"https:\/\/blogsaverroes.juntadeandalucia.es\/orientadelegacionmalaga\/files\/2020\/09\/DOCUMENTO-INICIO-DE-CURSO-2020-2021-Inspeccion-Mal.pdf\" target=\"_blank\" rel=\"noopener noreferrer\">DOCUMENTO INICIO DE CURSO 2020 &#8211; 2021 Inspecci\u00f3n M\u00e1laga<\/a>.&nbsp;<\/span><\/li>\n<li><span style=\"color: #0000ff;font-family: arial, helvetica, sans-serif;font-size: 10pt\"><a style=\"color: #0000ff\" href=\"https:\/\/www.juntadeandalucia.es\/educacion\/portals\/web\/ced\/novedades\/-\/contenidos\/detalle\/instruccion-9-de-15-de-junio-por-la-que-se-establece-aspectos-de-organizacion-y-funcionamiento-para-los-centros-que\" target=\"_blank\" rel=\"noopener noreferrer\">Instrucci\u00f3n 9\/2020, de 15 de junio, por la que se establece aspectos de organizaci\u00f3n y funcionamiento para los centros que imparten E.S.O.<\/a><\/span><\/li>\n<li><span style=\"font-family: arial, helvetica, sans-serif;font-size: 10pt\"><a href=\"https:\/\/www.juntadeandalucia.es\/educacion\/portals\/delegate\/content\/1eaa15b2-dd7e-4cbd-af3a-1994b3bcfc8d\/Circular%20medidas%20flexibilizaci%C3%B3n%20curso%202020_2021\" target=\"_blank\" rel=\"noopener noreferrer\">Circular 3 septiembre 2020, medidas flexibilizaci\u00f3n curso 2020-21<\/a><\/span><\/li>\n<li><a href=\"https:\/\/blogsaverroes.juntadeandalucia.es\/gbellasartesmalaga\/files\/2020\/08\/Guia-para-la-Organizaci%C3%B3n-Escolar-del-curso-2020-2021.pdf\" target=\"_blank\" rel=\"noopener noreferrer\"><span style=\"font-size: 10pt\">Gu\u00eda Organizacio\u0301n Escolar 20-21<\/span><\/a><\/li>\n<li><span style=\"font-size: 10pt\"><strong>Recursos web &#8211; normativa: <\/strong><\/span>&nbsp;\n<ul>\n<li><span style=\"color: #0000ff;font-family: arial, helvetica, sans-serif;font-size: 10pt\"><a style=\"color: #0000ff\" href=\"https:\/\/www.juntadeandalucia.es\/educacion\/portals\/web\/inspeccion-educativa\" target=\"_blank\" rel=\"noopener noreferrer\">Inspecci\u00f3n educativa de Andaluc\u00eda<\/a><\/span><\/li>\n<li><span style=\"color: #0000ff;font-family: arial, helvetica, sans-serif;font-size: 10pt\"><a style=\"color: #0000ff\" href=\"http:\/\/www.adideandalucia.es\/?view=normativa\" target=\"_blank\" rel=\"noopener noreferrer\">ADIDE ANDALUC\u00cdA<\/a><\/span><\/li>\n<\/ul>\n<\/li>\n<\/ul>\n<p><strong>Funciones de PT y AL:&nbsp;<\/strong><\/p>\n<ul>\n<li style=\"list-style-type: none\">\n<ul>\n<li style=\"list-style-type: none\">\n<ul>\n<li>\n<p align=\"justify\"><a href=\"https:\/\/juntadeandalucia.es\/boja\/2010\/169\/d2.pdf\">ORDEN de 20 de agosto de 2010, por la que se regula la organizaci\u00f3n y el funcionamiento de las escuelas infantiles de segundo ciclo, de los colegios de educaci\u00f3n primaria, de los colegios de educaci\u00f3n infantil y primaria y de los centros p\u00fablicos<\/a> espec\u00edficos de educaci\u00f3n especial, as\u00ed como el horario de los centros, del alumnado y del profesorado (art. 19)<\/p>\n<\/li>\n<li>\n<p align=\"justify\"><a href=\"https:\/\/juntadeandalucia.es\/boja\/2010\/169\/d1.pdf\">ORDEN de 20 de agosto de 2010, por la que se regula la organizaci\u00f3n y el funcionamiento de los institutos de educaci\u00f3n secundaria, as\u00ed como el horario de los centros, del alumnado y del profesorado<\/a> (art. 17).<\/p>\n<\/li>\n<\/ul>\n<\/li>\n<\/ul>\n<\/li>\n<\/ul>\n<p><strong>ATENCI\u00d3N A LA DIVERSIDAD \/ NEAE (<a href=\"http:\/\/www.adideandalucia.es\/?view=disposicion&amp;cat=11\" target=\"_blank\" rel=\"noopener noreferrer\">V\u00e9ase m\u00e1s<\/a>)<\/strong><\/p>\n<ul>\n<li style=\"list-style-type: none\">\n<ul>\n<li style=\"list-style-type: none\">\n<ul>\n<li><a href=\"http:\/\/www.adideandalucia.es\/normas\/ordenes\/Orden%2025-7-2008%20Atencion%20Diversidad.pdf\" target=\"_blank\" rel=\"noopener noreferrer\">Instrucciones 8 marzo 2017<\/a>&nbsp; (modificada por normativa posterior).&nbsp;<\/li>\n<li><a href=\"https:\/\/blogsaverroes.juntadeandalucia.es\/orientadelegacionmalaga\/files\/2021\/03\/Instrucciones-8-de-marzo-de-2021_censoF.pdf\" target=\"_blank\" rel=\"noopener noreferrer\">Instrucciones 8 de marzo de 2021_censo<\/a>: Procedimiento para el registro y actualizaci\u00f3n de datos en S\u00e9neca en el m\u00f3dulo de gesti\u00f3n de la Orientaci\u00f3n<\/li>\n<li><a href=\"https:\/\/blogsaverroes.juntadeandalucia.es\/orientadelegacionmalaga\/files\/2021\/03\/Circular-informativa-NEAEF.pdf\" target=\"_blank\" rel=\"noopener noreferrer\">Circular informativa NEAE(25\/02\/2021)<\/a>&nbsp;<\/li>\n<li><a href=\"http:\/\/www.adideandalucia.es\/?view=disposicion&amp;cat=11\" target=\"_blank\" rel=\"noopener noreferrer\">Otra normativa de AD.<\/a><\/li>\n<\/ul>\n<\/li>\n<\/ul>\n<\/li>\n<\/ul>\n<p><strong>Funciones de Orientadores\/as:&nbsp;<\/strong><\/p>\n<ul class=\"lista\">\n<li><a href=\"http:\/\/www.adideandalucia.es\/normas\/decretos\/Decreto328-2010RocColegiosConsolidado.pdf\" target=\"_blank\" rel=\"noopener noreferrer\">DECRETO 328\/2010<\/a>, de 13 de julio, por el que se aprueba el Reglamento Org\u00e1nico de las escuelas infantiles de segundo grado, de los colegios de educaci\u00f3n primaria, de los colegios de educaci\u00f3n infantil y primaria, y de los centros p\u00fablicos espec\u00edficos de educaci\u00f3n especial (Texto consolidado, 2011).<\/li>\n<li><a href=\"http:\/\/www.adideandalucia.es\/normas\/decretos\/Decreto327-2010RocInstitutosConsolidado.pdf\" target=\"_blank\" rel=\"noopener noreferrer\">DECRETO 327\/2010<\/a>, de 13 de julio, por el que se aprueba el Reglamento Org\u00e1nico de los Institutos de Educaci\u00f3n Secundaria (Texto consolidado, 2011).<\/li>\n<li><a href=\"http:\/\/www.adideandalucia.es\/?view=disposicion&amp;cat=39\" target=\"_blank\" rel=\"noopener noreferrer\">Equipos de Orientaci\u00f3n educativa<\/a><\/li>\n<\/ul>\n<p><span style=\"color: #ff00ff\"><strong>LEY DE EDUCACI\u00d3N:<\/strong> <\/span><\/p>\n<p>Ley Org\u00e1nica 3\/2020, de 29 de diciembre, por la que se modifica la Ley Org\u00e1nica 2\/2006, de 3 de mayo, de Educaci\u00f3n (LOMLOE) que se ha publicado en el BOE de 30 de diciembre de 2020. <a href=\"https:\/\/www.educacionyfp.gob.es\/destacados\/lomloe.html\" target=\"_blank\" rel=\"noopener noreferrer\">Web Ministerio con todos los cambios<\/a><\/p>\n<p><img loading=\"lazy\" decoding=\"async\" class=\"size-medium wp-image-9520 alignright\" src=\"https:\/\/blogsaverroes.juntadeandalucia.es\/orientadelegacionmalaga\/files\/2021\/01\/EstructuraLOMLOE-300x208.jpg\" alt=\"\" width=\"300\" height=\"208\" srcset=\"https:\/\/blogsaverroes.juntadeandalucia.es\/orientadelegacionmalaga\/files\/2021\/01\/EstructuraLOMLOE-300x208.jpg 300w, https:\/\/blogsaverroes.juntadeandalucia.es\/orientadelegacionmalaga\/files\/2021\/01\/EstructuraLOMLOE-1024x710.jpg 1024w, https:\/\/blogsaverroes.juntadeandalucia.es\/orientadelegacionmalaga\/files\/2021\/01\/EstructuraLOMLOE-768x532.jpg 768w, https:\/\/blogsaverroes.juntadeandalucia.es\/orientadelegacionmalaga\/files\/2021\/01\/EstructuraLOMLOE-24x17.jpg 24w, https:\/\/blogsaverroes.juntadeandalucia.es\/orientadelegacionmalaga\/files\/2021\/01\/EstructuraLOMLOE-36x25.jpg 36w, https:\/\/blogsaverroes.juntadeandalucia.es\/orientadelegacionmalaga\/files\/2021\/01\/EstructuraLOMLOE-48x33.jpg 48w, https:\/\/blogsaverroes.juntadeandalucia.es\/orientadelegacionmalaga\/files\/2021\/01\/EstructuraLOMLOE.jpg 1200w\" sizes=\"(max-width: 300px) 100vw, 300px\" \/><\/p>\n<p>Puede resultaros de utilidad estas<a href=\"https:\/\/www.grupo-sm.com\/es\/directivos\/noticias-destacadas\/LOMLOE\" target=\"_blank\" rel=\"noopener noreferrer\"> infograf\u00edas realizadas por SM&nbsp;<\/a><\/p>\n","protected":false},"excerpt":{"rendered":"<p>Recursos y normativa &#8211; 2020:&nbsp; DOCUMENTO INICIO DE CURSO 2020 &#8211; 2021 Inspecci\u00f3n M\u00e1laga.&nbsp; Instrucci\u00f3n 9\/2020, de 15 de junio, por la que se establece aspectos de organizaci\u00f3n y funcionamiento para los centros que&#46;&#46;&#46;<\/p>\n","protected":false},"author":8106,"featured_media":0,"parent":0,"menu_order":0,"comment_status":"closed","ping_status":"closed","template":"","meta":{"ngg_post_thumbnail":0,"footnotes":""},"aioseo_notices":[],"_links":{"self":[{"href":"https:\/\/blogsaverroes.juntadeandalucia.es\/orientadelegacionmalaga\/wp-json\/wp\/v2\/pages\/6803"}],"collection":[{"href":"https:\/\/blogsaverroes.juntadeandalucia.es\/orientadelegacionmalaga\/wp-json\/wp\/v2\/pages"}],"about":[{"href":"https:\/\/blogsaverroes.juntadeandalucia.es\/orientadelegacionmalaga\/wp-json\/wp\/v2\/types\/page"}],"author":[{"embeddable":true,"href":"https:\/\/blogsaverroes.juntadeandalucia.es\/orientadelegacionmalaga\/wp-json\/wp\/v2\/users\/8106"}],"replies":[{"embeddable":true,"href":"https:\/\/blogsaverroes.juntadeandalucia.es\/orientadelegacionmalaga\/wp-json\/wp\/v2\/comments?post=6803"}],"version-history":[{"count":15,"href":"https:\/\/blogsaverroes.juntadeandalucia.es\/orientadelegacionmalaga\/wp-json\/wp\/v2\/pages\/6803\/revisions"}],"predecessor-version":[{"id":9950,"href":"https:\/\/blogsaverroes.juntadeandalucia.es\/orientadelegacionmalaga\/wp-json\/wp\/v2\/pages\/6803\/revisions\/9950"}],"wp:attachment":[{"href":"https:\/\/blogsaverroes.juntadeandalucia.es\/orientadelegacionmalaga\/wp-json\/wp\/v2\/media?parent=6803"}],"curies":[{"name":"wp","href":"https:\/\/api.w.org\/{rel}","templated":true}]}}