{"id":6857,"date":"2019-01-18T13:34:45","date_gmt":"2019-01-18T13:34:45","guid":{"rendered":"https:\/\/www.educacionenmalaga.es\/orientamalaga\/?page_id=6857"},"modified":"2021-01-20T15:23:41","modified_gmt":"2021-01-20T14:23:41","slug":"presentacion","status":"publish","type":"page","link":"https:\/\/blogsaverroes.juntadeandalucia.es\/orientadelegacionmalaga\/presentacion\/","title":{"rendered":"Presentaci\u00f3n"},"content":{"rendered":"<p style=\"text-align: justify\">El ETPOEP M\u00e1laga ha creado esta web como espacio para la RED DE ORIENTACI\u00d3N donde compartir recursos, documentos y buenas pr\u00e1cticas. El objetivo es que sea u<\/p>\n<p><img loading=\"lazy\" decoding=\"async\" class=\"size-full wp-image-9606 alignright\" src=\"https:\/\/blogsaverroes.juntadeandalucia.es\/orientadelegacionmalaga\/files\/2021\/01\/ETPOEP-presentacion.png\" alt=\"\" width=\"227\" height=\"173\" srcset=\"https:\/\/blogsaverroes.juntadeandalucia.es\/orientadelegacionmalaga\/files\/2021\/01\/ETPOEP-presentacion.png 227w, https:\/\/blogsaverroes.juntadeandalucia.es\/orientadelegacionmalaga\/files\/2021\/01\/ETPOEP-presentacion-24x18.png 24w, https:\/\/blogsaverroes.juntadeandalucia.es\/orientadelegacionmalaga\/files\/2021\/01\/ETPOEP-presentacion-36x27.png 36w, https:\/\/blogsaverroes.juntadeandalucia.es\/orientadelegacionmalaga\/files\/2021\/01\/ETPOEP-presentacion-48x37.png 48w\" sizes=\"(max-width: 227px) 100vw, 227px\" \/><\/p>\n<p style=\"text-align: justify\">n lugar referente para la Orientaci\u00f3n educativa en M\u00e1laga. Este blog se nutre con la participaci\u00f3n de orientadores\/as y otros profesionales de la educaci\u00f3n (PT, AL, educadores\/as sociales, m\u00e9dicos, trabajadores\/as sociales, etc.) que, voluntariamente, quieren aportar su trabajo para mejorar la eficacia y el trabajo en equipo, as\u00ed como el trabajo continuo de los miembros del ETPOEP de M\u00e1laga.&nbsp;<\/p>\n<p>Presentaci\u00f3n ETPOEP: Funciones, \u00e1reas, orientaciones para los \u00e1mbitos de actuaci\u00f3n <strong><a href=\"https:\/\/blogsaverroes.juntadeandalucia.es\/orientadelegacionmalaga\/files\/2021\/01\/1-Presentacion-ETPOEP-enero-2021_OK.pdf\" target=\"_blank\" rel=\"noopener noreferrer\">Presentaci\u00f3n ETPOEP enero 2021<\/a><\/strong><\/p>\n<p style=\"text-align: justify\"><strong>\u00bfQuieres compartir recursos? <\/strong><\/p>\n<p style=\"text-align: justify\">Agradecemos el trabajo de todas las personas de la Red que quieran compartir documentos, programas, ejemplos de PE, ACNS, modelos de Informes, etc. El ETPOEP no se hace responsable de la autor\u00eda de las mismas, por lo que se pide a todas las personas que quer\u00e1is compartir: citar fuentes bibliogr\u00e1ficas utilizadas y seguir la normativa vigente, utilizando un lenguaje inclusivo.<\/p>\n<p style=\"text-align: justify\">\u00bfC\u00f3mo enviar tus aportaciones?<\/p>\n<p style=\"text-align: justify\">Enviando al email de recursostecnicos.dpma.ced@juntadeandalucia.es. el trabajo o material a compartir en formato word. \u00c9ste ser\u00e1 publicado sin nombre. Si quieres que aparezca tu nombre, debes enviarnos el enlace a la web donde t\u00fa lo tengas publicado, para que est\u00e9 alojado fuera de la web.<\/p>\n<p>&nbsp;<\/p>\n<p style=\"text-align: justify\">Las funciones del equipo vienen definidas por:<\/p>\n<ul>\n<li style=\"text-align: justify\"><a href=\"https:\/\/juntadeandalucia.es\/boja\/1995\/153\/6\" target=\"_blank\" rel=\"noopener noreferrer\">Decreto 213\/1995<\/a>, de 12 de septiembre, por el que se regulan los equipo de orientaci\u00f3n educativa.<\/li>\n<li style=\"text-align: justify\"><a href=\"https:\/\/juntadeandalucia.es\/boja\/2003\/36\/5\" target=\"_blank\" rel=\"noopener noreferrer\">Decreto 39\/2003<\/a>, de 18 de febrero, por el que se regulan la provisi\u00f3n de los puestos de trabajo en los Equipos de Orientaci\u00f3n Educativa adscritos al personal docente y se establecen las funciones de los coordinadores de \u00e1rea de los Equipos T\u00e9cnicos Provinciales.<\/li>\n<\/ul>\n<p>&nbsp;<\/p>\n<p>&nbsp;<\/p>\n","protected":false},"excerpt":{"rendered":"<p>El ETPOEP M\u00e1laga ha creado esta web como espacio para la RED DE ORIENTACI\u00d3N donde compartir recursos, documentos y buenas pr\u00e1cticas. El objetivo es que sea u n lugar referente para la Orientaci\u00f3n educativa&#46;&#46;&#46;<\/p>\n","protected":false},"author":8106,"featured_media":0,"parent":0,"menu_order":0,"comment_status":"closed","ping_status":"closed","template":"","meta":{"ngg_post_thumbnail":0,"footnotes":""},"aioseo_notices":[],"_links":{"self":[{"href":"https:\/\/blogsaverroes.juntadeandalucia.es\/orientadelegacionmalaga\/wp-json\/wp\/v2\/pages\/6857"}],"collection":[{"href":"https:\/\/blogsaverroes.juntadeandalucia.es\/orientadelegacionmalaga\/wp-json\/wp\/v2\/pages"}],"about":[{"href":"https:\/\/blogsaverroes.juntadeandalucia.es\/orientadelegacionmalaga\/wp-json\/wp\/v2\/types\/page"}],"author":[{"embeddable":true,"href":"https:\/\/blogsaverroes.juntadeandalucia.es\/orientadelegacionmalaga\/wp-json\/wp\/v2\/users\/8106"}],"replies":[{"embeddable":true,"href":"https:\/\/blogsaverroes.juntadeandalucia.es\/orientadelegacionmalaga\/wp-json\/wp\/v2\/comments?post=6857"}],"version-history":[{"count":3,"href":"https:\/\/blogsaverroes.juntadeandalucia.es\/orientadelegacionmalaga\/wp-json\/wp\/v2\/pages\/6857\/revisions"}],"predecessor-version":[{"id":9607,"href":"https:\/\/blogsaverroes.juntadeandalucia.es\/orientadelegacionmalaga\/wp-json\/wp\/v2\/pages\/6857\/revisions\/9607"}],"wp:attachment":[{"href":"https:\/\/blogsaverroes.juntadeandalucia.es\/orientadelegacionmalaga\/wp-json\/wp\/v2\/media?parent=6857"}],"curies":[{"name":"wp","href":"https:\/\/api.w.org\/{rel}","templated":true}]}}