{"id":6892,"date":"2019-01-25T10:12:50","date_gmt":"2019-01-25T10:12:50","guid":{"rendered":"https:\/\/www.educacionenmalaga.es\/orientamalaga\/?page_id=6892"},"modified":"2021-01-23T15:42:22","modified_gmt":"2021-01-23T14:42:22","slug":"donde-estamos","status":"publish","type":"page","link":"https:\/\/blogsaverroes.juntadeandalucia.es\/orientadelegacionmalaga\/donde-estamos\/","title":{"rendered":"\u00bfD\u00f3nde estamos?"},"content":{"rendered":"<p style=\"text-align: justify\">El Equipo T\u00e9cnico Provincial de Orientaci\u00f3n Educativa y Profesional de M\u00e1laga, se encuentra ubicado en:<\/p>\n<p style=\"text-align: center\"><strong>Edificio de Servicios M\u00faltiples<\/strong><\/p>\n<p style=\"text-align: center\"><strong>Avenida de la Aurora, 47<\/strong><\/p>\n<p style=\"text-align: center\"><strong>29071 M\u00e1laga<\/strong><\/p>\n<p style=\"text-align: center\"><strong>Despacho 1007<\/strong><\/p>\n<p>&nbsp;<\/p>\n<p><a href=\"https:\/\/www.google.com\/maps\/place\/Delegaci%C3%B3n+Territorial+de+Educaci%C3%B3n\/@36.7156344,-4.4350326,15z\/data=!4m5!3m4!1s0x0:0x315e21569195e8c6!8m2!3d36.7156344!4d-4.4350326\" target=\"_blank\" rel=\"noopener noreferrer\"><img loading=\"lazy\" decoding=\"async\" class=\"aligncenter wp-image-6860 size-medium\" src=\"https:\/\/blogsaverroes.juntadeandalucia.es\/orientadelegacionmalaga\/files\/2019\/01\/sin-titulo-300x167.png\" alt=\"\" width=\"300\" height=\"167\" srcset=\"https:\/\/blogsaverroes.juntadeandalucia.es\/orientadelegacionmalaga\/files\/2019\/01\/sin-titulo-300x167.png 300w, https:\/\/blogsaverroes.juntadeandalucia.es\/orientadelegacionmalaga\/files\/2019\/01\/sin-titulo-24x13.png 24w, https:\/\/blogsaverroes.juntadeandalucia.es\/orientadelegacionmalaga\/files\/2019\/01\/sin-titulo-36x20.png 36w, https:\/\/blogsaverroes.juntadeandalucia.es\/orientadelegacionmalaga\/files\/2019\/01\/sin-titulo-48x27.png 48w, https:\/\/blogsaverroes.juntadeandalucia.es\/orientadelegacionmalaga\/files\/2019\/01\/sin-titulo.png 591w\" sizes=\"(max-width: 300px) 100vw, 300px\" \/><\/a><\/p>\n<p style=\"text-align: center\"><a href=\"https:\/\/www.google.com\/maps\/place\/Delegaci%C3%B3n+Territorial+de+Educaci%C3%B3n\/@36.7156344,-4.4350326,15z\/data=!4m5!3m4!1s0x0:0x315e21569195e8c6!8m2!3d36.7156344!4d-4.4350326\" target=\"_blank\" rel=\"noopener noreferrer\">\u00bfC\u00f3mo llegar?<\/a><\/p>\n<h3 class=\"widget-title\" style=\"text-align: center\">&nbsp;<\/h3>\n<p>&nbsp;<\/p>\n<h3 class=\"widget-title\" style=\"text-align: center\"><a href=\"https:\/\/blogsaverroes.juntadeandalucia.es\/orientadelegacionmalaga\/files\/2021\/01\/Imagen-SOE-.pdf\" target=\"_blank\" rel=\"noopener noreferrer\">Directorio Servicio Ordenaci\u00f3n Educativa M\u00e1laga<\/a><\/h3>\n<p>&nbsp;<\/p>\n<h3 class=\"widget-title\" style=\"text-align: center\">&nbsp;<\/h3>\n<p>&nbsp;<\/p>\n<p>&nbsp;<\/p>\n<p>&nbsp;<\/p>\n<p>&nbsp;<\/p>\n","protected":false},"excerpt":{"rendered":"<p>El Equipo T\u00e9cnico Provincial de Orientaci\u00f3n Educativa y Profesional de M\u00e1laga, se encuentra ubicado en: Edificio de Servicios M\u00faltiples Avenida de la Aurora, 47 29071 M\u00e1laga Despacho 1007 &nbsp; \u00bfC\u00f3mo llegar? &nbsp; &nbsp; Directorio&#46;&#46;&#46;<\/p>\n","protected":false},"author":8106,"featured_media":0,"parent":0,"menu_order":0,"comment_status":"closed","ping_status":"closed","template":"","meta":{"ngg_post_thumbnail":0,"footnotes":""},"aioseo_notices":[],"_links":{"self":[{"href":"https:\/\/blogsaverroes.juntadeandalucia.es\/orientadelegacionmalaga\/wp-json\/wp\/v2\/pages\/6892"}],"collection":[{"href":"https:\/\/blogsaverroes.juntadeandalucia.es\/orientadelegacionmalaga\/wp-json\/wp\/v2\/pages"}],"about":[{"href":"https:\/\/blogsaverroes.juntadeandalucia.es\/orientadelegacionmalaga\/wp-json\/wp\/v2\/types\/page"}],"author":[{"embeddable":true,"href":"https:\/\/blogsaverroes.juntadeandalucia.es\/orientadelegacionmalaga\/wp-json\/wp\/v2\/users\/8106"}],"replies":[{"embeddable":true,"href":"https:\/\/blogsaverroes.juntadeandalucia.es\/orientadelegacionmalaga\/wp-json\/wp\/v2\/comments?post=6892"}],"version-history":[{"count":4,"href":"https:\/\/blogsaverroes.juntadeandalucia.es\/orientadelegacionmalaga\/wp-json\/wp\/v2\/pages\/6892\/revisions"}],"predecessor-version":[{"id":9628,"href":"https:\/\/blogsaverroes.juntadeandalucia.es\/orientadelegacionmalaga\/wp-json\/wp\/v2\/pages\/6892\/revisions\/9628"}],"wp:attachment":[{"href":"https:\/\/blogsaverroes.juntadeandalucia.es\/orientadelegacionmalaga\/wp-json\/wp\/v2\/media?parent=6892"}],"curies":[{"name":"wp","href":"https:\/\/api.w.org\/{rel}","templated":true}]}}