{"id":6981,"date":"2019-03-12T13:32:28","date_gmt":"2019-03-12T13:32:28","guid":{"rendered":"https:\/\/www.educacionenmalaga.es\/orientamalaga\/?page_id=6981"},"modified":"2022-03-17T13:20:42","modified_gmt":"2022-03-17T12:20:42","slug":"violencia-sexual","status":"publish","type":"page","link":"https:\/\/blogsaverroes.juntadeandalucia.es\/orientadelegacionmalaga\/violencia-sexual\/","title":{"rendered":"Abuso y Violencia Sexual"},"content":{"rendered":"<ul>\n<li><span style=\"color: #339966\"><strong><a href=\"https:\/\/blogsaverroes.juntadeandalucia.es\/orientadelegacionmalaga\/files\/2022\/03\/RED-ORIENTACI\u00d3N-ASI-16.02.22-MERCEDES-E-IRENE.pdf\">RED ORIENTACI\u00d3N ASI 16.02.22 MERCEDES E IRENE<\/a><a href=\"https:\/\/blogsaverroes.juntadeandalucia.es\/orientadelegacionmalaga\/files\/2022\/03\/RED-ORIENTACI\u00d3N-ASI-16.02.22-MERCEDES-E-IRENE.pdf\">RED ORIENTACI\u00d3N ASI 16.02.22 MERCEDES E IRENE<\/a>Como docente \/ orientador\/a, \u00bfnecesita asesoramiento?<\/strong> <\/span><\/li>\n<\/ul>\n<p>&nbsp; &nbsp; &nbsp; &nbsp; &nbsp;En caso de sospechar de que un\/a alumno\/a ha sufrido abuso y\/o violencia sexual y necesite asesoramiento, puede ponerse en contacto&nbsp; con:<\/p>\n<ul>\n<li style=\"list-style-type: none\">\n<ul>\n<li><span style=\"color: #3366ff\"><a href=\"https:\/\/blogsaverroes.juntadeandalucia.es\/orientadelegacionmalaga\/cosj\/\" target=\"_blank\" rel=\"noopener noreferrer\">EOE E: <span style=\"letter-spacing: 0.8px\">orientadora especializada en orientaci\u00f3n sexual<\/span><\/a><\/span><span style=\"letter-spacing: 0.05em\">. E<\/span>n ese enlace tiene <span style=\"color: #ff00ff\"><strong>recursos para la educaci\u00f3n afectivo-sexual.&nbsp;<\/strong><\/span><\/li>\n<li><span style=\"color: #3366ff\"><a style=\"color: #3366ff\" href=\"https:\/\/blogsaverroes.juntadeandalucia.es\/orientadelegacionmalaga\/trabajosocial\/\" target=\"_blank\" rel=\"noopener noreferrer\">Trabajadoras sociales provinciales<\/a>. En este enlace, encontrar\u00e1 m\u00e1s recursos para saber c\u00f3mo actuar en caso de riesgo y entidades de inter\u00e9s.&nbsp;&nbsp;<\/span><\/li>\n<\/ul>\n<\/li>\n<li><span style=\"color: #339966\"><strong>Recursos para la prevenci\u00f3n del abuso y violencia sexual: <\/strong><\/span>\n<ul>\n<li><strong>&nbsp;<\/strong><a style=\"color: #3366ff\" href=\"https:\/\/blogsaverroes.juntadeandalucia.es\/orientadelegacionmalaga\/files\/2013\/02\/Guia_de_Recursos_Abuso_Sexual_Infantil_2012.pdf\" target=\"_blank\" rel=\"noopener noreferrer\">Gu\u00eda de recursos abuso sexual infantil Save the children 2012<\/a><\/li>\n<li><span style=\"color: #3366ff\"><a style=\"color: #3366ff\" href=\"https:\/\/rompesuabuso.com\/\" target=\"_blank\" rel=\"noopener noreferrer\">Rompesuabuso<\/a>.<\/span>&nbsp;APP que puede verse desde cualquier dispositivo (sin necesidad de descarga) que permite medir los indicadores de si un menor esta sufriendo o no abusos sexuales. Autor\u00eda: Asociaci\u00f3n Redime y otros.<\/li>\n<li><span style=\"color: #3366ff\"><a style=\"color: #3366ff\" href=\"https:\/\/blogsaverroes.juntadeandalucia.es\/orientadelegacionmalaga\/files\/2013\/02\/conversar_ninos_abusosexual.pdf\" target=\"_blank\" rel=\"noopener noreferrer\">Abuso sexual infantil \u00bfc\u00f3mo conversar con los ni\u00f1os?<\/a><\/span><\/li>\n<li><span style=\"color: #3366ff\"><a style=\"color: #3366ff\" href=\"https:\/\/blogsaverroes.juntadeandalucia.es\/orientadelegacionmalaga\/files\/2013\/02\/kiko-y-la-manocuento.pdf\" target=\"_blank\" rel=\"noopener noreferrer\">Kiko y la mano<\/a><\/span> Cuento muy adecuado para utilizar en E.Infantil o primer ciclo de E.P., para ense\u00f1ar a los ni\u00f1os\/as c\u00f3mo detectar riesgo de abuso.<\/li>\n<li><span style=\"color: #0000ff\"><a style=\"color: #0000ff\" href=\"https:\/\/blogsaverroes.juntadeandalucia.es\/orientadelegacionmalaga\/files\/2013\/02\/escuchando_mis_tripas_Pepa_Horno.pdf\" target=\"_blank\" rel=\"noopener noreferrer\">Programa Escuchando mis \u201ctripas\u201d Pepa Horno<\/a><\/span><\/li>\n<li><span style=\"color: #3366ff\"><a style=\"color: #3366ff\" href=\"https:\/\/blogsaverroes.juntadeandalucia.es\/orientadelegacionmalaga\/files\/2013\/02\/eh-no-te-despistes-1.pdf\" target=\"_blank\" rel=\"noopener noreferrer\">\u00a1Eh! \u00a1No te despistes!<\/a>&nbsp;<\/span>(Gu\u00eda&nbsp;para la prevenci\u00f3n de abuso sexual)<\/li>\n<li><span style=\"color: #3366ff\"><a style=\"color: #3366ff\" href=\"http:\/\/prezi.com\/nbob_7p6dtf-\/no-mas-secretos-pautas-para-la-prevencion-y-deteccion-de-asi\/\" target=\"_blank\" rel=\"noopener noreferrer\">No m\u00e1s secretos. Pautas para la prevenci\u00f3n y detecci\u00f3n de abuso sexual infantil<\/a><\/span><\/li>\n<\/ul>\n<\/li>\n<\/ul>\n<p>&nbsp;<\/p>\n<p>&nbsp;<\/p>\n<p><span style=\"color: #ff6600\">MATERIALES DE LAS JORNADAS DEL 16 FEBRERO:<a href=\"https:\/\/youtu.be\/r8wj1h88D5s\" target=\"_blank\" rel=\"noopener noreferrer\"> \u00abTOCADO Y A FLOTE\u00bb<\/a><\/span><\/p>\n<p><img loading=\"lazy\" decoding=\"async\" class=\"size-medium wp-image-10788 alignright\" src=\"https:\/\/blogsaverroes.juntadeandalucia.es\/orientadelegacionmalaga\/files\/2022\/02\/WhatsApp-Image-2022-02-09-at-2.33.06-PM-212x300.jpeg\" alt=\"\" width=\"212\" height=\"300\" srcset=\"https:\/\/blogsaverroes.juntadeandalucia.es\/orientadelegacionmalaga\/files\/2022\/02\/WhatsApp-Image-2022-02-09-at-2.33.06-PM-212x300.jpeg 212w, https:\/\/blogsaverroes.juntadeandalucia.es\/orientadelegacionmalaga\/files\/2022\/02\/WhatsApp-Image-2022-02-09-at-2.33.06-PM.jpeg 724w\" sizes=\"(max-width: 212px) 100vw, 212px\" \/><\/p>\n<p><a href=\"https:\/\/youtu.be\/LEJzVawPf8g\" target=\"_blank\" rel=\"noopener noreferrer\">Video anuncio<\/a><\/p>\n<p><a href=\"https:\/\/youtu.be\/l88A0DMT9TQ\" target=\"_blank\" rel=\"noopener noreferrer\">video presentaci\u00f3n<\/a><\/p>\n<p><a href=\"https:\/\/youtu.be\/kD1Lj53mDIk\" target=\"_blank\" rel=\"noopener noreferrer\">Video conclusi\u00f3n (C\u00f3mo se hizo)<\/a><\/p>\n<p>&nbsp;<\/p>\n<p><a href=\"https:\/\/youtu.be\/vG83xAzKheY\" target=\"_blank\" rel=\"noopener noreferrer\">EL ABUSO NO ES AMOR<\/a>, 9 Se\u00f1ales de alarma para detectar relaci\u00f3n abusiva &#8211; YSL y Fundaci\u00f3n Ana Bella. \u00c9stas son las 9 se\u00f1ales.<\/p>\n<p>&nbsp;<\/p>\n<p>MATERIALES<\/p>\n<p><a href=\"https:\/\/blogsaverroes.juntadeandalucia.es\/orientadelegacionmalaga\/files\/2022\/03\/Recursos-ASI.pdf\" target=\"_blank\" rel=\"noopener noreferrer\">Recursos ASI<\/a><\/p>\n<p><a href=\"https:\/\/blogsaverroes.juntadeandalucia.es\/orientadelegacionmalaga\/files\/2022\/03\/FUNDACION-ANABELLA.pdf\">FUNDACION ANABELLA<\/a><\/p>\n<p><a href=\"https:\/\/blogsaverroes.juntadeandalucia.es\/orientadelegacionmalaga\/files\/2022\/03\/Materiales-prevenci\u00f3n.pdf\">Materiales prevenci\u00f3n<\/a><\/p>\n<p>&nbsp;<\/p>\n","protected":false},"excerpt":{"rendered":"<p>RED ORIENTACI\u00d3N ASI 16.02.22 MERCEDES E IRENERED ORIENTACI\u00d3N ASI 16.02.22 MERCEDES E IRENEComo docente \/ orientador\/a, \u00bfnecesita asesoramiento? &nbsp; &nbsp; &nbsp; &nbsp; &nbsp;En caso de sospechar de que un\/a alumno\/a ha sufrido abuso y\/o&#46;&#46;&#46;<\/p>\n","protected":false},"author":8106,"featured_media":0,"parent":0,"menu_order":0,"comment_status":"closed","ping_status":"closed","template":"","meta":{"ngg_post_thumbnail":0,"footnotes":""},"aioseo_notices":[],"_links":{"self":[{"href":"https:\/\/blogsaverroes.juntadeandalucia.es\/orientadelegacionmalaga\/wp-json\/wp\/v2\/pages\/6981"}],"collection":[{"href":"https:\/\/blogsaverroes.juntadeandalucia.es\/orientadelegacionmalaga\/wp-json\/wp\/v2\/pages"}],"about":[{"href":"https:\/\/blogsaverroes.juntadeandalucia.es\/orientadelegacionmalaga\/wp-json\/wp\/v2\/types\/page"}],"author":[{"embeddable":true,"href":"https:\/\/blogsaverroes.juntadeandalucia.es\/orientadelegacionmalaga\/wp-json\/wp\/v2\/users\/8106"}],"replies":[{"embeddable":true,"href":"https:\/\/blogsaverroes.juntadeandalucia.es\/orientadelegacionmalaga\/wp-json\/wp\/v2\/comments?post=6981"}],"version-history":[{"count":8,"href":"https:\/\/blogsaverroes.juntadeandalucia.es\/orientadelegacionmalaga\/wp-json\/wp\/v2\/pages\/6981\/revisions"}],"predecessor-version":[{"id":10918,"href":"https:\/\/blogsaverroes.juntadeandalucia.es\/orientadelegacionmalaga\/wp-json\/wp\/v2\/pages\/6981\/revisions\/10918"}],"wp:attachment":[{"href":"https:\/\/blogsaverroes.juntadeandalucia.es\/orientadelegacionmalaga\/wp-json\/wp\/v2\/media?parent=6981"}],"curies":[{"name":"wp","href":"https:\/\/api.w.org\/{rel}","templated":true}]}}