{"id":7143,"date":"2019-05-15T11:19:50","date_gmt":"2019-05-15T11:19:50","guid":{"rendered":"https:\/\/www.educacionenmalaga.es\/orientamalaga\/?page_id=7143"},"modified":"2019-05-15T11:19:50","modified_gmt":"2019-05-15T11:19:50","slug":"instrumentos-de-evaluacion","status":"publish","type":"page","link":"https:\/\/blogsaverroes.juntadeandalucia.es\/orientadelegacionmalaga\/instrumentos-de-evaluacion\/","title":{"rendered":"Instrumentos de Evaluaci\u00f3n"},"content":{"rendered":"<p><strong><span style=\"color: #000000\">INSTRUMENTOS DE EVALUACI\u00d3N<\/span><\/strong><\/p>\n<ul>\n<li><span style=\"color: #3366ff\"><a style=\"color: #3366ff\" href=\"https:\/\/blogsaverroes.juntadeandalucia.es\/orientadelegacionmalaga\/files\/2019\/05\/instrumentos-propuesta-dea.pdf\" target=\"_blank\" rel=\"noopener noreferrer\">Instrumentos de evaluaci\u00f3n DEA<\/a><\/span><\/li>\n<li><span style=\"color: #3366ff\"><a style=\"color: #3366ff\" href=\"https:\/\/blogsaverroes.juntadeandalucia.es\/orientadelegacionmalaga\/files\/2019\/05\/instrumentos-evaluacion-tea.pdf\" target=\"_blank\" rel=\"noopener noreferrer\">Instrumentos de evaluaci\u00f3n TEA<\/a><\/span><\/li>\n<li><span style=\"color: #3366ff\"><a style=\"color: #3366ff\" href=\"https:\/\/blogsaverroes.juntadeandalucia.es\/orientadelegacionmalaga\/files\/2019\/05\/instrumentos-eval-eoee-tgc-y-tdah.pdf\" target=\"_blank\" rel=\"noopener noreferrer\">Instrumentos de evaluaci\u00f3n TGC y TDAH<\/a><\/span><\/li>\n<li><span style=\"color: #3366ff\"><a style=\"color: #3366ff\" href=\"https:\/\/blogsaverroes.juntadeandalucia.es\/orientadelegacionmalaga\/files\/2019\/05\/instrum-eval-psic-atencion-temprana.pdf\" target=\"_blank\" rel=\"noopener noreferrer\">Instrumentos de evaluaci\u00f3n Atenci\u00f3n Temprana<\/a><\/span><\/li>\n<li><span style=\"color: #3366ff\"><a style=\"color: #3366ff\" href=\"https:\/\/blogsaverroes.juntadeandalucia.es\/orientadelegacionmalaga\/files\/2019\/05\/instrumentos-de-ev-aaccii.pdf\" target=\"_blank\" rel=\"noopener noreferrer\">Instrumentos de evaluaci\u00f3n AACC<\/a><\/span><\/li>\n<li><span style=\"color: #3366ff\"><a style=\"color: #3366ff\" href=\"https:\/\/blogsaverroes.juntadeandalucia.es\/orientadelegacionmalaga\/files\/2019\/05\/pruebas-evaluacion-eoee-diversidad-funcional-motora.pdf\" target=\"_blank\" rel=\"noopener noreferrer\">Instrumentos de evaluaci\u00f3n Diversidad Funcional Motora<\/a><\/span><\/li>\n<\/ul>\n<p>&nbsp;<\/p>\n","protected":false},"excerpt":{"rendered":"<p>INSTRUMENTOS DE EVALUACI\u00d3N Instrumentos de evaluaci\u00f3n DEA Instrumentos de evaluaci\u00f3n TEA Instrumentos de evaluaci\u00f3n TGC y TDAH Instrumentos de evaluaci\u00f3n Atenci\u00f3n Temprana Instrumentos de evaluaci\u00f3n AACC Instrumentos de evaluaci\u00f3n Diversidad Funcional Motora &nbsp;<\/p>\n","protected":false},"author":8106,"featured_media":0,"parent":0,"menu_order":0,"comment_status":"closed","ping_status":"closed","template":"","meta":{"ngg_post_thumbnail":0,"footnotes":""},"aioseo_notices":[],"_links":{"self":[{"href":"https:\/\/blogsaverroes.juntadeandalucia.es\/orientadelegacionmalaga\/wp-json\/wp\/v2\/pages\/7143"}],"collection":[{"href":"https:\/\/blogsaverroes.juntadeandalucia.es\/orientadelegacionmalaga\/wp-json\/wp\/v2\/pages"}],"about":[{"href":"https:\/\/blogsaverroes.juntadeandalucia.es\/orientadelegacionmalaga\/wp-json\/wp\/v2\/types\/page"}],"author":[{"embeddable":true,"href":"https:\/\/blogsaverroes.juntadeandalucia.es\/orientadelegacionmalaga\/wp-json\/wp\/v2\/users\/8106"}],"replies":[{"embeddable":true,"href":"https:\/\/blogsaverroes.juntadeandalucia.es\/orientadelegacionmalaga\/wp-json\/wp\/v2\/comments?post=7143"}],"version-history":[{"count":0,"href":"https:\/\/blogsaverroes.juntadeandalucia.es\/orientadelegacionmalaga\/wp-json\/wp\/v2\/pages\/7143\/revisions"}],"wp:attachment":[{"href":"https:\/\/blogsaverroes.juntadeandalucia.es\/orientadelegacionmalaga\/wp-json\/wp\/v2\/media?parent=7143"}],"curies":[{"name":"wp","href":"https:\/\/api.w.org\/{rel}","templated":true}]}}