{"id":7145,"date":"2019-05-15T11:20:14","date_gmt":"2019-05-15T11:20:14","guid":{"rendered":"https:\/\/www.educacionenmalaga.es\/orientamalaga\/?page_id=7145"},"modified":"2019-05-15T11:20:14","modified_gmt":"2019-05-15T11:20:14","slug":"informe-de-evaluacion-psicopedagogica","status":"publish","type":"page","link":"https:\/\/blogsaverroes.juntadeandalucia.es\/orientadelegacionmalaga\/informe-de-evaluacion-psicopedagogica\/","title":{"rendered":"Informe de Evaluaci\u00f3n psicopedag\u00f3gica"},"content":{"rendered":"<p><strong><span style=\"color: #000000\">INFORME DE EVALUACI\u00d3N PSICOPEDAG\u00d3GICA<\/span><\/strong><\/p>\n<p>&nbsp;<\/p>\n<p style=\"text-align: justify\"><span style=\"color: #000000\">La evaluaci\u00f3n psicopedag\u00f3gica es una de las funciones de los orientadores\/as educativos. Est\u00e1 regulada en el <span style=\"color: #3366ff\"><a style=\"color: #3366ff\" href=\"https:\/\/juntadeandalucia.es\/boja\/2002\/58\/3\" target=\"_blank\" rel=\"noopener noreferrer\">Decreto 147\/2002<\/a>,<\/span> as\u00ed como en la<span style=\"color: #3366ff\"><a style=\"color: #3366ff\" href=\"https:\/\/juntadeandalucia.es\/boja\/2002\/125\/4\" target=\"_blank\" rel=\"noopener noreferrer\"> Orden 19 septiembre de 2002.<\/a><\/span><\/span><\/p>\n<p style=\"text-align: justify\"><span style=\"color: #000000\">En las <span style=\"color: #3366ff\"><a style=\"color: #3366ff\" href=\"https:\/\/www.adideandalucia.es\/normas\/instruc\/Instrucciones8marzo2017ActualizacionProtocoloNEAE.pdf\" target=\"_blank\" rel=\"noopener noreferrer\">Instrucciones de 8 de marzo de 2017<\/a><\/span>, apartado 3 (23-36) se describe en qu\u00e9 consiste, qu\u00e9 profesionales intervienen, cu\u00e1ndo procede la evaluaci\u00f3n y revisi\u00f3n de informe, el procedimiento a seguir antes, durante y al finalizar el mismo. Es importante atender a este procedimiento y los plazos establecidos, para informar a las familias (ambos progenitores en caso de separaci\u00f3n\/divorcio) y ante posibles discrepancias. El no seguir estas Instrucciones podr\u00eda conllevar\u00a0 errores que ir\u00edan en detrimento del orientador\/a ante posibles reclamaciones.<\/span><\/p>\n<p style=\"text-align: justify\"><span style=\"color: #000000\">El informe psicopedag\u00f3gico es el paso previo a un Dictamen de escolarizaci\u00f3n, cuando \u00e9ste proceda, regulado en la misma normativa. El Dictamen es elaborado por el\/la orientador\/a de referencia del E.O.E. de la zona del centro, por lo que, en caso de no ser el\/la mismo profesional que realice la evaluaci\u00f3n psicopedag\u00f3gica, se deben coordinar ambos procesos y profesionales.<\/span><\/p>\n<p style=\"text-align: justify\"><span style=\"color: #000000\">Para realizar una evaluaci\u00f3n psicopedag\u00f3gica, se considera pertinente reflexionar acerca de las siguientes cuestiones:<\/span><\/p>\n<ol>\n<li style=\"text-align: justify\"><span style=\"color: #000000\">\u00bf<strong>Qu\u00e9 sentido tiene<\/strong> la evaluaci\u00f3n psicopedag\u00f3gica en el proceso ense\u00f1anza-aprendizaje?<\/span><\/li>\n<li style=\"text-align: justify\"><span style=\"color: #000000\">\u00bf<strong>Cu\u00e1ndo<\/strong> <strong>procede<\/strong> la evaluci\u00f3n psicopedag\u00f3gica? <strong>CRITERIOS<\/strong><\/span><\/li>\n<li style=\"text-align: justify\"><span style=\"color: #000000\">Evaluaci\u00f3n psicopedag\u00f3gica vs. Informe cl\u00ednico psicol\u00f3gico. \u00bfCu\u00e1les son las diferencias?<\/span><\/li>\n<li><span style=\"color: #000000\">Hay un <strong>informe externo<\/strong> (ej. Informe de pediatra con impresi\u00f3n diagn\u00f3stica \u201cTDAH\u201d, \u00bfcorresponde el IEP con NEAE ASOCIADAS A TDAH\u201d, necesariamente? (apart.2.3.1.2., pag.19)<\/span><\/li>\n<li><strong><span style=\"color: #000000\">\u00bfQu\u00e9 necesito saber o evaluar?<\/span><\/strong><\/li>\n<li><span style=\"color: #000000\">Para conocer esos distintos aspectos, factores (contexto educativo, familiar, personal, social\u2026):<\/span><\/li>\n<\/ol>\n<p style=\"text-align: justify\"><span style=\"color: #000000\">\u00bfQu\u00e9 instrumentos de evaluaci\u00f3n utilizo? <strong>CRITERIOS T\u00c9CNICOS PARA UTILIZAR INSTRUMENTOS<\/strong> (cualitativos y estandarizados)<span style=\"color: #3366ff\"> <a style=\"color: #3366ff\" href=\"https:\/\/www.educacionenmalaga.es\/orientamalaga\/instrumentos-de-evaluacion\/\" target=\"_blank\" rel=\"noopener noreferrer\">(V\u00e9ase instrumentos de evaluaci\u00f3n)<\/a><\/span><\/span><\/p>\n<ol style=\"text-align: justify\">\n<li><span style=\"color: #000000\"><strong>IEP: LA REDACCI\u00d3N DEL INFORME:<\/strong> \u00bfqu\u00e9 lenguaje utilizo? \u00bfDescribo \u201clo que le falta\u201d, las necesidades?, o \u00bfel potencial del alumno\/a?<\/span><\/li>\n<li><span style=\"color: #000000\"><strong>ORIENTACIONES<\/strong> AL PROFESORADO Y LA FAMILIA \u00bfPara qu\u00e9 se realiza un informe de evaluaci\u00f3n psicopedag\u00f3gica? \u00bfOfrece respuestas, recoge asesoramiento a todo el profesorado, no solo al PT\u201d, de c\u00f3mo atender al alumno\/a en el aula?<\/span><\/li>\n<li><span style=\"color: #000000\"><strong>RECURSOS ESPEC\u00cdFICOS:<\/strong> \u00bfSon siempre necesarios? \u00bfDentro o fuera del aula? \u00bfEficacia de esta medida para alcanzar mis objetivos?<\/span><\/li>\n<li><span style=\"color: #000000\"><strong>INFORMACI\u00d3N AL PROFESORADO Y FAMILIA<\/strong>: \u00bfse lee el contenido del IEP a tutor\/a, a la familia y al alumno? (p\u00e1g. 32 Instrucciones 8 marzo 2017).<\/span><\/li>\n<\/ol>\n<p style=\"text-align: justify\"><span style=\"color: #000000\">Y si est\u00e1n separados\/divorciados, \u00bfa qui\u00e9n se informa? (p\u00e1g. 28)<\/span><\/p>\n<ol>\n<li style=\"text-align: justify\"><span style=\"color: #000000\"><strong>RECLAMACI\u00d3N<\/strong>: Si muestran desacuerdo, \u00bfse les informa del proceso de reclamaci\u00f3n? \u00bfPlazo? (p\u00e1g. 33)-<\/span><\/li>\n<\/ol>\n","protected":false},"excerpt":{"rendered":"<p>INFORME DE EVALUACI\u00d3N PSICOPEDAG\u00d3GICA &nbsp; La evaluaci\u00f3n psicopedag\u00f3gica es una de las funciones de los orientadores\/as educativos. Est\u00e1 regulada en el Decreto 147\/2002, as\u00ed como en la Orden 19 septiembre de 2002. En las&#46;&#46;&#46;<\/p>\n","protected":false},"author":8106,"featured_media":0,"parent":0,"menu_order":0,"comment_status":"closed","ping_status":"closed","template":"","meta":{"ngg_post_thumbnail":0,"footnotes":""},"aioseo_notices":[],"_links":{"self":[{"href":"https:\/\/blogsaverroes.juntadeandalucia.es\/orientadelegacionmalaga\/wp-json\/wp\/v2\/pages\/7145"}],"collection":[{"href":"https:\/\/blogsaverroes.juntadeandalucia.es\/orientadelegacionmalaga\/wp-json\/wp\/v2\/pages"}],"about":[{"href":"https:\/\/blogsaverroes.juntadeandalucia.es\/orientadelegacionmalaga\/wp-json\/wp\/v2\/types\/page"}],"author":[{"embeddable":true,"href":"https:\/\/blogsaverroes.juntadeandalucia.es\/orientadelegacionmalaga\/wp-json\/wp\/v2\/users\/8106"}],"replies":[{"embeddable":true,"href":"https:\/\/blogsaverroes.juntadeandalucia.es\/orientadelegacionmalaga\/wp-json\/wp\/v2\/comments?post=7145"}],"version-history":[{"count":0,"href":"https:\/\/blogsaverroes.juntadeandalucia.es\/orientadelegacionmalaga\/wp-json\/wp\/v2\/pages\/7145\/revisions"}],"wp:attachment":[{"href":"https:\/\/blogsaverroes.juntadeandalucia.es\/orientadelegacionmalaga\/wp-json\/wp\/v2\/media?parent=7145"}],"curies":[{"name":"wp","href":"https:\/\/api.w.org\/{rel}","templated":true}]}}