{"id":7173,"date":"2019-06-07T18:23:25","date_gmt":"2019-06-07T18:23:25","guid":{"rendered":"https:\/\/www.educacionenmalaga.es\/orientamalaga\/?page_id=7173"},"modified":"2024-06-26T09:28:23","modified_gmt":"2024-06-26T07:28:23","slug":"orientacion-profesional-alumnado-neae","status":"publish","type":"page","link":"https:\/\/blogsaverroes.juntadeandalucia.es\/orientadelegacionmalaga\/orientacion-profesional\/orientacion-profesional-alumnado-neae\/","title":{"rendered":"Orientaci\u00f3n profesional alumnado NEAE"},"content":{"rendered":"<ul>\n<li><span style=\"color: #0000ff\"><a style=\"color: #0000ff\" href=\"https:\/\/blogsaverroes.juntadeandalucia.es\/orientadelegacionmalaga\/files\/2018\/06\/actualizacion-guia-de-nee.pdf\" target=\"_blank\" rel=\"noopener noreferrer\">Gu\u00eda de orientaci\u00f3n para el alumnado de NEE<\/a><\/span><img loading=\"lazy\" decoding=\"async\" class=\"size-medium wp-image-8923 alignright\" src=\"https:\/\/blogsaverroes.juntadeandalucia.es\/orientadelegacionmalaga\/files\/2020\/06\/Guia-portada-212x300.jpg\" alt=\"\" width=\"212\" height=\"300\" srcset=\"https:\/\/blogsaverroes.juntadeandalucia.es\/orientadelegacionmalaga\/files\/2020\/06\/Guia-portada-212x300.jpg 212w, https:\/\/blogsaverroes.juntadeandalucia.es\/orientadelegacionmalaga\/files\/2020\/06\/Guia-portada-768x1086.jpg 768w, https:\/\/blogsaverroes.juntadeandalucia.es\/orientadelegacionmalaga\/files\/2020\/06\/Guia-portada-724x1024.jpg 724w, https:\/\/blogsaverroes.juntadeandalucia.es\/orientadelegacionmalaga\/files\/2020\/06\/Guia-portada-17x24.jpg 17w, https:\/\/blogsaverroes.juntadeandalucia.es\/orientadelegacionmalaga\/files\/2020\/06\/Guia-portada-25x36.jpg 25w, https:\/\/blogsaverroes.juntadeandalucia.es\/orientadelegacionmalaga\/files\/2020\/06\/Guia-portada-34x48.jpg 34w, https:\/\/blogsaverroes.juntadeandalucia.es\/orientadelegacionmalaga\/files\/2020\/06\/Guia-portada.jpg 1131w\" sizes=\"(max-width: 212px) 100vw, 212px\" \/><\/li>\n<\/ul>\n<p>&nbsp;<\/p>\n<ul>\n<li><a href=\"https:\/\/blogsaverroes.juntadeandalucia.es\/orientadelegacionmalaga\/files\/2019\/06\/orientacion-vocacional-neae-30-mayo-2019-iad-1.pdf\" target=\"_blank\" rel=\"noopener noreferrer\">Orientaci\u00f3n vocacional NEAE 30 mayo 2019 IAD<\/a>:&nbsp; Recogemos en una presentaci\u00f3n distintas opciones para el alumnado en edad de educaci\u00f3n secundaria post-obligatoria que presenta necesidades espec\u00edficas de apoyo educativo. Este alumnado es el que mayor riesgo de finalizar su formaci\u00f3n acad\u00e9mica sin alcanzar los objetivos de la etapa de E.S.O. o, posteriormente, de formaci\u00f3n profesional o Bachillerato. Se recogen en la <strong>presentaci\u00f3n<\/strong> distintas opciones dentro del sistema educativo. Fuente: Coordinadora del \u00c1rea de Orientaci\u00f3n vocacional del ETPOEP M\u00e1laga. 30 mayo 2019.<\/li>\n<\/ul>\n<p>&nbsp;<\/p>\n<ul>\n<li><strong>RECURSOS DE ORIENTACI\u00d3N LABORAL PARA PERSONAS CON DISCAPACIDAD:<\/strong>&nbsp;<img loading=\"lazy\" decoding=\"async\" class=\"size-medium wp-image-7174 alignright\" src=\"https:\/\/blogsaverroes.juntadeandalucia.es\/orientadelegacionmalaga\/files\/2019\/06\/inclusion-300x168.jpg\" alt=\"\" width=\"300\" height=\"168\" srcset=\"https:\/\/blogsaverroes.juntadeandalucia.es\/orientadelegacionmalaga\/files\/2019\/06\/inclusion.jpg 300w, https:\/\/blogsaverroes.juntadeandalucia.es\/orientadelegacionmalaga\/files\/2019\/06\/inclusion-24x13.jpg 24w, https:\/\/blogsaverroes.juntadeandalucia.es\/orientadelegacionmalaga\/files\/2019\/06\/inclusion-36x20.jpg 36w, https:\/\/blogsaverroes.juntadeandalucia.es\/orientadelegacionmalaga\/files\/2019\/06\/inclusion-48x27.jpg 48w\" sizes=\"(max-width: 300px) 100vw, 300px\" \/>\n<ul>\n<li><a href=\"https:\/\/juntadeandalucia.es\/organismos\/empleoformacionytrabajoautonomo\/sae\/areas\/mejora-empleabilidad\/andalucia-orienta.html\" target=\"_blank\" rel=\"noopener noreferrer\">ANDALUC\u00cdA ORIENTA<\/a> <strong>M\u00e1laga<\/strong><br \/>\n<a href=\"https:\/\/www.google.es\/maps\/place\/Av.+de+Juan+XXIII,+82,+29006+M%C3%A1laga\/@36.7134822,-4.4494169,17z\/data=!3m1!4b1!4m5!3m4!1s0xd72f771bb3d9ff3:0x16f7d5ca8eb711b9!8m2!3d36.7134779!4d-4.4472282?hl=es\">Servicio Andaluz de Empleo Avda. Juan XXIII, n\u00ba 82. 29006 M\u00e1laga<\/a>. Tfno.: 951 918 992 y 677902571; email: <a href=\"mailto:cro.ma.sae@juntadeandalucia.es\" target=\"_blank\" rel=\"noopener noreferrer\">cro.ma.sae@juntadeandalucia.es<\/a><\/li>\n<li><a href=\"http:\/\/web.sae.junta-andalucia.es\/servicioandaluzdeempleo\/web\/mapaEmpleabilidad\/\" target=\"_blank\" rel=\"noopener noreferrer\">\u00bfD\u00f3nde est\u00e1n los Servicios Orienta m\u00e1s cercanos? <\/a><\/li>\n<li><a href=\"https:\/\/www.insertaempleo.es\/\" target=\"_blank\" rel=\"noopener noreferrer\">INSERTA<\/a> (Fundaci\u00f3n ONCE)\n<ul>\n<li><a href=\"https:\/\/www.portalento.es\/\" target=\"_blank\" rel=\"noopener noreferrer\">PROGRAMA POR TALENTO<\/a>. Tel\u00e9fono: <strong>952 34 66 15. <\/strong>Persona de referencia: D. \u00c1ngel Ruiz Berm\u00fadez. Consultor RRHH de la Fundaci\u00f3n.&nbsp;\n<ul>\n<li>Requisitos: 16-29 a\u00f1os, Certificado de discapacidad, estar inscrito como desempleado y en Programa de garant\u00eda juvenil.&nbsp;<\/li>\n<\/ul>\n<\/li>\n<\/ul>\n<\/li>\n<li><a href=\"https:\/\/juntadeandalucia.es\/organismos\/empleoformacionytrabajoautonomo\/sae\/areas\/mejora-empleabilidad\/centros-especiales.html\" target=\"_blank\" rel=\"noopener noreferrer\">CENTROS ESPECIALES DE EMPLEO<\/a>&nbsp;<\/li>\n<li><a href=\"https:\/\/juntadeandalucia.es\/organismos\/empleoformacionytrabajoautonomo\/sae\/areas\/mejora-empleabilidad.html\" target=\"_blank\" rel=\"noopener noreferrer\">OTROS RECURSOS DE LA CONSEJER\u00cdA DE EMPLEO<\/a><\/li>\n<\/ul>\n<\/li>\n<\/ul>\n<p>&nbsp;<\/p>\n","protected":false},"excerpt":{"rendered":"<p>Gu\u00eda de orientaci\u00f3n para el alumnado de NEE &nbsp; Orientaci\u00f3n vocacional NEAE 30 mayo 2019 IAD:&nbsp; Recogemos en una presentaci\u00f3n distintas opciones para el alumnado en edad de educaci\u00f3n secundaria post-obligatoria que presenta necesidades&#46;&#46;&#46;<\/p>\n","protected":false},"author":8106,"featured_media":0,"parent":1553,"menu_order":0,"comment_status":"closed","ping_status":"closed","template":"","meta":{"ngg_post_thumbnail":0,"footnotes":""},"aioseo_notices":[],"_links":{"self":[{"href":"https:\/\/blogsaverroes.juntadeandalucia.es\/orientadelegacionmalaga\/wp-json\/wp\/v2\/pages\/7173"}],"collection":[{"href":"https:\/\/blogsaverroes.juntadeandalucia.es\/orientadelegacionmalaga\/wp-json\/wp\/v2\/pages"}],"about":[{"href":"https:\/\/blogsaverroes.juntadeandalucia.es\/orientadelegacionmalaga\/wp-json\/wp\/v2\/types\/page"}],"author":[{"embeddable":true,"href":"https:\/\/blogsaverroes.juntadeandalucia.es\/orientadelegacionmalaga\/wp-json\/wp\/v2\/users\/8106"}],"replies":[{"embeddable":true,"href":"https:\/\/blogsaverroes.juntadeandalucia.es\/orientadelegacionmalaga\/wp-json\/wp\/v2\/comments?post=7173"}],"version-history":[{"count":7,"href":"https:\/\/blogsaverroes.juntadeandalucia.es\/orientadelegacionmalaga\/wp-json\/wp\/v2\/pages\/7173\/revisions"}],"predecessor-version":[{"id":11681,"href":"https:\/\/blogsaverroes.juntadeandalucia.es\/orientadelegacionmalaga\/wp-json\/wp\/v2\/pages\/7173\/revisions\/11681"}],"up":[{"embeddable":true,"href":"https:\/\/blogsaverroes.juntadeandalucia.es\/orientadelegacionmalaga\/wp-json\/wp\/v2\/pages\/1553"}],"wp:attachment":[{"href":"https:\/\/blogsaverroes.juntadeandalucia.es\/orientadelegacionmalaga\/wp-json\/wp\/v2\/media?parent=7173"}],"curies":[{"name":"wp","href":"https:\/\/api.w.org\/{rel}","templated":true}]}}