{"id":7284,"date":"2019-09-19T11:32:41","date_gmt":"2019-09-19T11:32:41","guid":{"rendered":"https:\/\/www.educacionenmalaga.es\/orientamalaga\/?page_id=7284"},"modified":"2020-09-14T13:43:38","modified_gmt":"2020-09-14T11:43:38","slug":"becas-neae-del-ministerio-educacion-y-fp","status":"publish","type":"page","link":"https:\/\/blogsaverroes.juntadeandalucia.es\/orientadelegacionmalaga\/becas-neae-del-ministerio-educacion-y-fp\/","title":{"rendered":"Becas NEAE del Ministerio Educaci\u00f3n y FP"},"content":{"rendered":"<p>Becas del Ministerio de Educaci\u00f3n para alumnado con necesidades espec\u00edficas de apoyo educativo. <span style=\"color: #0000ff\"><a style=\"color: #0000ff\" href=\"http:\/\/www.educacionyfp.gob.es\/contenidos\/estudiantes\/educacion-infantil\/becas-ayudas-premios\/necesidad-especifica-apoyo-educativo.html\" target=\"_blank\" rel=\"noopener noreferrer\">Abrir enlace: abierto plazo hasta <\/a><\/span><a style=\"color: #0000ff\" href=\"http:\/\/www.educacionyfp.gob.es\/contenidos\/estudiantes\/educacion-infantil\/becas-ayudas-premios\/necesidad-especifica-apoyo-educativo.html\" target=\"_blank\" rel=\"noopener noreferrer\">30 de septiembre.<\/a><\/p>\n<ul>\n<li>Para el caso de presentar necesidad espec\u00edfica de apoyo educativo derivada de&nbsp;<strong>discapacidad o trastorno grave de conducta<\/strong>, se requerir\u00e1 acreditarlo por alguna de las siguientes v\u00edas:\n<ul>\n<li><strong>Certificado de un equipo de valoraci\u00f3n y orientaci\u00f3n&nbsp;<\/strong>de un centro base del Instituto de Mayores y de Servicios Sociales u \u00f3rgano correspondiente de la comunidad aut\u00f3noma.<\/li>\n<li><strong>Certificado de un equipo de orientaci\u00f3n educativa y psicopedag\u00f3gica <\/strong>o del departamento de orientaci\u00f3n dependientes de la administraci\u00f3n educativa correspondiente.<\/li>\n<li><strong>Certificado de discapacidad<\/strong>.<\/li>\n<\/ul>\n<\/li>\n<\/ul>\n<ul>\n<li><span style=\"color: #ff0000\">Si el solicitante requiere ayuda para&nbsp;<strong>reeducaci\u00f3n pedag\u00f3gica o del lenguaje<\/strong>, se requerir\u00e1, adem\u00e1s de la anterior, la siguiente documentaci\u00f3n:<\/span>\n<ul>\n<li><strong>Certificaci\u00f3n expedida por el inspector de la zona&nbsp;<\/strong>en la que se acredite la necesidad de recibir estos tratamientos por la inexistencia o insuficiencia de la atenci\u00f3n pedag\u00f3gica proporcionada por el centro en el que est\u00e1 escolarizado el alumno solicitante y la inviabilidad de matriculaci\u00f3n del alumno solicitante en un centro que disponga del servicio de reeducaci\u00f3n requerido.<\/li>\n<li><strong>Informe espec\u00edfico del equipo de orientaci\u00f3n educativa y psicopedag\u00f3gica o del departamento de orientaci\u00f3n : <\/strong>en el que se detalle la asistencia educativa y las horas semanales que se consideren necesarias para su correcci\u00f3n, as\u00ed como, en su caso, las prestadas por el centro, la duraci\u00f3n previsible de la misma y las condiciones que garanticen su prestaci\u00f3n <span style=\"color: #ff0000\"><strong>(CUMPLIMENTAR LA HOJA RECOGIDA EN LA PROPIA BECA, NO ES NECESARIO \u00abINFORME\u00bb en \u00abdocumento adjunto\u00bb).<\/strong><\/span><\/li>\n<li><strong>Memoria expedida por el centro o reeducador&nbsp;<\/strong>que preste el servicio en la que conste informaci\u00f3n detallada de las caracter\u00edsticas del mismo, incluyendo n\u00famero de horas semanales y especialista que lo presta as\u00ed como del coste mensual.<\/li>\n<li><strong>Declaraci\u00f3n responsable&nbsp;<\/strong>de la persona que imparta la reeducaci\u00f3n pedag\u00f3gica o del lenguaje de que re\u00fane los requisitos de formaci\u00f3n establecidos en la convocatoria.<\/li>\n<\/ul>\n<\/li>\n<\/ul>\n<ul>\n<li>Si la unidad familiar superara los l\u00edmites econ\u00f3micos establecidos en la convocatoria para las ayudas directas, pero tuviera la condici\u00f3n de familia numerosa, la unidad de becas que tramite su solicitud podr\u00e1 proponer de oficio la concesi\u00f3n de subsidio; en ese caso, se requerir\u00e1 presentar la documentaci\u00f3n que demuestre dicha condici\u00f3n de familia numerosa a 31 de diciembre de 2018.<\/li>\n<\/ul>\n<ul>\n<li>Para el caso de presentar necesidad espec\u00edfica de apoyo educativo asociado a&nbsp;<strong>altas capacidades intelectuales<\/strong>:\n<ul>\n<li><strong>Certificado de un equipo de orientaci\u00f3n educativa y psicopedag\u00f3gica o del departamento de orientaci\u00f3n&nbsp;<\/strong>dependiente de la administraci\u00f3n educativa correspondiente (El EOE\/DO&nbsp; cumplimentar\u00e1n&nbsp;<\/li>\n<li><strong>Memoria expedida por el centro o el reeducador&nbsp;<\/strong>que preste el servicio en la que conste las caracter\u00edsticas de dicho servicio, as\u00ed como las horas semanales, el especialista que lo presta y el coste.<\/li>\n<\/ul>\n<\/li>\n<\/ul>\n<p>&nbsp;<\/p>\n","protected":false},"excerpt":{"rendered":"<p>Becas del Ministerio de Educaci\u00f3n para alumnado con necesidades espec\u00edficas de apoyo educativo. Abrir enlace: abierto plazo hasta 30 de septiembre. Para el caso de presentar necesidad espec\u00edfica de apoyo educativo derivada de&nbsp;discapacidad o&#46;&#46;&#46;<\/p>\n","protected":false},"author":8106,"featured_media":0,"parent":0,"menu_order":0,"comment_status":"closed","ping_status":"closed","template":"","meta":{"ngg_post_thumbnail":0,"footnotes":""},"aioseo_notices":[],"_links":{"self":[{"href":"https:\/\/blogsaverroes.juntadeandalucia.es\/orientadelegacionmalaga\/wp-json\/wp\/v2\/pages\/7284"}],"collection":[{"href":"https:\/\/blogsaverroes.juntadeandalucia.es\/orientadelegacionmalaga\/wp-json\/wp\/v2\/pages"}],"about":[{"href":"https:\/\/blogsaverroes.juntadeandalucia.es\/orientadelegacionmalaga\/wp-json\/wp\/v2\/types\/page"}],"author":[{"embeddable":true,"href":"https:\/\/blogsaverroes.juntadeandalucia.es\/orientadelegacionmalaga\/wp-json\/wp\/v2\/users\/8106"}],"replies":[{"embeddable":true,"href":"https:\/\/blogsaverroes.juntadeandalucia.es\/orientadelegacionmalaga\/wp-json\/wp\/v2\/comments?post=7284"}],"version-history":[{"count":3,"href":"https:\/\/blogsaverroes.juntadeandalucia.es\/orientadelegacionmalaga\/wp-json\/wp\/v2\/pages\/7284\/revisions"}],"predecessor-version":[{"id":9060,"href":"https:\/\/blogsaverroes.juntadeandalucia.es\/orientadelegacionmalaga\/wp-json\/wp\/v2\/pages\/7284\/revisions\/9060"}],"wp:attachment":[{"href":"https:\/\/blogsaverroes.juntadeandalucia.es\/orientadelegacionmalaga\/wp-json\/wp\/v2\/media?parent=7284"}],"curies":[{"name":"wp","href":"https:\/\/api.w.org\/{rel}","templated":true}]}}