{"id":7299,"date":"2019-09-19T22:01:58","date_gmt":"2019-09-19T22:01:58","guid":{"rendered":"https:\/\/www.educacionenmalaga.es\/orientamalaga\/?page_id=7299"},"modified":"2019-09-19T22:01:58","modified_gmt":"2019-09-19T22:01:58","slug":"planes-y-programas","status":"publish","type":"page","link":"https:\/\/blogsaverroes.juntadeandalucia.es\/orientadelegacionmalaga\/planes-y-programas\/","title":{"rendered":"Planes y programas"},"content":{"rendered":"<p><a href=\"https:\/\/blogsaverroes.juntadeandalucia.es\/orientadelegacionmalaga\/files\/2019\/09\/planesyprogramas.png\"><img loading=\"lazy\" decoding=\"async\" class=\"size-medium wp-image-7300 alignleft\" src=\"https:\/\/blogsaverroes.juntadeandalucia.es\/orientadelegacionmalaga\/files\/2019\/09\/planesyprogramas-300x122.png\" alt=\"\" width=\"300\" height=\"122\" srcset=\"https:\/\/blogsaverroes.juntadeandalucia.es\/orientadelegacionmalaga\/files\/2019\/09\/planesyprogramas-300x122.png 300w, https:\/\/blogsaverroes.juntadeandalucia.es\/orientadelegacionmalaga\/files\/2019\/09\/planesyprogramas-24x10.png 24w, https:\/\/blogsaverroes.juntadeandalucia.es\/orientadelegacionmalaga\/files\/2019\/09\/planesyprogramas-36x15.png 36w, https:\/\/blogsaverroes.juntadeandalucia.es\/orientadelegacionmalaga\/files\/2019\/09\/planesyprogramas-48x19.png 48w, https:\/\/blogsaverroes.juntadeandalucia.es\/orientadelegacionmalaga\/files\/2019\/09\/planesyprogramas.png 370w\" sizes=\"(max-width: 300px) 100vw, 300px\" \/><\/a><\/p>\n<p>A partir del curso 19-20, podemos distinguir:<\/p>\n<ul id=\"aui_3_2_0_1148\" class=\"layouts level-1\">\n<li class=\"\"><em><span style=\"color: #0000ff\"><a class=\"\" style=\"color: #0000ff\" href=\"http:\/\/www.juntadeandalucia.es\/educacion\/webportal\/web\/planes-y-programas\/programas-para-la-innovacion-educativa\" target=\"_blank\" rel=\"noopener noreferrer\">Programas para la Innovaci\u00f3n Educativa<\/a>.<\/span><\/em><\/li>\n<\/ul>\n<ul>\n<li style=\"list-style-type: none\">\n<ul>\n<li style=\"list-style-type: none\">\n<ul>\n<li style=\"list-style-type: none\"><\/li>\n<\/ul>\n<\/li>\n<\/ul>\n<\/li>\n<\/ul>\n<ul id=\"aui_3_2_0_1148\" class=\"layouts level-1\">\n<li class=\"\"><em><span style=\"color: #0000ff\"><a class=\"\" style=\"color: #0000ff\" href=\"http:\/\/www.juntadeandalucia.es\/educacion\/webportal\/web\/planes-y-programas\/planes-educativos\" target=\"_blank\" rel=\"noopener noreferrer\">Planes Educativos<\/a><\/span><\/em><\/li>\n<li class=\"\"><em><span style=\"color: #0000ff\"><a class=\"\" style=\"color: #0000ff\" href=\"http:\/\/www.juntadeandalucia.es\/educacion\/webportal\/web\/planes-y-programas\/conmemoraciones\" target=\"_blank\" rel=\"noopener noreferrer\">Conmemoraciones<\/a><\/span><\/em><\/li>\n<\/ul>\n<p>&nbsp;<\/p>\n<p>En la web de <a href=\"http:\/\/www.juntadeandalucia.es\/educacion\/webportal\/web\/planes-y-programas\" target=\"_blank\" rel=\"noopener noreferrer\">PLANES Y PROGRAMAS<\/a>, tienes toda la informaci\u00f3n de:<\/p>\n<p><span style=\"color: #800080\"><strong>Plazos<\/strong>: 1-30 de septiembre.<\/span> El Director\/a del centro tiene que solicitarlo v\u00eda S\u00e9neca, y asignar el Coordinador\/a.<\/p>\n<p><span style=\"color: #800080\"><a style=\"color: #800080\" href=\"http:\/\/www.juntadeandalucia.es\/educacion\/webportal\/web\/planes-y-programas\/gestion-en-seneca\" target=\"_blank\" rel=\"noopener noreferrer\"><strong>Gesti\u00f3n en S\u00e9neca<\/strong><\/a>:<\/span> solicitudes, perfiles, participantes, coordinaci\u00f3n, seguimiento, evaluaci\u00f3n y certificaci\u00f3n.<\/p>\n<p>&nbsp;<\/p>\n<p><em><strong>Como orientador\/a de un centro<\/strong><\/em>, ya sea de EOE o Departamento de Orientaci\u00f3n, puedes formar parte del profesorado participante o coordinador de un plan o programa educativo, como herramientas para la innovaci\u00f3n y la mejora de la calidad educativa. Si tienes dudas, ponte en contacto con la persona de la Delegaci\u00f3n responsable de cada uno de esos programas. Si no sabes qui\u00e9n es, escribe al email: <strong><span style=\"color: #0000ff\">planesyprogramas.dpma.ced@juntadeandalucia.es<\/span><\/strong><\/p>\n<p>&nbsp;<\/p>\n","protected":false},"excerpt":{"rendered":"<p>A partir del curso 19-20, podemos distinguir: Programas para la Innovaci\u00f3n Educativa. Planes Educativos Conmemoraciones &nbsp; En la web de PLANES Y PROGRAMAS, tienes toda la informaci\u00f3n de: Plazos: 1-30 de septiembre. El Director\/a&#46;&#46;&#46;<\/p>\n","protected":false},"author":8106,"featured_media":0,"parent":0,"menu_order":0,"comment_status":"closed","ping_status":"closed","template":"","meta":{"ngg_post_thumbnail":0,"footnotes":""},"aioseo_notices":[],"_links":{"self":[{"href":"https:\/\/blogsaverroes.juntadeandalucia.es\/orientadelegacionmalaga\/wp-json\/wp\/v2\/pages\/7299"}],"collection":[{"href":"https:\/\/blogsaverroes.juntadeandalucia.es\/orientadelegacionmalaga\/wp-json\/wp\/v2\/pages"}],"about":[{"href":"https:\/\/blogsaverroes.juntadeandalucia.es\/orientadelegacionmalaga\/wp-json\/wp\/v2\/types\/page"}],"author":[{"embeddable":true,"href":"https:\/\/blogsaverroes.juntadeandalucia.es\/orientadelegacionmalaga\/wp-json\/wp\/v2\/users\/8106"}],"replies":[{"embeddable":true,"href":"https:\/\/blogsaverroes.juntadeandalucia.es\/orientadelegacionmalaga\/wp-json\/wp\/v2\/comments?post=7299"}],"version-history":[{"count":0,"href":"https:\/\/blogsaverroes.juntadeandalucia.es\/orientadelegacionmalaga\/wp-json\/wp\/v2\/pages\/7299\/revisions"}],"wp:attachment":[{"href":"https:\/\/blogsaverroes.juntadeandalucia.es\/orientadelegacionmalaga\/wp-json\/wp\/v2\/media?parent=7299"}],"curies":[{"name":"wp","href":"https:\/\/api.w.org\/{rel}","templated":true}]}}