{"id":7335,"date":"2019-10-11T11:52:39","date_gmt":"2019-10-11T11:52:39","guid":{"rendered":"https:\/\/www.educacionenmalaga.es\/orientamalaga\/?page_id=7335"},"modified":"2020-09-17T08:34:59","modified_gmt":"2020-09-17T06:34:59","slug":"desbloqueos-procedimiento","status":"publish","type":"page","link":"https:\/\/blogsaverroes.juntadeandalucia.es\/orientadelegacionmalaga\/desbloqueos-procedimiento\/","title":{"rendered":"DESBLOQUEOS Procedimiento"},"content":{"rendered":"<div id=\"mainscreen\">\n<div id=\"mainscreencontent\">\n<div id=\"mailview-right\">\n<div id=\"mailview-content\" class=\"uibox\" role=\"main\">\n<div id=\"messagecontent\">\n<div class=\"leftcol\" role=\"region\" aria-labelledby=\"aria-label-messagebody\">\n<div id=\"messagebody\">\n<div id=\"message-htmlpart1\" class=\"message-htmlpart\">\n<div class=\"rcmBody\">\n<div class=\"moz-cite-prefix\">&nbsp;<\/div>\n<p>En relaci\u00f3n a la solicitud de desbloqueo de<strong> Informes de Evaluaci\u00f3n Psicopedag\u00f3gica<\/strong> <strong>(IEP)<\/strong> y <strong>Dict\u00e1menes de Escolarizaci\u00f3n<\/strong> se deber\u00e1 tener en cuenta las siguientes consideraciones:<\/p>\n<p>&nbsp;<\/p>\n<ol>\n<li>Tras el desbloqueo del IEP y Dictamen la fecha y hora de nueva firma cambia, por lo que debe asegurarse que no se comenten errores que afecten al procedimiento y garantice el cumplimiento del protocolo. As\u00ed, por ejemplo, el IEP debe estar firmado antes que el Dictamen de escolarizaci\u00f3n.<\/li>\n<li>Se informar\u00e1 al centro educativo y a la familia del contenido del IEP y Dictamen firmado en \u00faltimo lugar.<\/li>\n<li>Desbloqueo de IEP: lo solicitar\u00e1 el\/la orientador\/a del centro, informando al Coordinador\/a del EOE.<\/li>\n<li>Desbloqueo de dictamen de escolarizaci\u00f3n: lo solicita el\/la coordinador\/a del EOE a petici\u00f3n motivada del Orientador\/a.<\/li>\n<\/ol>\n<p>&nbsp;<\/p>\n<p>En ambos casos, para solicitar el desbloqueo del IEP y\/o del Dictamen de escolarizaci\u00f3n, el\/la orientador\/a del centro o coordinador\/a del EOE, respectivamente, remitir\u00e1n un email desde su <strong>correo corporativo<\/strong> a <em><strong><a class=\"moz-txt-link-abbreviated\" href=\"mailto:recursostecnicos.dpma.ced@juntadeandalucia.es\" rel=\"noreferrer\">recursostecnicos.dpma.ced@juntadeandalucia.es<\/a><\/strong><\/em>, adjuntando la <b>\u00abSolicitud desbloqueo de documentos psicopedag\u00f3gicos y medidas\u00bb<\/b> propuesto por el nuevo Modelo para la Red de Orientaci\u00f3n.<\/p>\n<p>&nbsp;<\/p>\n<p>Para el desbloqueo de <strong>Adaptaciones<\/strong> (ACS, ACNS&#8230;), es necesario seguir los pasos indicados anteriormente (<strong>1 &#8211; 4<\/strong>). Igualmente, es necesario solicitar el desbloqueo de estos documentos: ACS, ACNS, ACB, ACI, ACAI y Programa Espec\u00edfico con el mismo modelo de <b>Solicitud<\/b> <b>desbloqueo<\/b> propuesto anteriormente y enviar un email desde su <strong>correo corporativo<\/strong> a <em><strong><a class=\"moz-txt-link-abbreviated\" href=\"mailto:recursostecnicos.dpma.ced@juntadeandalucia.es\" rel=\"noreferrer\">recursostecnicos.dpma.ced@juntadeandalucia.es<\/a><\/strong><\/em><\/p>\n<p>&nbsp;<\/p>\n<p>&nbsp; &nbsp; &nbsp; &nbsp; &nbsp;A continuaci\u00f3n, pueden descargar el modelo de Solicitud en el siguiente enlace:<\/p>\n<\/div>\n<\/div>\n<\/div>\n<\/div>\n<\/div>\n<\/div>\n<\/div>\n<\/div>\n<\/div>\n<p style=\"text-align: center\"><a href=\"https:\/\/blogsaverroes.juntadeandalucia.es\/orientadelegacionmalaga\/files\/2020\/09\/FormSolicitudDesbloqueoInformes.pdf\" target=\"_blank\" rel=\"noopener noreferrer\"><span style=\"color: #ff6600\">Solicitud desbloqueo de documentos psicopedag\u00f3gicos y medidas (documento pdf)<\/span><\/a><\/p>\n<p>&nbsp;<\/p>\n<p>&nbsp;<\/p>\n<p>&nbsp;<\/p>\n<p>&nbsp;<\/p>\n","protected":false},"excerpt":{"rendered":"<p>&nbsp; En relaci\u00f3n a la solicitud de desbloqueo de Informes de Evaluaci\u00f3n Psicopedag\u00f3gica (IEP) y Dict\u00e1menes de Escolarizaci\u00f3n se deber\u00e1 tener en cuenta las siguientes consideraciones: &nbsp; Tras el desbloqueo del IEP y Dictamen&#46;&#46;&#46;<\/p>\n","protected":false},"author":8106,"featured_media":0,"parent":0,"menu_order":0,"comment_status":"closed","ping_status":"closed","template":"","meta":{"ngg_post_thumbnail":0,"footnotes":""},"aioseo_notices":[],"_links":{"self":[{"href":"https:\/\/blogsaverroes.juntadeandalucia.es\/orientadelegacionmalaga\/wp-json\/wp\/v2\/pages\/7335"}],"collection":[{"href":"https:\/\/blogsaverroes.juntadeandalucia.es\/orientadelegacionmalaga\/wp-json\/wp\/v2\/pages"}],"about":[{"href":"https:\/\/blogsaverroes.juntadeandalucia.es\/orientadelegacionmalaga\/wp-json\/wp\/v2\/types\/page"}],"author":[{"embeddable":true,"href":"https:\/\/blogsaverroes.juntadeandalucia.es\/orientadelegacionmalaga\/wp-json\/wp\/v2\/users\/8106"}],"replies":[{"embeddable":true,"href":"https:\/\/blogsaverroes.juntadeandalucia.es\/orientadelegacionmalaga\/wp-json\/wp\/v2\/comments?post=7335"}],"version-history":[{"count":15,"href":"https:\/\/blogsaverroes.juntadeandalucia.es\/orientadelegacionmalaga\/wp-json\/wp\/v2\/pages\/7335\/revisions"}],"predecessor-version":[{"id":9083,"href":"https:\/\/blogsaverroes.juntadeandalucia.es\/orientadelegacionmalaga\/wp-json\/wp\/v2\/pages\/7335\/revisions\/9083"}],"wp:attachment":[{"href":"https:\/\/blogsaverroes.juntadeandalucia.es\/orientadelegacionmalaga\/wp-json\/wp\/v2\/media?parent=7335"}],"curies":[{"name":"wp","href":"https:\/\/api.w.org\/{rel}","templated":true}]}}