{"id":7355,"date":"2019-10-14T13:02:36","date_gmt":"2019-10-14T13:02:36","guid":{"rendered":"https:\/\/www.educacionenmalaga.es\/orientamalaga\/?page_id=7355"},"modified":"2019-10-14T13:02:36","modified_gmt":"2019-10-14T13:02:36","slug":"transito-entre-etapas-ed-infantil-y-e-primaria","status":"publish","type":"page","link":"https:\/\/blogsaverroes.juntadeandalucia.es\/orientadelegacionmalaga\/transito-entre-etapas-ed-infantil-y-e-primaria\/","title":{"rendered":"Tr\u00e1nsito entre etapas: Ed. Infantil y E. Primaria"},"content":{"rendered":"<p><a href=\"https:\/\/blogsaverroes.juntadeandalucia.es\/orientadelegacionmalaga\/files\/2019\/10\/ninos.jpg\"><img loading=\"lazy\" decoding=\"async\" class=\"size-medium wp-image-7358 alignright\" src=\"https:\/\/blogsaverroes.juntadeandalucia.es\/orientadelegacionmalaga\/files\/2019\/10\/ninos-300x193.jpg\" alt=\"\" width=\"300\" height=\"193\" srcset=\"https:\/\/blogsaverroes.juntadeandalucia.es\/orientadelegacionmalaga\/files\/2019\/10\/ninos-300x193.jpg 300w, https:\/\/blogsaverroes.juntadeandalucia.es\/orientadelegacionmalaga\/files\/2019\/10\/ninos-24x15.jpg 24w, https:\/\/blogsaverroes.juntadeandalucia.es\/orientadelegacionmalaga\/files\/2019\/10\/ninos-36x23.jpg 36w, https:\/\/blogsaverroes.juntadeandalucia.es\/orientadelegacionmalaga\/files\/2019\/10\/ninos-48x31.jpg 48w, https:\/\/blogsaverroes.juntadeandalucia.es\/orientadelegacionmalaga\/files\/2019\/10\/ninos.jpg 626w\" sizes=\"(max-width: 300px) 100vw, 300px\" \/><\/a><\/p>\n<ul>\n<li><a href=\"https:\/\/blogsaverroes.juntadeandalucia.es\/orientadelegacionmalaga\/files\/2019\/10\/transito-2o-ciclo-e-infantil.pdf\"><strong><span style=\"color: #0000ff\">TRANSITO 2\u00ba ciclo E INFANTIL<\/span><\/strong><\/a><\/li>\n<\/ul>\n<p style=\"padding-left: 40px\">Se adjunta PROGRAMA para facilitar el tr\u00e1nsito al 2\u00ba ciclo de E. Infantil y la acogida del alumnado al centro. Este programa ha sido desarrollado por la red de Orientaci\u00f3n de Equipos de Orientaci\u00f3n Educativa de M\u00e1laga, coordinado por el \u00e1rea de Orientaci\u00f3n vocacional y profesional del ETPOEP<\/p>\n<p>&nbsp;<\/p>\n<ul>\n<li><span style=\"color: #0000ff\"><strong>TR\u00c1NSITO E.PRIMARIA &#8211; 1\u00ba EDUCACI\u00d3N PRIMARIA:<\/strong> <\/span>\n<ul>\n<li>Se adjunta PROGRAMA que desarrollan los orientadores\/as del EOE, para facilitar el tr\u00e1nsito al 5 a\u00f1os de E. Infantil a 1\u00ba E.Primaria. Este programa ha sido desarrollado por la red de Orientaci\u00f3n de Equipos de Orientaci\u00f3n Educativa de M\u00e1laga, coordinado por el \u00e1rea de Orientaci\u00f3n vocacional y profesional del ETPOEP.\n<ul>\n<li><a href=\"https:\/\/blogsaverroes.juntadeandalucia.es\/orientadelegacionmalaga\/files\/2019\/10\/transito-ei-ep.pdf\">Programa EOE: TR\u00c1NSITO E. INFANTIL &#8211; 1\u00ba E.PRIMARIA<\/a><\/li>\n<\/ul>\n<\/li>\n<li>Programa para el centro para facilitar el tr\u00e1nsito EI-EP, elaborado por el<a href=\"https:\/\/blogsaverroes.juntadeandalucia.es\/orientajaen\/files\/2017\/09\/2.-Programa_OVP_Tr\u00e1nsito_EI-EP.pd\" target=\"_blank\" rel=\"noopener noreferrer\"> ETPOEP de Ja\u00e9n.<\/a><\/li>\n<\/ul>\n<\/li>\n<\/ul>\n","protected":false},"excerpt":{"rendered":"<p>TRANSITO 2\u00ba ciclo E INFANTIL Se adjunta PROGRAMA para facilitar el tr\u00e1nsito al 2\u00ba ciclo de E. Infantil y la acogida del alumnado al centro. Este programa ha sido desarrollado por la red de&#46;&#46;&#46;<\/p>\n","protected":false},"author":8106,"featured_media":0,"parent":0,"menu_order":0,"comment_status":"closed","ping_status":"closed","template":"","meta":{"ngg_post_thumbnail":0,"footnotes":""},"aioseo_notices":[],"_links":{"self":[{"href":"https:\/\/blogsaverroes.juntadeandalucia.es\/orientadelegacionmalaga\/wp-json\/wp\/v2\/pages\/7355"}],"collection":[{"href":"https:\/\/blogsaverroes.juntadeandalucia.es\/orientadelegacionmalaga\/wp-json\/wp\/v2\/pages"}],"about":[{"href":"https:\/\/blogsaverroes.juntadeandalucia.es\/orientadelegacionmalaga\/wp-json\/wp\/v2\/types\/page"}],"author":[{"embeddable":true,"href":"https:\/\/blogsaverroes.juntadeandalucia.es\/orientadelegacionmalaga\/wp-json\/wp\/v2\/users\/8106"}],"replies":[{"embeddable":true,"href":"https:\/\/blogsaverroes.juntadeandalucia.es\/orientadelegacionmalaga\/wp-json\/wp\/v2\/comments?post=7355"}],"version-history":[{"count":0,"href":"https:\/\/blogsaverroes.juntadeandalucia.es\/orientadelegacionmalaga\/wp-json\/wp\/v2\/pages\/7355\/revisions"}],"wp:attachment":[{"href":"https:\/\/blogsaverroes.juntadeandalucia.es\/orientadelegacionmalaga\/wp-json\/wp\/v2\/media?parent=7355"}],"curies":[{"name":"wp","href":"https:\/\/api.w.org\/{rel}","templated":true}]}}