{"id":7360,"date":"2019-10-14T13:12:53","date_gmt":"2019-10-14T13:12:53","guid":{"rendered":"https:\/\/www.educacionenmalaga.es\/orientamalaga\/?page_id=7360"},"modified":"2022-02-18T09:10:50","modified_gmt":"2022-02-18T08:10:50","slug":"transito-e-p-e-s-o-cambio-de-centro","status":"publish","type":"page","link":"https:\/\/blogsaverroes.juntadeandalucia.es\/orientadelegacionmalaga\/transito-e-p-e-s-o-cambio-de-centro\/","title":{"rendered":"Tr\u00e1nsito E. P. &#8211; E.S.O. Cambio de centro."},"content":{"rendered":"<ul>\n<li><span style=\"color: #0000ff\"><strong>PROGRAMA DE TR\u00c1NSITO 6\u00ba E.P. &#8211; 1\u00ba E.S.O. <a href=\"https:\/\/blogsaverroes.juntadeandalucia.es\/orientadelegacionmalaga\/files\/2019\/06\/inclusion.jpg\"><img loading=\"lazy\" decoding=\"async\" class=\"size-medium wp-image-7174 alignright\" src=\"https:\/\/blogsaverroes.juntadeandalucia.es\/orientadelegacionmalaga\/files\/2019\/06\/inclusion-300x168.jpg\" alt=\"\" width=\"300\" height=\"168\" srcset=\"https:\/\/blogsaverroes.juntadeandalucia.es\/orientadelegacionmalaga\/files\/2019\/06\/inclusion.jpg 300w, https:\/\/blogsaverroes.juntadeandalucia.es\/orientadelegacionmalaga\/files\/2019\/06\/inclusion-24x13.jpg 24w, https:\/\/blogsaverroes.juntadeandalucia.es\/orientadelegacionmalaga\/files\/2019\/06\/inclusion-36x20.jpg 36w, https:\/\/blogsaverroes.juntadeandalucia.es\/orientadelegacionmalaga\/files\/2019\/06\/inclusion-48x27.jpg 48w\" sizes=\"(max-width: 300px) 100vw, 300px\" \/><\/a><\/strong><\/span>\n<ul>\n<li>Para facilitar el tr\u00e1nsito entre etapas y la acogida al nuevo IES, siguiendo las <a href=\"http:\/\/www.adideandalucia.es\/normas\/instruc\/Instruccion13-2019OrganizacionESO.pdf\" target=\"_blank\" rel=\"noopener noreferrer\"><span style=\"color: #800080\">Instrucciones 13\/2019<\/span><\/a>, (I.E.S.) e <a href=\"http:\/\/www.adideandalucia.es\/normas\/instruc\/Instruccion12-2019OrganizacionPrimaria.pdf\" target=\"_blank\" rel=\"noopener noreferrer\"><span style=\"color: #800080\">Instrucciones 12\/2019<\/span> (CEIPs),<\/a> hemos elaborado un documento que ordena cronol\u00f3gicamente las actuaciones a llevar a cabo por cada uno de los centros (CEIPs adscritos) e I.E.S. de referencia:<\/li>\n<li><span style=\"color: #0000ff\"><strong><a href=\"https:\/\/blogsaverroes.juntadeandalucia.es\/orientadelegacionmalaga\/files\/2019\/10\/transito-ep-eso-2019.pdf\" target=\"_blank\" rel=\"noopener noreferrer\"><span style=\"color: #993366\"><span style=\"color: #800080\">Programa de tr\u00e1nsito 6\u00ba EP- 1\u00baESO 2019<\/span><\/span><\/a><\/strong><\/span><\/li>\n<li><strong><span style=\"color: #800080\">Documento resumen<\/span> por clase, para facilitar el tr\u00e1nsito<\/strong>. Se aporta<span style=\"color: #800080\"><strong> <a style=\"color: #800080\" href=\"https:\/\/blogsaverroes.juntadeandalucia.es\/orientadelegacionmalaga\/files\/2019\/10\/informe-transito-primaria-secundaria-tabla-resumen.pdf\" target=\"_blank\" rel=\"noopener noreferrer\">Informe transito Primaria Secundaria TABLA RESUMEN<\/a>.<\/strong> <\/span><\/li>\n<li><strong><span style=\"color: #800080\">Informe final de etapa (<a href=\"https:\/\/blogsaverroes.juntadeandalucia.es\/orientadelegacionmalaga\/files\/2019\/10\/manual-informe-individualizado-e-primaria.pdf\" target=\"_blank\" rel=\"noopener noreferrer\">Manual Informe Individualizado E PRIMARIA):<\/a><\/span><\/strong>\n<ul>\n<li><strong>CUMPLIMENTARLO<\/strong>: En S\u00e9neca, cada tutor\/a de 6\u00ba de E.P. debe cumplimentar un informe: ruta:\n<ul>\n<li>Alumnado\/Informes\/Informe personal\/Cumplimentar informe\/Curso acad\u00e9mico\/Unidad\/Informe Final de Etapa.<\/li>\n<\/ul>\n<\/li>\n<li><strong>CONSULTARLO POR EL TUTOR\/A 1\u00baESO<\/strong>: Ruta en S\u00e9neca: Alumnado\/evaluacion\/informacion sobre la evolucion educativa\/indicando curso y grupo&#8230;. En el alumno\/a seleccionar: <strong><em>Informes oficiales de evaluaci\u00f3n&#8230;. Informe individualizado de etapa&nbsp;<\/em><\/strong><\/li>\n<\/ul>\n<\/li>\n<\/ul>\n<\/li>\n<li><span style=\"color: #0000ff\"><strong>ORIENTACIONES AL PROFESORADO PARA EL TR\u00c1NSITO DE ALUMNADO NEAE:<\/strong> <\/span>\n<ul>\n<li>Para facilitar la acogida del alumnado con necesidades espec\u00edficas de apoyo educativo, la red de Orientaci\u00f3n de M\u00e1laga elabor\u00f3 en mayo de 2019 unas orientaciones al profesorado, para cada una de las necesidades, as\u00ed como unas generales para la atenci\u00f3n a la diversidad. <a href=\"https:\/\/blogsaverroes.juntadeandalucia.es\/orientadelegacionmalaga\/orientaciones-para-la-ad-tripticos\/\" target=\"_blank\" rel=\"noopener noreferrer\"><strong><em><span style=\"color: #993366\">ORIENTACIONES PARA LA ATENCI\u00d3N A LA DIVERSIDAD (tr\u00edpticos)<\/span><\/em><\/strong><\/a><\/li>\n<\/ul>\n<\/li>\n<li><strong><a href=\"https:\/\/blogsaverroes.juntadeandalucia.es\/orientadelegacionmalaga\/recursos-ovp\/\" target=\"_blank\" rel=\"noopener noreferrer\">M\u00c1S RECURSOS DE ORIENTACI\u00d3N VOCACIONAL Y PROFESIONAL PARA EL TR\u00c1NSITO<\/a><\/strong><\/li>\n<li><strong><a href=\"https:\/\/blogsaverroes.juntadeandalucia.es\/orientadelegacionmalaga\/files\/2022\/02\/SCAPE-ROOM-PARA-ALUMNOS-Y-ALUMNAS-DE-6\u00ba-ED.-PRIMARIA-AL-IES-realizado-por-el-EOE-M\u00c1LAGA-OESTE.pdf\">SCAPE ROOM PARA ALUMNOS Y ALUMNAS DE 6\u00ba ED. PRIMARIA AL IES realizado por el EOE M\u00c1LAGA OESTE<\/a><\/strong><\/li>\n<\/ul>\n<div>&nbsp;<\/div>\n<div>&nbsp;<\/div>\n<p>&nbsp;<\/p>\n","protected":false},"excerpt":{"rendered":"<p>PROGRAMA DE TR\u00c1NSITO 6\u00ba E.P. &#8211; 1\u00ba E.S.O. Para facilitar el tr\u00e1nsito entre etapas y la acogida al nuevo IES, siguiendo las Instrucciones 13\/2019, (I.E.S.) e Instrucciones 12\/2019 (CEIPs), hemos elaborado un documento que&#46;&#46;&#46;<\/p>\n","protected":false},"author":8106,"featured_media":0,"parent":0,"menu_order":0,"comment_status":"closed","ping_status":"closed","template":"","meta":{"ngg_post_thumbnail":0,"footnotes":""},"aioseo_notices":[],"_links":{"self":[{"href":"https:\/\/blogsaverroes.juntadeandalucia.es\/orientadelegacionmalaga\/wp-json\/wp\/v2\/pages\/7360"}],"collection":[{"href":"https:\/\/blogsaverroes.juntadeandalucia.es\/orientadelegacionmalaga\/wp-json\/wp\/v2\/pages"}],"about":[{"href":"https:\/\/blogsaverroes.juntadeandalucia.es\/orientadelegacionmalaga\/wp-json\/wp\/v2\/types\/page"}],"author":[{"embeddable":true,"href":"https:\/\/blogsaverroes.juntadeandalucia.es\/orientadelegacionmalaga\/wp-json\/wp\/v2\/users\/8106"}],"replies":[{"embeddable":true,"href":"https:\/\/blogsaverroes.juntadeandalucia.es\/orientadelegacionmalaga\/wp-json\/wp\/v2\/comments?post=7360"}],"version-history":[{"count":9,"href":"https:\/\/blogsaverroes.juntadeandalucia.es\/orientadelegacionmalaga\/wp-json\/wp\/v2\/pages\/7360\/revisions"}],"predecessor-version":[{"id":10839,"href":"https:\/\/blogsaverroes.juntadeandalucia.es\/orientadelegacionmalaga\/wp-json\/wp\/v2\/pages\/7360\/revisions\/10839"}],"wp:attachment":[{"href":"https:\/\/blogsaverroes.juntadeandalucia.es\/orientadelegacionmalaga\/wp-json\/wp\/v2\/media?parent=7360"}],"curies":[{"name":"wp","href":"https:\/\/api.w.org\/{rel}","templated":true}]}}