{"id":748,"date":"2013-03-14T10:19:20","date_gmt":"2013-03-14T10:19:20","guid":{"rendered":"http:\/\/www.educacionenmalaga.es\/orientamalaga\/?page_id=748"},"modified":"2020-04-15T13:27:59","modified_gmt":"2020-04-15T11:27:59","slug":"trabajosocial","status":"publish","type":"page","link":"https:\/\/blogsaverroes.juntadeandalucia.es\/orientadelegacionmalaga\/trabajosocial\/","title":{"rendered":"Equipo de Trabajo Social"},"content":{"rendered":"<p><strong>Solicitud de intervenci\u00f3n para centros educativos y otras entidades<br \/>\n<\/strong><\/p>\n<p style=\"text-align: justify\">La solicitud de intervenci\u00f3n que aparece m\u00e1s abajo es el documento que los centros educativos deben utilizar para derivar los casos al Equipo de Trabajadoras sociales que pertenece a la Delegaci\u00f3n de Educaci\u00f3n de M\u00e1laga. Forman parten del EOE Especializado, y tienen \u00e1mbito de actuaci\u00f3n provincial.<\/p>\n<p style=\"text-align: justify\">* Tel\u00e9fonos Trabajadoras sociales Delegaci\u00f3n: <strong>951038060 (corp. 938060)<\/strong><\/p>\n<p>* Tel\u00e9fonos de Trabajadoras sociales del EOE Especializado:<\/p>\n<p>&nbsp;&nbsp;&nbsp;&nbsp;&nbsp;&nbsp;&nbsp;&nbsp;&nbsp;&nbsp;&nbsp;&nbsp;&nbsp;&nbsp;&nbsp;&nbsp; &#8211; <strong>951293652 (Coorp. 973652).<\/strong><\/p>\n<p>&nbsp;&nbsp;&nbsp;&nbsp;&nbsp;&nbsp;&nbsp;&nbsp;&nbsp;&nbsp;&nbsp;&nbsp;&nbsp;&nbsp;&nbsp;&nbsp; <strong>&#8211; 951293692 (Coorp. 973692). <\/strong><\/p>\n<p><strong>&nbsp;&nbsp;&nbsp;&nbsp;&nbsp;&nbsp;&nbsp;&nbsp;&nbsp;&nbsp;&nbsp;&nbsp;&nbsp;&nbsp;&nbsp;&nbsp; &#8211; 951293693 (Coorp. 973693).<\/strong><\/p>\n<p style=\"text-align: justify\">Correo: <strong>trabajosocial.eoee.dpma.ced@juntadeandalucia.es<\/strong><\/p>\n<p style=\"text-align: justify\">Tel\u00e9fono Acoso Escolar: <strong>900 018 018<\/strong><\/p>\n<p>Tel\u00e9fono Maltrato Infantil: <strong>900 851 818<\/strong><\/p>\n<p>Tel\u00e9fono Acoso a Menores Adolescentes: <strong>900 202 010<\/strong><\/p>\n<ul>\n<li style=\"text-align: justify\"><a href=\"https:\/\/blogsaverroes.juntadeandalucia.es\/orientadelegacionmalaga\/files\/2019\/11\/solicitud-demanda-trabajo-social-2-1.odt\">Solicitud de intervenci\u00f3n<\/a>&nbsp;(editable)<\/li>\n<li style=\"text-align: justify\"><a href=\"https:\/\/blogsaverroes.juntadeandalucia.es\/orientadelegacionmalaga\/files\/2019\/11\/solicitud-demanda-trabajo-social-2-1.pdf\">Solicitud de intervenci\u00f3n<\/a>&nbsp;(pdf)<\/li>\n<li><a href=\"https:\/\/blogsaverroes.juntadeandalucia.es\/orientadelegacionmalaga\/files\/2019\/11\/diptico-ts-.pdf\">D\u00edptico Equipo de Trabajo Social<\/a><a href=\"http:\/\/orientacionmalaga.cep-marbellacoin.org\/images\/recursos\/pdf\/EOES\/Eq_Socioed\/dipteise.pdf\"><br \/>\n<\/a><\/li>\n<\/ul>\n<p style=\"text-align: justify\">El Equipo de Intervenci\u00f3n Socioeducativa del Servicio de Ordenaci\u00f3n Educativa de la Delegaci\u00f3n de Educaci\u00f3n de M\u00e1laga ha elaborado una gu\u00eda para la detecci\u00f3n del maltrato infantil. Con ella se pretende exponer de forma clara toda la informaci\u00f3n que se pueda necesitar ante el conocimiento en un centro educativo sobre alg\u00fan alumno\/a que pueda ser v\u00edctima de una situaci\u00f3n de maltrato.<\/p>\n<ul>\n<li style=\"text-align: justify\"><a href=\"https:\/\/blogsaverroes.juntadeandalucia.es\/orientadelegacionmalaga\/files\/2020\/04\/MALTRATO-INFANTIL-ACTUALIZADO-2020.pdf\" target=\"_blank\" rel=\"noopener noreferrer\">Presentaci\u00f3n: MALTRATO INFANTIL ACTUALIZADO 2020<\/a><\/li>\n<li style=\"text-align: justify\"><a href=\"https:\/\/blogsaverroes.juntadeandalucia.es\/orientadelegacionmalaga\/files\/2013\/03\/GU\u00cdA-DEL-MALTRATO-13-para-web-1.pdf\" rel=\"\">Gu\u00eda pr\u00e1ctica sobre el maltrato infantil en los centros educativos (con im\u00e1genes)<\/a><\/li>\n<li style=\"text-align: justify\"><a href=\"https:\/\/blogsaverroes.juntadeandalucia.es\/orientadelegacionmalaga\/files\/2013\/03\/guias-publicadas.pdf\">Gu\u00eda sobre maltrato infantil, violencia de g\u00e9nero y abusos sexuales<\/a><\/li>\n<li><a href=\"https:\/\/blogsaverroes.juntadeandalucia.es\/orientadelegacionmalaga\/files\/2018\/01\/guia-prevencion-ab-sex-en-centros.pdf\">Gu\u00eda prevenci\u00f3n abusos sexuales en centros educativos y residenciales<\/a><\/li>\n<li style=\"text-align: justify\"><a href=\"https:\/\/ws058.juntadeandalucia.es\/simia\/\">Hoja de notificaci\u00f3n y detecci\u00f3n del maltrato infantil (con certificado digital)<\/a><\/li>\n<li style=\"text-align: justify\"><a href=\"https:\/\/blogsaverroes.juntadeandalucia.es\/orientadelegacionmalaga\/files\/2013\/03\/Manual-para-cumplimentar-la-hoja-de-detecci\u00f3n-y-notificaci\u00f3n-del-maltrato-infantil.pdf\">Manual para cumplimentar la hoja de detecci\u00f3n y notificaci\u00f3n del maltrato infantil<\/a><\/li>\n<li><a href=\"https:\/\/blogsaverroes.juntadeandalucia.es\/orientadelegacionmalaga\/files\/2013\/03\/Directorio-entidades-y-asociaciones.pdf\">Directorio de entidades y asociaciones<\/a><\/li>\n<\/ul>\n<p>&nbsp;<\/p>\n<p><iframe loading=\"lazy\" title=\"Espiral, Fundaci\u00f3n M\u00e1rgenes y V\u00ednculos. Cortometraje dirigido por don Antonio Cansino\" width=\"500\" height=\"375\" src=\"https:\/\/www.youtube.com\/embed\/jgLmi56mYks?feature=oembed&#038;wmode=opaque\" frameborder=\"0\" allow=\"accelerometer; autoplay; clipboard-write; encrypted-media; gyroscope; picture-in-picture\" allowfullscreen><\/iframe><\/p>\n","protected":false},"excerpt":{"rendered":"<p>Solicitud de intervenci\u00f3n para centros educativos y otras entidades La solicitud de intervenci\u00f3n que aparece m\u00e1s abajo es el documento que los centros educativos deben utilizar para derivar los casos al Equipo de Trabajadoras&#46;&#46;&#46;<\/p>\n","protected":false},"author":8106,"featured_media":0,"parent":0,"menu_order":0,"comment_status":"closed","ping_status":"closed","template":"","meta":{"ngg_post_thumbnail":0,"footnotes":""},"aioseo_notices":[],"_links":{"self":[{"href":"https:\/\/blogsaverroes.juntadeandalucia.es\/orientadelegacionmalaga\/wp-json\/wp\/v2\/pages\/748"}],"collection":[{"href":"https:\/\/blogsaverroes.juntadeandalucia.es\/orientadelegacionmalaga\/wp-json\/wp\/v2\/pages"}],"about":[{"href":"https:\/\/blogsaverroes.juntadeandalucia.es\/orientadelegacionmalaga\/wp-json\/wp\/v2\/types\/page"}],"author":[{"embeddable":true,"href":"https:\/\/blogsaverroes.juntadeandalucia.es\/orientadelegacionmalaga\/wp-json\/wp\/v2\/users\/8106"}],"replies":[{"embeddable":true,"href":"https:\/\/blogsaverroes.juntadeandalucia.es\/orientadelegacionmalaga\/wp-json\/wp\/v2\/comments?post=748"}],"version-history":[{"count":4,"href":"https:\/\/blogsaverroes.juntadeandalucia.es\/orientadelegacionmalaga\/wp-json\/wp\/v2\/pages\/748\/revisions"}],"predecessor-version":[{"id":8529,"href":"https:\/\/blogsaverroes.juntadeandalucia.es\/orientadelegacionmalaga\/wp-json\/wp\/v2\/pages\/748\/revisions\/8529"}],"wp:attachment":[{"href":"https:\/\/blogsaverroes.juntadeandalucia.es\/orientadelegacionmalaga\/wp-json\/wp\/v2\/media?parent=748"}],"curies":[{"name":"wp","href":"https:\/\/api.w.org\/{rel}","templated":true}]}}