{"id":7708,"date":"2019-12-17T09:57:34","date_gmt":"2019-12-17T08:57:34","guid":{"rendered":"https:\/\/blogsaverroes.juntadeandalucia.es\/orientadelegacionmalaga\/?page_id=7708"},"modified":"2022-11-19T12:06:26","modified_gmt":"2022-11-19T11:06:26","slug":"tutoriasecundaria","status":"publish","type":"page","link":"https:\/\/blogsaverroes.juntadeandalucia.es\/orientadelegacionmalaga\/tutoriasecundaria\/","title":{"rendered":"TUTOR\u00cdAS E.S.O."},"content":{"rendered":"<p><strong>P.O.A.T. Secundaria:<img loading=\"lazy\" decoding=\"async\" class=\"size-medium wp-image-8258 alignright\" src=\"https:\/\/blogsaverroes.juntadeandalucia.es\/orientadelegacionmalaga\/files\/2020\/03\/OVP-300x225.png\" alt=\"\" width=\"300\" height=\"225\" srcset=\"https:\/\/blogsaverroes.juntadeandalucia.es\/orientadelegacionmalaga\/files\/2020\/03\/OVP-300x225.png 300w, https:\/\/blogsaverroes.juntadeandalucia.es\/orientadelegacionmalaga\/files\/2020\/03\/OVP-768x576.png 768w, https:\/\/blogsaverroes.juntadeandalucia.es\/orientadelegacionmalaga\/files\/2020\/03\/OVP-1024x768.png 1024w, https:\/\/blogsaverroes.juntadeandalucia.es\/orientadelegacionmalaga\/files\/2020\/03\/OVP-24x18.png 24w, https:\/\/blogsaverroes.juntadeandalucia.es\/orientadelegacionmalaga\/files\/2020\/03\/OVP-36x27.png 36w, https:\/\/blogsaverroes.juntadeandalucia.es\/orientadelegacionmalaga\/files\/2020\/03\/OVP-48x36.png 48w, https:\/\/blogsaverroes.juntadeandalucia.es\/orientadelegacionmalaga\/files\/2020\/03\/OVP.png 1654w\" sizes=\"(max-width: 300px) 100vw, 300px\" \/> <\/strong><\/p>\n<ul>\n<li><strong><a href=\"https:\/\/blogsaverroes.juntadeandalucia.es\/orientadelegacionmalaga\/files\/2020\/03\/POAT-OVP-Educacion-Secundaria.pdf\" target=\"_blank\" rel=\"noopener noreferrer\">POAT OVP Educacion Secundaria: Actividades\/actuaciones elaboradas por la red de Orientaci\u00f3n de M\u00e1laga &#8211; ETPOEP M\u00e1laga OVP<\/a> <\/strong>(marzo 2020).<\/li>\n<li>En este documento, tienes enlaces para materiales.&nbsp;<\/li>\n<\/ul>\n<p><span style=\"font-family: arial, helvetica, sans-serif;font-size: 12pt;color: #800080\"><strong>Acci\u00f3n tutorial en la ESO &#8211; Contenidos Digitales &#8211; <a style=\"color: #800080\" href=\"http:\/\/portalaverroes.ced.junta-andalucia.es\/educacion\/portalaverroes\/contenidosdigitales\/contenido\/ndoiand-20080602-0004-accion-tutorial-en-la-eso\" target=\"_blank\" rel=\"noopener noreferrer\">Averroes<\/a>: <\/strong><\/span><\/p>\n<p><span style=\"font-family: arial, helvetica, sans-serif;font-size: 12pt\">Es una propuesta de 12 cuadernos de actividades para la tutor\u00eda para cada uno de los niveles de la Educaci\u00f3n Secundaria Obligatoria que el tutor puede llevar a cabo con el alumnado dentro del horario lectivo. Se trata de una propuesta abierta que el tutor o tutora puede adaptar a su grupo de alumnos y alumnas.<\/span><\/p>\n<ul id=\"aui-3-2-0PR1-1271\">\n<li class=\"liTipoDocumento\"><span style=\"font-family: arial, helvetica, sans-serif;font-size: 12pt;color: #800080\"><a href=\"http:\/\/www.juntadeandalucia.es\/educacion\/portalaverroes\/documents\/10306\/251703\/NDOIAND-20080602-0004\" target=\"_blank\" rel=\"noopener noreferrer\"><span style=\"color: #0000ff\">Ac<\/span><span style=\"color: #000080\">ci\u00f3n tutorial en la ESO (Archivo Zip)<\/span><\/a><a href=\"http:\/\/www.juntadeandalucia.es\/educacion\/portals\/delegate\/content\/13983c19-620f-452a-ab12-0b44fb94368a\"><img loading=\"lazy\" decoding=\"async\" class=\"wp-image-8398 size-full alignright\" src=\"https:\/\/blogsaverroes.juntadeandalucia.es\/orientadelegacionmalaga\/files\/2020\/03\/portadacciontutorialeso.jpg\" alt=\"\" width=\"120\" height=\"170\" srcset=\"https:\/\/blogsaverroes.juntadeandalucia.es\/orientadelegacionmalaga\/files\/2020\/03\/portadacciontutorialeso.jpg 120w, https:\/\/blogsaverroes.juntadeandalucia.es\/orientadelegacionmalaga\/files\/2020\/03\/portadacciontutorialeso-17x24.jpg 17w, https:\/\/blogsaverroes.juntadeandalucia.es\/orientadelegacionmalaga\/files\/2020\/03\/portadacciontutorialeso-25x36.jpg 25w, https:\/\/blogsaverroes.juntadeandalucia.es\/orientadelegacionmalaga\/files\/2020\/03\/portadacciontutorialeso-34x48.jpg 34w\" sizes=\"(max-width: 120px) 100vw, 120px\" \/><\/a><\/span><\/li>\n<li class=\"liTipoDocumento\"><span style=\"font-family: arial, helvetica, sans-serif;font-size: 12pt;color: #000080\"><a style=\"color: #000080\" href=\"http:\/\/www.juntadeandalucia.es\/educacion\/portalaverroes\/documents\/10306\/1585186\/cuaderno_1x_eso.pdf\" target=\"_blank\" rel=\"noopener noreferrer\">Acci\u00f3n tutorial en la ESO. Cuaderno 1 ESO (pdf)<\/a><\/span><\/li>\n<li class=\"liTipoDocumento\"><span style=\"color: #000080\"><span style=\"font-family: arial, helvetica, sans-serif;font-size: 12pt\">Acci\u00f3n tutorial en la ESO. Cuaderno 2 ESO (pdf)<\/span><\/span><\/li>\n<li class=\"liTipoDocumento\"><span style=\"color: #000080\"><span style=\"font-family: arial, helvetica, sans-serif;font-size: 12pt\"><a style=\"color: #000080\" href=\"http:\/\/www.juntadeandalucia.es\/educacion\/portalaverroes\/documents\/10306\/1585186\/cuaderno_3x_eso.pdf\" target=\"_blank\" rel=\"noopener noreferrer\">Acci\u00f3n tutorial en la ESO. Cuaderno 3 ESO (pdf)<\/a><\/span><\/span><\/li>\n<li class=\"liTipoDocumento\"><span style=\"color: #000080\"><span style=\"font-family: arial, helvetica, sans-serif;font-size: 12pt\">Acci\u00f3n tutorial en la ESO. Cuaderno 4 ESO (pdf)<\/span><\/span><\/li>\n<\/ul>\n<p>&nbsp;<\/p>\n<ul>\n<li><a href=\"http:\/\/www.juntadeandalucia.es\/educacion\/portals\/delegate\/content\/13983c19-620f-452a-ab12-0b44fb94368a\" target=\"_blank\" rel=\"noopener noreferrer\"><strong>Ser persona y relacionarse: <\/strong><\/a>&nbsp; Programa de Competencia Social y Habilidades cognitivas dirigido al alumnado de Ense\u00f1anza Secundaria. Autor: Manuel Segura Morales.<\/li>\n<li><a href=\"https:\/\/dialnet.unirioja.es\/servlet\/libro?codigo=701384\" target=\"_blank\" rel=\"noopener noreferrer\">Programa AEMO: Programa de alfabetizaci\u00f3n y gesti\u00f3n emocional: Educaci\u00f3n Secundaria<\/a><\/li>\n<li><a style=\"color: #800080\" href=\"http:\/\/www.apoclam.info\/descarga-los-cuadernos-de-orientacion-apoclam\" target=\"_blank\" rel=\"noopener noreferrer\">Cuadernos de Orientaci\u00f3n APOCLAM<\/a><img loading=\"lazy\" decoding=\"async\" class=\"alignnone wp-image-8400\" src=\"https:\/\/blogsaverroes.juntadeandalucia.es\/orientadelegacionmalaga\/files\/2020\/03\/apoclam-300x73.png\" alt=\"\" width=\"95\" height=\"23\" srcset=\"https:\/\/blogsaverroes.juntadeandalucia.es\/orientadelegacionmalaga\/files\/2020\/03\/apoclam-300x73.png 300w, https:\/\/blogsaverroes.juntadeandalucia.es\/orientadelegacionmalaga\/files\/2020\/03\/apoclam-24x6.png 24w, https:\/\/blogsaverroes.juntadeandalucia.es\/orientadelegacionmalaga\/files\/2020\/03\/apoclam-36x9.png 36w, https:\/\/blogsaverroes.juntadeandalucia.es\/orientadelegacionmalaga\/files\/2020\/03\/apoclam-48x12.png 48w, https:\/\/blogsaverroes.juntadeandalucia.es\/orientadelegacionmalaga\/files\/2020\/03\/apoclam.png 369w\" sizes=\"(max-width: 95px) 100vw, 95px\" \/><\/li>\n<li><span style=\"color: #ff00ff\"><a style=\"color: #ff00ff\" href=\"https:\/\/www.gobiernodecanarias.org\/cmsgobcan\/export\/sites\/icigualdad\/_galerias\/ici_documentos\/documentacion\/GUIA-DE-RECURSOS-para-profesionales-que-trabajan-con-adolescentes-varones-las-masculinidades-no-violentas.pdf\" target=\"_blank\" rel=\"noopener noreferrer\">Gu\u00eda de recursos: PARA PROFESIONALES QUE TRABAJAN CON ADOLESCENTES LAS MASCULINIDADES NO VIOLENTAS (Gob. Canarias, 2020)<\/a><\/span><\/li>\n<li><strong><a href=\"http:\/\/orientafer.blogspot.com\/\" target=\"_blank\" rel=\"noopener noreferrer\">\u00abLa botica del orientador\u00bb <\/a>&nbsp;<\/strong>Blog del orientador Fernando Navarro con m\u00faltiples recursos y materiales.<\/li>\n<li>Din\u00e1micas de grupo:&nbsp;\n<ul>\n<li><a href=\"https:\/\/blogsaverroes.juntadeandalucia.es\/orientadelegacionmalaga\/files\/2020\/09\/DIN\u00c1MICA-DE-LA-MANO-OK.pdf\" target=\"_blank\" rel=\"noopener noreferrer\">DIN\u00c1MICA DE LA MANO<\/a>: presentaci\u00f3n, cohesi\u00f3n grupal, autoconcepto, autoestima (adaptada por Eva Moreno).&nbsp;<\/li>\n<\/ul>\n<\/li>\n<li>\n<h1 class=\"post-title entry-title\"><span style=\"font-size: 12pt\"><a href=\"https:\/\/equipotecnicoorientaciongranada.com\/2016\/04\/05\/guia-sobre-acoso-escolar-y-riesgos-de-internet\/\" target=\"_blank\" rel=\"noopener noreferrer\">GU\u00cdA SOBRE ACOSO ESCOLAR Y RIESGOS DE INTERNET de ETPOEP Granad<\/a>a<\/span><\/h1>\n<\/li>\n<li>\n<h1 class=\"post-title entry-title\"><span style=\"font-size: 12pt\"><a href=\"https:\/\/blogsaverroes.juntadeandalucia.es\/orientadelegacionmalaga\/files\/2022\/10\/Manual_FEJAR.pdf\" target=\"_blank\" rel=\"noopener noreferrer\">Manual FEJAR (MANUAL DE INTERVENCI\u00d3N EN TRATAMIENTO DE TRASTORNO POR JUEGO Y VIDEOJUEGOS)<\/a>. <\/span><\/h1>\n<\/li>\n<li>\n<h1 class=\"post-title entry-title\"><span style=\"font-size: 14pt\"><a href=\"https:\/\/blogsaverroes.juntadeandalucia.es\/orientadelegacionmalaga\/files\/2022\/11\/DIGITAL_Prevencio\u0301n-Adicciones-al-Juego.pdf\" target=\"_blank\" rel=\"noopener noreferrer\">Jugar sin adicciones PAUTAS PARA DETECTAR LA ADICCI\u00d3N EN J\u00d3VENES: GU\u00cdA DIRIGIDA A FAMILIAS, PROFESIONALES Y J\u00d3VENES (Arag\u00f3n)<\/a><\/span><\/h1>\n<\/li>\n<li>\n<h1 class=\"post-title entry-title\"><a href=\"https:\/\/www.nomorehaters.es\" target=\"_blank\" rel=\"noopener noreferrer\"><span style=\"font-size: 12pt\">App para alumnado, para prevenir los delitos de odio <\/span><\/a><\/h1>\n<\/li>\n<li>\n<p class=\"post-title entry-title\"><a href=\"https:\/\/blogsaverroes.juntadeandalucia.es\/orientadelegacionmalaga\/files\/2021\/02\/Actividades-comodi\u0301n-para-tutori\u0301as.-Murcia..pdf\">Actividades-comodi\u0301n para tutori\u0301as. Murcia.<\/a><\/p>\n<\/li>\n<li><a href=\"https:\/\/blogsaverroes.juntadeandalucia.es\/orientadelegacionmalaga\/files\/2020\/10\/Cortos-Educativos.pdf\">Cortos Educativos<\/a><\/li>\n<\/ul>\n<p align=\"justify\">&nbsp;<\/p>\n<p align=\"justify\"><span style=\"font-size: medium\"><b><a href=\"https:\/\/tomaelcontrol.net\/\" target=\"_blank\" rel=\"noopener noreferrer\">TOMA EL CONTROL<\/a>. <\/b><\/span>PREVENCI\u00d3N DEL CONSUMO DE ALCOHOL EN MENORES DE EDAD (Proyecto educativo digital gratuito)<\/p>\n<p align=\"justify\"><a href=\"https:\/\/blogsaverroes.juntadeandalucia.es\/orientadelegacionmalaga\/files\/2021\/03\/GUIA-GOU.pdf\" target=\"_blank\" rel=\"noopener noreferrer\">GU\u00cdA GOU&nbsp; (Grupo de Orientaci\u00f3n Universitaria. Universidad de M\u00e1laga)<\/a><\/p>\n<p align=\"center\">&nbsp;<\/p>\n<div id=\"p_p_id_56_INSTANCE_uN61_\" class=\"portlet-boundary portlet-boundary_56_ portlet-static portlet-static-end portlet-journal-content \">\n<section id=\"portlet_56_INSTANCE_uN61\" class=\"portlet\">\n<div class=\"portlet-content\">\n<div class=\" portlet-content-container\">\n<div class=\"portlet-body\">\n<div class=\"journal-content-article\">\n<div class=\"portlet-reg-detail\">\n<div class=\"portlet-section-body\">\n<p><strong>Inteligencia Emocional<\/strong> , <span style=\"font-size: 12pt\">Material de la Diputaci\u00f3n de Guip\u00fazcoa<\/span><\/p>\n<p>Programa elaborado por la Diputaci\u00f3n de Gipuzkoa con el fin de lograr que el alumnado al acabar su proceso de formaci\u00f3n acad\u00e9mica, haya adquirido tambi\u00e9n, competencias emocionales que le permitan aumentar su nivel de bienestar personal y convertirse en personas responsables, comprometidas y cooperadoras.<\/p>\n<p>Este es un programa pr\u00e1ctico y orientativo, as\u00ed como transversal, para el desarrollo de la Inteligencia emocional desde la acci\u00f3n tutorial.<\/p>\n<\/div>\n<\/div>\n<\/div>\n<\/div>\n<\/div>\n<\/div>\n<\/section>\n<\/div>\n<div id=\"p_p_id_56_INSTANCE_fL3n_\" class=\"portlet-boundary portlet-boundary_56_ portlet-static portlet-static-end portlet-journal-content \">\n<section id=\"portlet_56_INSTANCE_fL3n\" class=\"portlet\">\n<header class=\"portlet-topper\"><\/header>\n<div class=\"portlet-content\">\n<div class=\" portlet-content-container\">\n<div class=\"portlet-body\">\n<div class=\"journal-content-article\">\n<div class=\"portlet-reg-detail\">\n<div class=\"portlet-section-body\">\n<h2 class=\"detalle_enlaces_documento\"><span style=\"font-size: 12pt\">SECUNDARIA<\/span><\/h2>\n<ul class=\"lista_enlaces_documento\">\n<li><a href=\"http:\/\/www.eskolabakegune.euskadi.net\/c\/document_library\/get_file?uuid=5f5947e9-f5ed-4400-b48f-92d6eaccd5b0&amp;groupId=2211625\" target=\"_blank\" rel=\"noopener noreferrer\">Fichas secundaria 12-14<\/a><\/li>\n<li><a href=\"http:\/\/www.eskolabakegune.euskadi.net\/c\/document_library\/get_file?uuid=40ec61cc-be22-4dc9-b987-b60aaef80874&amp;groupId=2211625\" target=\"_blank\" rel=\"noopener noreferrer\">Fichas secundaria 14-16<\/a><\/li>\n<li><a href=\"http:\/\/www.eskolabakegune.euskadi.net\/c\/document_library\/get_file?uuid=bab135eb-9cb7-4f32-aa8d-290d7ed8f5f7&amp;groupId=2211625\" target=\"_blank\" rel=\"noopener noreferrer\">Secundaria 12-14 a\u00f1os<\/a><\/li>\n<li><a href=\"http:\/\/www.eskolabakegune.euskadi.net\/c\/document_library\/get_file?uuid=bc51e1db-5caa-4633-b460-6ecdb2e3a442&amp;groupId=2211625\" target=\"_blank\" rel=\"noopener noreferrer\">Secundaria 14-16 a\u00f1os<\/a><\/li>\n<\/ul>\n<\/div>\n<\/div>\n<\/div>\n<\/div>\n<\/div>\n<\/div>\n<\/section>\n<\/div>\n<div id=\"p_p_id_56_INSTANCE_3Z3t_\" class=\"portlet-boundary portlet-boundary_56_ portlet-static portlet-static-end portlet-journal-content \">\n<section id=\"portlet_56_INSTANCE_3Z3t\" class=\"portlet\">\n<header class=\"portlet-topper\"><\/header>\n<div class=\"portlet-content\">\n<div class=\" portlet-content-container\">\n<div class=\"portlet-body\">\n<div class=\"journal-content-article\">\n<div class=\"portlet-reg-detail\">\n<div class=\"portlet-section-body\">\n<h2 class=\"detalle_enlaces_documento\"><span style=\"font-size: 12pt\">BACHILLER<\/span><\/h2>\n<ul class=\"lista_enlaces_documento\">\n<li><a href=\"http:\/\/www.eskolabakegune.euskadi.net\/c\/document_library\/get_file?uuid=2b2908b7-4a64-47d2-8e13-e4142afb35e2&amp;groupId=2211625\" target=\"_blank\" rel=\"noopener noreferrer\">Fichas Bachiller<\/a><\/li>\n<li><a href=\"https:\/\/www.eskolabakegune.euskadi.eus\/c\/document_library\/get_file?uuid=3909783f-7236-4ed6-9a8c-0b4350d5b04a&amp;groupId=2211625\" target=\"_blank\" rel=\"noopener noreferrer\">Bachiller<\/a><\/li>\n<\/ul>\n<\/div>\n<\/div>\n<h3>&nbsp;<\/h3>\n<h3><a href=\"http:\/\/www.mptfp.gob.es\/portal\/delegaciones_gobierno\/delegaciones\/andalucia\/proyectos-ci\/plan-director.html\" target=\"_blank\" rel=\"noopener noreferrer\">Plan Director para la Convivencia y Mejora de la Seguridad en los Centros Educativos y sus Entornos<\/a><\/h3>\n<p>&nbsp;<\/p>\n<p>&nbsp;<\/p>\n<\/div>\n<\/div>\n<\/div>\n<\/div>\n<\/section>\n<\/div>\n","protected":false},"excerpt":{"rendered":"<p>P.O.A.T. Secundaria: POAT OVP Educacion Secundaria: Actividades\/actuaciones elaboradas por la red de Orientaci\u00f3n de M\u00e1laga &#8211; ETPOEP M\u00e1laga OVP (marzo 2020). En este documento, tienes enlaces para materiales.&nbsp; Acci\u00f3n tutorial en la ESO &#8211;&#46;&#46;&#46;<\/p>\n","protected":false},"author":8106,"featured_media":0,"parent":0,"menu_order":0,"comment_status":"closed","ping_status":"closed","template":"","meta":{"ngg_post_thumbnail":0,"footnotes":""},"aioseo_notices":[],"_links":{"self":[{"href":"https:\/\/blogsaverroes.juntadeandalucia.es\/orientadelegacionmalaga\/wp-json\/wp\/v2\/pages\/7708"}],"collection":[{"href":"https:\/\/blogsaverroes.juntadeandalucia.es\/orientadelegacionmalaga\/wp-json\/wp\/v2\/pages"}],"about":[{"href":"https:\/\/blogsaverroes.juntadeandalucia.es\/orientadelegacionmalaga\/wp-json\/wp\/v2\/types\/page"}],"author":[{"embeddable":true,"href":"https:\/\/blogsaverroes.juntadeandalucia.es\/orientadelegacionmalaga\/wp-json\/wp\/v2\/users\/8106"}],"replies":[{"embeddable":true,"href":"https:\/\/blogsaverroes.juntadeandalucia.es\/orientadelegacionmalaga\/wp-json\/wp\/v2\/comments?post=7708"}],"version-history":[{"count":32,"href":"https:\/\/blogsaverroes.juntadeandalucia.es\/orientadelegacionmalaga\/wp-json\/wp\/v2\/pages\/7708\/revisions"}],"predecessor-version":[{"id":11249,"href":"https:\/\/blogsaverroes.juntadeandalucia.es\/orientadelegacionmalaga\/wp-json\/wp\/v2\/pages\/7708\/revisions\/11249"}],"wp:attachment":[{"href":"https:\/\/blogsaverroes.juntadeandalucia.es\/orientadelegacionmalaga\/wp-json\/wp\/v2\/media?parent=7708"}],"curies":[{"name":"wp","href":"https:\/\/api.w.org\/{rel}","templated":true}]}}