{"id":7730,"date":"2020-01-13T18:39:51","date_gmt":"2020-01-13T17:39:51","guid":{"rendered":"https:\/\/blogsaverroes.juntadeandalucia.es\/orientadelegacionmalaga\/?page_id=7730"},"modified":"2020-02-03T22:01:02","modified_gmt":"2020-02-03T21:01:02","slug":"transito-universidad","status":"publish","type":"page","link":"https:\/\/blogsaverroes.juntadeandalucia.es\/orientadelegacionmalaga\/transito-universidad\/","title":{"rendered":"Tr\u00e1nsito Universidad"},"content":{"rendered":"<p>Web<\/p>\n<p><strong>ADAPTACI\u00d3N PARA PEBAU PARA ACNEAE: <\/strong><a href=\"http:\/\/www.juntadeandalucia.es\/educacion\/portals\/delegate\/content\/9479a75b-f548-4101-90d9-d5f62860cd47\/Circular%204%20abril%202014%20adaptaci%C3%B3n%20de%20la%20Prueba%20de%20Acceso%20a%20la%20Universidad%20para%20alumnado%20con%20NEAE\" target=\"_blank\" rel=\"noopener noreferrer\">Circular 4 de abril de 2014<\/a><\/p>\n<ol>\n<li>Para el alumnado con NEAE (informe psicopedag\u00f3gico actualizado en S\u00e9neca) que requiera alg\u00fan tipo de adaptaci\u00f3n en Bachillerato (ACB) seg\u00fan la \u00faltima revisi\u00f3n, puede solicitarse adaptaci\u00f3n de la PEVAU seg\u00fan la Circular 4 de abril de 2014.&nbsp;<\/li>\n<li>Para ello, los centros deben remitir al ETPOEP (<strong>plazo enero-febrero)<\/strong>&nbsp;el siguiente anexo cumplimentado:&nbsp;&nbsp;<strong><a href=\"https:\/\/blogsaverroes.juntadeandalucia.es\/orientadelegacionmalaga\/files\/2019\/12\/Anexo-I-y-II-vacio.pdf\" target=\"_blank\" rel=\"noopener noreferrer\">Anexo<\/a><\/strong><\/li>\n<li>El ETPOEP comprobar\u00e1 que el alumno\/a tiene NEAE seg\u00fan su informe psicopedag\u00f3gico y consta ACB en su expediente electr\u00f3nico, de esta forma emitir\u00e1 un ANEXO II que enviar\u00e1 a los centros y la Universidad de M\u00e1laga, antes de final de mayo.<\/li>\n<\/ol>\n<p><strong>ADAPTACI\u00d3N EN LA UNIVERSIDAD PARA ALUMNADO CON NECESIDADES EDUCATIVAS.<\/strong><\/p>\n<p>&nbsp;&nbsp;&nbsp;&nbsp; La Universidad de M\u00e1laga tiene un servicio para la atenci\u00f3n a la diversidad. Toda la informaci\u00f3n en su web:&nbsp;<strong><a href=\"https:\/\/www.uma.es\/uma-convive\/\" target=\"_blank\" rel=\"noopener noreferrer\">UMA CONVIVE<\/a><\/strong><\/p>\n<p><strong>JORNADA DE PUERTAS ABIERTAS A LA UNIVERSIDAD Y OTRAS ACTIVIDADES DE <a href=\"https:\/\/www.uma.es\/destino-uma\/\" target=\"_blank\" rel=\"noopener noreferrer\">\u00abDESTINO UMA\u00bb<\/a><\/strong><\/p>\n<p>&nbsp;<\/p>\n<p>&nbsp;<\/p>\n","protected":false},"excerpt":{"rendered":"<p>Web ADAPTACI\u00d3N PARA PEBAU PARA ACNEAE: Circular 4 de abril de 2014 Para el alumnado con NEAE (informe psicopedag\u00f3gico actualizado en S\u00e9neca) que requiera alg\u00fan tipo de adaptaci\u00f3n en Bachillerato (ACB) seg\u00fan la \u00faltima&#46;&#46;&#46;<\/p>\n","protected":false},"author":8106,"featured_media":0,"parent":0,"menu_order":0,"comment_status":"closed","ping_status":"closed","template":"","meta":{"ngg_post_thumbnail":0,"footnotes":""},"aioseo_notices":[],"_links":{"self":[{"href":"https:\/\/blogsaverroes.juntadeandalucia.es\/orientadelegacionmalaga\/wp-json\/wp\/v2\/pages\/7730"}],"collection":[{"href":"https:\/\/blogsaverroes.juntadeandalucia.es\/orientadelegacionmalaga\/wp-json\/wp\/v2\/pages"}],"about":[{"href":"https:\/\/blogsaverroes.juntadeandalucia.es\/orientadelegacionmalaga\/wp-json\/wp\/v2\/types\/page"}],"author":[{"embeddable":true,"href":"https:\/\/blogsaverroes.juntadeandalucia.es\/orientadelegacionmalaga\/wp-json\/wp\/v2\/users\/8106"}],"replies":[{"embeddable":true,"href":"https:\/\/blogsaverroes.juntadeandalucia.es\/orientadelegacionmalaga\/wp-json\/wp\/v2\/comments?post=7730"}],"version-history":[{"count":3,"href":"https:\/\/blogsaverroes.juntadeandalucia.es\/orientadelegacionmalaga\/wp-json\/wp\/v2\/pages\/7730\/revisions"}],"predecessor-version":[{"id":8144,"href":"https:\/\/blogsaverroes.juntadeandalucia.es\/orientadelegacionmalaga\/wp-json\/wp\/v2\/pages\/7730\/revisions\/8144"}],"wp:attachment":[{"href":"https:\/\/blogsaverroes.juntadeandalucia.es\/orientadelegacionmalaga\/wp-json\/wp\/v2\/media?parent=7730"}],"curies":[{"name":"wp","href":"https:\/\/api.w.org\/{rel}","templated":true}]}}