{"id":7760,"date":"2020-01-21T15:02:53","date_gmt":"2020-01-21T14:02:53","guid":{"rendered":"https:\/\/blogsaverroes.juntadeandalucia.es\/orientadelegacionmalaga\/?page_id=7760"},"modified":"2020-01-21T15:16:42","modified_gmt":"2020-01-21T14:16:42","slug":"becas","status":"publish","type":"page","link":"https:\/\/blogsaverroes.juntadeandalucia.es\/orientadelegacionmalaga\/becas\/","title":{"rendered":"BECAS"},"content":{"rendered":"<ul>\n<li><a href=\"http:\/\/www.educacionyfp.gob.es\/servicios-al-ciudadano\/becas-ayudas.html\" target=\"_blank\" rel=\"noopener noreferrer\">Becas del Ministerio de Educaci\u00f3n.<\/a>&nbsp;<\/li>\n<li><a href=\"https:\/\/juntadeandalucia.es\/temas\/estudiar\/becas.html\" target=\"_blank\" rel=\"noopener noreferrer\">Becas Junta de Andaluc\u00eda.&nbsp;<\/a><\/li>\n<li><a href=\"https:\/\/www.uma.es\/becas\/\" target=\"_blank\" rel=\"noopener noreferrer\">Becas Universidad de M\u00e1laga.&nbsp;<\/a><\/li>\n<li>Beca de residencia escolar y escuelas hogar (Consejer\u00eda de Educaci\u00f3n, Junta de Andaluc\u00eda). La convocatoria sale anualmente, en torno a marzo. <a href=\"https:\/\/juntadeandalucia.es\/servicios\/procedimientos\/detalle\/5583\/como-solicitar.html\" target=\"_blank\" rel=\"noopener noreferrer\">M\u00e1s informaci\u00f3n<\/a>.&nbsp;<\/li>\n<li><a href=\"https:\/\/blogsaverroes.juntadeandalucia.es\/orientadelegacionmalaga\/becas-neae-del-ministerio-educacion-y-fp\/\" target=\"_blank\" rel=\"noopener noreferrer\">Becas alumnado NEAE.&nbsp;<\/a><\/li>\n<\/ul>\n<p>Otros enlaces donde puedes encontrar informaci\u00f3n de becas (dado que las web no pertenecen a una administraci\u00f3n, no nos hacemos responsables de la informaci\u00f3n que en ella aparezca):&nbsp;<\/p>\n<ul>\n<li><a href=\"https:\/\/becas.universia.net\/\" target=\"_blank\" rel=\"noopener noreferrer\">Becas Universia<\/a><\/li>\n<li><a href=\"https:\/\/www.aprendemas.com\/es\/blog\/becas\/\" target=\"_blank\" rel=\"noopener noreferrer\">Web \u00abaprendemas\u00bb<\/a><\/li>\n<\/ul>\n","protected":false},"excerpt":{"rendered":"<p>Becas del Ministerio de Educaci\u00f3n.&nbsp; Becas Junta de Andaluc\u00eda.&nbsp; Becas Universidad de M\u00e1laga.&nbsp; Beca de residencia escolar y escuelas hogar (Consejer\u00eda de Educaci\u00f3n, Junta de Andaluc\u00eda). La convocatoria sale anualmente, en torno a marzo.&#46;&#46;&#46;<\/p>\n","protected":false},"author":8106,"featured_media":0,"parent":0,"menu_order":0,"comment_status":"closed","ping_status":"closed","template":"","meta":{"ngg_post_thumbnail":0,"footnotes":""},"aioseo_notices":[],"_links":{"self":[{"href":"https:\/\/blogsaverroes.juntadeandalucia.es\/orientadelegacionmalaga\/wp-json\/wp\/v2\/pages\/7760"}],"collection":[{"href":"https:\/\/blogsaverroes.juntadeandalucia.es\/orientadelegacionmalaga\/wp-json\/wp\/v2\/pages"}],"about":[{"href":"https:\/\/blogsaverroes.juntadeandalucia.es\/orientadelegacionmalaga\/wp-json\/wp\/v2\/types\/page"}],"author":[{"embeddable":true,"href":"https:\/\/blogsaverroes.juntadeandalucia.es\/orientadelegacionmalaga\/wp-json\/wp\/v2\/users\/8106"}],"replies":[{"embeddable":true,"href":"https:\/\/blogsaverroes.juntadeandalucia.es\/orientadelegacionmalaga\/wp-json\/wp\/v2\/comments?post=7760"}],"version-history":[{"count":4,"href":"https:\/\/blogsaverroes.juntadeandalucia.es\/orientadelegacionmalaga\/wp-json\/wp\/v2\/pages\/7760\/revisions"}],"predecessor-version":[{"id":7765,"href":"https:\/\/blogsaverroes.juntadeandalucia.es\/orientadelegacionmalaga\/wp-json\/wp\/v2\/pages\/7760\/revisions\/7765"}],"wp:attachment":[{"href":"https:\/\/blogsaverroes.juntadeandalucia.es\/orientadelegacionmalaga\/wp-json\/wp\/v2\/media?parent=7760"}],"curies":[{"name":"wp","href":"https:\/\/api.w.org\/{rel}","templated":true}]}}