{"id":8255,"date":"2020-03-09T12:59:15","date_gmt":"2020-03-09T11:59:15","guid":{"rendered":"https:\/\/blogsaverroes.juntadeandalucia.es\/orientadelegacionmalaga\/?page_id=8255"},"modified":"2024-06-26T09:33:54","modified_gmt":"2024-06-26T07:33:54","slug":"recursos-ovp","status":"publish","type":"page","link":"https:\/\/blogsaverroes.juntadeandalucia.es\/orientadelegacionmalaga\/recursos-ovp\/","title":{"rendered":"RECURSOS OVP"},"content":{"rendered":"<p>&nbsp;<\/p>\n<p><span style=\"color: #993366;font-family: 'arial black', sans-serif\"><strong>&nbsp;RECURSOS PARA LA ORIENTACI\u00d3N ACAD\u00c9MICA Y PROFESIONAL EN LOS CENTROS:&nbsp;<\/strong><\/span><\/p>\n<table style=\"border-collapse: collapse;width: 79.8232%\">\n<tbody>\n<tr>\n<td style=\"width: 52.6298%;text-align: left\">&nbsp;<\/td>\n<td style=\"width: 14.4388%\">&nbsp;<\/td>\n<\/tr>\n<tr>\n<td style=\"width: 52.6298%;text-align: left\">&nbsp;<\/td>\n<td style=\"width: 14.4388%\">&nbsp;<\/td>\n<\/tr>\n<tr>\n<td style=\"width: 52.6298%;text-align: left\"><span style=\"color: #000080\"><strong>3. <a href=\"https:\/\/view.genial.ly\/608f9bc8598ae00d1f90a786\/game-breakout-break-out-ies-vega-de-mar\" target=\"_blank\" rel=\"noopener noreferrer\">TR\u00c1NSITO AL IES. \u00abJUEGO &#8211; BREAKOUT\u00bb<\/a> (Juego interactivo para facilitar el tr\u00e1nsito al IES. <\/strong><span style=\"color: #000000\">David de la Rosa, IES Vega de Mar (San Pedro de Alc\u00e1ntara).<\/span><\/span><\/td>\n<td style=\"width: 14.4388%\"><img loading=\"lazy\" decoding=\"async\" class=\"alignnone size-medium wp-image-10176\" src=\"https:\/\/blogsaverroes.juntadeandalucia.es\/orientadelegacionmalaga\/files\/2021\/05\/transito-300x137.png\" alt=\"\" width=\"300\" height=\"137\" srcset=\"https:\/\/blogsaverroes.juntadeandalucia.es\/orientadelegacionmalaga\/files\/2021\/05\/transito-300x137.png 300w, https:\/\/blogsaverroes.juntadeandalucia.es\/orientadelegacionmalaga\/files\/2021\/05\/transito-768x350.png 768w, https:\/\/blogsaverroes.juntadeandalucia.es\/orientadelegacionmalaga\/files\/2021\/05\/transito.png 854w\" sizes=\"(max-width: 300px) 100vw, 300px\" \/><\/td>\n<\/tr>\n<tr>\n<td style=\"width: 52.6298%;text-align: left\"><span style=\"color: #000080\"><strong>4. \u00abAUTOORIENTACI\u00d3N PARA ALUMNADO SECUNDARIA\u00bb: <a style=\"color: #000080\" href=\"https:\/\/view.genial.ly\/5ec397004a81770d9df5675d\/presentation-autoorientacion-academica-profesional\" target=\"_blank\" rel=\"noopener noreferrer\">\u00bfQu\u00e9 estudios debo realizar?<\/a><\/strong>&nbsp;<\/span>(Alejandro Langendijk Mu\u00f1oz, orientador IES Jacobo Orellana, Alameda)<\/td>\n<td style=\"width: 14.4388%\"><a href=\"https:\/\/view.genial.ly\/5ec397004a81770d9df5675d\/presentation-autoorientacion-academica-profesional\" target=\"_blank\" rel=\"noopener noreferrer\"><img loading=\"lazy\" decoding=\"async\" class=\"wp-image-9558 alignright\" src=\"https:\/\/blogsaverroes.juntadeandalucia.es\/orientadelegacionmalaga\/files\/2021\/01\/que-estudiar-300x171.png\" alt=\"\" width=\"163\" height=\"93\" srcset=\"https:\/\/blogsaverroes.juntadeandalucia.es\/orientadelegacionmalaga\/files\/2021\/01\/que-estudiar-300x171.png 300w, https:\/\/blogsaverroes.juntadeandalucia.es\/orientadelegacionmalaga\/files\/2021\/01\/que-estudiar-24x14.png 24w, https:\/\/blogsaverroes.juntadeandalucia.es\/orientadelegacionmalaga\/files\/2021\/01\/que-estudiar-36x21.png 36w, https:\/\/blogsaverroes.juntadeandalucia.es\/orientadelegacionmalaga\/files\/2021\/01\/que-estudiar-48x27.png 48w, https:\/\/blogsaverroes.juntadeandalucia.es\/orientadelegacionmalaga\/files\/2021\/01\/que-estudiar.png 326w\" sizes=\"(max-width: 163px) 100vw, 163px\" \/><\/a><\/td>\n<\/tr>\n<tr>\n<td style=\"width: 52.6298%;text-align: left\"><span style=\"color: #000080\"><strong>&nbsp;<\/strong><\/span><\/td>\n<td style=\"width: 14.4388%\">&nbsp;<\/td>\n<\/tr>\n<tr>\n<td style=\"width: 52.6298%;text-align: left\"><span style=\"color: #000080\"><strong>6. SOLICITUD <a href=\"https:\/\/blogsaverroes.juntadeandalucia.es\/orientadelegacionmalaga\/orientacion-laboral\/\" target=\"_blank\" rel=\"noopener noreferrer\">COLABORACI\u00d3N EMPLEO: ANDALUC\u00cdA ORIENTA<\/a><\/strong><\/span><\/td>\n<td style=\"width: 14.4388%\"><img loading=\"lazy\" decoding=\"async\" class=\"wp-image-8265 aligncenter\" src=\"https:\/\/blogsaverroes.juntadeandalucia.es\/orientadelegacionmalaga\/files\/2020\/03\/Andalucia-orienta.png\" alt=\"\" width=\"97\" height=\"108\" srcset=\"https:\/\/blogsaverroes.juntadeandalucia.es\/orientadelegacionmalaga\/files\/2020\/03\/Andalucia-orienta.png 117w, https:\/\/blogsaverroes.juntadeandalucia.es\/orientadelegacionmalaga\/files\/2020\/03\/Andalucia-orienta-22x24.png 22w, https:\/\/blogsaverroes.juntadeandalucia.es\/orientadelegacionmalaga\/files\/2020\/03\/Andalucia-orienta-32x36.png 32w, https:\/\/blogsaverroes.juntadeandalucia.es\/orientadelegacionmalaga\/files\/2020\/03\/Andalucia-orienta-43x48.png 43w\" sizes=\"(max-width: 97px) 100vw, 97px\" \/><\/td>\n<\/tr>\n<tr>\n<td style=\"width: 52.6298%;text-align: left\"><span style=\"color: #000080\"><strong>&nbsp;<\/strong><\/span><\/td>\n<td style=\"width: 14.4388%\">&nbsp;<\/td>\n<\/tr>\n<tr>\n<td style=\"width: 52.6298%;text-align: left\"><span style=\"color: #000080\"><strong><a style=\"color: #000080\" href=\"https:\/\/blogsaverroes.juntadeandalucia.es\/orientadelegacionmalaga\/files\/2020\/03\/Presentacion-BI-IES-Mar\u00eda-Zambrano.pdf\">BACHILLERATO INTERANCIONAL IES Mar\u00eda Zambrano<\/a>&nbsp;<\/strong><\/span><\/td>\n<td style=\"width: 14.4388%\"><a href=\"https:\/\/blogsaverroes.juntadeandalucia.es\/orientadelegacionmalaga\/files\/2020\/03\/Presentacion-BI-IES-Mar\u00eda-Zambrano.pdf\"><img loading=\"lazy\" decoding=\"async\" class=\"size-medium wp-image-8269 aligncenter\" src=\"https:\/\/blogsaverroes.juntadeandalucia.es\/orientadelegacionmalaga\/files\/2020\/03\/BACH-INTERNA-300x85.jpg\" alt=\"\" width=\"300\" height=\"85\" srcset=\"https:\/\/blogsaverroes.juntadeandalucia.es\/orientadelegacionmalaga\/files\/2020\/03\/BACH-INTERNA-300x85.jpg 300w, https:\/\/blogsaverroes.juntadeandalucia.es\/orientadelegacionmalaga\/files\/2020\/03\/BACH-INTERNA-768x217.jpg 768w, https:\/\/blogsaverroes.juntadeandalucia.es\/orientadelegacionmalaga\/files\/2020\/03\/BACH-INTERNA-24x7.jpg 24w, https:\/\/blogsaverroes.juntadeandalucia.es\/orientadelegacionmalaga\/files\/2020\/03\/BACH-INTERNA-36x10.jpg 36w, https:\/\/blogsaverroes.juntadeandalucia.es\/orientadelegacionmalaga\/files\/2020\/03\/BACH-INTERNA-48x14.jpg 48w, https:\/\/blogsaverroes.juntadeandalucia.es\/orientadelegacionmalaga\/files\/2020\/03\/BACH-INTERNA.jpg 800w\" sizes=\"(max-width: 300px) 100vw, 300px\" \/><\/a><\/td>\n<\/tr>\n<tr>\n<td style=\"width: 52.6298%;text-align: left\"><span style=\"color: #000080\"><a style=\"color: #000080\" href=\"https:\/\/blogsaverroes.juntadeandalucia.es\/fpmalaga\/\" target=\"_blank\" rel=\"noopener noreferrer\"><strong>BLOG FORMACI\u00d3N PROFESIONAL M\u00c1LAGA<\/strong><\/a><\/span><\/td>\n<td style=\"width: 14.4388%\"><img loading=\"lazy\" decoding=\"async\" class=\"alignnone wp-image-9985\" src=\"https:\/\/blogsaverroes.juntadeandalucia.es\/orientadelegacionmalaga\/files\/2021\/03\/FP-MALAGA-300x66.png\" alt=\"\" width=\"215\" height=\"48\" srcset=\"https:\/\/blogsaverroes.juntadeandalucia.es\/orientadelegacionmalaga\/files\/2021\/03\/FP-MALAGA-300x66.png 300w, https:\/\/blogsaverroes.juntadeandalucia.es\/orientadelegacionmalaga\/files\/2021\/03\/FP-MALAGA-320x73.png 320w, https:\/\/blogsaverroes.juntadeandalucia.es\/orientadelegacionmalaga\/files\/2021\/03\/FP-MALAGA.png 331w\" sizes=\"(max-width: 215px) 100vw, 215px\" \/><\/td>\n<\/tr>\n<tr>\n<td style=\"width: 52.6298%;text-align: left\">\n<ol>\n<li style=\"list-style-type: none\">\n<ol>\n<li>&nbsp;<\/li>\n<\/ol>\n<\/li>\n<\/ol>\n<\/td>\n<td style=\"width: 14.4388%\">&nbsp;<\/td>\n<\/tr>\n<\/tbody>\n<\/table>\n<p>&nbsp;<\/p>\n","protected":false},"excerpt":{"rendered":"<p>&nbsp; &nbsp;RECURSOS PARA LA ORIENTACI\u00d3N ACAD\u00c9MICA Y PROFESIONAL EN LOS CENTROS:&nbsp; &nbsp; &nbsp; &nbsp; &nbsp; 3. TR\u00c1NSITO AL IES. \u00abJUEGO &#8211; BREAKOUT\u00bb (Juego interactivo para facilitar el tr\u00e1nsito al IES. David de la Rosa,&#46;&#46;&#46;<\/p>\n","protected":false},"author":8106,"featured_media":0,"parent":0,"menu_order":0,"comment_status":"closed","ping_status":"closed","template":"","meta":{"ngg_post_thumbnail":0,"footnotes":""},"aioseo_notices":[],"_links":{"self":[{"href":"https:\/\/blogsaverroes.juntadeandalucia.es\/orientadelegacionmalaga\/wp-json\/wp\/v2\/pages\/8255"}],"collection":[{"href":"https:\/\/blogsaverroes.juntadeandalucia.es\/orientadelegacionmalaga\/wp-json\/wp\/v2\/pages"}],"about":[{"href":"https:\/\/blogsaverroes.juntadeandalucia.es\/orientadelegacionmalaga\/wp-json\/wp\/v2\/types\/page"}],"author":[{"embeddable":true,"href":"https:\/\/blogsaverroes.juntadeandalucia.es\/orientadelegacionmalaga\/wp-json\/wp\/v2\/users\/8106"}],"replies":[{"embeddable":true,"href":"https:\/\/blogsaverroes.juntadeandalucia.es\/orientadelegacionmalaga\/wp-json\/wp\/v2\/comments?post=8255"}],"version-history":[{"count":13,"href":"https:\/\/blogsaverroes.juntadeandalucia.es\/orientadelegacionmalaga\/wp-json\/wp\/v2\/pages\/8255\/revisions"}],"predecessor-version":[{"id":11968,"href":"https:\/\/blogsaverroes.juntadeandalucia.es\/orientadelegacionmalaga\/wp-json\/wp\/v2\/pages\/8255\/revisions\/11968"}],"wp:attachment":[{"href":"https:\/\/blogsaverroes.juntadeandalucia.es\/orientadelegacionmalaga\/wp-json\/wp\/v2\/media?parent=8255"}],"curies":[{"name":"wp","href":"https:\/\/api.w.org\/{rel}","templated":true}]}}