{"id":8344,"date":"2020-03-20T18:06:32","date_gmt":"2020-03-20T17:06:32","guid":{"rendered":"https:\/\/blogsaverroes.juntadeandalucia.es\/orientadelegacionmalaga\/?page_id=8344"},"modified":"2021-02-03T13:05:08","modified_gmt":"2021-02-03T12:05:08","slug":"tutoria-inf-primaria","status":"publish","type":"page","link":"https:\/\/blogsaverroes.juntadeandalucia.es\/orientadelegacionmalaga\/tutoria-inf-primaria\/","title":{"rendered":"TUTOR\u00cdA INF.-PRIMARIA-SEMID."},"content":{"rendered":"<ul>\n<li><strong><a href=\"https:\/\/blogsaverroes.juntadeandalucia.es\/orientadelegacionmalaga\/files\/2020\/03\/POAT-OVP-Ed-Infantil-Primaria-1-2-ESO.pdf\" target=\"_blank\" rel=\"noopener noreferrer\">POAT OVP Ed Infantil Primaria 1 2 ESO<\/a>: Propuesta de actividades para favorecer la orientaci\u00f3n vocacional desde infantil, Educaci\u00f3n Primaria y 1er ciclo de ESO (para centros SEMI-D). Trabajo desarrollado por la red de Orientaci\u00f3n de M\u00e1laga, coordinada desde el \u00e1rea de OVP del ETPOEP (marzo 2020).<\/strong><strong><img loading=\"lazy\" decoding=\"async\" class=\"alignright wp-image-8145 size-medium\" src=\"https:\/\/blogsaverroes.juntadeandalucia.es\/orientadelegacionmalaga\/files\/2020\/02\/Concurso-Orientacion-212x300.jpg\" alt=\"\" width=\"212\" height=\"300\" srcset=\"https:\/\/blogsaverroes.juntadeandalucia.es\/orientadelegacionmalaga\/files\/2020\/02\/Concurso-Orientacion-212x300.jpg 212w, https:\/\/blogsaverroes.juntadeandalucia.es\/orientadelegacionmalaga\/files\/2020\/02\/Concurso-Orientacion-768x1086.jpg 768w, https:\/\/blogsaverroes.juntadeandalucia.es\/orientadelegacionmalaga\/files\/2020\/02\/Concurso-Orientacion-724x1024.jpg 724w, https:\/\/blogsaverroes.juntadeandalucia.es\/orientadelegacionmalaga\/files\/2020\/02\/Concurso-Orientacion-17x24.jpg 17w, https:\/\/blogsaverroes.juntadeandalucia.es\/orientadelegacionmalaga\/files\/2020\/02\/Concurso-Orientacion-25x36.jpg 25w, https:\/\/blogsaverroes.juntadeandalucia.es\/orientadelegacionmalaga\/files\/2020\/02\/Concurso-Orientacion-34x48.jpg 34w, https:\/\/blogsaverroes.juntadeandalucia.es\/orientadelegacionmalaga\/files\/2020\/02\/Concurso-Orientacion.jpg 1587w\" sizes=\"(max-width: 212px) 100vw, 212px\" \/><\/strong><\/li>\n<li><strong><a href=\"https:\/\/triniblog.files.wordpress.com\/2012\/06\/guia-para-la-elaboracion-del-plan-de-orientacion-y-pat-en-infantil-y-primaria.pdf\" target=\"_blank\" rel=\"noopener noreferrer\">Directrices para elaborar un P.O.A.T. en E.P.&nbsp; (2008)<\/a><\/strong><\/li>\n<\/ul>\n<p>&nbsp;<\/p>\n<p>&nbsp; &nbsp; &nbsp;<strong> &nbsp;<a href=\"http:\/\/orientafer.blogspot.com\/\" target=\"_blank\" rel=\"noopener noreferrer\">Blog: La botica del orientador. <\/a><\/strong>Blog del orientador Fernando Navarro con m\u00faltiples recursos y materiales.<\/p>\n<p>&nbsp;<\/p>\n<div id=\"p_p_id_56_INSTANCE_uN61_\" class=\"portlet-boundary portlet-boundary_56_ portlet-static portlet-static-end portlet-journal-content \">\n<section id=\"portlet_56_INSTANCE_uN61\" class=\"portlet\">\n<div class=\"portlet-content\">\n<div class=\" portlet-content-container\">\n<div class=\"portlet-body\">\n<div class=\"journal-content-article\">\n<div class=\"portlet-reg-detail\">\n<div class=\"portlet-section-body\">\n<h1>&nbsp;<\/h1>\n<h1>&nbsp;<\/h1>\n<h1>&nbsp;<\/h1>\n<h1>Material de la Diputaci\u00f3n de Guip\u00fazcoa<\/h1>\n<p>Inteligencia Emocional<\/p>\n<p>Programa elaborado por la Diputaci\u00f3n de Gipuzkoa con el fin de lograr que el alumnado al acabar su proceso de formaci\u00f3n acad\u00e9mica, haya adquirido tambi\u00e9n, competencias emocionales que le permitan aumentar su nivel de bienestar personal y convertirse en personas responsables, comprometidas y cooperadoras.<\/p>\n<p>Este es un programa pr\u00e1ctico y orientativo, as\u00ed como transversal, para el desarrollo de la Inteligencia emocional desde la acci\u00f3n tutorial.<\/p>\n<\/div>\n<\/div>\n<\/div>\n<div class=\"entry-links\">&nbsp;<\/div>\n<\/div>\n<\/div>\n<\/div>\n<\/section>\n<\/div>\n<div id=\"p_p_id_56_INSTANCE_G8nd_\" class=\"portlet-boundary portlet-boundary_56_ portlet-static portlet-static-end portlet-journal-content \"><span id=\"p_56_INSTANCE_G8nd\"><\/span><\/p>\n<section id=\"portlet_56_INSTANCE_G8nd\" class=\"portlet\">\n<header class=\"portlet-topper\"><\/header>\n<div class=\"portlet-content\">\n<div class=\" portlet-content-container\">\n<div class=\"portlet-body\">\n<div class=\"journal-content-article\">\n<div class=\"portlet-reg-detail\">\n<div class=\"portlet-section-body\">\n<h2 class=\"detalle_enlaces_documento\">INFANTIL<\/h2>\n<ul class=\"lista_enlaces_documento\">\n<li><a href=\"http:\/\/www.eskolabakegune.euskadi.net\/c\/document_library\/get_file?uuid=bf7dec04-b087-4ce9-9273-2cd15ae0c260&amp;groupId=2211625\" target=\"_blank\" rel=\"noopener noreferrer\">Infantil 3-4 a\u00f1os<\/a><\/li>\n<li><a href=\"http:\/\/www.eskolabakegune.euskadi.net\/c\/document_library\/get_file?uuid=2d8e2cd6-46c4-4aa3-aee1-b2eaa8730ceb&amp;groupId=2211625\" target=\"_blank\" rel=\"noopener noreferrer\">Infantil 5 a\u00f1os<\/a><\/li>\n<\/ul>\n<\/div>\n<\/div>\n<\/div>\n<div class=\"entry-links\">&nbsp;<\/div>\n<\/div>\n<\/div>\n<\/div>\n<\/section>\n<\/div>\n<div id=\"p_p_id_56_INSTANCE_rLa7_\" class=\"portlet-boundary portlet-boundary_56_ portlet-static portlet-static-end portlet-journal-content \"><span id=\"p_56_INSTANCE_rLa7\"><\/span><\/p>\n<section id=\"portlet_56_INSTANCE_rLa7\" class=\"portlet\">\n<header class=\"portlet-topper\"><\/header>\n<div class=\"portlet-content\">\n<div class=\" portlet-content-container\">\n<div class=\"portlet-body\">\n<div class=\"journal-content-article\">\n<div class=\"portlet-reg-detail\">\n<div class=\"portlet-section-body\">\n<h2 class=\"detalle_enlaces_documento\">PRIMARIA<\/h2>\n<ul class=\"lista_enlaces_documento\">\n<li><a href=\"http:\/\/www.eskolabakegune.euskadi.net\/c\/document_library\/get_file?uuid=13a3cfc4-adcc-4fcf-a539-c7fc8649af86&amp;groupId=2211625\" target=\"_blank\" rel=\"noopener noreferrer\">Fichas Primaria 6-8<\/a><\/li>\n<\/ul>\n<ul class=\"lista_enlaces_documento\">\n<li><a href=\"http:\/\/www.eskolabakegune.euskadi.net\/c\/document_library\/get_file?uuid=d48ee442-4aca-4463-9b20-1fa512aa2673&amp;groupId=2211625\" target=\"_blank\" rel=\"noopener noreferrer\">Fichas Primaria 8-10<\/a><\/li>\n<\/ul>\n<ul class=\"lista_enlaces_documento\">\n<li><a href=\"http:\/\/www.eskolabakegune.euskadi.net\/c\/document_library\/get_file?uuid=681f9fd4-b1e0-4cdc-a009-7254dcdc5365&amp;groupId=2211625\" target=\"_blank\" rel=\"noopener noreferrer\">Fichas Primaria 10-12<\/a><\/li>\n<\/ul>\n<ul class=\"lista_enlaces_documento\">\n<li><a href=\"http:\/\/www.eskolabakegune.euskadi.net\/c\/document_library\/get_file?uuid=cd88bb4e-fea6-49f5-ad16-902b9550e003&amp;groupId=2211625\" target=\"_blank\" rel=\"noopener noreferrer\">Primaria 6-8<\/a><\/li>\n<\/ul>\n<ul class=\"lista_enlaces_documento\">\n<li><a href=\"http:\/\/www.eskolabakegune.euskadi.net\/c\/document_library\/get_file?uuid=dd863b75-6fe0-4f15-8401-c69f216f17ac&amp;groupId=2211625\" target=\"_blank\" rel=\"noopener noreferrer\">Primaria 8-10<\/a><\/li>\n<li><a href=\"http:\/\/www.eskolabakegune.euskadi.net\/c\/document_library\/get_file?uuid=ae91a1bc-61e9-4585-8953-56dcc8715c46&amp;groupId=2211625\" target=\"_blank\" rel=\"noopener noreferrer\">Primaria 10-12<\/a><\/li>\n<\/ul>\n<\/div>\n<\/div>\n<\/div>\n<div class=\"entry-links\">&nbsp;<\/div>\n<\/div>\n<\/div>\n<\/div>\n<\/section>\n<\/div>\n<div id=\"p_p_id_56_INSTANCE_fL3n_\" class=\"portlet-boundary portlet-boundary_56_ portlet-static portlet-static-end portlet-journal-content \"><span id=\"p_56_INSTANCE_fL3n\"><\/span><\/p>\n<section id=\"portlet_56_INSTANCE_fL3n\" class=\"portlet\">\n<header class=\"portlet-topper\"><\/header>\n<div class=\"portlet-content\">\n<div class=\" portlet-content-container\">\n<div class=\"portlet-body\">\n<div class=\"journal-content-article\">\n<div class=\"portlet-reg-detail\">\n<div class=\"portlet-section-body\">&nbsp;<\/div>\n<\/div>\n<\/div>\n<\/div>\n<\/div>\n<\/div>\n<\/section>\n<\/div>\n<div id=\"p_p_id_56_INSTANCE_3Z3t_\" class=\"portlet-boundary portlet-boundary_56_ portlet-static portlet-static-end portlet-journal-content \">\n<section id=\"portlet_56_INSTANCE_3Z3t\" class=\"portlet\">\n<div class=\"portlet-content\">\n<div class=\" portlet-content-container\">\n<div class=\"portlet-body\">\n<div class=\"journal-content-article\">\n<div class=\"portlet-reg-detail\">\n<div class=\"portlet-section-body\">\n<p>&nbsp;<\/p>\n<\/div>\n<\/div>\n<\/div>\n<\/div>\n<\/div>\n<\/div>\n<\/section>\n<\/div>\n<p>&nbsp;<\/p>\n","protected":false},"excerpt":{"rendered":"<p>POAT OVP Ed Infantil Primaria 1 2 ESO: Propuesta de actividades para favorecer la orientaci\u00f3n vocacional desde infantil, Educaci\u00f3n Primaria y 1er ciclo de ESO (para centros SEMI-D). Trabajo desarrollado por la red de&#46;&#46;&#46;<\/p>\n","protected":false},"author":8106,"featured_media":0,"parent":0,"menu_order":0,"comment_status":"closed","ping_status":"closed","template":"","meta":{"ngg_post_thumbnail":0,"footnotes":""},"aioseo_notices":[],"_links":{"self":[{"href":"https:\/\/blogsaverroes.juntadeandalucia.es\/orientadelegacionmalaga\/wp-json\/wp\/v2\/pages\/8344"}],"collection":[{"href":"https:\/\/blogsaverroes.juntadeandalucia.es\/orientadelegacionmalaga\/wp-json\/wp\/v2\/pages"}],"about":[{"href":"https:\/\/blogsaverroes.juntadeandalucia.es\/orientadelegacionmalaga\/wp-json\/wp\/v2\/types\/page"}],"author":[{"embeddable":true,"href":"https:\/\/blogsaverroes.juntadeandalucia.es\/orientadelegacionmalaga\/wp-json\/wp\/v2\/users\/8106"}],"replies":[{"embeddable":true,"href":"https:\/\/blogsaverroes.juntadeandalucia.es\/orientadelegacionmalaga\/wp-json\/wp\/v2\/comments?post=8344"}],"version-history":[{"count":6,"href":"https:\/\/blogsaverroes.juntadeandalucia.es\/orientadelegacionmalaga\/wp-json\/wp\/v2\/pages\/8344\/revisions"}],"predecessor-version":[{"id":9736,"href":"https:\/\/blogsaverroes.juntadeandalucia.es\/orientadelegacionmalaga\/wp-json\/wp\/v2\/pages\/8344\/revisions\/9736"}],"wp:attachment":[{"href":"https:\/\/blogsaverroes.juntadeandalucia.es\/orientadelegacionmalaga\/wp-json\/wp\/v2\/media?parent=8344"}],"curies":[{"name":"wp","href":"https:\/\/api.w.org\/{rel}","templated":true}]}}