{"id":8430,"date":"2020-03-31T20:19:36","date_gmt":"2020-03-31T18:19:36","guid":{"rendered":"https:\/\/blogsaverroes.juntadeandalucia.es\/orientadelegacionmalaga\/?page_id=8430"},"modified":"2021-02-25T10:53:45","modified_gmt":"2021-02-25T09:53:45","slug":"programas-de-habitos-de-vida-saludable","status":"publish","type":"page","link":"https:\/\/blogsaverroes.juntadeandalucia.es\/orientadelegacionmalaga\/programas-de-habitos-de-vida-saludable\/","title":{"rendered":"Programas de H\u00e1bitos de Vida Saludable"},"content":{"rendered":"<ul>\n<li><span style=\"color: #800000;font-size: 18pt\"><img loading=\"lazy\" decoding=\"async\" class=\"wp-image-8410 alignright\" src=\"https:\/\/blogsaverroes.juntadeandalucia.es\/orientadelegacionmalaga\/files\/2020\/03\/banner-habitos-de-vida-saludable-300x91.jpg\" alt=\"\" width=\"518\" height=\"157\" srcset=\"https:\/\/blogsaverroes.juntadeandalucia.es\/orientadelegacionmalaga\/files\/2020\/03\/banner-habitos-de-vida-saludable-300x91.jpg 300w, https:\/\/blogsaverroes.juntadeandalucia.es\/orientadelegacionmalaga\/files\/2020\/03\/banner-habitos-de-vida-saludable-768x233.jpg 768w, https:\/\/blogsaverroes.juntadeandalucia.es\/orientadelegacionmalaga\/files\/2020\/03\/banner-habitos-de-vida-saludable-1024x310.jpg 1024w, https:\/\/blogsaverroes.juntadeandalucia.es\/orientadelegacionmalaga\/files\/2020\/03\/banner-habitos-de-vida-saludable-24x7.jpg 24w, https:\/\/blogsaverroes.juntadeandalucia.es\/orientadelegacionmalaga\/files\/2020\/03\/banner-habitos-de-vida-saludable-36x11.jpg 36w, https:\/\/blogsaverroes.juntadeandalucia.es\/orientadelegacionmalaga\/files\/2020\/03\/banner-habitos-de-vida-saludable-48x15.jpg 48w, https:\/\/blogsaverroes.juntadeandalucia.es\/orientadelegacionmalaga\/files\/2020\/03\/banner-habitos-de-vida-saludable.jpg 1080w\" sizes=\"(max-width: 518px) 100vw, 518px\" \/><a style=\"color: #800000\" href=\"http:\/\/www.juntadeandalucia.es\/educacion\/portals\/web\/habitos-vida-saludable\" target=\"_blank\" rel=\"noopener noreferrer\">Programas de H\u00e1bitos de Vida Saludable<\/a><\/span><\/li>\n<li><a href=\"https:\/\/blogsaverroes.juntadeandalucia.es\/orientadelegacionmalaga\/files\/2021\/02\/INTEGRACI\u00d3N-CURR._SALUD_PRIMARIA.pdf\" target=\"_blank\" rel=\"noopener noreferrer\">Programa de actividades Integraci\u00f3n Curricular HVS PRIMARIA<\/a><\/li>\n<li><a href=\"https:\/\/blogsaverroes.juntadeandalucia.es\/orientadelegacionmalaga\/files\/2021\/02\/INTEGRACI\u00d3N-CURR._SALUD_SECUNDARIA.pdf\" target=\"_blank\" rel=\"noopener noreferrer\">Programa de actividades Integraci\u00f3n curricular HVS SECUNDARIA<\/a><\/li>\n<li><span style=\"color: #800000;font-size: 18pt\"><a style=\"color: #800000\" href=\"https:\/\/blogsaverroes.juntadeandalucia.es\/aldeamalaga\/\" target=\"_blank\" rel=\"noopener noreferrer\">Blog: PHHVS M\u00e1laga<\/a><\/span><\/li>\n<li class=\"titulo\"><span style=\"font-size: 18pt;color: #800000\"><a style=\"color: #800000\" href=\"http:\/\/www.juntadeandalucia.es\/educacion\/portals\/web\/habitos-vida-saludable\/premios-vida-sana\" target=\"_blank\" rel=\"noopener noreferrer\">Premios Vida Sana&nbsp;<\/a><\/span><img loading=\"lazy\" decoding=\"async\" class=\"wp-image-8436 alignright\" src=\"https:\/\/blogsaverroes.juntadeandalucia.es\/orientadelegacionmalaga\/files\/2020\/03\/null.jpg\" alt=\"\" width=\"303\" height=\"82\" srcset=\"https:\/\/blogsaverroes.juntadeandalucia.es\/orientadelegacionmalaga\/files\/2020\/03\/null.jpg 170w, https:\/\/blogsaverroes.juntadeandalucia.es\/orientadelegacionmalaga\/files\/2020\/03\/null-24x6.jpg 24w, https:\/\/blogsaverroes.juntadeandalucia.es\/orientadelegacionmalaga\/files\/2020\/03\/null-36x10.jpg 36w, https:\/\/blogsaverroes.juntadeandalucia.es\/orientadelegacionmalaga\/files\/2020\/03\/null-48x13.jpg 48w\" sizes=\"(max-width: 303px) 100vw, 303px\" \/><\/li>\n<\/ul>\n<p>&nbsp;<\/p>\n","protected":false},"excerpt":{"rendered":"<p>Programas de H\u00e1bitos de Vida Saludable Programa de actividades Integraci\u00f3n Curricular HVS PRIMARIA Programa de actividades Integraci\u00f3n curricular HVS SECUNDARIA Blog: PHHVS M\u00e1laga Premios Vida Sana&nbsp; &nbsp;<\/p>\n","protected":false},"author":8106,"featured_media":0,"parent":0,"menu_order":0,"comment_status":"closed","ping_status":"closed","template":"","meta":{"ngg_post_thumbnail":0,"footnotes":""},"aioseo_notices":[],"_links":{"self":[{"href":"https:\/\/blogsaverroes.juntadeandalucia.es\/orientadelegacionmalaga\/wp-json\/wp\/v2\/pages\/8430"}],"collection":[{"href":"https:\/\/blogsaverroes.juntadeandalucia.es\/orientadelegacionmalaga\/wp-json\/wp\/v2\/pages"}],"about":[{"href":"https:\/\/blogsaverroes.juntadeandalucia.es\/orientadelegacionmalaga\/wp-json\/wp\/v2\/types\/page"}],"author":[{"embeddable":true,"href":"https:\/\/blogsaverroes.juntadeandalucia.es\/orientadelegacionmalaga\/wp-json\/wp\/v2\/users\/8106"}],"replies":[{"embeddable":true,"href":"https:\/\/blogsaverroes.juntadeandalucia.es\/orientadelegacionmalaga\/wp-json\/wp\/v2\/comments?post=8430"}],"version-history":[{"count":8,"href":"https:\/\/blogsaverroes.juntadeandalucia.es\/orientadelegacionmalaga\/wp-json\/wp\/v2\/pages\/8430\/revisions"}],"predecessor-version":[{"id":9861,"href":"https:\/\/blogsaverroes.juntadeandalucia.es\/orientadelegacionmalaga\/wp-json\/wp\/v2\/pages\/8430\/revisions\/9861"}],"wp:attachment":[{"href":"https:\/\/blogsaverroes.juntadeandalucia.es\/orientadelegacionmalaga\/wp-json\/wp\/v2\/media?parent=8430"}],"curies":[{"name":"wp","href":"https:\/\/api.w.org\/{rel}","templated":true}]}}