{"id":8450,"date":"2020-04-01T13:38:33","date_gmt":"2020-04-01T11:38:33","guid":{"rendered":"https:\/\/blogsaverroes.juntadeandalucia.es\/orientadelegacionmalaga\/?page_id=8450"},"modified":"2023-04-11T08:29:27","modified_gmt":"2023-04-11T06:29:27","slug":"equipo-de-acompanamiento-en-situaciones-de-crisis","status":"publish","type":"page","link":"https:\/\/blogsaverroes.juntadeandalucia.es\/orientadelegacionmalaga\/equipo-de-acompanamiento-en-situaciones-de-crisis\/","title":{"rendered":"Equipo de Acompa\u00f1amiento en Situaciones de Crisis"},"content":{"rendered":"<p align=\"justify\"><span style=\"font-family: Arial, sans-serif\"><a href=\"https:\/\/blogsaverroes.juntadeandalucia.es\/orientadelegacionmalaga\/files\/2021\/11\/EQUIPO-DE-ACOMPA\u00d1AMIENTO-EN-SITUACIONES-DE-CRISIS.pdf\" target=\"_blank\" rel=\"noopener noreferrer\">EQUIPO DE ACOMPA\u00d1AMIENTO EN SITUACIONES DE CRISIS<\/a> de la Delegaci\u00f3n Territorial de Desarrollo Educativo y Formaci\u00f3n Profesional en<\/span><span style=\"font-family: Arial, sans-serif\">&nbsp;M\u00e1laga e<\/span><span style=\"font-family: Arial, sans-serif\">s un<\/span><span style=\"font-family: Arial, sans-serif\"> equipo<\/span><span style=\"font-family: Arial, sans-serif\"> con dependencia funcional del \u00c1rea de apoyo a la funci\u00f3n tutorial del profesorado y asesoramiento sobre la convivencia del ETPO<\/span><span style=\"font-family: Arial, sans-serif\">E<\/span><span style=\"font-family: Arial, sans-serif\">P.<\/span><\/p>\n<p align=\"justify\"><span style=\"font-family: Arial, sans-serif\">Las funciones de este Equipo se centran en torno a tres \u00e1mbitos de trabajo:<\/span><\/p>\n<ul>\n<li>\n<p align=\"justify\"><span style=\"font-family: Arial, sans-serif\">Acompa\u00f1amiento psicol\u00f3gico en caso de agresi\u00f3n al profesorado.<\/span><\/p>\n<\/li>\n<li>\n<p align=\"justify\"><span style=\"font-family: Arial, sans-serif\">Asesoramiento en s<\/span><span style=\"font-family: Arial, sans-serif\">ituaciones de duelo <\/span><span style=\"font-family: Arial, sans-serif\">que puedan producirse por el fallecimiento de alguna persona de la co<\/span><span style=\"font-family: Arial, sans-serif\">munidad educativa que afecten al normal funcionamiento del centro<\/span><span style=\"font-family: Arial, sans-serif\">.<\/span><\/p>\n<\/li>\n<li>\n<p align=\"justify\"><span style=\"font-family: Arial, sans-serif\">Prevenci\u00f3n de suicidio e intentos de autolisis por parte del alumnado.<\/span><\/p>\n<\/li>\n<\/ul>\n<p align=\"justify\"><span style=\"font-family: Arial, sans-serif\">Estas funciones se desarrollar\u00e1n en coordinaci\u00f3n con los recursos del centro y con otros recursos especializados, tales como los EOE y Departamentos de Orientaci\u00f3n, el EOE Orientaci\u00f3n Sexual, EOEE de Trastorno Grave de Conducta, el Equipo de Trabajadoras Sociales del EOEE.<\/span><\/p>\n<p align=\"justify\"><span style=\"font-family: Arial, sans-serif\">Los centros docentes podr\u00e1n solicitar la colaboraci\u00f3n de este Equipo presentando el modelo de solicitud adjunta a trav\u00e9s de Ventanilla Electr\u00f3nica de S\u00e9neca.<\/span><\/p>\n<p align=\"justify\">&nbsp;<\/p>\n<p align=\"justify\">Correo: <strong>equipocrisis.dpma.ced@juntadeandalucia.es<\/strong><\/p>\n<p>&nbsp;<\/p>\n<p><a href=\"https:\/\/blogsaverroes.juntadeandalucia.es\/orientadelegacionmalaga\/files\/2021\/01\/EQUIPO-DE-ACOMPA\u00d1AMIENTO-EN-SITUACIONES-DE-CRISIS-5.pdf\">EQUIPO DE ACOMPA\u00d1AMIENTO EN SITUACIONES DE CRISIS (INFOGRAF\u00cdA)<\/a><\/p>\n<p>&nbsp;<\/p>\n<p><a href=\"https:\/\/blogsaverroes.juntadeandalucia.es\/orientadelegacionmalaga\/files\/2020\/04\/Solic-Colab-EC-.odt\" target=\"_blank\" rel=\"noopener noreferrer\">SOLICITUD DE COLABORACI\u00d3N<\/a><\/p>\n<p style=\"text-align: left\" align=\"center\"><span style=\"color: #008000\"><strong><a style=\"color: #008000\" href=\"https:\/\/blogsaverroes.juntadeandalucia.es\/orientadelegacionmalaga\/files\/2020\/05\/MITOS-DUELO.pdf\" target=\"_blank\" rel=\"noopener noreferrer\">MITOS DUELO<\/a><\/strong><\/span><\/p>\n<p style=\"text-align: left\" align=\"center\"><span style=\"color: #168253\"><span style=\"font-family: Times\"><span style=\"font-size: large\"><b>SIGNOS DE ALARMA EN EL DUELO DE LOS NIN\u0303OS<\/b><\/span><\/span><\/span><\/p>\n<p style=\"text-align: left\" align=\"center\"><span style=\"color: #168253\"><span style=\"font-family: Times\"><span style=\"font-size: large\"><b>INTERVENCIO\u0301N EN DUELO EN EL AULA<\/b><\/span><\/span><\/span><\/p>\n<p>PROTOCOLO PREVENCIO\u0301N DE CONDUCTA SUICIDA<\/p>\n<p>&nbsp;<\/p>\n<p style=\"text-align: center\"><span style=\"font-size: 18pt\"><a href=\"https:\/\/blogsaverroes.juntadeandalucia.es\/orientadelegacionmalaga\/prevencion-del-suicidio\/\" target=\"_blank\" rel=\"noopener noreferrer\">Nuestra p\u00e1gina web actualizada<\/a><\/span><\/p>\n<p align=\"center\">&nbsp;<\/p>\n<p style=\"text-align: left\" align=\"center\">&nbsp;<\/p>\n<p style=\"text-align: left\" align=\"center\">&nbsp;<\/p>\n<p style=\"text-align: left\" align=\"center\">&nbsp;<\/p>\n","protected":false},"excerpt":{"rendered":"<p>EQUIPO DE ACOMPA\u00d1AMIENTO EN SITUACIONES DE CRISIS de la Delegaci\u00f3n Territorial de Desarrollo Educativo y Formaci\u00f3n Profesional en&nbsp;M\u00e1laga es un equipo con dependencia funcional del \u00c1rea de apoyo a la funci\u00f3n tutorial del profesorado&#46;&#46;&#46;<\/p>\n","protected":false},"author":8106,"featured_media":0,"parent":0,"menu_order":0,"comment_status":"closed","ping_status":"closed","template":"","meta":{"ngg_post_thumbnail":0,"footnotes":""},"aioseo_notices":[],"_links":{"self":[{"href":"https:\/\/blogsaverroes.juntadeandalucia.es\/orientadelegacionmalaga\/wp-json\/wp\/v2\/pages\/8450"}],"collection":[{"href":"https:\/\/blogsaverroes.juntadeandalucia.es\/orientadelegacionmalaga\/wp-json\/wp\/v2\/pages"}],"about":[{"href":"https:\/\/blogsaverroes.juntadeandalucia.es\/orientadelegacionmalaga\/wp-json\/wp\/v2\/types\/page"}],"author":[{"embeddable":true,"href":"https:\/\/blogsaverroes.juntadeandalucia.es\/orientadelegacionmalaga\/wp-json\/wp\/v2\/users\/8106"}],"replies":[{"embeddable":true,"href":"https:\/\/blogsaverroes.juntadeandalucia.es\/orientadelegacionmalaga\/wp-json\/wp\/v2\/comments?post=8450"}],"version-history":[{"count":35,"href":"https:\/\/blogsaverroes.juntadeandalucia.es\/orientadelegacionmalaga\/wp-json\/wp\/v2\/pages\/8450\/revisions"}],"predecessor-version":[{"id":11503,"href":"https:\/\/blogsaverroes.juntadeandalucia.es\/orientadelegacionmalaga\/wp-json\/wp\/v2\/pages\/8450\/revisions\/11503"}],"wp:attachment":[{"href":"https:\/\/blogsaverroes.juntadeandalucia.es\/orientadelegacionmalaga\/wp-json\/wp\/v2\/media?parent=8450"}],"curies":[{"name":"wp","href":"https:\/\/api.w.org\/{rel}","templated":true}]}}