{"id":8582,"date":"2020-04-20T11:18:33","date_gmt":"2020-04-20T09:18:33","guid":{"rendered":"https:\/\/blogsaverroes.juntadeandalucia.es\/orientadelegacionmalaga\/?page_id=8582"},"modified":"2024-06-26T09:22:19","modified_gmt":"2024-06-26T07:22:19","slug":"tutoriales-orientacion","status":"publish","type":"page","link":"https:\/\/blogsaverroes.juntadeandalucia.es\/orientadelegacionmalaga\/tutoriales-orientacion\/","title":{"rendered":"TUTORIALES ORIENTACI\u00d3N"},"content":{"rendered":"<p><span style=\"color: #0000ff;font-size: 14pt\"><strong>TUTORIALES PARA FAVORECER LA ORIENTACI\u00d3N EN CADA ETAPA, AGRUPADOS POR TEM\u00c1TICAS: <\/strong><\/span><em><span style=\"font-size: 10pt\">V\u00eddeos elaborados por orientadores\/as educativos de la provincia de M\u00e1laga!&nbsp;<\/span><\/em><\/p>\n<p>&nbsp;<\/p>\n<p><span style=\"color: #0000ff\"><strong>RECURSOS PARA LA AUTOORIENTACI\u00d3N:&nbsp;<\/strong><\/span><\/p>\n<ul>\n<li><a href=\"https:\/\/www.youtube.com\/watch?v=lwCz14-hqYo&amp;t=9s\" target=\"_blank\" rel=\"noopener noreferrer\">Cuestionarios ElOrienta<\/a> (por Mar\u00eda Ortiz)<\/li>\n<li><span style=\"color: #0000ff\"><a style=\"color: #0000ff\" href=\"https:\/\/www.youtube.com\/watch?v=tUcKyAowC60\" target=\"_blank\" rel=\"noopener noreferrer\">Mywaypass: aplicaci\u00f3n de autoorientaci\u00f3n 12-18 a\u00f1os<\/a><\/span> (por Mar\u00eda Ortiz).<\/li>\n<li><span style=\"color: #0000ff\"><a style=\"color: #0000ff\" href=\"https:\/\/view.genial.ly\/5ec397004a81770d9df5675d\/presentation-autoorientacion-academica-profesional\" target=\"_blank\" rel=\"noopener noreferrer\">\u00bfQu\u00e9 camino elegir? (Bachillerato, Formaci\u00f3n profesional, Universidad) (una presentaci\u00f3n con todos los enlaces principales para el alumnado).<\/a> <\/span>(A.Langendijk Mu\u00f1oz)<\/li>\n<\/ul>\n<p><span style=\"color: #ff00ff\"><strong>ENSE\u00d1ANZAS:<\/strong><\/span><\/p>\n<ul>\n<li><span style=\"color: #0000ff\"><a style=\"color: #0000ff\" href=\"https:\/\/www.youtube.com\/watch?v=MqVF6V_eTvY&amp;feature=youtu.be\" target=\"_blank\" rel=\"noopener noreferrer\">BACHILLERATOS: \u00bfEn qu\u00e9 consiste? \u00bfQu\u00e9 asignaturas puedo elegir?<\/a> <\/span>(por Eva Aguilera).&nbsp;<\/li>\n<li><span style=\"color: #0000ff\"><a style=\"color: #0000ff\" href=\"https:\/\/www.youtube.com\/watch?v=pu7sP3pPL-o&amp;feature=youtu.be\" target=\"_blank\" rel=\"noopener noreferrer\">CICLOS FORMATIVOS: FPB, Grado Medio y Superior<\/a> <\/span>(por Eva Aguilera).&nbsp;<\/li>\n<li><a href=\"https:\/\/www.youtube.com\/watch?v=TVXGds6g7Z8\" target=\"_blank\" rel=\"noopener noreferrer\">\u00bfQu\u00e9 opciones hay sin el t\u00edtulo de ESO? (por Eva Aguilera)<\/a><\/li>\n<\/ul>\n<p><strong><span style=\"color: #0000ff\">UNIVERSIDAD: ACCESO Y ESTUDIOS UNIVERSITARIOS<\/span>:<\/strong><img loading=\"lazy\" decoding=\"async\" class=\"alignnone wp-image-8315\" src=\"https:\/\/blogsaverroes.juntadeandalucia.es\/orientadelegacionmalaga\/files\/2020\/03\/DISTRITO-UNICO-300x122.jpg\" alt=\"\" width=\"87\" height=\"35\" srcset=\"https:\/\/blogsaverroes.juntadeandalucia.es\/orientadelegacionmalaga\/files\/2020\/03\/DISTRITO-UNICO-300x122.jpg 300w, https:\/\/blogsaverroes.juntadeandalucia.es\/orientadelegacionmalaga\/files\/2020\/03\/DISTRITO-UNICO-24x10.jpg 24w, https:\/\/blogsaverroes.juntadeandalucia.es\/orientadelegacionmalaga\/files\/2020\/03\/DISTRITO-UNICO-36x15.jpg 36w, https:\/\/blogsaverroes.juntadeandalucia.es\/orientadelegacionmalaga\/files\/2020\/03\/DISTRITO-UNICO-48x19.jpg 48w, https:\/\/blogsaverroes.juntadeandalucia.es\/orientadelegacionmalaga\/files\/2020\/03\/DISTRITO-UNICO.jpg 353w\" sizes=\"(max-width: 87px) 100vw, 87px\" \/><\/p>\n<ul>\n<li><a href=\"https:\/\/blogsaverroes.juntadeandalucia.es\/orientadelegacionmalaga\/files\/2024\/06\/ANEXO-II-EDITABLE-PEVAU.pdf\">ANEXO II EDITABLE PEVAU<\/a><\/li>\n<li><span style=\"color: #0000ff\"><a style=\"color: #0000ff\" href=\"https:\/\/www.youtube.com\/watch?v=XXvYcgQBf6c\" target=\"_blank\" rel=\"noopener noreferrer\">\u00bfCu\u00e1les son los par\u00e1metros de ponderaci\u00f3n para cada carrera? <\/a>&nbsp;<\/span> (por Rafael Pareja?&nbsp;<\/li>\n<li><span style=\"color: #0000ff\"><a style=\"color: #0000ff\" href=\"https:\/\/www.youtube.com\/watch?v=FG9uGgk0iNI\" target=\"_blank\" rel=\"noopener noreferrer\">\u00bfQu\u00e9 estudios universitarios hay en Andaluc\u00eda y en Espa\u00f1a?&nbsp; \u00bfD\u00f3nde estudiarlos?<\/a> <\/span>(por Rafael Pareja).<\/li>\n<li><span style=\"color: #0000ff\"><a style=\"color: #0000ff\" href=\"https:\/\/www.youtube.com\/watch?v=j4NypYVQBm4\" target=\"_blank\" rel=\"noopener noreferrer\">\u00bfC\u00f3mo se realiza el procedimiento de solicitud \/ preinscripci\u00f3n en <strong>cualquier<\/strong> Universidad de Andaluc\u00eda p\u00fablica?<\/a> <\/span>(UCO)<\/li>\n<\/ul>\n<p>&nbsp;<\/p>\n<ul>\n<li><strong style=\"color: #0000ff\"><strong><span style=\"color: #0000ff;font-size: 14pt\"><img loading=\"lazy\" decoding=\"async\" class=\"wp-image-7179 alignleft\" src=\"https:\/\/blogsaverroes.juntadeandalucia.es\/orientadelegacionmalaga\/files\/2019\/06\/fp.jpg\" alt=\"\" width=\"63\" height=\"63\" srcset=\"https:\/\/blogsaverroes.juntadeandalucia.es\/orientadelegacionmalaga\/files\/2019\/06\/fp.jpg 225w, https:\/\/blogsaverroes.juntadeandalucia.es\/orientadelegacionmalaga\/files\/2019\/06\/fp-150x150.jpg 150w, https:\/\/blogsaverroes.juntadeandalucia.es\/orientadelegacionmalaga\/files\/2019\/06\/fp-100x100.jpg 100w, https:\/\/blogsaverroes.juntadeandalucia.es\/orientadelegacionmalaga\/files\/2019\/06\/fp-160x160.jpg 160w, https:\/\/blogsaverroes.juntadeandalucia.es\/orientadelegacionmalaga\/files\/2019\/06\/fp-24x24.jpg 24w, https:\/\/blogsaverroes.juntadeandalucia.es\/orientadelegacionmalaga\/files\/2019\/06\/fp-36x36.jpg 36w, https:\/\/blogsaverroes.juntadeandalucia.es\/orientadelegacionmalaga\/files\/2019\/06\/fp-48x48.jpg 48w\" sizes=\"(max-width: 63px) 100vw, 63px\" \/><\/span><\/strong>FORMACI\u00d3N PROFESIONAL:<\/strong><\/li>\n<li><span style=\"color: #0000ff\"><a style=\"color: #0000ff\" href=\"https:\/\/www.youtube.com\/watch?v=VrGgKyLg1E0&amp;t=3s\" target=\"_blank\" rel=\"noopener noreferrer\">Ciclos formativos de Grado medio: \u00bfQu\u00e9 requisitos necesito? \u00bfD\u00f3nde estudiarlos?<\/a> <\/span>(por Mar\u00eda Ortiz).<\/li>\n<li><a href=\"https:\/\/www.youtube.com\/watch?v=O0OdCXSrKYo&amp;feature=youtu.be\" target=\"_blank\" rel=\"noopener noreferrer\">Ciclos formativos de Grado superior: \u00bfRequisitos? \u00bfModalidades? \u00bfD\u00f3nde estudiarlos y criterios de admisi\u00f3n?<\/a> (Eva Aguilera)<\/li>\n<li><span style=\"color: #0000ff\"><a style=\"color: #0000ff\" href=\"https:\/\/www.youtube.com\/watch?v=ARIH8bOKHg4\" target=\"_blank\" rel=\"noopener noreferrer\">FP: \u00bfQu\u00e9 estudiar y qu\u00e9 nota de corte tienen?<\/a> <\/span>( por Rafael Pareja).<\/li>\n<li><span style=\"color: #0000ff\"><a style=\"color: #0000ff\" href=\"https:\/\/www.youtube.com\/watch?v=PINOSKuvBgQ\" target=\"_blank\" rel=\"noopener noreferrer\">\u00bfC\u00f3mo rellenar la solicitud de ciclo formativo on line?<\/a><\/span> (Joaqu\u00edn Delgado)<\/li>\n<li><a href=\"https:\/\/www.youtube.com\/channel\/UCK4bpOjSpS8L5nz2VKoTtYg\" target=\"_blank\" rel=\"noopener noreferrer\">Canal de Youtube del Servicio de Planificaci\u00f3n de D.T. M\u00e1laga<\/a><\/li>\n<\/ul>\n<p><span style=\"color: #0000ff\"><strong>BECAS:<\/strong><\/span><\/p>\n<ul>\n<li><span style=\"color: #0000ff\"><a style=\"color: #0000ff\" href=\"https:\/\/www.youtube.com\/watch?v=hAtKIhNVITk\" target=\"_blank\" rel=\"noopener noreferrer\">\u00bfC\u00f3mo solicitar una beca general del Ministerio?<\/a><\/span> ( por Rafael Pareja).<\/li>\n<\/ul>\n<p>Iremos colgando otros en las pr\u00f3ximas semanas. \u00a1Gracias por compartir!<\/p>\n","protected":false},"excerpt":{"rendered":"<p>TUTORIALES PARA FAVORECER LA ORIENTACI\u00d3N EN CADA ETAPA, AGRUPADOS POR TEM\u00c1TICAS: V\u00eddeos elaborados por orientadores\/as educativos de la provincia de M\u00e1laga!&nbsp; &nbsp; RECURSOS PARA LA AUTOORIENTACI\u00d3N:&nbsp; Cuestionarios ElOrienta (por Mar\u00eda Ortiz) Mywaypass: aplicaci\u00f3n de&#46;&#46;&#46;<\/p>\n","protected":false},"author":8106,"featured_media":0,"parent":0,"menu_order":0,"comment_status":"closed","ping_status":"closed","template":"","meta":{"ngg_post_thumbnail":0,"footnotes":""},"aioseo_notices":[],"_links":{"self":[{"href":"https:\/\/blogsaverroes.juntadeandalucia.es\/orientadelegacionmalaga\/wp-json\/wp\/v2\/pages\/8582"}],"collection":[{"href":"https:\/\/blogsaverroes.juntadeandalucia.es\/orientadelegacionmalaga\/wp-json\/wp\/v2\/pages"}],"about":[{"href":"https:\/\/blogsaverroes.juntadeandalucia.es\/orientadelegacionmalaga\/wp-json\/wp\/v2\/types\/page"}],"author":[{"embeddable":true,"href":"https:\/\/blogsaverroes.juntadeandalucia.es\/orientadelegacionmalaga\/wp-json\/wp\/v2\/users\/8106"}],"replies":[{"embeddable":true,"href":"https:\/\/blogsaverroes.juntadeandalucia.es\/orientadelegacionmalaga\/wp-json\/wp\/v2\/comments?post=8582"}],"version-history":[{"count":25,"href":"https:\/\/blogsaverroes.juntadeandalucia.es\/orientadelegacionmalaga\/wp-json\/wp\/v2\/pages\/8582\/revisions"}],"predecessor-version":[{"id":11966,"href":"https:\/\/blogsaverroes.juntadeandalucia.es\/orientadelegacionmalaga\/wp-json\/wp\/v2\/pages\/8582\/revisions\/11966"}],"wp:attachment":[{"href":"https:\/\/blogsaverroes.juntadeandalucia.es\/orientadelegacionmalaga\/wp-json\/wp\/v2\/media?parent=8582"}],"curies":[{"name":"wp","href":"https:\/\/api.w.org\/{rel}","templated":true}]}}