{"id":9228,"date":"2020-10-04T15:14:14","date_gmt":"2020-10-04T13:14:14","guid":{"rendered":"https:\/\/blogsaverroes.juntadeandalucia.es\/orientadelegacionmalaga\/?page_id=9228"},"modified":"2024-06-27T11:53:34","modified_gmt":"2024-06-27T09:53:34","slug":"acredita-tu-experiencia","status":"publish","type":"page","link":"https:\/\/blogsaverroes.juntadeandalucia.es\/orientadelegacionmalaga\/acredita-tu-experiencia\/","title":{"rendered":"ACREDITA tu experiencia"},"content":{"rendered":"<p><strong>ACREDITA TU EXPERIENCIA PROFESIONAL<\/strong><\/p>\n<p>. &nbsp;<\/p>\n<ul>\n<li style=\"list-style-type: none\">\n<ul>\n<li><a href=\"https:\/\/www.juntadeandalucia.es\/educacion\/portals\/web\/iacp\" target=\"_blank\" rel=\"noopener noreferrer\">WEB IACP<\/a><\/li>\n<li><a href=\"http:\/\/incual.mecd.es\/convocatorias\" target=\"_blank\" rel=\"noopener noreferrer\"><strong>CONVOCATORIAS ABIERTAS<\/strong> EN ESPA\u00d1A (INCUAL)&nbsp;<\/a><\/li>\n<\/ul>\n<\/li>\n<\/ul>\n<ul>\n<li><strong>Certificado:<\/strong>&nbsp;al participar, podr\u00e1s conseguir una&nbsp;<strong>ACREDITACI\u00d3N DE TUS UNIDADES DE COMPETENCIA (UC)<\/strong>. Este&nbsp;<a href=\"https:\/\/www.juntadeandalucia.es\/educacion\/secretariavirtual\/sede\/accesoDescarga\/\" target=\"_blank\" rel=\"noopener noreferrer\">certificado, puedes&nbsp;<strong>descargarlo<\/strong>&nbsp;t\u00fa mismo en el siguiente enlace del IACP.&nbsp;<\/a>&nbsp; Este certificado te permitir\u00eda solicitar convalidaci\u00f3n de alg\u00fan m\u00f3dulo (\u00abasignatura\u00bb) de un ciclo formativo de FP.&nbsp;<strong>NO EQUIVALE A UN CICLO, si no a la posibilidad de convalidar m\u00f3dulos profesionales.&nbsp;<\/strong><\/li>\n<li>Una vez que tienes este certificado, si quieres conseguir un&nbsp;<strong>CERTIFICADO DE PROFESIONALIDAD<\/strong>&nbsp;debes:&nbsp;\n<ul>\n<li style=\"list-style-type: none\">\n<ul>\n<li><a href=\"https:\/\/www.juntadeandalucia.es\/temas\/trabajar\/formacion\/certificados.html\" target=\"_blank\" rel=\"noopener noreferrer\">Solicitarlo a la Consejer\u00eda de Empleo (adjuntando copia del certificado de las UC)<\/a>&nbsp;Este documento lo presentas en un registro de la Junta de Andaluc\u00eda.<\/li>\n<\/ul>\n<\/li>\n<\/ul>\n<\/li>\n<\/ul>\n","protected":false},"excerpt":{"rendered":"<p>ACREDITA TU EXPERIENCIA PROFESIONAL . &nbsp; WEB IACP CONVOCATORIAS ABIERTAS EN ESPA\u00d1A (INCUAL)&nbsp; Certificado:&nbsp;al participar, podr\u00e1s conseguir una&nbsp;ACREDITACI\u00d3N DE TUS UNIDADES DE COMPETENCIA (UC). Este&nbsp;certificado, puedes&nbsp;descargarlo&nbsp;t\u00fa mismo en el siguiente enlace del IACP.&nbsp;&nbsp; Este&#46;&#46;&#46;<\/p>\n","protected":false},"author":8106,"featured_media":0,"parent":0,"menu_order":0,"comment_status":"closed","ping_status":"closed","template":"","meta":{"ngg_post_thumbnail":0,"footnotes":""},"aioseo_notices":[],"_links":{"self":[{"href":"https:\/\/blogsaverroes.juntadeandalucia.es\/orientadelegacionmalaga\/wp-json\/wp\/v2\/pages\/9228"}],"collection":[{"href":"https:\/\/blogsaverroes.juntadeandalucia.es\/orientadelegacionmalaga\/wp-json\/wp\/v2\/pages"}],"about":[{"href":"https:\/\/blogsaverroes.juntadeandalucia.es\/orientadelegacionmalaga\/wp-json\/wp\/v2\/types\/page"}],"author":[{"embeddable":true,"href":"https:\/\/blogsaverroes.juntadeandalucia.es\/orientadelegacionmalaga\/wp-json\/wp\/v2\/users\/8106"}],"replies":[{"embeddable":true,"href":"https:\/\/blogsaverroes.juntadeandalucia.es\/orientadelegacionmalaga\/wp-json\/wp\/v2\/comments?post=9228"}],"version-history":[{"count":10,"href":"https:\/\/blogsaverroes.juntadeandalucia.es\/orientadelegacionmalaga\/wp-json\/wp\/v2\/pages\/9228\/revisions"}],"predecessor-version":[{"id":11972,"href":"https:\/\/blogsaverroes.juntadeandalucia.es\/orientadelegacionmalaga\/wp-json\/wp\/v2\/pages\/9228\/revisions\/11972"}],"wp:attachment":[{"href":"https:\/\/blogsaverroes.juntadeandalucia.es\/orientadelegacionmalaga\/wp-json\/wp\/v2\/media?parent=9228"}],"curies":[{"name":"wp","href":"https:\/\/api.w.org\/{rel}","templated":true}]}}