{"id":9233,"date":"2020-10-05T10:47:50","date_gmt":"2020-10-05T08:47:50","guid":{"rendered":"https:\/\/blogsaverroes.juntadeandalucia.es\/orientadelegacionmalaga\/?page_id=9233"},"modified":"2021-01-22T11:49:33","modified_gmt":"2021-01-22T10:49:33","slug":"trastorno-grave-de-conducta","status":"publish","type":"page","link":"https:\/\/blogsaverroes.juntadeandalucia.es\/orientadelegacionmalaga\/trastorno-grave-de-conducta\/","title":{"rendered":"Trastorno Grave de Conducta"},"content":{"rendered":"<p><strong>Trastornos Graves de Conducta (TGC).&nbsp;<\/strong><\/p>\n<ul>\n<li><b>EOE E TGC:<\/b> Datos de contacto:\n<ul>\n<li>951293692 \/ 951293693 (Corp. 973692 \/973693).&nbsp;<\/li>\n<li>tgc.dpma.ced@juntadeandalucia.es&nbsp;<\/li>\n<li>tgc2.dpma.ced@juntadeandalucia.es<\/li>\n<li>tgc3.dpma.ced@juntadeandalucia.es<\/li>\n<li>&nbsp;<\/li>\n<\/ul>\n<\/li>\n<li><a href=\"https:\/\/blogsaverroes.juntadeandalucia.es\/orientadelegacionmalaga\/files\/2020\/02\/Protocolo-actuaci%C3%B3n-alumnado-TGC.pdf\" target=\"_blank\" rel=\"noopener noreferrer\">Protocolo actuaci\u00f3n alumnado TGC<\/a><\/li>\n<li><strong>Solicitud asesoramiento \/ intervenci\u00f3n EOEE TGC<\/strong>: <span style=\"color: #0000ff\"><strong>v\u00eda S\u00e9neca.&nbsp; &nbsp; &nbsp; &nbsp; &nbsp; &nbsp; &nbsp; &nbsp; &nbsp; &nbsp; &nbsp; &nbsp; &nbsp; &nbsp; &nbsp; &nbsp; &nbsp; &nbsp; &nbsp; &nbsp; &nbsp; &nbsp; &nbsp; &nbsp; &nbsp; &nbsp; &nbsp; &nbsp; &nbsp; &nbsp; &nbsp; &nbsp; &nbsp; &nbsp; &nbsp; &nbsp; &nbsp; &nbsp; &nbsp; &nbsp; &nbsp; &nbsp; &nbsp; &nbsp; &nbsp; &nbsp; &nbsp; &nbsp; &nbsp; &nbsp; &nbsp; &nbsp; &nbsp; &nbsp; &nbsp; &nbsp; &nbsp; &nbsp; &nbsp; &nbsp; &nbsp; <\/strong><\/span><\/li>\n<li><a href=\"https:\/\/blogsaverroes.juntadeandalucia.es\/orientadelegacionmalaga\/files\/2021\/01\/PROTOCOLO-de-crisis-EOEE-TGC_definitivo1.pdf\" target=\"_blank\" rel=\"noopener noreferrer\">Protocolo de crisis conductuales EOEE TGC<\/a><\/li>\n<\/ul>\n<p><a href=\"https:\/\/blogsaverroes.juntadeandalucia.es\/orientadelegacionmalaga\/files\/2021\/01\/conducta_transtornos.pdf\">Manual de Junta de Anduluc\u00eda conducta_transtornos<\/a><\/p>\n<h1 class=\"western\"><span style=\"font-family: helvetica, arial, sans-serif\"><span style=\"font-size: medium\"><strong>Tambi\u00e9n te puede interesar<\/strong>:&nbsp; <\/span><\/span><a href=\"https:\/\/blogsaverroes.juntadeandalucia.es\/orientadelegacionmalaga\/equipo-de-acompanamiento-en-situaciones-de-crisis\/\" target=\"_blank\" rel=\"noopener noreferrer\"><span style=\"color: #ff9900\"><span style=\"font-family: helvetica, arial, sans-serif\"><span style=\"font-size: medium\">E<\/span><\/span><span style=\"font-family: helvetica, arial, sans-serif\"><span style=\"font-size: medium\">quipo de acompa\u00f1amiento en situaciones de crisis<\/span><\/span><\/span><\/a><\/h1>\n<p>&nbsp;<\/p>\n<p>&nbsp;<\/p>\n","protected":false},"excerpt":{"rendered":"<p>Trastornos Graves de Conducta (TGC).&nbsp; EOE E TGC: Datos de contacto: 951293692 \/ 951293693 (Corp. 973692 \/973693).&nbsp; tgc.dpma.ced@juntadeandalucia.es&nbsp; tgc2.dpma.ced@juntadeandalucia.es tgc3.dpma.ced@juntadeandalucia.es &nbsp; Protocolo actuaci\u00f3n alumnado TGC Solicitud asesoramiento \/ intervenci\u00f3n EOEE TGC: v\u00eda S\u00e9neca.&nbsp; &nbsp;&#46;&#46;&#46;<\/p>\n","protected":false},"author":8106,"featured_media":0,"parent":0,"menu_order":0,"comment_status":"closed","ping_status":"closed","template":"","meta":{"ngg_post_thumbnail":0,"footnotes":""},"aioseo_notices":[],"_links":{"self":[{"href":"https:\/\/blogsaverroes.juntadeandalucia.es\/orientadelegacionmalaga\/wp-json\/wp\/v2\/pages\/9233"}],"collection":[{"href":"https:\/\/blogsaverroes.juntadeandalucia.es\/orientadelegacionmalaga\/wp-json\/wp\/v2\/pages"}],"about":[{"href":"https:\/\/blogsaverroes.juntadeandalucia.es\/orientadelegacionmalaga\/wp-json\/wp\/v2\/types\/page"}],"author":[{"embeddable":true,"href":"https:\/\/blogsaverroes.juntadeandalucia.es\/orientadelegacionmalaga\/wp-json\/wp\/v2\/users\/8106"}],"replies":[{"embeddable":true,"href":"https:\/\/blogsaverroes.juntadeandalucia.es\/orientadelegacionmalaga\/wp-json\/wp\/v2\/comments?post=9233"}],"version-history":[{"count":10,"href":"https:\/\/blogsaverroes.juntadeandalucia.es\/orientadelegacionmalaga\/wp-json\/wp\/v2\/pages\/9233\/revisions"}],"predecessor-version":[{"id":9622,"href":"https:\/\/blogsaverroes.juntadeandalucia.es\/orientadelegacionmalaga\/wp-json\/wp\/v2\/pages\/9233\/revisions\/9622"}],"wp:attachment":[{"href":"https:\/\/blogsaverroes.juntadeandalucia.es\/orientadelegacionmalaga\/wp-json\/wp\/v2\/media?parent=9233"}],"curies":[{"name":"wp","href":"https:\/\/api.w.org\/{rel}","templated":true}]}}