{"id":9722,"date":"2021-02-02T20:04:18","date_gmt":"2021-02-02T19:04:18","guid":{"rendered":"https:\/\/blogsaverroes.juntadeandalucia.es\/orientadelegacionmalaga\/?page_id=9722"},"modified":"2024-06-27T08:53:17","modified_gmt":"2024-06-27T06:53:17","slug":"orientacion-laboral","status":"publish","type":"page","link":"https:\/\/blogsaverroes.juntadeandalucia.es\/orientadelegacionmalaga\/orientacion-laboral\/","title":{"rendered":"ORIENTACI\u00d3N LABORAL"},"content":{"rendered":"<p><span style=\"color: #000000\">Los <\/span><strong><span style=\"color: #ff00ff\">Servicios ANDALUC\u00cdA ORIENTA<\/span><\/strong><span style=\"color: #ff00ff\"><span style=\"color: #000000\"> dependen del Servicio de Intermediaci\u00f3n e inserci\u00f3n laboral del Servicio Andaluz de Empleo. <\/span><\/span><\/p>\n<ul>\n<li><span style=\"color: #000000\">Puedes inscribirte como demandante de empleo (o mejora de empleo, si tienes contrato) y acceder a los <a style=\"color: #000000\" href=\"https:\/\/juntadeandalucia.es\/organismos\/empleoformacionytrabajoautonomo\/sae\/areas\/mejora-empleabilidad\/andalucia-orienta.html\" target=\"_blank\" rel=\"noopener noreferrer\">recursos del SAE<\/a>, entre ellos, a un servicio de Orientaci\u00f3n laboral personalizado.<\/span><\/li>\n<\/ul>\n<p><span style=\"color: #000000\"><img loading=\"lazy\" decoding=\"async\" class=\"wp-image-8265 alignright\" src=\"https:\/\/blogsaverroes.juntadeandalucia.es\/orientadelegacionmalaga\/files\/2020\/03\/Andalucia-orienta.png\" alt=\"\" width=\"265\" height=\"292\" srcset=\"https:\/\/blogsaverroes.juntadeandalucia.es\/orientadelegacionmalaga\/files\/2020\/03\/Andalucia-orienta.png 117w, https:\/\/blogsaverroes.juntadeandalucia.es\/orientadelegacionmalaga\/files\/2020\/03\/Andalucia-orienta-22x24.png 22w, https:\/\/blogsaverroes.juntadeandalucia.es\/orientadelegacionmalaga\/files\/2020\/03\/Andalucia-orienta-32x36.png 32w, https:\/\/blogsaverroes.juntadeandalucia.es\/orientadelegacionmalaga\/files\/2020\/03\/Andalucia-orienta-43x48.png 43w\" sizes=\"(max-width: 265px) 100vw, 265px\" \/><\/span><\/p>\n<ul>\n<li><span style=\"color: #000000\"><strong>ORIENTACI\u00d3N LABORAL EN EL CENTRO:<\/strong> \u00bfQuieres solicitar a un\/a orientador\/a laboral del Servicio Andaluc\u00eda Orienta que colabore\/asesore a tu alumnado? En este documento te explicamos c\u00f3mo:<\/span>\n<ul>\n<li><span style=\"color: #0000ff\"><strong>SOLICITUD COLABORACI\u00d3N EMPLEO: ANDALUC\u00cdA ORIENTA:<\/strong>&nbsp;<a href=\"https:\/\/blogsaverroes.juntadeandalucia.es\/orientadelegacionmalaga\/files\/2020\/03\/Colaboracion-Orientacion-educativa-y-SAE-DEF.pdf\" target=\"_blank\" rel=\"noopener noreferrer\">Protocolo de colaboraci\u00f3n Orientaci\u00f3n educativa y SAE<\/a><\/span><\/li>\n<li>Infograf\u00eda: <strong><a href=\"https:\/\/blogsaverroes.juntadeandalucia.es\/orientadelegacionmalaga\/files\/2021\/05\/ORIENTACION-PROFESIONAL-EN-CENTROS-EDUCATIVOS-2.pdf\" target=\"_blank\" rel=\"noopener noreferrer\">COMISI\u00d3N ORIENTACI\u00d3N PROFESIONAL EN CENTROS EDUCATIVOS<\/a><\/strong><\/li>\n<li>Solicitud de colaboraci\u00f3n Andaluc\u00eda Orienta: <strong><span style=\"color: #ff0000\"><a style=\"color: #ff0000\" href=\"https:\/\/forms.gle\/Dtgxuc8yLKGbbD9k9\" target=\"_blank\" rel=\"noopener noreferrer\">CUMPLIMENTA EL SIGUIENTE FORMULARIO.<\/a><\/span><\/strong><\/li>\n<li><span style=\"color: #000000\">\u00bfPreguntas? <\/span><span style=\"color: #000000\">cro.ma.sa@juntadeandalucia.es<\/span><\/li>\n<\/ul>\n<\/li>\n<\/ul>\n<p><strong>Otros entidades y agencias de colocaci\u00f3n:&nbsp;&nbsp;<\/strong><\/p>\n<ul>\n<li><span style=\"color: #0000ff\"><a style=\"color: #0000ff\" href=\"https:\/\/imfe.malaga.eu\/\" target=\"_blank\" rel=\"noopener noreferrer\">IMFE Ayuntamiento de M\u00e1laga<\/a>.&nbsp;<\/span><\/li>\n<li><span style=\"color: #0000ff\"><a style=\"color: #0000ff\" href=\"https:\/\/www.sepe.es\/HomeSepe\/Personas\/encontrar-trabajo\/agencias-colocacion\" target=\"_blank\" rel=\"noopener noreferrer\">Agencias de colocaci\u00f3n Servicio P\u00fablico de Empleo (SEPE)<\/a><\/span><\/li>\n<\/ul>\n<p>&nbsp;<\/p>\n","protected":false},"excerpt":{"rendered":"<p>Los Servicios ANDALUC\u00cdA ORIENTA dependen del Servicio de Intermediaci\u00f3n e inserci\u00f3n laboral del Servicio Andaluz de Empleo. Puedes inscribirte como demandante de empleo (o mejora de empleo, si tienes contrato) y acceder a los&#46;&#46;&#46;<\/p>\n","protected":false},"author":8106,"featured_media":0,"parent":0,"menu_order":0,"comment_status":"closed","ping_status":"closed","template":"","meta":{"ngg_post_thumbnail":0,"footnotes":""},"aioseo_notices":[],"_links":{"self":[{"href":"https:\/\/blogsaverroes.juntadeandalucia.es\/orientadelegacionmalaga\/wp-json\/wp\/v2\/pages\/9722"}],"collection":[{"href":"https:\/\/blogsaverroes.juntadeandalucia.es\/orientadelegacionmalaga\/wp-json\/wp\/v2\/pages"}],"about":[{"href":"https:\/\/blogsaverroes.juntadeandalucia.es\/orientadelegacionmalaga\/wp-json\/wp\/v2\/types\/page"}],"author":[{"embeddable":true,"href":"https:\/\/blogsaverroes.juntadeandalucia.es\/orientadelegacionmalaga\/wp-json\/wp\/v2\/users\/8106"}],"replies":[{"embeddable":true,"href":"https:\/\/blogsaverroes.juntadeandalucia.es\/orientadelegacionmalaga\/wp-json\/wp\/v2\/comments?post=9722"}],"version-history":[{"count":9,"href":"https:\/\/blogsaverroes.juntadeandalucia.es\/orientadelegacionmalaga\/wp-json\/wp\/v2\/pages\/9722\/revisions"}],"predecessor-version":[{"id":11970,"href":"https:\/\/blogsaverroes.juntadeandalucia.es\/orientadelegacionmalaga\/wp-json\/wp\/v2\/pages\/9722\/revisions\/11970"}],"wp:attachment":[{"href":"https:\/\/blogsaverroes.juntadeandalucia.es\/orientadelegacionmalaga\/wp-json\/wp\/v2\/media?parent=9722"}],"curies":[{"name":"wp","href":"https:\/\/api.w.org\/{rel}","templated":true}]}}