{"id":9795,"date":"2021-02-14T12:06:52","date_gmt":"2021-02-14T11:06:52","guid":{"rendered":"https:\/\/blogsaverroes.juntadeandalucia.es\/orientadelegacionmalaga\/?page_id=9795"},"modified":"2021-06-24T20:43:08","modified_gmt":"2021-06-24T18:43:08","slug":"inclusion-dua","status":"publish","type":"page","link":"https:\/\/blogsaverroes.juntadeandalucia.es\/orientadelegacionmalaga\/inclusion-dua\/","title":{"rendered":"INCLUSI\u00d3N y D.U.A"},"content":{"rendered":"<p>Recursos para favorecer la inclusi\u00f3n educativa y el Dise\u00f1o Universal de Aprendizaje:&nbsp;<\/p>\n<p><img loading=\"lazy\" decoding=\"async\" class=\"size-medium wp-image-9799 alignright\" src=\"https:\/\/blogsaverroes.juntadeandalucia.es\/orientadelegacionmalaga\/files\/2021\/02\/Rueda-DUA-294x300.jpg\" alt=\"\" width=\"294\" height=\"300\" srcset=\"https:\/\/blogsaverroes.juntadeandalucia.es\/orientadelegacionmalaga\/files\/2021\/02\/Rueda-DUA-294x300.jpg 294w, https:\/\/blogsaverroes.juntadeandalucia.es\/orientadelegacionmalaga\/files\/2021\/02\/Rueda-DUA.jpg 533w\" sizes=\"(max-width: 294px) 100vw, 294px\" \/><\/p>\n<ul>\n<li><span style=\"color: #000080\"><strong>V\u00eddeo: <span style=\"color: #ff0000\"><a style=\"color: #ff0000\" href=\"https:\/\/www.youtube.com\/watch?v=DlnTibT13s0&amp;t=37s\" target=\"_blank\" rel=\"noopener noreferrer\">FUNCIONES Y ACTUACIONES DEL MAESTRO\/A PEDAGOG\u00cdA TERAP\u00c9UTICA PARA FAVORECER LA INCLUSI\u00d3N EDUCATIVA&nbsp;<\/a>(ETPOEP)<\/span><\/strong><\/span><\/li>\n<li><span style=\"color: #0000ff\"><a style=\"color: #0000ff\" href=\"https:\/\/www.educadua.es\/inicio.html\" target=\"_blank\" rel=\"noopener noreferrer\">Dise\u00f1o Universal de aprendizaje (DUA): Plataforma EDUCA DUA.&nbsp;<\/a><\/span><\/li>\n<li>Material formativo \/ Presentaciones sobre Inclusi\u00f3n, DUA y TIC para la inclusi\u00f3n:&nbsp;\n<ul>\n<li><a href=\"https:\/\/blogsaverroes.juntadeandalucia.es\/orientadelegacionmalaga\/files\/2021\/02\/Orientacion-inclusiva-y-TIC-Ma%CC%81bel-Villaescusa-1.pdf\" target=\"_blank\" rel=\"noopener noreferrer\">Orientaci\u00f3n inclusiva y TIC Ma\u0301bel Villaescusa 1<\/a> (curso CEP) (Presentaci\u00f3n)<\/li>\n<li><a href=\"https:\/\/blogsaverroes.juntadeandalucia.es\/orientadelegacionmalaga\/files\/2021\/02\/Orientacion-inclusiva-y-TIC-Ma\u0301bel-Villaescusa-28-enero-21.pdf\">Orientaci\u00f3n inclusiva y TIC Ma\u0301bel Villaescusa (28 enero 21)<\/a> (Presentaci\u00f3n)<\/li>\n<li><a href=\"https:\/\/blogsaverroes.juntadeandalucia.es\/orientadelegacionmalaga\/files\/2021\/02\/DUA-1-Antonio-Marquez.pdf\"><span style=\"color: #0000ff\">DUA 1 Antonio M\u00e1rquez<\/span><\/a> (presentaci\u00f3n)<\/li>\n<li><span style=\"color: #0000ff\"><a style=\"color: #0000ff\" href=\"https:\/\/www.antonioamarquez.com\/la-rueda-del-dua-recursos-para-derribar\/\" target=\"_blank\" rel=\"noopener noreferrer\">Rueda del DUA: \u00bfQu\u00e9 es?&nbsp; (Antonio M\u00e1rquez)<\/a><\/span><\/li>\n<\/ul>\n<p>Algunos blogs con recursos, para empezar&#8230;:&nbsp;<\/li>\n<li>V\u00eddeo: <a href=\"https:\/\/youtu.be\/L73gg8UX6ZE\" target=\"_blank\" rel=\"noopener noreferrer\">\u00bfQu\u00e9 son las aulas DUA? \u00bfC\u00f3mo favorecer la inclusi\u00f3n educativa?<\/a> (C.Elizondo) \/ Enlace a <span style=\"color: #0000ff\"><a style=\"color: #0000ff\" href=\"https:\/\/coralelizondo.wordpress.com\/2018\/09\/16\/aulas-dua-garantizar-una-educacion-inclusiva-es-posible\/\" target=\"_blank\" rel=\"noopener noreferrer\">art\u00edculo: Aulas DUA<\/a><\/span><\/li>\n<li>Coral Elizondo: <strong><span style=\"color: #0000ff\"><a style=\"color: #0000ff\" href=\"https:\/\/coralelizondo.wordpress.com\/\" target=\"_blank\" rel=\"noopener noreferrer\">blog<\/a>&nbsp;<\/span><\/strong><\/li>\n<li><span style=\"color: #0000ff\"><a style=\"color: #0000ff\" href=\"https:\/\/www.antonioamarquez.com\/\" target=\"_blank\" rel=\"noopener noreferrer\">Si no es por el maestro&#8230; (A. M\u00e1rquez)<\/a><\/span><\/li>\n<li><span style=\"color: #0000ff\"><a style=\"color: #0000ff\" href=\"https:\/\/elsonidodelahierbaelcrecer.blogspot.com\/\" target=\"_blank\" rel=\"noopener noreferrer\">El sonido de la hierba al crecer (Autismo)<\/a><\/span><\/li>\n<\/ul>\n<p>Escr\u00edbenos y comparte alg\u00fan blog que consideres fundamental que conozcamos para favorecer la inclusi\u00f3n educativa.&nbsp;<\/p>\n","protected":false},"excerpt":{"rendered":"<p>Recursos para favorecer la inclusi\u00f3n educativa y el Dise\u00f1o Universal de Aprendizaje:&nbsp; V\u00eddeo: FUNCIONES Y ACTUACIONES DEL MAESTRO\/A PEDAGOG\u00cdA TERAP\u00c9UTICA PARA FAVORECER LA INCLUSI\u00d3N EDUCATIVA&nbsp;(ETPOEP) Dise\u00f1o Universal de aprendizaje (DUA): Plataforma EDUCA DUA.&nbsp; Material&#46;&#46;&#46;<\/p>\n","protected":false},"author":8106,"featured_media":9799,"parent":0,"menu_order":0,"comment_status":"closed","ping_status":"closed","template":"","meta":{"ngg_post_thumbnail":0,"footnotes":""},"aioseo_notices":[],"_links":{"self":[{"href":"https:\/\/blogsaverroes.juntadeandalucia.es\/orientadelegacionmalaga\/wp-json\/wp\/v2\/pages\/9795"}],"collection":[{"href":"https:\/\/blogsaverroes.juntadeandalucia.es\/orientadelegacionmalaga\/wp-json\/wp\/v2\/pages"}],"about":[{"href":"https:\/\/blogsaverroes.juntadeandalucia.es\/orientadelegacionmalaga\/wp-json\/wp\/v2\/types\/page"}],"author":[{"embeddable":true,"href":"https:\/\/blogsaverroes.juntadeandalucia.es\/orientadelegacionmalaga\/wp-json\/wp\/v2\/users\/8106"}],"replies":[{"embeddable":true,"href":"https:\/\/blogsaverroes.juntadeandalucia.es\/orientadelegacionmalaga\/wp-json\/wp\/v2\/comments?post=9795"}],"version-history":[{"count":6,"href":"https:\/\/blogsaverroes.juntadeandalucia.es\/orientadelegacionmalaga\/wp-json\/wp\/v2\/pages\/9795\/revisions"}],"predecessor-version":[{"id":10264,"href":"https:\/\/blogsaverroes.juntadeandalucia.es\/orientadelegacionmalaga\/wp-json\/wp\/v2\/pages\/9795\/revisions\/10264"}],"wp:featuredmedia":[{"embeddable":true,"href":"https:\/\/blogsaverroes.juntadeandalucia.es\/orientadelegacionmalaga\/wp-json\/wp\/v2\/media\/9799"}],"wp:attachment":[{"href":"https:\/\/blogsaverroes.juntadeandalucia.es\/orientadelegacionmalaga\/wp-json\/wp\/v2\/media?parent=9795"}],"curies":[{"name":"wp","href":"https:\/\/api.w.org\/{rel}","templated":true}]}}