{"id":9840,"date":"2021-02-24T13:07:26","date_gmt":"2021-02-24T12:07:26","guid":{"rendered":"https:\/\/blogsaverroes.juntadeandalucia.es\/orientadelegacionmalaga\/?page_id=9840"},"modified":"2021-12-01T13:54:12","modified_gmt":"2021-12-01T12:54:12","slug":"proa","status":"publish","type":"page","link":"https:\/\/blogsaverroes.juntadeandalucia.es\/orientadelegacionmalaga\/proa\/","title":{"rendered":"PROA+ \u00abTRANSF\u00d3RMATE\u00bb"},"content":{"rendered":"<ul>\n<li><a href=\"https:\/\/portals.ced.junta-andalucia.es\/educacion\/portals\/web\/inspeccion-educativa\/funciones-y-competencias\" target=\"_blank\" rel=\"noopener noreferrer\">Resoluci\u00f3n de 18 de noviembre 2021<\/a> de la Direcci\u00f3n General de Atenci\u00f3n a la Diversidad, Participaci\u00f3n y Convivencia Escolar, por la que se establece la convocatoria, as\u00ed como la organizaci\u00f3n y el funcionamiento del programa de orientaci\u00f3n, avance y enriquecimiento educativo PROA+ \u00abTRANSF\u00d3RMATE\u00bb en los centros docentes p\u00fablicos de la Consejer\u00eda de Educaci\u00f3n y Deporte de la Junta de Andaluc\u00eda<\/li>\n<li><a href=\"https:\/\/portals.ced.junta-andalucia.es\/educacion\/portals\/web\/inspeccion-educativa\/normativa\/-\/normativas\/detalle\/correccion-de-errores-de-la-resolucion-de-18-de-noviembre-2021-de-la-direccion-general-de-atencion-a-la-diversidad-1kgl4qskl4sbj\" target=\"_blank\" rel=\"noopener noreferrer\">Correcci\u00f3n de errores de la Resoluci\u00f3n de 18 de noviembre 2021<\/a> de la Direcci\u00f3n General de Atenci\u00f3n a la Diversidad, Participaci\u00f3n y Convivencia Escolar, por la que se establece la convocatoria, as\u00ed como la organizaci\u00f3n y el funcionamiento del programa de orientaci\u00f3n, avance y enriquecimiento educativo PROA+ Transf\u00f3rmate en los centros docentes p\u00fablicos de la Consejer\u00eda de Educaci\u00f3n y Deporte de la Junta de Andaluc\u00eda<\/li>\n<li>&nbsp;<\/li>\n<li><a href=\"https:\/\/portals.ced.junta-andalucia.es\/educacion\/portals\/delegate\/content\/cc0a3f25-dce3-4673-ba99-b9525736b00d\/Resoluci%C3%B3n%20Programa%20PROA+%20(pdf)\" target=\"_blank\" rel=\"noopener noreferrer\">RESOLUCI\u00d3N DE 27 DE ENERO DE 2021<\/a> DE LA DIRECCI\u00d3N GENERAL<img loading=\"lazy\" decoding=\"async\" class=\"size-medium wp-image-9856 alignright\" src=\"https:\/\/blogsaverroes.juntadeandalucia.es\/orientadelegacionmalaga\/files\/2021\/02\/PROA-300x133.jpg\" alt=\"\" width=\"300\" height=\"133\" srcset=\"https:\/\/blogsaverroes.juntadeandalucia.es\/orientadelegacionmalaga\/files\/2021\/02\/PROA-300x133.jpg 300w, https:\/\/blogsaverroes.juntadeandalucia.es\/orientadelegacionmalaga\/files\/2021\/02\/PROA.jpg 337w\" sizes=\"(max-width: 300px) 100vw, 300px\" \/>&nbsp;DE ATENCI\u00d3N A LA&nbsp; DIVERSIDAD, PARTICIPACI\u00d3N Y CONVIVENCIA ESCOLAR, POR LA QUE SE ESTABLECE LA CONVOCATORIA DEL<br \/>\nPROGRAMA PROA+ EN LOS CENTROS DOCENTES P\u00daBLICOS DEPENDIENTES DE LA CONSEJER\u00cdA DE EDUCACI\u00d3N Y DEPORTE DE LA JUNTA DE ANDALUC\u00cdA PARA EL CURSO 2020-2021.<\/li>\n<li><a href=\"https:\/\/portals.ced.junta-andalucia.es\/educacion\/portals\/web\/ced\/novedades\/-\/contenidos\/detalle\/resolucion-definitiva-de-22-febrero-de-2021-de-la-direccion-general-de-atencion-a-la-diversidad-participacion-y\" target=\"_blank\" rel=\"noopener noreferrer\">Centros con Orientador PROA +<\/a><\/li>\n<li><a href=\"https:\/\/blogsaverroes.juntadeandalucia.es\/orientadelegacionmalaga\/files\/2021\/02\/PROA-1.pdf\">Presentaci\u00f3n PROA+: Funciones orientador\/a PROA+, Director\/a, calendario.<\/a><\/li>\n<li><a href=\"https:\/\/view.genial.ly\/602562f4def9800dab246ee4\/interactive-image-imagen-interactiva\" target=\"_blank\" rel=\"noopener noreferrer\">Genially: PROA+<\/a>: <strong><span style=\"color: #ff0000\">Recursos para el desarrollo del PROA+&nbsp;<\/span><\/strong><\/li>\n<\/ul>\n<p>&nbsp;<\/p>\n<p><img loading=\"lazy\" decoding=\"async\" class=\"wp-image-9867 alignright\" src=\"https:\/\/blogsaverroes.juntadeandalucia.es\/orientadelegacionmalaga\/files\/2021\/02\/PROA-1-300x169.jpg\" alt=\"\" width=\"314\" height=\"177\" srcset=\"https:\/\/blogsaverroes.juntadeandalucia.es\/orientadelegacionmalaga\/files\/2021\/02\/PROA-1-300x169.jpg 300w, https:\/\/blogsaverroes.juntadeandalucia.es\/orientadelegacionmalaga\/files\/2021\/02\/PROA-1-1024x576.jpg 1024w, https:\/\/blogsaverroes.juntadeandalucia.es\/orientadelegacionmalaga\/files\/2021\/02\/PROA-1-768x432.jpg 768w, https:\/\/blogsaverroes.juntadeandalucia.es\/orientadelegacionmalaga\/files\/2021\/02\/PROA-1-1536x864.jpg 1536w, https:\/\/blogsaverroes.juntadeandalucia.es\/orientadelegacionmalaga\/files\/2021\/02\/PROA-1.jpg 1920w\" sizes=\"(max-width: 314px) 100vw, 314px\" \/><\/p>\n<ul>\n<li><a href=\"https:\/\/blogsaverroes.juntadeandalucia.es\/orientadelegacionmalaga\/files\/2021\/03\/PROGRAMACION-ACTUACIONES-PROA-.pdf\" target=\"_blank\" rel=\"noopener noreferrer\">PROGRAMACI\u00d3N ORIENTADOR\/A DE ACTUACIONES PROA +<\/a><\/li>\n<li><a href=\"https:\/\/blogsaverroes.juntadeandalucia.es\/orientadelegacionmalaga\/files\/2021\/03\/Anexo-I-Detecci\u00f3n-alumnado-PROA-.pdf\" target=\"_blank\" rel=\"noopener noreferrer\">Anexo I. Detecci\u00f3n alumnado PROA +<\/a><\/li>\n<li><a href=\"https:\/\/blogsaverroes.juntadeandalucia.es\/orientadelegacionmalaga\/files\/2021\/03\/Anexo-II-Lista-alumnado-PROA.pdf\" target=\"_blank\" rel=\"noopener noreferrer\">Anexo II. Lista alumnado PROA+<\/a><\/li>\n<li><a href=\"https:\/\/blogsaverroes.juntadeandalucia.es\/orientadelegacionmalaga\/files\/2021\/03\/Anexo-III-Ficha-alumno-y-Plan-de-intervencion.pdf\" target=\"_blank\" rel=\"noopener noreferrer\">Anexo III. Ficha alumno y Plan de intervenci\u00f3n<\/a><\/li>\n<li><a href=\"https:\/\/blogsaverroes.juntadeandalucia.es\/orientadelegacionmalaga\/files\/2021\/03\/Anexo-IV-informaci\u00f3n-familias.pdf\" target=\"_blank\" rel=\"noopener noreferrer\">Anexo IV. Informaci\u00f3n familias<\/a><\/li>\n<li><a href=\"https:\/\/blogsaverroes.juntadeandalucia.es\/orientadelegacionmalaga\/files\/2021\/03\/Anexo-V-Compromiso-Educativo.pdf\" target=\"_blank\" rel=\"noopener noreferrer\">Anexo V. Compromiso Educativo<\/a><\/li>\n<li><a href=\"https:\/\/blogsaverroes.juntadeandalucia.es\/orientadelegacionmalaga\/files\/2021\/03\/Anexo-VI-Modelo-entrevista-familia.pdf\" target=\"_blank\" rel=\"noopener noreferrer\">Anexo VI Modelo entrevista familia<\/a><\/li>\n<li><a href=\"https:\/\/blogsaverroes.juntadeandalucia.es\/orientadelegacionmalaga\/files\/2021\/03\/Anexo-VIII-Pautas-intervenci\u00f3n-familias.pdf\" target=\"_blank\" rel=\"noopener noreferrer\">Anexo VIII. Pautas intervenci\u00f3n familias<\/a>&nbsp;<\/li>\n<li><a href=\"https:\/\/blogsaverroes.juntadeandalucia.es\/orientadelegacionmalaga\/files\/2021\/03\/Anexo-IX-Intervenci\u00f3n-grupal.pdf\">Anexo IX. Intervenci\u00f3n grupal<\/a>\n<ul>\n<li><span style=\"color: #0000ff\"><a style=\"color: #0000ff\" href=\"https:\/\/www.juntadeandalucia.es\/educacion\/portals\/delegate\/content\/13983c19-620f-452a-ab12-0b44fb94368a\" target=\"_blank\" rel=\"noopener noreferrer\">Programa: Aprender a relacionarse y convivir. Manuel Segura.<\/a><\/span><\/li>\n<li>I<a href=\"https:\/\/blogsaverroes.juntadeandalucia.es\/orientadelegacionmalaga\/files\/2021\/03\/INTEGRACI\u00d3N-CURR._SALUD_PRIMARIA-1.pdf\" target=\"_blank\" rel=\"noopener noreferrer\">NTERVENCI\u00d3N SALUD PRIMARIA (1)<\/a><\/li>\n<li><a href=\"https:\/\/blogsaverroes.juntadeandalucia.es\/orientadelegacionmalaga\/files\/2021\/03\/INTEGRACI\u00d3N-CURR._SALUD_SECUNDARIA-1.pdf\" target=\"_blank\" rel=\"noopener noreferrer\">INTERVENCI\u00d3N SALUD SECUNDARIA (1)<\/a><\/li>\n<\/ul>\n<\/li>\n<\/ul>\n<p>&nbsp;<\/p>\n<p>&nbsp;<\/p>\n<p><strong>Contacto para incidencias sobre el programa: proaplus.dpma.ced@juntadeandalucia.es&nbsp;<\/strong><\/p>\n<p>Pr\u00f3xima reuni\u00f3n virtual con los orientadores\/as (est\u00e1 pendiente, en breve)<\/p>\n<p>&nbsp;<\/p>\n","protected":false},"excerpt":{"rendered":"<p>Resoluci\u00f3n de 18 de noviembre 2021 de la Direcci\u00f3n General de Atenci\u00f3n a la Diversidad, Participaci\u00f3n y Convivencia Escolar, por la que se establece la convocatoria, as\u00ed como la organizaci\u00f3n y el funcionamiento del&#46;&#46;&#46;<\/p>\n","protected":false},"author":8106,"featured_media":0,"parent":0,"menu_order":0,"comment_status":"closed","ping_status":"closed","template":"","meta":{"ngg_post_thumbnail":0,"footnotes":""},"aioseo_notices":[],"_links":{"self":[{"href":"https:\/\/blogsaverroes.juntadeandalucia.es\/orientadelegacionmalaga\/wp-json\/wp\/v2\/pages\/9840"}],"collection":[{"href":"https:\/\/blogsaverroes.juntadeandalucia.es\/orientadelegacionmalaga\/wp-json\/wp\/v2\/pages"}],"about":[{"href":"https:\/\/blogsaverroes.juntadeandalucia.es\/orientadelegacionmalaga\/wp-json\/wp\/v2\/types\/page"}],"author":[{"embeddable":true,"href":"https:\/\/blogsaverroes.juntadeandalucia.es\/orientadelegacionmalaga\/wp-json\/wp\/v2\/users\/8106"}],"replies":[{"embeddable":true,"href":"https:\/\/blogsaverroes.juntadeandalucia.es\/orientadelegacionmalaga\/wp-json\/wp\/v2\/comments?post=9840"}],"version-history":[{"count":22,"href":"https:\/\/blogsaverroes.juntadeandalucia.es\/orientadelegacionmalaga\/wp-json\/wp\/v2\/pages\/9840\/revisions"}],"predecessor-version":[{"id":10593,"href":"https:\/\/blogsaverroes.juntadeandalucia.es\/orientadelegacionmalaga\/wp-json\/wp\/v2\/pages\/9840\/revisions\/10593"}],"wp:attachment":[{"href":"https:\/\/blogsaverroes.juntadeandalucia.es\/orientadelegacionmalaga\/wp-json\/wp\/v2\/media?parent=9840"}],"curies":[{"name":"wp","href":"https:\/\/api.w.org\/{rel}","templated":true}]}}