{"id":4523,"date":"2017-07-02T12:00:59","date_gmt":"2017-07-02T12:00:59","guid":{"rendered":"https:\/\/blogsaverroes.juntadeandalucia.es\/orientajaen\/?page_id=4523"},"modified":"2026-04-24T06:37:59","modified_gmt":"2026-04-24T06:37:59","slug":"seneca-2","status":"publish","type":"page","link":"https:\/\/blogsaverroes.juntadeandalucia.es\/orientajaen\/seneca-2\/","title":{"rendered":"S\u00c9NECA: Manuales"},"content":{"rendered":"<p>A continuaci\u00f3n se muestran algunos manuales creados sobre el <strong>M\u00f3dulo de Gesti\u00f3n de la Orientaci\u00f3n en el sistema de informaci\u00f3n<\/strong> <strong>S\u00e9neca:<\/strong><\/p>\n<p>&nbsp;<\/p>\n<table style=\"width: 99.318%;height: 1218px\">\n<tbody>\n<tr style=\"height: 85px\">\n<td style=\"width: 72px;height: 85px\"><a href=\"https:\/\/drive.google.com\/file\/d\/1PpvLXNCqjCoaWUWjptvXzYLLRzm31K3A\/view?usp=drive_link\"><img decoding=\"async\" class=\"aligncenter\" src=\"https:\/\/blogsaverroes.juntadeandalucia.es\/orientajaen\/files\/2017\/07\/pdf-icon.png\" alt=\"\" width=\"55\" height=\"55\"><\/a><\/td>\n<td style=\"width: 634px;height: 85px\">&nbsp;Procedimiento de detecci\u00f3n de indicios NEAE en S\u00e9neca.<\/td>\n<\/tr>\n<tr style=\"height: 88px\">\n<td style=\"width: 72px;height: 88px\"><a href=\"https:\/\/drive.google.com\/file\/d\/1LZoqJ-g9d6VLJb8BhC4ntWsVBjzJbzfY\/view?usp=sharing\"><img decoding=\"async\" class=\"aligncenter\" src=\"https:\/\/blogsaverroes.juntadeandalucia.es\/orientajaen\/files\/2017\/07\/pdf-icon.png\" width=\"55\" height=\"55\"><\/a><\/td>\n<td style=\"width: 634px;height: 88px\">&nbsp;Procedimiento para la elaboraci\u00f3n de los Programas de Profundizaci\u00f3n del Aprendizaje.&nbsp;<\/td>\n<\/tr>\n<tr style=\"height: 55px\">\n<td style=\"width: 72px;height: 55px\"><a href=\"https:\/\/drive.google.com\/file\/d\/1Jkpdj_3AFi2hl32DlUmRBmnOMbojegBX\/view?usp=sharing\"><img decoding=\"async\" class=\"aligncenter\" src=\"https:\/\/blogsaverroes.juntadeandalucia.es\/orientajaen\/files\/2017\/07\/pdf-icon.png\" width=\"55\" height=\"55\"><\/a><\/td>\n<td style=\"width: 634px;height: 55px\">&nbsp;Manual S\u00e9neca para la elaboraci\u00f3n de los Programas de Refuerzo del Aprendizaje.<\/td>\n<\/tr>\n<tr style=\"height: 55px\">\n<td style=\"width: 72px;height: 55px\"><a href=\"https:\/\/drive.google.com\/file\/d\/1aKBdFcTPz63JwSzW9g2Y3HGUdaxmVGfS\/view?usp=sharing\" target=\"_blank\" rel=\"noopener noreferrer\"><img decoding=\"async\" class=\"aligncenter wp-image-4617\" src=\"https:\/\/blogsaverroes.juntadeandalucia.es\/orientajaen\/files\/2017\/07\/pdf-icon.png\" alt=\"\" width=\"55\" height=\"55\" srcset=\"https:\/\/blogsaverroes.juntadeandalucia.es\/orientajaen\/files\/2017\/07\/pdf-icon.png 300w, https:\/\/blogsaverroes.juntadeandalucia.es\/orientajaen\/files\/2017\/07\/pdf-icon-150x150.png 150w, https:\/\/blogsaverroes.juntadeandalucia.es\/orientajaen\/files\/2017\/07\/pdf-icon-100x100.png 100w, https:\/\/blogsaverroes.juntadeandalucia.es\/orientajaen\/files\/2017\/07\/pdf-icon-24x24.png 24w, https:\/\/blogsaverroes.juntadeandalucia.es\/orientajaen\/files\/2017\/07\/pdf-icon-36x36.png 36w, https:\/\/blogsaverroes.juntadeandalucia.es\/orientajaen\/files\/2017\/07\/pdf-icon-48x48.png 48w\" sizes=\"(max-width: 55px) 100vw, 55px\" \/><\/a><\/td>\n<td style=\"width: 634px;height: 55px\">Actualizaci\u00f3n del Manual M\u00f3dulo de Gesti\u00f3n de la Orientaci\u00f3n (14 de enero de 2025)<\/td>\n<\/tr>\n<tr style=\"height: 85px\">\n<td style=\"width: 72px;height: 85px\"><a href=\"https:\/\/blogsaverroes.juntadeandalucia.es\/orientajaen\/files\/2017\/07\/Gu\u00eda_Censo_NEAE_S\u00c9NECA_V2.pdf\" target=\"_blank\" rel=\"noopener noreferrer\"><img loading=\"lazy\" decoding=\"async\" class=\"wp-image-4617 aligncenter\" src=\"https:\/\/blogsaverroes.juntadeandalucia.es\/orientajaen\/files\/2017\/07\/pdf-icon.png\" alt=\"\" width=\"55\" height=\"55\" srcset=\"https:\/\/blogsaverroes.juntadeandalucia.es\/orientajaen\/files\/2017\/07\/pdf-icon.png 300w, https:\/\/blogsaverroes.juntadeandalucia.es\/orientajaen\/files\/2017\/07\/pdf-icon-150x150.png 150w, https:\/\/blogsaverroes.juntadeandalucia.es\/orientajaen\/files\/2017\/07\/pdf-icon-100x100.png 100w, https:\/\/blogsaverroes.juntadeandalucia.es\/orientajaen\/files\/2017\/07\/pdf-icon-24x24.png 24w, https:\/\/blogsaverroes.juntadeandalucia.es\/orientajaen\/files\/2017\/07\/pdf-icon-36x36.png 36w, https:\/\/blogsaverroes.juntadeandalucia.es\/orientajaen\/files\/2017\/07\/pdf-icon-48x48.png 48w\" sizes=\"(max-width: 55px) 100vw, 55px\" \/><\/a><\/td>\n<td style=\"width: 634px;height: 85px\">Gu\u00eda para cumplimentar el censo de alumnado con NEAE en el M\u00f3dulo de Gesti\u00f3n de la Orientaci\u00f3n en S\u00e9neca (Versi\u00f3n 2: 30 de junio de 2017)<\/td>\n<\/tr>\n<tr style=\"height: 85px\">\n<td style=\"width: 72px;height: 85px\"><a href=\"https:\/\/blogsaverroes.juntadeandalucia.es\/orientajaen\/files\/2017\/07\/Asignaci\u00f3n_perfiles.pdf\" target=\"_blank\" rel=\"noopener noreferrer\"><img decoding=\"async\" class=\"aligncenter wp-image-4617\" src=\"https:\/\/blogsaverroes.juntadeandalucia.es\/orientajaen\/files\/2017\/07\/pdf-icon.png\" alt=\"\" width=\"55\" height=\"55\" srcset=\"https:\/\/blogsaverroes.juntadeandalucia.es\/orientajaen\/files\/2017\/07\/pdf-icon.png 300w, https:\/\/blogsaverroes.juntadeandalucia.es\/orientajaen\/files\/2017\/07\/pdf-icon-150x150.png 150w, https:\/\/blogsaverroes.juntadeandalucia.es\/orientajaen\/files\/2017\/07\/pdf-icon-100x100.png 100w, https:\/\/blogsaverroes.juntadeandalucia.es\/orientajaen\/files\/2017\/07\/pdf-icon-24x24.png 24w, https:\/\/blogsaverroes.juntadeandalucia.es\/orientajaen\/files\/2017\/07\/pdf-icon-36x36.png 36w, https:\/\/blogsaverroes.juntadeandalucia.es\/orientajaen\/files\/2017\/07\/pdf-icon-48x48.png 48w\" sizes=\"(max-width: 55px) 100vw, 55px\" \/><\/a><\/td>\n<td style=\"width: 634px;height: 85px\">Asignaci\u00f3n de perfiles al resto de profesionales del EOE por parte del coordinador o coordinadora de EOE a comienzo del curso escolar<\/td>\n<\/tr>\n<tr style=\"height: 85px\">\n<td style=\"width: 72px;height: 85px\"><a href=\"https:\/\/blogsaverroes.juntadeandalucia.es\/orientajaen\/files\/2017\/07\/Manual_zonas_EOE.pdf\" target=\"_blank\" rel=\"noopener noreferrer\"><img loading=\"lazy\" decoding=\"async\" class=\"wp-image-4617 aligncenter\" src=\"https:\/\/blogsaverroes.juntadeandalucia.es\/orientajaen\/files\/2017\/07\/pdf-icon.png\" alt=\"\" width=\"55\" height=\"55\" srcset=\"https:\/\/blogsaverroes.juntadeandalucia.es\/orientajaen\/files\/2017\/07\/pdf-icon.png 300w, https:\/\/blogsaverroes.juntadeandalucia.es\/orientajaen\/files\/2017\/07\/pdf-icon-150x150.png 150w, https:\/\/blogsaverroes.juntadeandalucia.es\/orientajaen\/files\/2017\/07\/pdf-icon-100x100.png 100w, https:\/\/blogsaverroes.juntadeandalucia.es\/orientajaen\/files\/2017\/07\/pdf-icon-24x24.png 24w, https:\/\/blogsaverroes.juntadeandalucia.es\/orientajaen\/files\/2017\/07\/pdf-icon-36x36.png 36w, https:\/\/blogsaverroes.juntadeandalucia.es\/orientajaen\/files\/2017\/07\/pdf-icon-48x48.png 48w\" sizes=\"(max-width: 55px) 100vw, 55px\" \/><\/a><\/td>\n<td style=\"width: 634px;height: 85px\">Manual de zonas EOE: \u00bfC\u00f3mo asociamos los centros a varias zonas o subzonas, y \u00e9stas a cada orientador u orientadora del EOE?<\/td>\n<\/tr>\n<tr style=\"height: 85.18px\">\n<td style=\"width: 72px;height: 85px\"><a href=\"https:\/\/blogsaverroes.juntadeandalucia.es\/orientajaen\/files\/2018\/11\/ACS_tutorial.pdf\" target=\"_blank\" rel=\"noopener noreferrer\"><img decoding=\"async\" class=\"aligncenter wp-image-4617\" src=\"https:\/\/blogsaverroes.juntadeandalucia.es\/orientajaen\/files\/2017\/07\/pdf-icon.png\" alt=\"\" width=\"55\" height=\"55\" srcset=\"https:\/\/blogsaverroes.juntadeandalucia.es\/orientajaen\/files\/2017\/07\/pdf-icon.png 300w, https:\/\/blogsaverroes.juntadeandalucia.es\/orientajaen\/files\/2017\/07\/pdf-icon-150x150.png 150w, https:\/\/blogsaverroes.juntadeandalucia.es\/orientajaen\/files\/2017\/07\/pdf-icon-100x100.png 100w, https:\/\/blogsaverroes.juntadeandalucia.es\/orientajaen\/files\/2017\/07\/pdf-icon-24x24.png 24w, https:\/\/blogsaverroes.juntadeandalucia.es\/orientajaen\/files\/2017\/07\/pdf-icon-36x36.png 36w, https:\/\/blogsaverroes.juntadeandalucia.es\/orientajaen\/files\/2017\/07\/pdf-icon-48x48.png 48w\" sizes=\"(max-width: 55px) 100vw, 55px\" \/><\/a><\/td>\n<td style=\"width: 634px;height: 85px\">Tutorial para la cumplimentaci\u00f3n de Adaptaciones Curriculares Significativas (ACS) en el M\u00f3dulo de Gesti\u00f3n de la Orientaci\u00f3n en el sistema de informaci\u00f3n S\u00e9neca<\/td>\n<\/tr>\n<tr style=\"height: 85.18px\">\n<td style=\"width: 72px;height: 85px;text-align: center\"><a href=\"https:\/\/blogsaverroes.juntadeandalucia.es\/orientajaen\/files\/2018\/10\/PE_S\u00c9NECA.pdf\" target=\"_blank\" rel=\"noopener noreferrer\"><img loading=\"lazy\" decoding=\"async\" class=\"alignnone wp-image-4617\" src=\"https:\/\/blogsaverroes.juntadeandalucia.es\/orientajaen\/files\/2017\/07\/pdf-icon.png\" alt=\"\" width=\"55\" height=\"55\" srcset=\"https:\/\/blogsaverroes.juntadeandalucia.es\/orientajaen\/files\/2017\/07\/pdf-icon.png 300w, https:\/\/blogsaverroes.juntadeandalucia.es\/orientajaen\/files\/2017\/07\/pdf-icon-150x150.png 150w, https:\/\/blogsaverroes.juntadeandalucia.es\/orientajaen\/files\/2017\/07\/pdf-icon-100x100.png 100w, https:\/\/blogsaverroes.juntadeandalucia.es\/orientajaen\/files\/2017\/07\/pdf-icon-24x24.png 24w, https:\/\/blogsaverroes.juntadeandalucia.es\/orientajaen\/files\/2017\/07\/pdf-icon-36x36.png 36w, https:\/\/blogsaverroes.juntadeandalucia.es\/orientajaen\/files\/2017\/07\/pdf-icon-48x48.png 48w\" sizes=\"(max-width: 55px) 100vw, 55px\" \/><\/a><\/td>\n<td style=\"width: 634px;height: 85px\">Tutorial para la cumplimentaci\u00f3n de Programas Espec\u00edficos (PE) en el M\u00f3dulo de Gesti\u00f3n de la Orientaci\u00f3n en el sistema de informaci\u00f3n S\u00e9neca<\/td>\n<\/tr>\n<tr style=\"height: 85.18px\">\n<td style=\"width: 72px;height: 85px;text-align: center\"><a href=\"https:\/\/blogsaverroes.juntadeandalucia.es\/orientajaen\/files\/2018\/11\/ACACI_tutorial.pdf\" target=\"_blank\" rel=\"noopener noreferrer\"><img loading=\"lazy\" decoding=\"async\" class=\"alignnone wp-image-4617\" src=\"https:\/\/blogsaverroes.juntadeandalucia.es\/orientajaen\/files\/2017\/07\/pdf-icon.png\" alt=\"\" width=\"55\" height=\"55\" srcset=\"https:\/\/blogsaverroes.juntadeandalucia.es\/orientajaen\/files\/2017\/07\/pdf-icon.png 300w, https:\/\/blogsaverroes.juntadeandalucia.es\/orientajaen\/files\/2017\/07\/pdf-icon-150x150.png 150w, https:\/\/blogsaverroes.juntadeandalucia.es\/orientajaen\/files\/2017\/07\/pdf-icon-100x100.png 100w, https:\/\/blogsaverroes.juntadeandalucia.es\/orientajaen\/files\/2017\/07\/pdf-icon-24x24.png 24w, https:\/\/blogsaverroes.juntadeandalucia.es\/orientajaen\/files\/2017\/07\/pdf-icon-36x36.png 36w, https:\/\/blogsaverroes.juntadeandalucia.es\/orientajaen\/files\/2017\/07\/pdf-icon-48x48.png 48w\" sizes=\"(max-width: 55px) 100vw, 55px\" \/><\/a><\/td>\n<td style=\"width: 634px;height: 85px\">Tutorial para la cumplimentaci\u00f3n de Adaptaciones Curriculares para el Alumnado con Altas Capacidades Intelectuales (ACACI) en el M\u00f3dulo de Gesti\u00f3n de la Orientaci\u00f3n en el sistema de informaci\u00f3n S\u00e9neca<\/td>\n<\/tr>\n<tr style=\"height: 85.18px\">\n<td style=\"width: 72px;height: 85px\"><a href=\"https:\/\/blogsaverroes.juntadeandalucia.es\/orientajaen\/files\/2018\/12\/ACI_S\u00c9NECA.pdf\" target=\"_blank\" rel=\"noopener noreferrer\"><img loading=\"lazy\" decoding=\"async\" class=\"aligncenter wp-image-4617\" src=\"https:\/\/blogsaverroes.juntadeandalucia.es\/orientajaen\/files\/2017\/07\/pdf-icon-150x150.png\" alt=\"\" width=\"55\" height=\"55\" srcset=\"https:\/\/blogsaverroes.juntadeandalucia.es\/orientajaen\/files\/2017\/07\/pdf-icon-150x150.png 150w, https:\/\/blogsaverroes.juntadeandalucia.es\/orientajaen\/files\/2017\/07\/pdf-icon-100x100.png 100w, https:\/\/blogsaverroes.juntadeandalucia.es\/orientajaen\/files\/2017\/07\/pdf-icon-24x24.png 24w, https:\/\/blogsaverroes.juntadeandalucia.es\/orientajaen\/files\/2017\/07\/pdf-icon-36x36.png 36w, https:\/\/blogsaverroes.juntadeandalucia.es\/orientajaen\/files\/2017\/07\/pdf-icon-48x48.png 48w, https:\/\/blogsaverroes.juntadeandalucia.es\/orientajaen\/files\/2017\/07\/pdf-icon.png 300w\" sizes=\"(max-width: 55px) 100vw, 55px\" \/><\/a><\/td>\n<td style=\"width: 634px;height: 85px\">Tutorial para la cumplimentaci\u00f3n de Adaptaciones Curriculares Individualizadas (ACI) en el M\u00f3dulo de Gesti\u00f3n de la Orientaci\u00f3n en el sistema de informaci\u00f3n S\u00e9neca<\/td>\n<\/tr>\n<tr style=\"height: 85px\">\n<td style=\"width: 72px;height: 85px\"><a href=\"https:\/\/blogsaverroes.juntadeandalucia.es\/orientajaen\/files\/2017\/07\/Jornada-Escolar-y-Horarios_S\u00c9NECA.pdf\" target=\"_blank\" rel=\"noopener noreferrer\"><img loading=\"lazy\" decoding=\"async\" class=\"wp-image-4617 aligncenter\" src=\"https:\/\/blogsaverroes.juntadeandalucia.es\/orientajaen\/files\/2017\/07\/pdf-icon.png\" alt=\"\" width=\"55\" height=\"55\" srcset=\"https:\/\/blogsaverroes.juntadeandalucia.es\/orientajaen\/files\/2017\/07\/pdf-icon.png 300w, https:\/\/blogsaverroes.juntadeandalucia.es\/orientajaen\/files\/2017\/07\/pdf-icon-150x150.png 150w, https:\/\/blogsaverroes.juntadeandalucia.es\/orientajaen\/files\/2017\/07\/pdf-icon-100x100.png 100w, https:\/\/blogsaverroes.juntadeandalucia.es\/orientajaen\/files\/2017\/07\/pdf-icon-24x24.png 24w, https:\/\/blogsaverroes.juntadeandalucia.es\/orientajaen\/files\/2017\/07\/pdf-icon-36x36.png 36w, https:\/\/blogsaverroes.juntadeandalucia.es\/orientajaen\/files\/2017\/07\/pdf-icon-48x48.png 48w\" sizes=\"(max-width: 55px) 100vw, 55px\" \/><\/a><\/td>\n<td style=\"width: 634px;height: 85px\">La jornada escolar y los horarios de los profesionales del EOE en el sistema de informaci\u00f3n S\u00e9neca<\/td>\n<\/tr>\n<tr style=\"height: 85px\">\n<td style=\"width: 72px;height: 85px\"><a href=\"https:\/\/blogsaverroes.juntadeandalucia.es\/orientajaen\/files\/2017\/07\/Registro_Ausencias_S\u00c9NECA.pdf\" target=\"_blank\" rel=\"noopener noreferrer\"><img loading=\"lazy\" decoding=\"async\" class=\"wp-image-4617 aligncenter\" src=\"https:\/\/blogsaverroes.juntadeandalucia.es\/orientajaen\/files\/2017\/07\/pdf-icon.png\" alt=\"\" width=\"55\" height=\"55\" srcset=\"https:\/\/blogsaverroes.juntadeandalucia.es\/orientajaen\/files\/2017\/07\/pdf-icon.png 300w, https:\/\/blogsaverroes.juntadeandalucia.es\/orientajaen\/files\/2017\/07\/pdf-icon-150x150.png 150w, https:\/\/blogsaverroes.juntadeandalucia.es\/orientajaen\/files\/2017\/07\/pdf-icon-100x100.png 100w, https:\/\/blogsaverroes.juntadeandalucia.es\/orientajaen\/files\/2017\/07\/pdf-icon-24x24.png 24w, https:\/\/blogsaverroes.juntadeandalucia.es\/orientajaen\/files\/2017\/07\/pdf-icon-36x36.png 36w, https:\/\/blogsaverroes.juntadeandalucia.es\/orientajaen\/files\/2017\/07\/pdf-icon-48x48.png 48w\" sizes=\"(max-width: 55px) 100vw, 55px\" \/><\/a><\/td>\n<td style=\"width: 634px;height: 85px\">Registro de ausencias de los profesionales del EOE en el sistema de informaci\u00f3n S\u00e9neca<\/td>\n<\/tr>\n<tr style=\"height: 85px\">\n<td style=\"width: 72px;height: 85px\"><a href=\"https:\/\/blogsaverroes.juntadeandalucia.es\/orientajaen\/files\/2017\/07\/Procedimiento_Firmas_IEP-DE.pdf\" target=\"_blank\" rel=\"noopener noreferrer\"><img loading=\"lazy\" decoding=\"async\" class=\"wp-image-4617 aligncenter\" src=\"https:\/\/blogsaverroes.juntadeandalucia.es\/orientajaen\/files\/2017\/07\/pdf-icon.png\" alt=\"\" width=\"55\" height=\"55\" srcset=\"https:\/\/blogsaverroes.juntadeandalucia.es\/orientajaen\/files\/2017\/07\/pdf-icon.png 300w, https:\/\/blogsaverroes.juntadeandalucia.es\/orientajaen\/files\/2017\/07\/pdf-icon-150x150.png 150w, https:\/\/blogsaverroes.juntadeandalucia.es\/orientajaen\/files\/2017\/07\/pdf-icon-100x100.png 100w, https:\/\/blogsaverroes.juntadeandalucia.es\/orientajaen\/files\/2017\/07\/pdf-icon-24x24.png 24w, https:\/\/blogsaverroes.juntadeandalucia.es\/orientajaen\/files\/2017\/07\/pdf-icon-36x36.png 36w, https:\/\/blogsaverroes.juntadeandalucia.es\/orientajaen\/files\/2017\/07\/pdf-icon-48x48.png 48w\" sizes=\"(max-width: 55px) 100vw, 55px\" \/><\/a><\/td>\n<td style=\"width: 634px;height: 85px\">Procedimiento para la firma electr\u00f3nica del informe de evaluaci\u00f3n psicopedag\u00f3gica y del dictamen de escolarizaci\u00f3n en el sistema S\u00e9neca por parte del orientador u orientadora de los EOE y DO<\/td>\n<\/tr>\n<tr style=\"height: 85px\">\n<td style=\"width: 72px;height: 85px;text-align: center\"><a href=\"https:\/\/blogsaverroes.juntadeandalucia.es\/orientajaen\/files\/2020\/03\/Apertura_documentos_alumnado_nueva_escolarizaci\u00f3n.pdf\" target=\"_blank\" rel=\"noopener noreferrer\"><img loading=\"lazy\" decoding=\"async\" class=\"wp-image-4617 aligncenter\" src=\"https:\/\/blogsaverroes.juntadeandalucia.es\/orientajaen\/files\/2017\/07\/pdf-icon.png\" alt=\"\" width=\"55\" height=\"55\" srcset=\"https:\/\/blogsaverroes.juntadeandalucia.es\/orientajaen\/files\/2017\/07\/pdf-icon.png 300w, https:\/\/blogsaverroes.juntadeandalucia.es\/orientajaen\/files\/2017\/07\/pdf-icon-150x150.png 150w, https:\/\/blogsaverroes.juntadeandalucia.es\/orientajaen\/files\/2017\/07\/pdf-icon-100x100.png 100w, https:\/\/blogsaverroes.juntadeandalucia.es\/orientajaen\/files\/2017\/07\/pdf-icon-24x24.png 24w, https:\/\/blogsaverroes.juntadeandalucia.es\/orientajaen\/files\/2017\/07\/pdf-icon-36x36.png 36w, https:\/\/blogsaverroes.juntadeandalucia.es\/orientajaen\/files\/2017\/07\/pdf-icon-48x48.png 48w\" sizes=\"(max-width: 55px) 100vw, 55px\" \/><\/a><\/td>\n<td style=\"width: 634px;height: 85px\">Realizaci\u00f3n del IEP y DE para el alumnado NEE que a\u00fan no est\u00e1 escolarizado en un centro docente<\/td>\n<\/tr>\n<\/tbody>\n<\/table>\n","protected":false},"excerpt":{"rendered":"<p>A continuaci\u00f3n se muestran algunos manuales creados sobre el M\u00f3dulo de Gesti\u00f3n de la Orientaci\u00f3n en el sistema de informaci\u00f3n S\u00e9neca: &nbsp; &nbsp;Procedimiento de detecci\u00f3n&hellip;<\/p>\n","protected":false},"author":1213,"featured_media":0,"parent":0,"menu_order":0,"comment_status":"closed","ping_status":"closed","template":"","meta":{"ngg_post_thumbnail":0,"footnotes":""},"aioseo_notices":[],"_links":{"self":[{"href":"https:\/\/blogsaverroes.juntadeandalucia.es\/orientajaen\/wp-json\/wp\/v2\/pages\/4523"}],"collection":[{"href":"https:\/\/blogsaverroes.juntadeandalucia.es\/orientajaen\/wp-json\/wp\/v2\/pages"}],"about":[{"href":"https:\/\/blogsaverroes.juntadeandalucia.es\/orientajaen\/wp-json\/wp\/v2\/types\/page"}],"author":[{"embeddable":true,"href":"https:\/\/blogsaverroes.juntadeandalucia.es\/orientajaen\/wp-json\/wp\/v2\/users\/1213"}],"replies":[{"embeddable":true,"href":"https:\/\/blogsaverroes.juntadeandalucia.es\/orientajaen\/wp-json\/wp\/v2\/comments?post=4523"}],"version-history":[{"count":44,"href":"https:\/\/blogsaverroes.juntadeandalucia.es\/orientajaen\/wp-json\/wp\/v2\/pages\/4523\/revisions"}],"predecessor-version":[{"id":9286,"href":"https:\/\/blogsaverroes.juntadeandalucia.es\/orientajaen\/wp-json\/wp\/v2\/pages\/4523\/revisions\/9286"}],"wp:attachment":[{"href":"https:\/\/blogsaverroes.juntadeandalucia.es\/orientajaen\/wp-json\/wp\/v2\/media?parent=4523"}],"curies":[{"name":"wp","href":"https:\/\/api.w.org\/{rel}","templated":true}]}}