{"id":4536,"date":"2017-06-26T14:47:03","date_gmt":"2017-06-26T14:47:03","guid":{"rendered":"https:\/\/blogsaverroes.juntadeandalucia.es\/orientajaen\/?page_id=4536"},"modified":"2017-07-02T11:40:39","modified_gmt":"2017-07-02T11:40:39","slug":"anexos-rellenables","status":"publish","type":"page","link":"https:\/\/blogsaverroes.juntadeandalucia.es\/orientajaen\/anexos-rellenables\/","title":{"rendered":"RRMMEE &#8211; Anexos rellenables"},"content":{"rendered":"<p><span style=\"font-size: 10pt\">Modelos del procedimiento para la dotaci\u00f3n de recursos materiales espec\u00edficos para el alumnado NEE (Anexos rellenables):<\/span><\/p>\n<p>&nbsp;<\/p>\n<table style=\"width: 749px\">\n<tbody>\n<tr>\n<td style=\"width: 66px\">&nbsp;<a href=\"https:\/\/blogsaverroes.juntadeandalucia.es\/orientajaen\/files\/2017\/07\/ANEXO_I_Solicitud_RRMMEE.pdf\"><img decoding=\"async\" width=\"51\" height=\"51\" class=\"alignnone wp-image-4617\" alt=\"\" src=\"https:\/\/blogsaverroes.juntadeandalucia.es\/orientajaen\/files\/2017\/07\/pdf-icon.png\" srcset=\"https:\/\/blogsaverroes.juntadeandalucia.es\/orientajaen\/files\/2017\/07\/pdf-icon.png 300w, https:\/\/blogsaverroes.juntadeandalucia.es\/orientajaen\/files\/2017\/07\/pdf-icon-150x150.png 150w, https:\/\/blogsaverroes.juntadeandalucia.es\/orientajaen\/files\/2017\/07\/pdf-icon-100x100.png 100w, https:\/\/blogsaverroes.juntadeandalucia.es\/orientajaen\/files\/2017\/07\/pdf-icon-24x24.png 24w, https:\/\/blogsaverroes.juntadeandalucia.es\/orientajaen\/files\/2017\/07\/pdf-icon-36x36.png 36w, https:\/\/blogsaverroes.juntadeandalucia.es\/orientajaen\/files\/2017\/07\/pdf-icon-48x48.png 48w\" sizes=\"(max-width: 51px) 100vw, 51px\" \/><\/a><\/td>\n<td style=\"width: 640px\">Anexo I:&nbsp;SOLICITUD DE RECURSOS MATERIALES ESPEC\u00cdFICOS POR PARTE DEL EQUIPO DIRECTIVO<\/td>\n<\/tr>\n<tr>\n<td style=\"width: 66px\">&nbsp;<a href=\"https:\/\/blogsaverroes.juntadeandalucia.es\/orientajaen\/files\/2017\/07\/ANEXO_II_Comunicaci\u00f3n_Recepci\u00f3n_RRMMEE.pdf\"><img decoding=\"async\" width=\"50\" height=\"50\" class=\"alignnone wp-image-4617\" alt=\"\" src=\"https:\/\/blogsaverroes.juntadeandalucia.es\/orientajaen\/files\/2017\/07\/pdf-icon.png\" srcset=\"https:\/\/blogsaverroes.juntadeandalucia.es\/orientajaen\/files\/2017\/07\/pdf-icon.png 300w, https:\/\/blogsaverroes.juntadeandalucia.es\/orientajaen\/files\/2017\/07\/pdf-icon-150x150.png 150w, https:\/\/blogsaverroes.juntadeandalucia.es\/orientajaen\/files\/2017\/07\/pdf-icon-100x100.png 100w, https:\/\/blogsaverroes.juntadeandalucia.es\/orientajaen\/files\/2017\/07\/pdf-icon-24x24.png 24w, https:\/\/blogsaverroes.juntadeandalucia.es\/orientajaen\/files\/2017\/07\/pdf-icon-36x36.png 36w, https:\/\/blogsaverroes.juntadeandalucia.es\/orientajaen\/files\/2017\/07\/pdf-icon-48x48.png 48w\" sizes=\"(max-width: 50px) 100vw, 50px\" \/><\/a><\/td>\n<td style=\"width: 640px\">Anexo II:&nbsp;COMUNICACI\u00d3N DE LA RECEPCI\u00d3N DEL RECURSO MATERIAL ESPEC\u00cdFICO EN EL CENTRO DOCENTE<\/td>\n<\/tr>\n<tr>\n<td style=\"width: 66px\">&nbsp;<a href=\"https:\/\/blogsaverroes.juntadeandalucia.es\/orientajaen\/files\/2017\/07\/ANEXO_III_Pr\u00e9stamo_RRMMEE_Fuera_Centro.pdf\"><img decoding=\"async\" width=\"51\" height=\"51\" class=\"alignnone wp-image-4617\" alt=\"\" src=\"https:\/\/blogsaverroes.juntadeandalucia.es\/orientajaen\/files\/2017\/07\/pdf-icon.png\" srcset=\"https:\/\/blogsaverroes.juntadeandalucia.es\/orientajaen\/files\/2017\/07\/pdf-icon.png 300w, https:\/\/blogsaverroes.juntadeandalucia.es\/orientajaen\/files\/2017\/07\/pdf-icon-150x150.png 150w, https:\/\/blogsaverroes.juntadeandalucia.es\/orientajaen\/files\/2017\/07\/pdf-icon-100x100.png 100w, https:\/\/blogsaverroes.juntadeandalucia.es\/orientajaen\/files\/2017\/07\/pdf-icon-24x24.png 24w, https:\/\/blogsaverroes.juntadeandalucia.es\/orientajaen\/files\/2017\/07\/pdf-icon-36x36.png 36w, https:\/\/blogsaverroes.juntadeandalucia.es\/orientajaen\/files\/2017\/07\/pdf-icon-48x48.png 48w\" sizes=\"(max-width: 51px) 100vw, 51px\" \/><\/a><\/td>\n<td style=\"width: 640px\">Anexo III:&nbsp;PR\u00c9STAMO DE UN RECURSO MATERIAL ESPEC\u00cdFICO PARA SU USO FUERA DEL CENTRO<\/td>\n<\/tr>\n<tr>\n<td style=\"width: 66px\">&nbsp;<a href=\"https:\/\/blogsaverroes.juntadeandalucia.es\/orientajaen\/files\/2017\/07\/ANEXO_IV_Autorizaci\u00f3n_Transferencia_Traslado_alumno-a_RRMMEE.pdf\"><img decoding=\"async\" width=\"51\" height=\"51\" class=\"alignnone wp-image-4617\" alt=\"\" src=\"https:\/\/blogsaverroes.juntadeandalucia.es\/orientajaen\/files\/2017\/07\/pdf-icon.png\" srcset=\"https:\/\/blogsaverroes.juntadeandalucia.es\/orientajaen\/files\/2017\/07\/pdf-icon.png 300w, https:\/\/blogsaverroes.juntadeandalucia.es\/orientajaen\/files\/2017\/07\/pdf-icon-150x150.png 150w, https:\/\/blogsaverroes.juntadeandalucia.es\/orientajaen\/files\/2017\/07\/pdf-icon-100x100.png 100w, https:\/\/blogsaverroes.juntadeandalucia.es\/orientajaen\/files\/2017\/07\/pdf-icon-24x24.png 24w, https:\/\/blogsaverroes.juntadeandalucia.es\/orientajaen\/files\/2017\/07\/pdf-icon-36x36.png 36w, https:\/\/blogsaverroes.juntadeandalucia.es\/orientajaen\/files\/2017\/07\/pdf-icon-48x48.png 48w\" sizes=\"(max-width: 51px) 100vw, 51px\" \/><\/a><\/td>\n<td style=\"width: 640px\">Anexo&nbsp; IV:&nbsp;AUTORIZACI\u00d3N PARA USO DE RECURSOS MATERIALES ESPEC\u00cdFICOS DE TRANSFERENCIA-TRASLADO<\/td>\n<\/tr>\n<tr>\n<td style=\"width: 66px\">&nbsp;<a href=\"https:\/\/blogsaverroes.juntadeandalucia.es\/orientajaen\/files\/2017\/07\/ANEXO_TRASLADO_RELLENABLE.pdf\"><img decoding=\"async\" width=\"51\" height=\"51\" class=\"alignnone wp-image-4617\" alt=\"\" src=\"https:\/\/blogsaverroes.juntadeandalucia.es\/orientajaen\/files\/2017\/07\/pdf-icon.png\" srcset=\"https:\/\/blogsaverroes.juntadeandalucia.es\/orientajaen\/files\/2017\/07\/pdf-icon.png 300w, https:\/\/blogsaverroes.juntadeandalucia.es\/orientajaen\/files\/2017\/07\/pdf-icon-150x150.png 150w, https:\/\/blogsaverroes.juntadeandalucia.es\/orientajaen\/files\/2017\/07\/pdf-icon-100x100.png 100w, https:\/\/blogsaverroes.juntadeandalucia.es\/orientajaen\/files\/2017\/07\/pdf-icon-24x24.png 24w, https:\/\/blogsaverroes.juntadeandalucia.es\/orientajaen\/files\/2017\/07\/pdf-icon-36x36.png 36w, https:\/\/blogsaverroes.juntadeandalucia.es\/orientajaen\/files\/2017\/07\/pdf-icon-48x48.png 48w\" sizes=\"(max-width: 51px) 100vw, 51px\" \/><\/a><\/td>\n<td style=\"width: 640px\">COMUNICACI\u00d3N DEL TRASLADO DE UN RECURSO O RECURSOS MATERIALES ESPEC\u00cdFICOS A OTRO CENTRO EDUCATIVO<\/td>\n<\/tr>\n<tr>\n<td style=\"width: 66px\">&nbsp;<a href=\"https:\/\/blogsaverroes.juntadeandalucia.es\/orientajaen\/files\/2017\/07\/ANEXO_RETIRADA_RELLENABLE.pdf\"><img decoding=\"async\" width=\"51\" height=\"51\" class=\"alignnone wp-image-4617\" alt=\"\" src=\"https:\/\/blogsaverroes.juntadeandalucia.es\/orientajaen\/files\/2017\/07\/pdf-icon.png\" srcset=\"https:\/\/blogsaverroes.juntadeandalucia.es\/orientajaen\/files\/2017\/07\/pdf-icon.png 300w, https:\/\/blogsaverroes.juntadeandalucia.es\/orientajaen\/files\/2017\/07\/pdf-icon-150x150.png 150w, https:\/\/blogsaverroes.juntadeandalucia.es\/orientajaen\/files\/2017\/07\/pdf-icon-100x100.png 100w, https:\/\/blogsaverroes.juntadeandalucia.es\/orientajaen\/files\/2017\/07\/pdf-icon-24x24.png 24w, https:\/\/blogsaverroes.juntadeandalucia.es\/orientajaen\/files\/2017\/07\/pdf-icon-36x36.png 36w, https:\/\/blogsaverroes.juntadeandalucia.es\/orientajaen\/files\/2017\/07\/pdf-icon-48x48.png 48w\" sizes=\"(max-width: 51px) 100vw, 51px\" \/><\/a><\/td>\n<td style=\"width: 640px\">COMUNICACI\u00d3N DE LA RETIRADA DE UN RECURSO O RECURSOS MATERIALES ESPEC\u00cdFICOS PARA SU TRASLADO AL CENTRO REGULADOR<\/td>\n<\/tr>\n<\/tbody>\n<\/table>\n","protected":false},"excerpt":{"rendered":"<p>Modelos del procedimiento para la dotaci\u00f3n de recursos materiales espec\u00edficos para el alumnado NEE (Anexos rellenables): &nbsp; &nbsp; Anexo I:&nbsp;SOLICITUD DE RECURSOS MATERIALES ESPEC\u00cdFICOS POR&hellip;<\/p>\n","protected":false},"author":1213,"featured_media":0,"parent":0,"menu_order":0,"comment_status":"closed","ping_status":"closed","template":"","meta":{"ngg_post_thumbnail":0,"footnotes":""},"aioseo_notices":[],"_links":{"self":[{"href":"https:\/\/blogsaverroes.juntadeandalucia.es\/orientajaen\/wp-json\/wp\/v2\/pages\/4536"}],"collection":[{"href":"https:\/\/blogsaverroes.juntadeandalucia.es\/orientajaen\/wp-json\/wp\/v2\/pages"}],"about":[{"href":"https:\/\/blogsaverroes.juntadeandalucia.es\/orientajaen\/wp-json\/wp\/v2\/types\/page"}],"author":[{"embeddable":true,"href":"https:\/\/blogsaverroes.juntadeandalucia.es\/orientajaen\/wp-json\/wp\/v2\/users\/1213"}],"replies":[{"embeddable":true,"href":"https:\/\/blogsaverroes.juntadeandalucia.es\/orientajaen\/wp-json\/wp\/v2\/comments?post=4536"}],"version-history":[{"count":6,"href":"https:\/\/blogsaverroes.juntadeandalucia.es\/orientajaen\/wp-json\/wp\/v2\/pages\/4536\/revisions"}],"predecessor-version":[{"id":4627,"href":"https:\/\/blogsaverroes.juntadeandalucia.es\/orientajaen\/wp-json\/wp\/v2\/pages\/4536\/revisions\/4627"}],"wp:attachment":[{"href":"https:\/\/blogsaverroes.juntadeandalucia.es\/orientajaen\/wp-json\/wp\/v2\/media?parent=4536"}],"curies":[{"name":"wp","href":"https:\/\/api.w.org\/{rel}","templated":true}]}}