{"id":4538,"date":"2017-06-26T14:47:37","date_gmt":"2017-06-26T14:47:37","guid":{"rendered":"https:\/\/blogsaverroes.juntadeandalucia.es\/orientajaen\/?page_id=4538"},"modified":"2017-07-02T11:59:12","modified_gmt":"2017-07-02T11:59:12","slug":"faqs-rrmmee","status":"publish","type":"page","link":"https:\/\/blogsaverroes.juntadeandalucia.es\/orientajaen\/faqs-rrmmee\/","title":{"rendered":"RRMMEE &#8211; FAQs"},"content":{"rendered":"<p><span style=\"font-size: 10pt\">En este apartado se recogen las preguntas frecuentes (FAQs) relacionadas con los Recursos Materiales Espec\u00edficos para alumnado con necesidades educativas especiales.<\/span><\/p>\n<table style=\"width: 749px\">\n<tbody>\n<tr style=\"background-color: #4a4646\">\n<td style=\"width: 283px;text-align: center\"><span style=\"color: #ffffff\">Pregunta<\/span><\/td>\n<td style=\"width: 423px;text-align: center\"><span style=\"color: #ffffff\">Respuesta<\/span><\/td>\n<\/tr>\n<tr>\n<td style=\"width: 283px\"><span style=\"color: #000000;font-family: Arial;font-size: 10pt\">\u00bfUn recurso se puede prestar a la familia o representantes legales el tiempo en que el alumno o alumna no est\u00e9 en el centro si se considera que va a ser beneficioso para \u00e9l o ella?<\/span><\/td>\n<td style=\"width: 423px\"><span style=\"font-size: 10pt\">S\u00ed. El equipo directivo podr\u00e1 autorizar el uso del recurso fuera del centro por parte de la familia o representantes legales, asumiendo \u00e9stos la responsabilidad sobre los posibles da\u00f1os, deterioros o p\u00e9rdidas que pudiera ocasionar esta cesi\u00f3n. Para ello se debe cumplimentar el Anexo II.<\/span><\/p>\n<p><span style=\"font-size: 10pt\">La no devoluci\u00f3n por parte de la familia del recurso ser\u00e1 comunicada al Servicio de Ordenaci\u00f3n Educativa de la Delegaci\u00f3n Territorial para que se realicen las acciones pertinentes.<\/span><\/td>\n<\/tr>\n<tr>\n<td style=\"width: 283px\"><span style=\"font-size: 10pt\">\u00bfPueden usar el recurso material espec\u00edfico asignado a un alumno o alumna otros alumnos o alumnas del centro?<\/span><\/td>\n<td style=\"width: 423px\"><span style=\"font-size: 10pt\">S\u00ed.&nbsp;<span style=\"color: #000000;font-family: Arial\"> Cuando sea posible podr\u00e1 ser utilizado por otros alumnos o alumnas del centro que lo necesiten, previo informe del EOE Especializado.<\/span><\/span><\/td>\n<\/tr>\n<tr>\n<td style=\"width: 283px\"><span style=\"font-size: 10pt\">\u00bfQu\u00e9 debo hacer si tengo alg\u00fan recurso material espec\u00edfico en desuso en el centro?<\/span><\/td>\n<td style=\"width: 423px\"><span style=\"color: #000000;font-family: Arial;font-size: 10pt\">La direcci\u00f3n del centro deber\u00e1 comunicarlo por correo electr\u00f3nico al Coordinador del \u00c1rea de Recursos T\u00e9cnicos del ETPOEP, adjuntando el Anexo \u00abCOMUNICACI\u00d3N DE LA RETIRADA DE UN RECURSO O RECURSOS MATERIALES ESPEC\u00cdFICOS PARA SU TRASLADO AL CENTRO REGULADOR\u00bb, debidamente cumplimentado.<\/span><\/td>\n<\/tr>\n<tr>\n<td style=\"width: 283px\"><span style=\"color: #000000;font-family: Arial;font-size: 10pt\">\u00bfDe qu\u00e9 manera atiende las solicitudes la Agencia P\u00fablica Andaluza de Educaci\u00f3n?<\/span><\/td>\n<td style=\"width: 423px\"><span style=\"font-size: 10pt\">Los recursos materiales espec\u00edficos se van enviando a los centros en funci\u00f3n del stock que exista en los almacenes de la Agencia P\u00fablica Andaluza de Educaci\u00f3n y respetando siempre la fecha de recepci\u00f3n de las peticiones.<\/span><\/td>\n<\/tr>\n<\/tbody>\n<\/table>\n<p>&nbsp;<\/p>\n","protected":false},"excerpt":{"rendered":"<p>En este apartado se recogen las preguntas frecuentes (FAQs) relacionadas con los Recursos Materiales Espec\u00edficos para alumnado con necesidades educativas especiales. Pregunta Respuesta \u00bfUn recurso&hellip;<\/p>\n","protected":false},"author":1213,"featured_media":0,"parent":0,"menu_order":0,"comment_status":"closed","ping_status":"closed","template":"","meta":{"ngg_post_thumbnail":0,"footnotes":""},"aioseo_notices":[],"_links":{"self":[{"href":"https:\/\/blogsaverroes.juntadeandalucia.es\/orientajaen\/wp-json\/wp\/v2\/pages\/4538"}],"collection":[{"href":"https:\/\/blogsaverroes.juntadeandalucia.es\/orientajaen\/wp-json\/wp\/v2\/pages"}],"about":[{"href":"https:\/\/blogsaverroes.juntadeandalucia.es\/orientajaen\/wp-json\/wp\/v2\/types\/page"}],"author":[{"embeddable":true,"href":"https:\/\/blogsaverroes.juntadeandalucia.es\/orientajaen\/wp-json\/wp\/v2\/users\/1213"}],"replies":[{"embeddable":true,"href":"https:\/\/blogsaverroes.juntadeandalucia.es\/orientajaen\/wp-json\/wp\/v2\/comments?post=4538"}],"version-history":[{"count":4,"href":"https:\/\/blogsaverroes.juntadeandalucia.es\/orientajaen\/wp-json\/wp\/v2\/pages\/4538\/revisions"}],"predecessor-version":[{"id":4635,"href":"https:\/\/blogsaverroes.juntadeandalucia.es\/orientajaen\/wp-json\/wp\/v2\/pages\/4538\/revisions\/4635"}],"wp:attachment":[{"href":"https:\/\/blogsaverroes.juntadeandalucia.es\/orientajaen\/wp-json\/wp\/v2\/media?parent=4538"}],"curies":[{"name":"wp","href":"https:\/\/api.w.org\/{rel}","templated":true}]}}