{"id":4591,"date":"2017-07-02T10:43:50","date_gmt":"2017-07-02T10:43:50","guid":{"rendered":"https:\/\/blogsaverroes.juntadeandalucia.es\/orientajaen\/?page_id=4591"},"modified":"2024-09-20T11:07:43","modified_gmt":"2024-09-20T11:07:43","slug":"profesora-aaccii-introduccion","status":"publish","type":"page","link":"https:\/\/blogsaverroes.juntadeandalucia.es\/orientajaen\/profesora-aaccii-introduccion\/","title":{"rendered":"NEE: Profesora AACCII &#8211; Introducci\u00f3n"},"content":{"rendered":"<p style=\"text-align: justify\"><span style=\"font-size: 10pt\">En el <em>Acuerdo de 4 de octubre de 2011, del Consejo de Gobierno, por el que se aprueba el Plan de Actuaci\u00f3n para la atenci\u00f3n educativa al alumnado con necesidades espec\u00ed\u00adficas de apoyo educativo por presentar altas capacidades intelectuales en Andaluc\u00eda 2011-2013,<\/em> se contemplaba entre sus objetivos la creaci\u00f3n de un nuevo perfil de profesorado con experiencia en altas capacidades intelectuales que de forma itinerante desarrollara proyectos de intervenci\u00f3n con este alumnado.<\/span><\/p>\n<p style=\"text-align: justify\"><span style=\"font-size: 10pt\">En la provincia de Ja\u00e9n contamos con este perfil desde febrero de 2012 y desde entonces se vienen aplicando en los centros programas para la atenci\u00f3n al alumnado NEAE asociadas a AACCII, as\u00ed\u00ad como para atender a las familias y al profesorado implicado. Desempe\u00f1a sus funciones bajo la dependencia&nbsp; del Servicio de Ordenaci\u00f3n Educativa: Equipo T\u00e9cnico Provincial para la Orientaci\u00f3n Educativa y Profesional.<\/span><\/p>\n<p style=\"text-align: justify\"><span style=\"font-size: 10pt\">La atenci\u00f3n a este tipo de alumnado requiere de un marco amplio que no s\u00f3lo acoja al puro enriquecimiento cognitivo, sino que tambi\u00e9n hay que tener en cuenta otros factores no menos importantes como la creatividad, habilidades sociales, pensamiento divergente, posibles disincron\u00edas,&#8230;, o incluso problemas de rendimiento o relaci\u00f3n.<\/span><\/p>\n<p style=\"text-align: justify\"><span style=\"font-size: 10pt\">El trabajo con el profesorado se vuelve primordial para poder dar respuesta a las necesidades que presente el alumnado, as\u00ed\u00ad como para actualizar el conocimiento necesario para integrar qu\u00e9 necesita y romper mitos y falsas ideas que a\u00fan nos encontramos.<\/span><\/p>\n<p style=\"text-align: justify\"><span style=\"font-size: 10pt\">El atender a las demandas de las familias e informarlas del proceso que experimentan sus hijos es el tercer pilar de este programa. <\/span><span style=\"font-size: 10pt\">De este modo se llevan a cabo programas de manera itinerante en los centros de la provincia.<\/span><\/p>\n","protected":false},"excerpt":{"rendered":"<p>En el Acuerdo de 4 de octubre de 2011, del Consejo de Gobierno, por el que se aprueba el Plan de Actuaci\u00f3n para la atenci\u00f3n&hellip;<\/p>\n","protected":false},"author":1213,"featured_media":0,"parent":0,"menu_order":0,"comment_status":"closed","ping_status":"closed","template":"","meta":{"ngg_post_thumbnail":0,"footnotes":""},"aioseo_notices":[],"_links":{"self":[{"href":"https:\/\/blogsaverroes.juntadeandalucia.es\/orientajaen\/wp-json\/wp\/v2\/pages\/4591"}],"collection":[{"href":"https:\/\/blogsaverroes.juntadeandalucia.es\/orientajaen\/wp-json\/wp\/v2\/pages"}],"about":[{"href":"https:\/\/blogsaverroes.juntadeandalucia.es\/orientajaen\/wp-json\/wp\/v2\/types\/page"}],"author":[{"embeddable":true,"href":"https:\/\/blogsaverroes.juntadeandalucia.es\/orientajaen\/wp-json\/wp\/v2\/users\/1213"}],"replies":[{"embeddable":true,"href":"https:\/\/blogsaverroes.juntadeandalucia.es\/orientajaen\/wp-json\/wp\/v2\/comments?post=4591"}],"version-history":[{"count":10,"href":"https:\/\/blogsaverroes.juntadeandalucia.es\/orientajaen\/wp-json\/wp\/v2\/pages\/4591\/revisions"}],"predecessor-version":[{"id":8898,"href":"https:\/\/blogsaverroes.juntadeandalucia.es\/orientajaen\/wp-json\/wp\/v2\/pages\/4591\/revisions\/8898"}],"wp:attachment":[{"href":"https:\/\/blogsaverroes.juntadeandalucia.es\/orientajaen\/wp-json\/wp\/v2\/media?parent=4591"}],"curies":[{"name":"wp","href":"https:\/\/api.w.org\/{rel}","templated":true}]}}