{"id":4758,"date":"2017-07-25T16:29:42","date_gmt":"2017-07-25T16:29:42","guid":{"rendered":"https:\/\/blogsaverroes.juntadeandalucia.es\/orientajaen\/?page_id=4758"},"modified":"2019-09-26T16:10:06","modified_gmt":"2019-09-26T16:10:06","slug":"seneca-faqs-mgos","status":"publish","type":"page","link":"https:\/\/blogsaverroes.juntadeandalucia.es\/orientajaen\/seneca-faqs-mgos\/","title":{"rendered":"S\u00c9NECA: FAQs Censo"},"content":{"rendered":"<p><span style=\"font-size: 10pt\">En este apartado se recogen las preguntas frecuentes (FAQs) relacionadas con el Censo de alumnado NEAE del M\u00f3dulo de Gesti\u00f3n de la Orientaci\u00f3n en el Sistema de Informaci\u00f3n S\u00e9neca.<\/span><\/p>\n<p>&nbsp;<\/p>\n<table style=\"width: 749px\">\n<tbody>\n<tr style=\"height: 25px\">\n<td style=\"width: 705px;height: 25px;text-align: center\" colspan=\"2\"><span style=\"color: #339966;font-size: 12pt\"><strong>CENSO ALUMNADO NEAE<\/strong><\/span><\/td>\n<\/tr>\n<tr style=\"height: 22px;background-color: #1f1818\">\n<td style=\"width: 234.18px;height: 22px;text-align: center\"><span style=\"color: #ffffff\">Pregunta<\/span><\/td>\n<td style=\"width: 470.82px;height: 22px;text-align: center\"><span style=\"color: #ffffff\">Respuesta<\/span><\/td>\n<\/tr>\n<tr style=\"height: 8px\">\n<td style=\"width: 234.18px;height: 8px\"><span style=\"font-size: 10pt\">\u00bfCu\u00e1ndo debo revisar y actualizar el censo de alumnado NEAE?<\/span><\/td>\n<td style=\"width: 470.82px;height: 8px\"><span style=\"font-size: 10pt\">La revisi\u00f3n y actualizaci\u00f3n del censo de alumnado con NEAE se realizar\u00e1:<\/span><\/p>\n<ul>\n<li><span style=\"font-size: 10pt\">Al inicio de cada curso escolar y con anterioridad a la fecha de cierre de la memoria informativa de los centros.<\/span><\/li>\n<li><span style=\"font-size: 10pt\">Cuando se realice una revisi\u00f3n de la evaluaci\u00f3n psicopedag\u00f3gica, tras la elaboraci\u00f3n del correspondiente informe de evaluaci\u00f3n psicopedag\u00f3gica y del dictamen de escolarizaci\u00f3n, en su caso.<\/span><\/li>\n<\/ul>\n<\/td>\n<\/tr>\n<tr style=\"height: 22px\">\n<td style=\"width: 234.18px;height: 22px\"><span style=\"font-size: 10pt\">\u00bfCu\u00e1ndo debo registrar por primera vez a un alumno o alumna en el censo?<\/span><\/td>\n<td style=\"width: 470.82px;height: 22px\"><span style=\"font-size: 10pt\">El registro en el censo de alumnado con NEAE se realizar\u00e1 cuando se determinen por primera vez dichas NEAE. Evidentemente, ser\u00e1 preciso que previamente, el orientador u orientadora, haya elaborado el correspondiente informe de evaluaci\u00f3n psicopedag\u00f3gica y que \u00e9ste se encuentre \u00abbloqueado\u009d\u00bb en el sistema de informaci\u00f3n S\u00c9NECA, a excepci\u00f3n del alumnado con NEE de nueva escolarizaci\u00f3n en el segundo ciclo de educaci\u00f3n infantil, cuyo informe tendr\u00e1 que estar bloqueado durante el primer trimestre del curso que comience el alumno o alumna.<\/span><\/p>\n<p><span style=\"font-size: 10pt\">En caso de alumnado con NEE, es necesario que, previamente, el EOE haya emitido el correspondiente dictamen de escolarizaci\u00f3n.<\/span><\/td>\n<\/tr>\n<tr style=\"height: 22px\">\n<td style=\"width: 234.18px;height: 22px\"><span style=\"font-size: 10pt\">\u00bfPuedo censar a un alumno o alumna de Formaci\u00f3n Profesional?<\/span><\/td>\n<td style=\"width: 470.82px;height: 22px\"><span style=\"font-size: 10pt\">No. En las ense\u00f1anzas de formaci\u00f3n profesional y ense\u00f1anzas de r\u00e9gimen especial, as\u00ed\u00ad como en las ense\u00f1anzas para personas adultas, el censo incluir\u00e1 al alumnado ya censado en las etapas anteriores.<\/span><\/p>\n<p><span style=\"font-size: 10pt\">S\u00f3lo registraremos la informaci\u00f3n sobre el alumnado con NEAE escolarizado en las ense\u00f1anzas correspondientes al segundo ciclo de educaci\u00f3n infantil, a la educaci\u00f3n primaria, a la educaci\u00f3n secundaria obligatoria, bachillerato, formaci\u00f3n profesional b\u00e1sica, al per\u00edodo de formaci\u00f3n b\u00e1sica de car\u00e1cter obligatorio o al per\u00edodo de formaci\u00f3n para la transici\u00f3n a la vida adulta y laboral, en centros sostenidos con fondos p\u00fablicos.<\/span><\/td>\n<\/tr>\n<tr style=\"height: 22px\">\n<td style=\"width: 234.18px;height: 22px\"><span style=\"font-size: 10pt\">Al dar de alta a un nuevo alumno o alumna aparece el siguiente error: \u00abEl alumno ya se encuentra registrado en el censo de NEAE\u00bb; sin embargo, no aparece en el censo como que tiene actualmente una NEAE<\/span><\/td>\n<td style=\"width: 470.82px;height: 22px\"><span style=\"font-size: 10pt\">En este caso, el alumno o alumna al que acabamos de dar de alta se encuentra en el hist\u00f3rico. Para rescatarlo, debemos entrar en \u201c<em>Relaci\u00f3n de Alumnado con NEAE<\/em>\u201d, seleccionamos del desplegable \u201c<em>Con vigencia<\/em>\u201d la opci\u00f3n \u201c<em>Todo<\/em>\u201d y en el desplegable \u201c<em>De cada alumno\/a presentado\/a<\/em>, <em>mostrar las NEAE\/Atenciones<\/em>\u201d la opci\u00f3n \u201c<em>Todas<\/em>\u201d y Refrescar.<br \/>\nSe mostrar\u00e1 un nuevo listado en el que deber\u00e1 estar el alumno o alumna. Entramos en el detalle y a\u00f1adimos y\/o modificamos los datos.<\/span><\/td>\n<\/tr>\n<tr style=\"height: 22px\">\n<td style=\"width: 234.18px;height: 22px\"><span style=\"font-size: 10pt\">Al tratar de a\u00f1adir y\/o modificar el censo de un alumno o alumna me indica: \u00ab<em>El alumno tiene NEAE que requiere que se informe un Dictamen<\/em>\u00ab; sin embargo, el dictamen est\u00e1 grabado en S\u00e9neca<\/span><\/td>\n<td style=\"width: 470.82px;height: 22px\"><span style=\"font-size: 10pt\">El problema est\u00e1 en que no aparece el dictamen en el desplegable \u00abDict\u00e1menes finalizados\u00bb del detalle del alumno o alumna. Para ello se deben seguir los siguientes pasos:<\/span><\/p>\n<ul>\n<li><span style=\"font-size: 10pt\">Ir a \u00abAlumnado con NEAE\u00bb\u009d.<\/span><\/li>\n<li><span style=\"font-size: 10pt\">Seleccionar al alumno o alumna y entramos en el detalle.<\/span><\/li>\n<li><span style=\"font-size: 10pt\">Elegir el dictamen requerido en el desplegable \u00abDictamen\/es finalizados\u00bb\u009d.<\/span><\/li>\n<li><span style=\"font-size: 10pt\">Aceptar<\/span><\/li>\n<\/ul>\n<p><span style=\"font-size: 10pt\">Una vez que hemos aceptado, nos vuelve a la pantalla del censo de alumnado NEAE, seleccionamos de nuevo el alumno o alumna y entramos en detalle. Ya podemos realizar los cambios en las necesidades y en las atenciones.<\/span><\/p>\n<p><span style=\"font-size: 10pt\"><em>Nota: Si el desplegable estuviera vac\u00ed\u00ado se debe a que no tiene ning\u00fan dictamen en estado \u00abbloqueado\u00bb o \u00abfinalizado\u00bb en S\u00e9neca.<\/em><\/span><\/td>\n<\/tr>\n<tr style=\"height: 22px\">\n<td style=\"width: 234.18px;height: 22px\"><span style=\"font-size: 10pt\">\u00bfC\u00f3mo doy de baja en el censo a un alumno o alumna que ha dejado de cumplir los requisitos establecidos para ser considerado como alumnado NEAE?<\/span><\/td>\n<td style=\"width: 470.82px;height: 22px\"><span style=\"font-size: 10pt\">Ser\u00e1 precisa la revisi\u00f3n del informe de evaluaci\u00f3n psicopedag\u00f3gica de forma que se justifique dicha decisi\u00f3n. En el caso del alumnado con NEE no ser\u00e1 necesario la elaboraci\u00f3n de un nuevo dictamen de escolarizaci\u00f3n para determinar que ya no presenta NEE. <\/span><\/p>\n<p><span style=\"font-size: 10pt\">La baja se llevar\u00e1 a cabo a trav\u00e9s de la opci\u00f3n \u00abFecha de fin de las necesidades espec\u00ed\u00adficas de apoyo educativo\u00bb\u009d, que recoger\u00e1 la fecha a partir de la cual el alumno o alumna ha dejado de tener estas necesidades espec\u00ed\u00adficas, siendo necesario para ello que no tenga vigente ninguna intervenci\u00f3n en el apartado correspondiente. Una vez que ponemos fecha fin a la necesidad, el programa asigna, autom\u00e1ticamente, la misma fecha fin a todas las intervenciones asociadas. Por consiguiente, no ponemos fecha fin a las intervenciones y despu\u00e9s a la NEAE.<\/span><\/td>\n<\/tr>\n<tr style=\"height: 22px\">\n<td style=\"width: 234.18px;height: 22px\"><span style=\"font-size: 10pt\">Cuando voy a dar de baja o modificar una NEAE, el sistema me indica que la NEAE registrada para el alumno requiere una intervenci\u00f3n obligatoriamente; sin embargo, tiene algunas intervenciones grabadas<\/span><\/td>\n<td style=\"width: 470.82px;height: 22px\"><span style=\"font-size: 10pt\">Debemos asegurarnos que deben coincidir las fechas de detecci\u00f3n de la NEAE y algunas de las fechas de inicio de las intervenciones; es decir, no debe haber ninguna NEAE abierta en una fecha determinada y sin ninguna intervenci\u00f3n con la misma fecha. <\/span><\/p>\n<p><span style=\"font-size: 10pt\">Para ello, en el campo correspondiente del detalle de la intervenci\u00f3n habr\u00e1 que modificar la fecha de inicio para hacerla coincidir con la fecha de detecci\u00f3n de la NEAE. Posteriormente, ya podremos modificar o dar de baja la NEAE.<\/span><\/td>\n<\/tr>\n<tr style=\"height: 22px\">\n<td style=\"width: 234.18px;height: 22px\"><span style=\"font-size: 10pt\">He puesto por error fecha fin a la NEAE. \u00bfC\u00f3mo vuelvo a recuperar la NEAE?<\/span><\/td>\n<td style=\"width: 470.82px;height: 22px\"><span style=\"font-size: 10pt\">Pinchamos sobre la NEAE y entramos en el detalle. Borramos la fecha que hemos grabado y validamos.&nbsp;<\/span><\/td>\n<\/tr>\n<tr style=\"height: 22px\">\n<td style=\"width: 234.18px;height: 22px\"><span style=\"font-size: 10pt\">\u00bfCu\u00e1l es el procedimiento para borrar a un alumno o alumna del censo?<\/span><\/td>\n<td style=\"width: 470.82px;height: 22px\"><span style=\"font-size: 10pt\">Si por error grabamos en el censo a un alumno o alumna que no presenta ninguna NEAE y queremos borrar sus datos; es decir, que desaparezca del censo, debemos comunicarlo al responsable del \u00c1rea de Recursos T\u00e9cnicos del Equipo T\u00e9cnico Provincial para que proceda a su eliminaci\u00f3n.&nbsp;<\/span><\/p>\n<p><span style=\"font-size: 10pt\">En este caso, se trata de borrar los datos del alumno o alumna que estaba en el censo por error, NO de dar fecha fin a un alumno o alumna que ya no consideramos de NEAE.<\/span><\/td>\n<\/tr>\n<\/tbody>\n<\/table>\n<p>&nbsp;<\/p>\n","protected":false},"excerpt":{"rendered":"<p>En este apartado se recogen las preguntas frecuentes (FAQs) relacionadas con el Censo de alumnado NEAE del M\u00f3dulo de Gesti\u00f3n de la Orientaci\u00f3n en el&hellip;<\/p>\n","protected":false},"author":1213,"featured_media":0,"parent":0,"menu_order":0,"comment_status":"closed","ping_status":"closed","template":"","meta":{"ngg_post_thumbnail":0,"footnotes":""},"aioseo_notices":[],"_links":{"self":[{"href":"https:\/\/blogsaverroes.juntadeandalucia.es\/orientajaen\/wp-json\/wp\/v2\/pages\/4758"}],"collection":[{"href":"https:\/\/blogsaverroes.juntadeandalucia.es\/orientajaen\/wp-json\/wp\/v2\/pages"}],"about":[{"href":"https:\/\/blogsaverroes.juntadeandalucia.es\/orientajaen\/wp-json\/wp\/v2\/types\/page"}],"author":[{"embeddable":true,"href":"https:\/\/blogsaverroes.juntadeandalucia.es\/orientajaen\/wp-json\/wp\/v2\/users\/1213"}],"replies":[{"embeddable":true,"href":"https:\/\/blogsaverroes.juntadeandalucia.es\/orientajaen\/wp-json\/wp\/v2\/comments?post=4758"}],"version-history":[{"count":14,"href":"https:\/\/blogsaverroes.juntadeandalucia.es\/orientajaen\/wp-json\/wp\/v2\/pages\/4758\/revisions"}],"predecessor-version":[{"id":6883,"href":"https:\/\/blogsaverroes.juntadeandalucia.es\/orientajaen\/wp-json\/wp\/v2\/pages\/4758\/revisions\/6883"}],"wp:attachment":[{"href":"https:\/\/blogsaverroes.juntadeandalucia.es\/orientajaen\/wp-json\/wp\/v2\/media?parent=4758"}],"curies":[{"name":"wp","href":"https:\/\/api.w.org\/{rel}","templated":true}]}}