{"id":4796,"date":"2017-07-26T11:45:18","date_gmt":"2017-07-26T11:45:18","guid":{"rendered":"https:\/\/blogsaverroes.juntadeandalucia.es\/orientajaen\/?page_id=4796"},"modified":"2020-02-12T17:00:14","modified_gmt":"2020-02-12T17:00:14","slug":"eoe-guia-coordinadora-eoe","status":"publish","type":"page","link":"https:\/\/blogsaverroes.juntadeandalucia.es\/orientajaen\/eoe-guia-coordinadora-eoe\/","title":{"rendered":"EOE: Gu\u00eda \u00abLa Coordinaci\u00f3n en un EOE\u00bb"},"content":{"rendered":"<p><span style=\"font-size: 10pt\">La figura coordinadora de un Equipo de Orientaci\u00f3n Educativa (EOE) es b\u00e1sica para la mejora y el impulso de las actuaciones de los propios EOE. A lo largo de todos estos cursos, el EOE se ha ido enfrentando a nuevos retos y exigencias de una sociedad y de un sistema educativo en continua transformaci\u00f3n. Desde el Equipo T\u00e9cnico Provincial para la Orientaci\u00f3n Educativa y Profesional (ETPOEP) consideramos que esta experiencia acumulada debe enriquecer la labor de este grupo profesional que comparte el mismo perfil. Creemos que puede ser interesante la puesta en com\u00fan de las experiencias propias del cargo, el compartir documentos, protocolos, cronogramas, metodolog\u00edas,&#8230;, y nadie mejor que el mismo colectivo para elaborar este corpus profesional.<\/span><\/p>\n<p><span style=\"font-size: 10pt\">Por ello, la idea de este documento es la de recoger todo este c\u00famulo de buenas pr\u00e1cticas profesionales para que pueda ejercer de impulso, perfeccionamiento y enriquecimiento del perfil, no s\u00f3lo de los que ahora desarrollan esta labor, sino que adem\u00e1s pueda revertir en profesionales que en el futuro accedan por vez primera al cargo.<\/span><\/p>\n<p><span style=\"font-size: 10pt\">Nuestro objetivo, al hacer llegar esta Gu\u00eda, no es otro que el de facilitar un documento abierto que sirva de referencia, unifique y clarifique la tarea de quien ejerce la coordinaci\u00f3n de un EOE y, a su vez, sea el colector de otras tantas iniciativas y aportaciones vuestras que necesariamente formar\u00e1n parte del mismo en las posteriores revisiones.<\/span><\/p>\n<p><span style=\"font-size: 10pt\">Accede a la gu\u00eda pinchando sobre la imagen <strong>(Versi\u00f3n 4. 10 de febrero de 2020).<\/strong><\/span><\/p>\n<p><a href=\"https:\/\/drive.google.com\/file\/d\/1MVarPZmfNNu6UL7FQJdIK_GjXlbcrfaY\/view?usp=sharing\" target=\"_blank\" rel=\"noopener noreferrer\"><img fetchpriority=\"high\" decoding=\"async\" class=\"aligncenter wp-image-4679\" src=\"https:\/\/blogsaverroes.juntadeandalucia.es\/orientajaen\/files\/2017\/07\/1_1_SLYDER-212x300.png\" alt=\"\" width=\"300\" height=\"425\" srcset=\"https:\/\/blogsaverroes.juntadeandalucia.es\/orientajaen\/files\/2017\/07\/1_1_SLYDER-212x300.png 212w, https:\/\/blogsaverroes.juntadeandalucia.es\/orientajaen\/files\/2017\/07\/1_1_SLYDER-17x24.png 17w, https:\/\/blogsaverroes.juntadeandalucia.es\/orientajaen\/files\/2017\/07\/1_1_SLYDER-25x36.png 25w, https:\/\/blogsaverroes.juntadeandalucia.es\/orientajaen\/files\/2017\/07\/1_1_SLYDER-34x48.png 34w, https:\/\/blogsaverroes.juntadeandalucia.es\/orientajaen\/files\/2017\/07\/1_1_SLYDER.png 595w\" sizes=\"(max-width: 300px) 100vw, 300px\" \/><\/a><\/p>\n","protected":false},"excerpt":{"rendered":"<p>La figura coordinadora de un Equipo de Orientaci\u00f3n Educativa (EOE) es b\u00e1sica para la mejora y el impulso de las actuaciones de los propios EOE.&hellip;<\/p>\n","protected":false},"author":1213,"featured_media":0,"parent":0,"menu_order":0,"comment_status":"closed","ping_status":"closed","template":"","meta":{"ngg_post_thumbnail":0,"footnotes":""},"aioseo_notices":[],"_links":{"self":[{"href":"https:\/\/blogsaverroes.juntadeandalucia.es\/orientajaen\/wp-json\/wp\/v2\/pages\/4796"}],"collection":[{"href":"https:\/\/blogsaverroes.juntadeandalucia.es\/orientajaen\/wp-json\/wp\/v2\/pages"}],"about":[{"href":"https:\/\/blogsaverroes.juntadeandalucia.es\/orientajaen\/wp-json\/wp\/v2\/types\/page"}],"author":[{"embeddable":true,"href":"https:\/\/blogsaverroes.juntadeandalucia.es\/orientajaen\/wp-json\/wp\/v2\/users\/1213"}],"replies":[{"embeddable":true,"href":"https:\/\/blogsaverroes.juntadeandalucia.es\/orientajaen\/wp-json\/wp\/v2\/comments?post=4796"}],"version-history":[{"count":8,"href":"https:\/\/blogsaverroes.juntadeandalucia.es\/orientajaen\/wp-json\/wp\/v2\/pages\/4796\/revisions"}],"predecessor-version":[{"id":7098,"href":"https:\/\/blogsaverroes.juntadeandalucia.es\/orientajaen\/wp-json\/wp\/v2\/pages\/4796\/revisions\/7098"}],"wp:attachment":[{"href":"https:\/\/blogsaverroes.juntadeandalucia.es\/orientajaen\/wp-json\/wp\/v2\/media?parent=4796"}],"curies":[{"name":"wp","href":"https:\/\/api.w.org\/{rel}","templated":true}]}}