{"id":4868,"date":"2017-07-27T12:23:40","date_gmt":"2017-07-27T12:23:40","guid":{"rendered":"https:\/\/blogsaverroes.juntadeandalucia.es\/orientajaen\/?page_id=4868"},"modified":"2023-06-09T11:10:10","modified_gmt":"2023-06-09T11:10:10","slug":"etpoep-ttss","status":"publish","type":"page","link":"https:\/\/blogsaverroes.juntadeandalucia.es\/orientajaen\/etpoep-ttss\/","title":{"rendered":"ETPOEP: Trabajadora Social"},"content":{"rendered":"<p><span style=\"font-size: 10pt\">El Equipo T\u00e9cnico Provincial tiene adscrita una Trabajadora Social cuyas tareas espec\u00edficas vienen desarrolladas en el punto 6, art. 9, de la <a href=\"http:\/\/www.juntadeandalucia.es\/boja\/2003\/155\/1\" target=\"_blank\" rel=\"noopener noreferrer\">Orden de 23 de julio de 2003 (BOJA n\u00ba 15, de 13 de agosto de 2003)<\/a>, por el que se regulan determinados aspectos sobre la organizaci\u00f3n y el funcionamiento de los Equipos de Orientaci\u00f3n Educativa: <\/span><\/p>\n<p><em><span style=\"font-size: 10pt\">\u00abLos trabajadores y trabajadoras sociales desarrollar\u00e1n acciones de intervenci\u00f3n socio-educativa con el alumnado que presenta problemas o dificultades de integraci\u00f3n escolar y\/o social, aportar\u00e1n informaci\u00f3n sobre las caracter\u00edsticas del entorno, los recursos educativos, culturales, sanitarios y socioecon\u00f3micos y las v\u00edas adecuadas para su utilizaci\u00f3n; p<\/span><\/em><em><span style=\"font-size: 10pt\">romover\u00e1n la integraci\u00f3n de las familias y del entorno en las actividades de los centros y colaborar\u00e1n con otros servicios educativos, sociales y de la salud del entorno para la atenci\u00f3n a la infancia y a la adolescencia. <\/span><\/em><em><span style=\"font-size: 10pt\">Colaborar\u00e1n en la realizaci\u00f3n de la evaluaci\u00f3n psicopedag\u00f3gica con las aportaciones de car\u00e1cter social que sean relevantes en la toma decisiones del proceso escolar que lo requiera\u00bb. <\/span><\/em><\/p>\n<p>El t<span style=\"font-size: 10pt\">rabajo que desempe\u00f1a la Trabajadora Social consiste, fundamentalmente, en desarrollar acciones de intervenci\u00f3n socioeducativa con el alumnado que presenta problemas o dificultades de integraci\u00f3n escolar y\/o social, aportando informaci\u00f3n sobre las caracter\u00edsticas del entorno, los recursos educativos, culturales, sanitarios, y las v\u00edas adecuadas para su utilizaci\u00f3n.<\/span><\/p>\n<table>\n<tbody>\n<tr style=\"background-color: #2e2727\">\n<td><span style=\"color: #ffffff;font-size: 10pt\">Profesional<\/span><\/td>\n<td><span style=\"color: #ffffff;font-size: 10pt\">Correo electr\u00f3nico<\/span><\/td>\n<td><span style=\"color: #ffffff;font-size: 10pt\">Tel\u00e9fono<\/span><\/td>\n<\/tr>\n<tr>\n<td><span style=\"font-size: 10pt\">Mar\u00eda Jos\u00e9 Garc\u00eda Romero<\/span><\/td>\n<td><span style=\"font-size: 10pt\">mariaj.garcia.romero@juntadeandalucia.es<\/span><\/td>\n<td><span style=\"font-size: 10pt\">600.140.459 (Corp.: 640459)<\/span><\/td>\n<\/tr>\n<\/tbody>\n<\/table>\n","protected":false},"excerpt":{"rendered":"<p>El Equipo T\u00e9cnico Provincial tiene adscrita una Trabajadora Social cuyas tareas espec\u00edficas vienen desarrolladas en el punto 6, art. 9, de la Orden de 23&hellip;<\/p>\n","protected":false},"author":1213,"featured_media":0,"parent":0,"menu_order":0,"comment_status":"closed","ping_status":"closed","template":"","meta":{"ngg_post_thumbnail":0,"footnotes":""},"aioseo_notices":[],"_links":{"self":[{"href":"https:\/\/blogsaverroes.juntadeandalucia.es\/orientajaen\/wp-json\/wp\/v2\/pages\/4868"}],"collection":[{"href":"https:\/\/blogsaverroes.juntadeandalucia.es\/orientajaen\/wp-json\/wp\/v2\/pages"}],"about":[{"href":"https:\/\/blogsaverroes.juntadeandalucia.es\/orientajaen\/wp-json\/wp\/v2\/types\/page"}],"author":[{"embeddable":true,"href":"https:\/\/blogsaverroes.juntadeandalucia.es\/orientajaen\/wp-json\/wp\/v2\/users\/1213"}],"replies":[{"embeddable":true,"href":"https:\/\/blogsaverroes.juntadeandalucia.es\/orientajaen\/wp-json\/wp\/v2\/comments?post=4868"}],"version-history":[{"count":12,"href":"https:\/\/blogsaverroes.juntadeandalucia.es\/orientajaen\/wp-json\/wp\/v2\/pages\/4868\/revisions"}],"predecessor-version":[{"id":8530,"href":"https:\/\/blogsaverroes.juntadeandalucia.es\/orientajaen\/wp-json\/wp\/v2\/pages\/4868\/revisions\/8530"}],"wp:attachment":[{"href":"https:\/\/blogsaverroes.juntadeandalucia.es\/orientajaen\/wp-json\/wp\/v2\/media?parent=4868"}],"curies":[{"name":"wp","href":"https:\/\/api.w.org\/{rel}","templated":true}]}}